{"id":47509,"date":"2023-02-02T04:30:55","date_gmt":"2023-02-02T02:30:55","guid":{"rendered":"https:\/\/niemikoti.fi\/?page_id=47509"},"modified":"2025-10-14T10:52:03","modified_gmt":"2025-10-14T07:52:03","slug":"finfami","status":"publish","type":"page","link":"https:\/\/niemikoti.fi\/sv\/for-narstaende\/finfami\/","title":{"rendered":"Finfami"},"content":{"rendered":"<div class=\"wp-block-image\">\n<figure class=\"alignright size-full\"><img loading=\"lazy\" decoding=\"async\" width=\"300\" height=\"179\" src=\"https:\/\/niemikoti.fi\/wp-content\/uploads\/2023\/05\/FinFami_logo.png\" alt=\"FinFami ry:n logo\" class=\"wp-image-24204\"\/><\/figure>\n<\/div>\n\n\n<p class=\"has-medium-font-size\">Centralf\u00f6rbundet f\u00f6r psykisk h\u00e4lsa \u2013 FinFami \u00e4r en riksomfattande intressebevakare och expertorganisation f\u00f6r anh\u00f6riga och n\u00e4rst\u00e5endev\u00e5rdare till personer som \u00e5terh\u00e4mtar sig fr\u00e5n psykisk oh\u00e4lsa. FinFami arbetar f\u00f6r att fr\u00e4mja v\u00e4lbefinnandet hos psykisk oh\u00e4lsas anh\u00f6riga.<\/p>\n\n\n\n<p>F\u00f6rbundet best\u00e5r, f\u00f6rutom centralf\u00f6rbundet, av 17 regionala medlemsf\u00f6reningar runt om i Finland. Medlemsf\u00f6reningarna erbjuder information, st\u00f6d och r\u00e5dgivning till anh\u00f6riga till personer med psykisk oh\u00e4lsa.<\/p>\n\n\n\n<p><strong>FinFami Nyland rf \u2013 Anh\u00f6riga som st\u00f6d f\u00f6r psykisk h\u00e4lsa<\/strong><\/p>\n<div style=\"margin: 20px 0;\"><div class=\"qrcswholewtapper\" style=\"text-align:left;\"><div class=\"qrcprowrapper\"  id=\"qrcwraa2leds\"><div class=\"qrc_canvass\" id=\"qrc_cuttenpages_2\" style=\"display:none\" data-text=\"https:\/\/niemikoti.fi\/sv\/for-narstaende\/finfami\/\"><\/div><div><a download=\"Finfami.png\" class=\"qrcdownloads\" id=\"worign\">\r\n           <button type=\"button\" style=\"min-width:200px;background:#c8fd8c;color:#000;font-weight: 600;border: 1px solid #dddddd;border-radius:4px;font-size:12px;padding: 6px 0;\" class=\"uqr_code_btn\">Lataa QR-koodi<\/button>\r\n           <\/a><\/div><\/div><\/div><\/div>","protected":false},"excerpt":{"rendered":"<p>Centralf\u00f6rbundet f\u00f6r psykisk h\u00e4lsa \u2013 FinFami \u00e4r en riksomfattande intressebevakare och expertorganisation f\u00f6r anh\u00f6riga och n\u00e4rst\u00e5endev\u00e5rdare till personer som \u00e5terh\u00e4mtar sig fr\u00e5n psykisk oh\u00e4lsa. FinFami arbetar f\u00f6r att fr\u00e4mja v\u00e4lbefinnandet hos psykisk oh\u00e4lsas anh\u00f6riga. F\u00f6rbundet best\u00e5r, f\u00f6rutom centralf\u00f6rbundet, av 17 regionala medlemsf\u00f6reningar runt om i Finland. Medlemsf\u00f6reningarna erbjuder information, st\u00f6d och r\u00e5dgivning till anh\u00f6riga till&#8230;<\/p>\n","protected":false},"author":2,"featured_media":0,"parent":47476,"menu_order":2,"comment_status":"closed","ping_status":"closed","template":"","meta":{"_kad_blocks_custom_css":"","_kad_blocks_head_custom_js":"","_kad_blocks_body_custom_js":"","_kad_blocks_footer_custom_js":"","_kad_post_transparent":"","_kad_post_title":"","_kad_post_layout":"","_kad_post_sidebar_id":"","_kad_post_content_style":"","_kad_post_vertical_padding":"","_kad_post_feature":"","_kad_post_feature_position":"","_kad_post_header":false,"_kad_post_footer":false,"_kad_post_classname":"","cybocfi_hide_featured_image":"","footnotes":"","_links_to":"","_links_to_target":""},"sisaltoluokka":[],"class_list":["post-47509","page","type-page","status-publish","hentry"],"yoast_head":"<!-- This site is optimized with the Yoast SEO plugin v27.3 - https:\/\/yoast.com\/product\/yoast-seo-wordpress\/ -->\n<title>Finfami - Niemikotis\u00e4\u00e4ti\u00f6<\/title>\n<meta name=\"robots\" content=\"index, follow, max-snippet:-1, max-image-preview:large, max-video-preview:-1\" \/>\n<link rel=\"canonical\" href=\"https:\/\/niemikoti.fi\/sv\/for-narstaende\/finfami\/\" \/>\n<meta property=\"og:locale\" content=\"sv_SE\" \/>\n<meta property=\"og:type\" content=\"article\" \/>\n<meta property=\"og:title\" content=\"Finfami - Niemikotis\u00e4\u00e4ti\u00f6\" \/>\n<meta property=\"og:description\" content=\"Centralf\u00f6rbundet f\u00f6r psykisk h\u00e4lsa \u2013 FinFami \u00e4r en riksomfattande intressebevakare och expertorganisation f\u00f6r anh\u00f6riga och n\u00e4rst\u00e5endev\u00e5rdare till personer som \u00e5terh\u00e4mtar sig fr\u00e5n psykisk oh\u00e4lsa. FinFami arbetar f\u00f6r att fr\u00e4mja v\u00e4lbefinnandet hos psykisk oh\u00e4lsas anh\u00f6riga. F\u00f6rbundet best\u00e5r, f\u00f6rutom centralf\u00f6rbundet, av 17 regionala medlemsf\u00f6reningar runt om i Finland. Medlemsf\u00f6reningarna erbjuder information, st\u00f6d och r\u00e5dgivning till anh\u00f6riga till...\" \/>\n<meta property=\"og:url\" content=\"https:\/\/niemikoti.fi\/sv\/for-narstaende\/finfami\/\" \/>\n<meta property=\"og:site_name\" content=\"Niemikotis\u00e4\u00e4ti\u00f6\" \/>\n<meta property=\"article:publisher\" content=\"https:\/\/www.facebook.com\/niemikoti\" \/>\n<meta property=\"article:modified_time\" content=\"2025-10-14T07:52:03+00:00\" \/>\n<meta property=\"og:image\" content=\"https:\/\/niemikoti.fi\/wp-content\/uploads\/2023\/05\/FinFami_logo.png\" \/>\n\t<meta property=\"og:image:width\" content=\"300\" \/>\n\t<meta property=\"og:image:height\" content=\"179\" \/>\n\t<meta property=\"og:image:type\" content=\"image\/png\" \/>\n<meta name=\"twitter:card\" content=\"summary_large_image\" \/>\n<meta name=\"twitter:label1\" content=\"Ber\u00e4knad l\u00e4stid\" \/>\n\t<meta name=\"twitter:data1\" content=\"1 minut\" \/>\n<script type=\"application\/ld+json\" class=\"yoast-schema-graph\">{\"@context\":\"https:\\\/\\\/schema.org\",\"@graph\":[{\"@type\":\"WebPage\",\"@id\":\"https:\\\/\\\/niemikoti.fi\\\/sv\\\/for-narstaende\\\/finfami\\\/\",\"url\":\"https:\\\/\\\/niemikoti.fi\\\/sv\\\/for-narstaende\\\/finfami\\\/\",\"name\":\"Finfami - Niemikotis\u00e4\u00e4ti\u00f6\",\"isPartOf\":{\"@id\":\"https:\\\/\\\/niemikoti.fi\\\/#website\"},\"primaryImageOfPage\":{\"@id\":\"https:\\\/\\\/niemikoti.fi\\\/sv\\\/for-narstaende\\\/finfami\\\/#primaryimage\"},\"image\":{\"@id\":\"https:\\\/\\\/niemikoti.fi\\\/sv\\\/for-narstaende\\\/finfami\\\/#primaryimage\"},\"thumbnailUrl\":\"https:\\\/\\\/niemikoti.fi\\\/wp-content\\\/uploads\\\/2023\\\/05\\\/FinFami_logo.png\",\"datePublished\":\"2023-02-02T02:30:55+00:00\",\"dateModified\":\"2025-10-14T07:52:03+00:00\",\"breadcrumb\":{\"@id\":\"https:\\\/\\\/niemikoti.fi\\\/sv\\\/for-narstaende\\\/finfami\\\/#breadcrumb\"},\"inLanguage\":\"sv-SE\",\"potentialAction\":[{\"@type\":\"ReadAction\",\"target\":[\"https:\\\/\\\/niemikoti.fi\\\/sv\\\/for-narstaende\\\/finfami\\\/\"]}]},{\"@type\":\"ImageObject\",\"inLanguage\":\"sv-SE\",\"@id\":\"https:\\\/\\\/niemikoti.fi\\\/sv\\\/for-narstaende\\\/finfami\\\/#primaryimage\",\"url\":\"https:\\\/\\\/niemikoti.fi\\\/wp-content\\\/uploads\\\/2023\\\/05\\\/FinFami_logo.png\",\"contentUrl\":\"https:\\\/\\\/niemikoti.fi\\\/wp-content\\\/uploads\\\/2023\\\/05\\\/FinFami_logo.png\"},{\"@type\":\"BreadcrumbList\",\"@id\":\"https:\\\/\\\/niemikoti.fi\\\/sv\\\/for-narstaende\\\/finfami\\\/#breadcrumb\",\"itemListElement\":[{\"@type\":\"ListItem\",\"position\":1,\"name\":\"Home\",\"item\":\"https:\\\/\\\/niemikoti.fi\\\/sv\\\/\"},{\"@type\":\"ListItem\",\"position\":2,\"name\":\"F\u00f6r n\u00e4rst\u00e5ende\",\"item\":\"https:\\\/\\\/niemikoti.fi\\\/sv\\\/for-narstaende\\\/\"},{\"@type\":\"ListItem\",\"position\":3,\"name\":\"Finfami\"}]},{\"@type\":\"WebSite\",\"@id\":\"https:\\\/\\\/niemikoti.fi\\\/#website\",\"url\":\"https:\\\/\\\/niemikoti.fi\\\/\",\"name\":\"Niemikotis\u00e4\u00e4ti\u00f6\",\"description\":\"Yhdess\u00e4 jo 40 vuotta\",\"publisher\":{\"@id\":\"https:\\\/\\\/niemikoti.fi\\\/#organization\"},\"potentialAction\":[{\"@type\":\"SearchAction\",\"target\":{\"@type\":\"EntryPoint\",\"urlTemplate\":\"https:\\\/\\\/niemikoti.fi\\\/?s={search_term_string}\"},\"query-input\":{\"@type\":\"PropertyValueSpecification\",\"valueRequired\":true,\"valueName\":\"search_term_string\"}}],\"inLanguage\":\"sv-SE\"},{\"@type\":\"Organization\",\"@id\":\"https:\\\/\\\/niemikoti.fi\\\/#organization\",\"name\":\"Niemikotis\u00e4\u00e4ti\u00f6\",\"url\":\"https:\\\/\\\/niemikoti.fi\\\/\",\"logo\":{\"@type\":\"ImageObject\",\"inLanguage\":\"sv-SE\",\"@id\":\"https:\\\/\\\/niemikoti.fi\\\/#\\\/schema\\\/logo\\\/image\\\/\",\"url\":\"https:\\\/\\\/niemikoti.fi\\\/wp-content\\\/uploads\\\/2023\\\/02\\\/niemikotilogo40v_vaaka.png\",\"contentUrl\":\"https:\\\/\\\/niemikoti.fi\\\/wp-content\\\/uploads\\\/2023\\\/02\\\/niemikotilogo40v_vaaka.png\",\"width\":1147,\"height\":418,\"caption\":\"Niemikotis\u00e4\u00e4ti\u00f6\"},\"image\":{\"@id\":\"https:\\\/\\\/niemikoti.fi\\\/#\\\/schema\\\/logo\\\/image\\\/\"},\"sameAs\":[\"https:\\\/\\\/www.facebook.com\\\/niemikoti\",\"https:\\\/\\\/www.instagram.com\\\/niemikoti\\\/\",\"https:\\\/\\\/www.youtube.com\\\/channel\\\/UCfo6l7q45CD_derGzEH8XGA\"]}]}<\/script>\n<!-- \/ Yoast SEO plugin. -->","yoast_head_json":{"title":"Finfami - Niemikotis\u00e4\u00e4ti\u00f6","robots":{"index":"index","follow":"follow","max-snippet":"max-snippet:-1","max-image-preview":"max-image-preview:large","max-video-preview":"max-video-preview:-1"},"canonical":"https:\/\/niemikoti.fi\/sv\/for-narstaende\/finfami\/","og_locale":"sv_SE","og_type":"article","og_title":"Finfami - Niemikotis\u00e4\u00e4ti\u00f6","og_description":"Centralf\u00f6rbundet f\u00f6r psykisk h\u00e4lsa \u2013 FinFami \u00e4r en riksomfattande intressebevakare och expertorganisation f\u00f6r anh\u00f6riga och n\u00e4rst\u00e5endev\u00e5rdare till personer som \u00e5terh\u00e4mtar sig fr\u00e5n psykisk oh\u00e4lsa. FinFami arbetar f\u00f6r att fr\u00e4mja v\u00e4lbefinnandet hos psykisk oh\u00e4lsas anh\u00f6riga. F\u00f6rbundet best\u00e5r, f\u00f6rutom centralf\u00f6rbundet, av 17 regionala medlemsf\u00f6reningar runt om i Finland. Medlemsf\u00f6reningarna erbjuder information, st\u00f6d och r\u00e5dgivning till anh\u00f6riga till...","og_url":"https:\/\/niemikoti.fi\/sv\/for-narstaende\/finfami\/","og_site_name":"Niemikotis\u00e4\u00e4ti\u00f6","article_publisher":"https:\/\/www.facebook.com\/niemikoti","article_modified_time":"2025-10-14T07:52:03+00:00","og_image":[{"width":300,"height":179,"url":"https:\/\/niemikoti.fi\/wp-content\/uploads\/2023\/05\/FinFami_logo.png","type":"image\/png"}],"twitter_card":"summary_large_image","twitter_misc":{"Ber\u00e4knad l\u00e4stid":"1 minut"},"schema":{"@context":"https:\/\/schema.org","@graph":[{"@type":"WebPage","@id":"https:\/\/niemikoti.fi\/sv\/for-narstaende\/finfami\/","url":"https:\/\/niemikoti.fi\/sv\/for-narstaende\/finfami\/","name":"Finfami - Niemikotis\u00e4\u00e4ti\u00f6","isPartOf":{"@id":"https:\/\/niemikoti.fi\/#website"},"primaryImageOfPage":{"@id":"https:\/\/niemikoti.fi\/sv\/for-narstaende\/finfami\/#primaryimage"},"image":{"@id":"https:\/\/niemikoti.fi\/sv\/for-narstaende\/finfami\/#primaryimage"},"thumbnailUrl":"https:\/\/niemikoti.fi\/wp-content\/uploads\/2023\/05\/FinFami_logo.png","datePublished":"2023-02-02T02:30:55+00:00","dateModified":"2025-10-14T07:52:03+00:00","breadcrumb":{"@id":"https:\/\/niemikoti.fi\/sv\/for-narstaende\/finfami\/#breadcrumb"},"inLanguage":"sv-SE","potentialAction":[{"@type":"ReadAction","target":["https:\/\/niemikoti.fi\/sv\/for-narstaende\/finfami\/"]}]},{"@type":"ImageObject","inLanguage":"sv-SE","@id":"https:\/\/niemikoti.fi\/sv\/for-narstaende\/finfami\/#primaryimage","url":"https:\/\/niemikoti.fi\/wp-content\/uploads\/2023\/05\/FinFami_logo.png","contentUrl":"https:\/\/niemikoti.fi\/wp-content\/uploads\/2023\/05\/FinFami_logo.png"},{"@type":"BreadcrumbList","@id":"https:\/\/niemikoti.fi\/sv\/for-narstaende\/finfami\/#breadcrumb","itemListElement":[{"@type":"ListItem","position":1,"name":"Home","item":"https:\/\/niemikoti.fi\/sv\/"},{"@type":"ListItem","position":2,"name":"F\u00f6r n\u00e4rst\u00e5ende","item":"https:\/\/niemikoti.fi\/sv\/for-narstaende\/"},{"@type":"ListItem","position":3,"name":"Finfami"}]},{"@type":"WebSite","@id":"https:\/\/niemikoti.fi\/#website","url":"https:\/\/niemikoti.fi\/","name":"Niemikotis\u00e4\u00e4ti\u00f6","description":"Yhdess\u00e4 jo 40 vuotta","publisher":{"@id":"https:\/\/niemikoti.fi\/#organization"},"potentialAction":[{"@type":"SearchAction","target":{"@type":"EntryPoint","urlTemplate":"https:\/\/niemikoti.fi\/?s={search_term_string}"},"query-input":{"@type":"PropertyValueSpecification","valueRequired":true,"valueName":"search_term_string"}}],"inLanguage":"sv-SE"},{"@type":"Organization","@id":"https:\/\/niemikoti.fi\/#organization","name":"Niemikotis\u00e4\u00e4ti\u00f6","url":"https:\/\/niemikoti.fi\/","logo":{"@type":"ImageObject","inLanguage":"sv-SE","@id":"https:\/\/niemikoti.fi\/#\/schema\/logo\/image\/","url":"https:\/\/niemikoti.fi\/wp-content\/uploads\/2023\/02\/niemikotilogo40v_vaaka.png","contentUrl":"https:\/\/niemikoti.fi\/wp-content\/uploads\/2023\/02\/niemikotilogo40v_vaaka.png","width":1147,"height":418,"caption":"Niemikotis\u00e4\u00e4ti\u00f6"},"image":{"@id":"https:\/\/niemikoti.fi\/#\/schema\/logo\/image\/"},"sameAs":["https:\/\/www.facebook.com\/niemikoti","https:\/\/www.instagram.com\/niemikoti\/","https:\/\/www.youtube.com\/channel\/UCfo6l7q45CD_derGzEH8XGA"]}]}},"taxonomy_info":[],"featured_image_src_large":false,"author_info":{"display_name":"Niemikotis\u00e4\u00e4ti\u00f6n viestint\u00e4","author_link":"https:\/\/niemikoti.fi\/sv\/author\/katjalampela\/"},"comment_info":0,"_links":{"self":[{"href":"https:\/\/niemikoti.fi\/sv\/wp-json\/wp\/v2\/pages\/47509","targetHints":{"allow":["GET"]}}],"collection":[{"href":"https:\/\/niemikoti.fi\/sv\/wp-json\/wp\/v2\/pages"}],"about":[{"href":"https:\/\/niemikoti.fi\/sv\/wp-json\/wp\/v2\/types\/page"}],"author":[{"embeddable":true,"href":"https:\/\/niemikoti.fi\/sv\/wp-json\/wp\/v2\/users\/2"}],"replies":[{"embeddable":true,"href":"https:\/\/niemikoti.fi\/sv\/wp-json\/wp\/v2\/comments?post=47509"}],"version-history":[{"count":1,"href":"https:\/\/niemikoti.fi\/sv\/wp-json\/wp\/v2\/pages\/47509\/revisions"}],"predecessor-version":[{"id":47510,"href":"https:\/\/niemikoti.fi\/sv\/wp-json\/wp\/v2\/pages\/47509\/revisions\/47510"}],"up":[{"embeddable":true,"href":"https:\/\/niemikoti.fi\/sv\/wp-json\/wp\/v2\/pages\/47476"}],"wp:attachment":[{"href":"https:\/\/niemikoti.fi\/sv\/wp-json\/wp\/v2\/media?parent=47509"}],"wp:term":[{"taxonomy":"sisaltoluokka","embeddable":true,"href":"https:\/\/niemikoti.fi\/sv\/wp-json\/wp\/v2\/sisaltoluokka?post=47509"}],"curies":[{"name":"wp","href":"https:\/\/api.w.org\/{rel}","templated":true}]}}