{"id":47496,"date":"2023-02-02T04:30:55","date_gmt":"2023-02-02T02:30:55","guid":{"rendered":"https:\/\/niemikoti.fi\/?page_id=47496"},"modified":"2025-10-14T10:36:20","modified_gmt":"2025-10-14T07:36:20","slug":"varfor-ar-stod-till-narstaende-viktigt-och-var-kan-man-fa-radgivning","status":"publish","type":"page","link":"https:\/\/niemikoti.fi\/sv\/for-narstaende\/varfor-ar-stod-till-narstaende-viktigt-och-var-kan-man-fa-radgivning\/","title":{"rendered":"Varf\u00f6r \u00e4r st\u00f6d till n\u00e4rst\u00e5ende viktigt och var kan man f\u00e5 r\u00e5dgivning?"},"content":{"rendered":"<style>.kb-row-layout-id47496_c49ce7-55 > .kt-row-column-wrap{align-content:start;}:where(.kb-row-layout-id47496_c49ce7-55 > .kt-row-column-wrap) > .wp-block-kadence-column{justify-content:start;}.kb-row-layout-id47496_c49ce7-55 > .kt-row-column-wrap{column-gap:var(--global-kb-gap-md, 2rem);row-gap:var(--global-kb-gap-md, 2rem);padding-top:var(--global-kb-spacing-sm, 1.5rem);padding-bottom:var(--global-kb-spacing-sm, 1.5rem);grid-template-columns:repeat(2, minmax(0, 1fr));}.kb-row-layout-id47496_c49ce7-55 > .kt-row-layout-overlay{opacity:0.30;}@media all and (max-width: 1024px){.kb-row-layout-id47496_c49ce7-55 > .kt-row-column-wrap{grid-template-columns:repeat(2, minmax(0, 1fr));}}@media all and (max-width: 767px){.kb-row-layout-id47496_c49ce7-55 > .kt-row-column-wrap{grid-template-columns:minmax(0, 1fr);}}<\/style><div class=\"kb-row-layout-wrap kb-row-layout-id47496_c49ce7-55 alignnone wp-block-kadence-rowlayout\"><div class=\"kt-row-column-wrap kt-has-2-columns kt-row-layout-equal kt-tab-layout-inherit kt-mobile-layout-row kt-row-valign-top\">\n<style>.kadence-column47496_40d472-10 > .kt-inside-inner-col,.kadence-column47496_40d472-10 > .kt-inside-inner-col:before{border-top-left-radius:0px;border-top-right-radius:0px;border-bottom-right-radius:0px;border-bottom-left-radius:0px;}.kadence-column47496_40d472-10 > .kt-inside-inner-col{column-gap:var(--global-kb-gap-sm, 1rem);}.kadence-column47496_40d472-10 > .kt-inside-inner-col{flex-direction:column;}.kadence-column47496_40d472-10 > .kt-inside-inner-col > .aligncenter{width:100%;}.kadence-column47496_40d472-10 > .kt-inside-inner-col:before{opacity:0.3;}.kadence-column47496_40d472-10{position:relative;}@media all and (max-width: 1024px){.kadence-column47496_40d472-10 > .kt-inside-inner-col{flex-direction:column;justify-content:center;}}@media all and (max-width: 767px){.kadence-column47496_40d472-10 > .kt-inside-inner-col{flex-direction:column;justify-content:center;}}<\/style>\n<div class=\"wp-block-kadence-column kadence-column47496_40d472-10\"><div class=\"kt-inside-inner-col\">\n<p class=\"has-medium-font-size\">Psykisk oh\u00e4lsa p\u00e5verkar ocks\u00e5 livet f\u00f6r den som st\u00e5r den drabbade n\u00e4ra. Anh\u00f6riga har en viktig roll i att st\u00f6dja den drabbade och rehabiliteringsprocessen. Den psykiskt sjukes livssituation kan vara belastande f\u00f6r n\u00e4rst\u00e5ende p\u00e5 m\u00e5nga s\u00e4tt.&nbsp;&nbsp;&nbsp;<\/p>\n\n\n\n<p><strong>Kamratst\u00f6d<\/strong>&nbsp;\u00e4r det st\u00f6d vi f\u00e5r n\u00e4r vi samtalar med personer i liknande livssituation. Att m\u00e4rka att det finns andra som har en n\u00e4rst\u00e5ende som \u00e4r psykiskt sjuk eller har psykiska symtom kan k\u00e4nnas l\u00e4ttande. Kamratst\u00f6d minskar skuldk\u00e4nslor, \u00f6kar f\u00f6rst\u00e5elsen f\u00f6r b\u00e5de den drabbade och en sj\u00e4lv, och hj\u00e4lper till att hitta sunda gr\u00e4nser, egen ork och s\u00e5dant som fr\u00e4mjar v\u00e4lbefinnandet.<br>(K\u00e4lla:&nbsp;<em>Mahdollisuuksia_palvelutarjotin \u2013 Mielenterveysomaisten keskusliitto \u2013 FinFami ry<\/em>)<\/p>\n\n\n\n<p><strong>Mielenterveysomaisten keskusliitto \u2013 FinFami ry<\/strong>&nbsp;ordnar olika kamratst\u00f6dsgrupper som leds av yrkespersoner eller utbildade frivilliga. FinFami Uusimaa ry \u2013 St\u00f6d till anh\u00f6riga inom mentalv\u00e5rden&nbsp;<\/p>\n\n\n<style>.wp-block-kadence-advancedheading.kt-adv-heading47496_0eb193-5e, .wp-block-kadence-advancedheading.kt-adv-heading47496_0eb193-5e[data-kb-block=\"kb-adv-heading47496_0eb193-5e\"]{font-size:var(--global-kb-font-size-md, 1.25rem);font-style:normal;}.wp-block-kadence-advancedheading.kt-adv-heading47496_0eb193-5e mark.kt-highlight, .wp-block-kadence-advancedheading.kt-adv-heading47496_0eb193-5e[data-kb-block=\"kb-adv-heading47496_0eb193-5e\"] mark.kt-highlight{font-style:normal;color:#f76a0c;-webkit-box-decoration-break:clone;box-decoration-break:clone;padding-top:0px;padding-right:0px;padding-bottom:0px;padding-left:0px;}.wp-block-kadence-advancedheading.kt-adv-heading47496_0eb193-5e img.kb-inline-image, .wp-block-kadence-advancedheading.kt-adv-heading47496_0eb193-5e[data-kb-block=\"kb-adv-heading47496_0eb193-5e\"] img.kb-inline-image{width:150px;vertical-align:baseline;}<\/style>\n<h2 class=\"kt-adv-heading47496_0eb193-5e wp-block-kadence-advancedheading\" data-kb-block=\"kb-adv-heading47496_0eb193-5e\">H\u00e4r f\u00e5r du r\u00e5dgivning <\/h2>\n\n\n\n<ul class=\"wp-block-list\">\n<ul class=\"wp-block-list\">\n<li><a href=\"http:\/\/www.finfami.fi\/\" target=\"_blank\" rel=\"noreferrer noopener\">Mielenterveysomaisten keskusliitto \u2013 FinFami ry<\/a>&nbsp;<\/li>\n\n\n\n<li><a href=\"https:\/\/www.finfamiuusimaa.fi\/\" target=\"_blank\" rel=\"noreferrer noopener\">FinFami Uusimaa ry &#8211; Omaiset mielenterveyden tukena<\/a>&nbsp;<\/li>\n\n\n\n<li><a href=\"https:\/\/oppaat.finfami.fi\/wp-content\/uploads\/sites\/36\/ABC-opas-omaiselle.pdf\" target=\"_blank\" rel=\"noreferrer noopener\">ABC-opas-omaiselle.pdf (finfami.fi)<\/a>&nbsp;<\/li>\n\n\n\n<li>Mielenterveyden keskusliitto <a href=\"https:\/\/www.mtkl.fi\/mista-apua\/neuvonta\/\" target=\"_blank\" rel=\"noreferrer noopener\">Mielenterveyden keskusliiton neuvontapuhelin ja Valoa-chat<\/a>,&nbsp;&nbsp;<\/li>\n\n\n\n<li><a href=\"https:\/\/www.mtkl.fi\/mika-askarruttaa\/laheisen-sairastuminen\/\">https:\/\/www.mtkl.fi\/mika-askarruttaa\/laheisen-sairastuminen\/<\/a><\/li>\n\n\n\n<li><a href=\"https:\/\/mielenterveysomaiselle.fi\/\">https:\/\/mielenterveysomaiselle.fi\/<\/a><\/li>\n\n\n\n<li><a href=\"https:\/\/parisuhdekeskus.fi\/\" target=\"_blank\" rel=\"noreferrer noopener\">Parisuhdekeskus Kataja<\/a>&nbsp;<\/li>\n<\/ul>\n<\/ul>\n<\/div><\/div>\n\n\n<style>.kadence-column47496_d83add-a4 > .kt-inside-inner-col,.kadence-column47496_d83add-a4 > .kt-inside-inner-col:before{border-top-left-radius:0px;border-top-right-radius:0px;border-bottom-right-radius:0px;border-bottom-left-radius:0px;}.kadence-column47496_d83add-a4 > .kt-inside-inner-col{column-gap:var(--global-kb-gap-sm, 1rem);}.kadence-column47496_d83add-a4 > .kt-inside-inner-col{flex-direction:column;}.kadence-column47496_d83add-a4 > .kt-inside-inner-col > .aligncenter{width:100%;}.kadence-column47496_d83add-a4 > .kt-inside-inner-col:before{opacity:0.3;}.kadence-column47496_d83add-a4{position:relative;}@media all and (max-width: 1024px){.kadence-column47496_d83add-a4 > .kt-inside-inner-col{flex-direction:column;justify-content:center;}}@media all and (max-width: 767px){.kadence-column47496_d83add-a4 > .kt-inside-inner-col{flex-direction:column;justify-content:center;}}<\/style>\n<div class=\"wp-block-kadence-column kadence-column47496_d83add-a4\"><div class=\"kt-inside-inner-col\">\n<div class=\"wp-block-group\"><div class=\"wp-block-group__inner-container is-layout-constrained wp-block-group-is-layout-constrained\">\n<figure class=\"wp-block-image size-full\"><img loading=\"lazy\" decoding=\"async\" width=\"1114\" height=\"786\" src=\"https:\/\/niemikoti.fi\/wp-content\/uploads\/2023\/05\/Screenshot-2023-05-28-at-8.54.42.png\" alt=\"Kuvituspiirros\" class=\"wp-image-24196\"\/><\/figure>\n\n\n<style>.kadence-column47488_ad20e0-ba > .kt-inside-inner-col{padding-top:60px;padding-right:60px;padding-bottom:60px;padding-left:60px;}.kadence-column47488_ad20e0-ba > .kt-inside-inner-col,.kadence-column47488_ad20e0-ba > .kt-inside-inner-col:before{border-top-left-radius:60px;border-top-right-radius:0px;border-bottom-right-radius:60px;border-bottom-left-radius:0px;}.kadence-column47488_ad20e0-ba > .kt-inside-inner-col{column-gap:var(--global-kb-gap-sm, 1rem);}.kadence-column47488_ad20e0-ba > .kt-inside-inner-col{flex-direction:column;}.kadence-column47488_ad20e0-ba > .kt-inside-inner-col > .aligncenter{width:100%;}.kadence-column47488_ad20e0-ba > .kt-inside-inner-col{background-color:rgba(113, 128, 150, 0.2);}.kadence-column47488_ad20e0-ba > .kt-inside-inner-col:before{opacity:0.3;}.kadence-column47488_ad20e0-ba{position:relative;}@media all and (max-width: 1024px){.kadence-column47488_ad20e0-ba > .kt-inside-inner-col{flex-direction:column;justify-content:center;}}@media all and (max-width: 767px){.kadence-column47488_ad20e0-ba > .kt-inside-inner-col{flex-direction:column;justify-content:center;}}<\/style>\n<div class=\"wp-block-kadence-column kadence-column47488_ad20e0-ba inner-column-1\"><div class=\"kt-inside-inner-col\"><style>.wp-block-kadence-advancedheading.kt-adv-heading47488_59dd04-7d, .wp-block-kadence-advancedheading.kt-adv-heading47488_59dd04-7d[data-kb-block=\"kb-adv-heading47488_59dd04-7d\"]{font-size:var(--global-kb-font-size-md, 1.25rem);font-style:normal;}.wp-block-kadence-advancedheading.kt-adv-heading47488_59dd04-7d mark.kt-highlight, .wp-block-kadence-advancedheading.kt-adv-heading47488_59dd04-7d[data-kb-block=\"kb-adv-heading47488_59dd04-7d\"] mark.kt-highlight{font-style:normal;color:#f76a0c;-webkit-box-decoration-break:clone;box-decoration-break:clone;padding-top:0px;padding-right:0px;padding-bottom:0px;padding-left:0px;}.wp-block-kadence-advancedheading.kt-adv-heading47488_59dd04-7d img.kb-inline-image, .wp-block-kadence-advancedheading.kt-adv-heading47488_59dd04-7d[data-kb-block=\"kb-adv-heading47488_59dd04-7d\"] img.kb-inline-image{width:150px;vertical-align:baseline;}<\/style>\n<h2 class=\"kt-adv-heading47488_59dd04-7d wp-block-kadence-advancedheading\" data-kb-block=\"kb-adv-heading47488_59dd04-7d\">Du \u00e4r inte ensam!<\/h2>\n\n\n\n<p>Om du \u00e4r en n\u00e4rst\u00e5ende eller anh\u00f6rig till en tj\u00e4nsteanv\u00e4ndare hos Niemikotis\u00e4\u00e4ti\u00f6 och n\u00e5got bekymrar dig, ta kontakt med v\u00e5rt team f\u00f6r n\u00e4rst\u00e5ende- och anh\u00f6rigarbete:<\/p>\n\n\n\n<ul class=\"wp-block-list\">\n<li>Ulla Tiainen, <a href=\"mailto:ulla.tiainen@niemikoti.fi\">ulla.tiainen@niemikoti.fi<\/a><\/li>\n\n\n\n<li>Satu Toivonen, <a href=\"mailto:satu.toivonen@niemikoti.fi\">satu.toivonen@niemikoti.fi<\/a><\/li>\n\n\n\n<li>Riikka Riipinen, <a href=\"mailto:riikka.riipinen@niemikoti.fi\">riikka.riipinen@niemikoti.fi<\/a><\/li>\n<\/ul>\n<\/div><\/div>\n<\/div><\/div>\n<\/div><\/div>\n\n<\/div><\/div><div style=\"margin: 20px 0;\"><div class=\"qrcswholewtapper\" style=\"text-align:left;\"><div class=\"qrcprowrapper\"  id=\"qrcwraa2leds\"><div class=\"qrc_canvass\" id=\"qrc_cuttenpages_2\" style=\"display:none\" data-text=\"https:\/\/niemikoti.fi\/sv\/for-narstaende\/varfor-ar-stod-till-narstaende-viktigt-och-var-kan-man-fa-radgivning\/\"><\/div><div><a download=\"Varf\u00f6r \u00e4r st\u00f6d till n\u00e4rst\u00e5ende viktigt och var kan man f\u00e5 r\u00e5dgivning?.png\" class=\"qrcdownloads\" id=\"worign\">\r\n           <button type=\"button\" style=\"min-width:200px;background:#c8fd8c;color:#000;font-weight: 600;border: 1px solid #dddddd;border-radius:4px;font-size:12px;padding: 6px 0;\" class=\"uqr_code_btn\">Lataa QR-koodi<\/button>\r\n           <\/a><\/div><\/div><\/div><\/div>","protected":false},"excerpt":{"rendered":"<p>Psykisk oh\u00e4lsa p\u00e5verkar ocks\u00e5 livet f\u00f6r den som st\u00e5r den drabbade n\u00e4ra. Anh\u00f6riga har en viktig roll i att st\u00f6dja den drabbade och rehabiliteringsprocessen. Den psykiskt sjukes livssituation kan vara belastande f\u00f6r n\u00e4rst\u00e5ende p\u00e5 m\u00e5nga s\u00e4tt.&nbsp;&nbsp;&nbsp; Kamratst\u00f6d&nbsp;\u00e4r det st\u00f6d vi f\u00e5r n\u00e4r vi samtalar med personer i liknande livssituation. Att m\u00e4rka att det finns andra&#8230;<\/p>\n","protected":false},"author":2,"featured_media":0,"parent":47476,"menu_order":1,"comment_status":"closed","ping_status":"closed","template":"","meta":{"_kad_blocks_custom_css":"","_kad_blocks_head_custom_js":"","_kad_blocks_body_custom_js":"","_kad_blocks_footer_custom_js":"","_kad_post_transparent":"","_kad_post_title":"","_kad_post_layout":"","_kad_post_sidebar_id":"","_kad_post_content_style":"","_kad_post_vertical_padding":"","_kad_post_feature":"","_kad_post_feature_position":"","_kad_post_header":false,"_kad_post_footer":false,"_kad_post_classname":"","cybocfi_hide_featured_image":"","footnotes":"","_links_to":"","_links_to_target":""},"sisaltoluokka":[],"class_list":["post-47496","page","type-page","status-publish","hentry"],"yoast_head":"<!-- This site is optimized with the Yoast SEO plugin v27.3 - https:\/\/yoast.com\/product\/yoast-seo-wordpress\/ -->\n<title>Varf\u00f6r \u00e4r st\u00f6d till n\u00e4rst\u00e5ende viktigt och var kan man f\u00e5 r\u00e5dgivning? - Niemikotis\u00e4\u00e4ti\u00f6<\/title>\n<meta name=\"robots\" content=\"index, follow, max-snippet:-1, max-image-preview:large, max-video-preview:-1\" \/>\n<link rel=\"canonical\" href=\"https:\/\/niemikoti.fi\/sv\/for-narstaende\/varfor-ar-stod-till-narstaende-viktigt-och-var-kan-man-fa-radgivning\/\" \/>\n<meta property=\"og:locale\" content=\"sv_SE\" \/>\n<meta property=\"og:type\" content=\"article\" \/>\n<meta property=\"og:title\" content=\"Varf\u00f6r \u00e4r st\u00f6d till n\u00e4rst\u00e5ende viktigt och var kan man f\u00e5 r\u00e5dgivning? - Niemikotis\u00e4\u00e4ti\u00f6\" \/>\n<meta property=\"og:description\" content=\"Psykisk oh\u00e4lsa p\u00e5verkar ocks\u00e5 livet f\u00f6r den som st\u00e5r den drabbade n\u00e4ra. Anh\u00f6riga har en viktig roll i att st\u00f6dja den drabbade och rehabiliteringsprocessen. Den psykiskt sjukes livssituation kan vara belastande f\u00f6r n\u00e4rst\u00e5ende p\u00e5 m\u00e5nga s\u00e4tt.&nbsp;&nbsp;&nbsp; Kamratst\u00f6d&nbsp;\u00e4r det st\u00f6d vi f\u00e5r n\u00e4r vi samtalar med personer i liknande livssituation. Att m\u00e4rka att det finns andra...\" \/>\n<meta property=\"og:url\" content=\"https:\/\/niemikoti.fi\/sv\/for-narstaende\/varfor-ar-stod-till-narstaende-viktigt-och-var-kan-man-fa-radgivning\/\" \/>\n<meta property=\"og:site_name\" content=\"Niemikotis\u00e4\u00e4ti\u00f6\" \/>\n<meta property=\"article:publisher\" content=\"https:\/\/www.facebook.com\/niemikoti\" \/>\n<meta property=\"article:modified_time\" content=\"2025-10-14T07:36:20+00:00\" \/>\n<meta property=\"og:image\" content=\"https:\/\/niemikoti.fi\/wp-content\/uploads\/2023\/05\/Screenshot-2023-05-28-at-8.54.42.png\" \/>\n\t<meta property=\"og:image:width\" content=\"1114\" \/>\n\t<meta property=\"og:image:height\" content=\"786\" \/>\n\t<meta property=\"og:image:type\" content=\"image\/png\" \/>\n<meta name=\"twitter:card\" content=\"summary_large_image\" \/>\n<meta name=\"twitter:label1\" content=\"Ber\u00e4knad l\u00e4stid\" \/>\n\t<meta name=\"twitter:data1\" content=\"2 minut\" \/>\n<script type=\"application\/ld+json\" class=\"yoast-schema-graph\">{\"@context\":\"https:\\\/\\\/schema.org\",\"@graph\":[{\"@type\":\"WebPage\",\"@id\":\"https:\\\/\\\/niemikoti.fi\\\/sv\\\/for-narstaende\\\/varfor-ar-stod-till-narstaende-viktigt-och-var-kan-man-fa-radgivning\\\/\",\"url\":\"https:\\\/\\\/niemikoti.fi\\\/sv\\\/for-narstaende\\\/varfor-ar-stod-till-narstaende-viktigt-och-var-kan-man-fa-radgivning\\\/\",\"name\":\"Varf\u00f6r \u00e4r st\u00f6d till n\u00e4rst\u00e5ende viktigt och var kan man f\u00e5 r\u00e5dgivning? - Niemikotis\u00e4\u00e4ti\u00f6\",\"isPartOf\":{\"@id\":\"https:\\\/\\\/niemikoti.fi\\\/#website\"},\"primaryImageOfPage\":{\"@id\":\"https:\\\/\\\/niemikoti.fi\\\/sv\\\/for-narstaende\\\/varfor-ar-stod-till-narstaende-viktigt-och-var-kan-man-fa-radgivning\\\/#primaryimage\"},\"image\":{\"@id\":\"https:\\\/\\\/niemikoti.fi\\\/sv\\\/for-narstaende\\\/varfor-ar-stod-till-narstaende-viktigt-och-var-kan-man-fa-radgivning\\\/#primaryimage\"},\"thumbnailUrl\":\"https:\\\/\\\/niemikoti.fi\\\/wp-content\\\/uploads\\\/2023\\\/05\\\/Screenshot-2023-05-28-at-8.54.42.png\",\"datePublished\":\"2023-02-02T02:30:55+00:00\",\"dateModified\":\"2025-10-14T07:36:20+00:00\",\"breadcrumb\":{\"@id\":\"https:\\\/\\\/niemikoti.fi\\\/sv\\\/for-narstaende\\\/varfor-ar-stod-till-narstaende-viktigt-och-var-kan-man-fa-radgivning\\\/#breadcrumb\"},\"inLanguage\":\"sv-SE\",\"potentialAction\":[{\"@type\":\"ReadAction\",\"target\":[\"https:\\\/\\\/niemikoti.fi\\\/sv\\\/for-narstaende\\\/varfor-ar-stod-till-narstaende-viktigt-och-var-kan-man-fa-radgivning\\\/\"]}]},{\"@type\":\"ImageObject\",\"inLanguage\":\"sv-SE\",\"@id\":\"https:\\\/\\\/niemikoti.fi\\\/sv\\\/for-narstaende\\\/varfor-ar-stod-till-narstaende-viktigt-och-var-kan-man-fa-radgivning\\\/#primaryimage\",\"url\":\"https:\\\/\\\/niemikoti.fi\\\/wp-content\\\/uploads\\\/2023\\\/05\\\/Screenshot-2023-05-28-at-8.54.42.png\",\"contentUrl\":\"https:\\\/\\\/niemikoti.fi\\\/wp-content\\\/uploads\\\/2023\\\/05\\\/Screenshot-2023-05-28-at-8.54.42.png\"},{\"@type\":\"BreadcrumbList\",\"@id\":\"https:\\\/\\\/niemikoti.fi\\\/sv\\\/for-narstaende\\\/varfor-ar-stod-till-narstaende-viktigt-och-var-kan-man-fa-radgivning\\\/#breadcrumb\",\"itemListElement\":[{\"@type\":\"ListItem\",\"position\":1,\"name\":\"Home\",\"item\":\"https:\\\/\\\/niemikoti.fi\\\/sv\\\/\"},{\"@type\":\"ListItem\",\"position\":2,\"name\":\"F\u00f6r n\u00e4rst\u00e5ende\",\"item\":\"https:\\\/\\\/niemikoti.fi\\\/sv\\\/for-narstaende\\\/\"},{\"@type\":\"ListItem\",\"position\":3,\"name\":\"Varf\u00f6r \u00e4r st\u00f6d till n\u00e4rst\u00e5ende viktigt och var kan man f\u00e5 r\u00e5dgivning?\"}]},{\"@type\":\"WebSite\",\"@id\":\"https:\\\/\\\/niemikoti.fi\\\/#website\",\"url\":\"https:\\\/\\\/niemikoti.fi\\\/\",\"name\":\"Niemikotis\u00e4\u00e4ti\u00f6\",\"description\":\"Yhdess\u00e4 jo 40 vuotta\",\"publisher\":{\"@id\":\"https:\\\/\\\/niemikoti.fi\\\/#organization\"},\"potentialAction\":[{\"@type\":\"SearchAction\",\"target\":{\"@type\":\"EntryPoint\",\"urlTemplate\":\"https:\\\/\\\/niemikoti.fi\\\/?s={search_term_string}\"},\"query-input\":{\"@type\":\"PropertyValueSpecification\",\"valueRequired\":true,\"valueName\":\"search_term_string\"}}],\"inLanguage\":\"sv-SE\"},{\"@type\":\"Organization\",\"@id\":\"https:\\\/\\\/niemikoti.fi\\\/#organization\",\"name\":\"Niemikotis\u00e4\u00e4ti\u00f6\",\"url\":\"https:\\\/\\\/niemikoti.fi\\\/\",\"logo\":{\"@type\":\"ImageObject\",\"inLanguage\":\"sv-SE\",\"@id\":\"https:\\\/\\\/niemikoti.fi\\\/#\\\/schema\\\/logo\\\/image\\\/\",\"url\":\"https:\\\/\\\/niemikoti.fi\\\/wp-content\\\/uploads\\\/2023\\\/02\\\/niemikotilogo40v_vaaka.png\",\"contentUrl\":\"https:\\\/\\\/niemikoti.fi\\\/wp-content\\\/uploads\\\/2023\\\/02\\\/niemikotilogo40v_vaaka.png\",\"width\":1147,\"height\":418,\"caption\":\"Niemikotis\u00e4\u00e4ti\u00f6\"},\"image\":{\"@id\":\"https:\\\/\\\/niemikoti.fi\\\/#\\\/schema\\\/logo\\\/image\\\/\"},\"sameAs\":[\"https:\\\/\\\/www.facebook.com\\\/niemikoti\",\"https:\\\/\\\/www.instagram.com\\\/niemikoti\\\/\",\"https:\\\/\\\/www.youtube.com\\\/channel\\\/UCfo6l7q45CD_derGzEH8XGA\"]}]}<\/script>\n<!-- \/ Yoast SEO plugin. -->","yoast_head_json":{"title":"Varf\u00f6r \u00e4r st\u00f6d till n\u00e4rst\u00e5ende viktigt och var kan man f\u00e5 r\u00e5dgivning? - Niemikotis\u00e4\u00e4ti\u00f6","robots":{"index":"index","follow":"follow","max-snippet":"max-snippet:-1","max-image-preview":"max-image-preview:large","max-video-preview":"max-video-preview:-1"},"canonical":"https:\/\/niemikoti.fi\/sv\/for-narstaende\/varfor-ar-stod-till-narstaende-viktigt-och-var-kan-man-fa-radgivning\/","og_locale":"sv_SE","og_type":"article","og_title":"Varf\u00f6r \u00e4r st\u00f6d till n\u00e4rst\u00e5ende viktigt och var kan man f\u00e5 r\u00e5dgivning? - Niemikotis\u00e4\u00e4ti\u00f6","og_description":"Psykisk oh\u00e4lsa p\u00e5verkar ocks\u00e5 livet f\u00f6r den som st\u00e5r den drabbade n\u00e4ra. Anh\u00f6riga har en viktig roll i att st\u00f6dja den drabbade och rehabiliteringsprocessen. Den psykiskt sjukes livssituation kan vara belastande f\u00f6r n\u00e4rst\u00e5ende p\u00e5 m\u00e5nga s\u00e4tt.&nbsp;&nbsp;&nbsp; Kamratst\u00f6d&nbsp;\u00e4r det st\u00f6d vi f\u00e5r n\u00e4r vi samtalar med personer i liknande livssituation. Att m\u00e4rka att det finns andra...","og_url":"https:\/\/niemikoti.fi\/sv\/for-narstaende\/varfor-ar-stod-till-narstaende-viktigt-och-var-kan-man-fa-radgivning\/","og_site_name":"Niemikotis\u00e4\u00e4ti\u00f6","article_publisher":"https:\/\/www.facebook.com\/niemikoti","article_modified_time":"2025-10-14T07:36:20+00:00","og_image":[{"width":1114,"height":786,"url":"https:\/\/niemikoti.fi\/wp-content\/uploads\/2023\/05\/Screenshot-2023-05-28-at-8.54.42.png","type":"image\/png"}],"twitter_card":"summary_large_image","twitter_misc":{"Ber\u00e4knad l\u00e4stid":"2 minut"},"schema":{"@context":"https:\/\/schema.org","@graph":[{"@type":"WebPage","@id":"https:\/\/niemikoti.fi\/sv\/for-narstaende\/varfor-ar-stod-till-narstaende-viktigt-och-var-kan-man-fa-radgivning\/","url":"https:\/\/niemikoti.fi\/sv\/for-narstaende\/varfor-ar-stod-till-narstaende-viktigt-och-var-kan-man-fa-radgivning\/","name":"Varf\u00f6r \u00e4r st\u00f6d till n\u00e4rst\u00e5ende viktigt och var kan man f\u00e5 r\u00e5dgivning? - Niemikotis\u00e4\u00e4ti\u00f6","isPartOf":{"@id":"https:\/\/niemikoti.fi\/#website"},"primaryImageOfPage":{"@id":"https:\/\/niemikoti.fi\/sv\/for-narstaende\/varfor-ar-stod-till-narstaende-viktigt-och-var-kan-man-fa-radgivning\/#primaryimage"},"image":{"@id":"https:\/\/niemikoti.fi\/sv\/for-narstaende\/varfor-ar-stod-till-narstaende-viktigt-och-var-kan-man-fa-radgivning\/#primaryimage"},"thumbnailUrl":"https:\/\/niemikoti.fi\/wp-content\/uploads\/2023\/05\/Screenshot-2023-05-28-at-8.54.42.png","datePublished":"2023-02-02T02:30:55+00:00","dateModified":"2025-10-14T07:36:20+00:00","breadcrumb":{"@id":"https:\/\/niemikoti.fi\/sv\/for-narstaende\/varfor-ar-stod-till-narstaende-viktigt-och-var-kan-man-fa-radgivning\/#breadcrumb"},"inLanguage":"sv-SE","potentialAction":[{"@type":"ReadAction","target":["https:\/\/niemikoti.fi\/sv\/for-narstaende\/varfor-ar-stod-till-narstaende-viktigt-och-var-kan-man-fa-radgivning\/"]}]},{"@type":"ImageObject","inLanguage":"sv-SE","@id":"https:\/\/niemikoti.fi\/sv\/for-narstaende\/varfor-ar-stod-till-narstaende-viktigt-och-var-kan-man-fa-radgivning\/#primaryimage","url":"https:\/\/niemikoti.fi\/wp-content\/uploads\/2023\/05\/Screenshot-2023-05-28-at-8.54.42.png","contentUrl":"https:\/\/niemikoti.fi\/wp-content\/uploads\/2023\/05\/Screenshot-2023-05-28-at-8.54.42.png"},{"@type":"BreadcrumbList","@id":"https:\/\/niemikoti.fi\/sv\/for-narstaende\/varfor-ar-stod-till-narstaende-viktigt-och-var-kan-man-fa-radgivning\/#breadcrumb","itemListElement":[{"@type":"ListItem","position":1,"name":"Home","item":"https:\/\/niemikoti.fi\/sv\/"},{"@type":"ListItem","position":2,"name":"F\u00f6r n\u00e4rst\u00e5ende","item":"https:\/\/niemikoti.fi\/sv\/for-narstaende\/"},{"@type":"ListItem","position":3,"name":"Varf\u00f6r \u00e4r st\u00f6d till n\u00e4rst\u00e5ende viktigt och var kan man f\u00e5 r\u00e5dgivning?"}]},{"@type":"WebSite","@id":"https:\/\/niemikoti.fi\/#website","url":"https:\/\/niemikoti.fi\/","name":"Niemikotis\u00e4\u00e4ti\u00f6","description":"Yhdess\u00e4 jo 40 vuotta","publisher":{"@id":"https:\/\/niemikoti.fi\/#organization"},"potentialAction":[{"@type":"SearchAction","target":{"@type":"EntryPoint","urlTemplate":"https:\/\/niemikoti.fi\/?s={search_term_string}"},"query-input":{"@type":"PropertyValueSpecification","valueRequired":true,"valueName":"search_term_string"}}],"inLanguage":"sv-SE"},{"@type":"Organization","@id":"https:\/\/niemikoti.fi\/#organization","name":"Niemikotis\u00e4\u00e4ti\u00f6","url":"https:\/\/niemikoti.fi\/","logo":{"@type":"ImageObject","inLanguage":"sv-SE","@id":"https:\/\/niemikoti.fi\/#\/schema\/logo\/image\/","url":"https:\/\/niemikoti.fi\/wp-content\/uploads\/2023\/02\/niemikotilogo40v_vaaka.png","contentUrl":"https:\/\/niemikoti.fi\/wp-content\/uploads\/2023\/02\/niemikotilogo40v_vaaka.png","width":1147,"height":418,"caption":"Niemikotis\u00e4\u00e4ti\u00f6"},"image":{"@id":"https:\/\/niemikoti.fi\/#\/schema\/logo\/image\/"},"sameAs":["https:\/\/www.facebook.com\/niemikoti","https:\/\/www.instagram.com\/niemikoti\/","https:\/\/www.youtube.com\/channel\/UCfo6l7q45CD_derGzEH8XGA"]}]}},"taxonomy_info":[],"featured_image_src_large":false,"author_info":{"display_name":"Niemikotis\u00e4\u00e4ti\u00f6n viestint\u00e4","author_link":"https:\/\/niemikoti.fi\/sv\/author\/katjalampela\/"},"comment_info":0,"_links":{"self":[{"href":"https:\/\/niemikoti.fi\/sv\/wp-json\/wp\/v2\/pages\/47496","targetHints":{"allow":["GET"]}}],"collection":[{"href":"https:\/\/niemikoti.fi\/sv\/wp-json\/wp\/v2\/pages"}],"about":[{"href":"https:\/\/niemikoti.fi\/sv\/wp-json\/wp\/v2\/types\/page"}],"author":[{"embeddable":true,"href":"https:\/\/niemikoti.fi\/sv\/wp-json\/wp\/v2\/users\/2"}],"replies":[{"embeddable":true,"href":"https:\/\/niemikoti.fi\/sv\/wp-json\/wp\/v2\/comments?post=47496"}],"version-history":[{"count":3,"href":"https:\/\/niemikoti.fi\/sv\/wp-json\/wp\/v2\/pages\/47496\/revisions"}],"predecessor-version":[{"id":47506,"href":"https:\/\/niemikoti.fi\/sv\/wp-json\/wp\/v2\/pages\/47496\/revisions\/47506"}],"up":[{"embeddable":true,"href":"https:\/\/niemikoti.fi\/sv\/wp-json\/wp\/v2\/pages\/47476"}],"wp:attachment":[{"href":"https:\/\/niemikoti.fi\/sv\/wp-json\/wp\/v2\/media?parent=47496"}],"wp:term":[{"taxonomy":"sisaltoluokka","embeddable":true,"href":"https:\/\/niemikoti.fi\/sv\/wp-json\/wp\/v2\/sisaltoluokka?post=47496"}],"curies":[{"name":"wp","href":"https:\/\/api.w.org\/{rel}","templated":true}]}}