{"id":47488,"date":"2023-02-02T04:30:55","date_gmt":"2023-02-02T02:30:55","guid":{"rendered":"https:\/\/niemikoti.fi\/?page_id=47488"},"modified":"2025-10-14T10:33:14","modified_gmt":"2025-10-14T07:33:14","slug":"vad-innebar-narstaendearbete-inom-stiftelsen-uddhemmet","status":"publish","type":"page","link":"https:\/\/niemikoti.fi\/sv\/for-narstaende\/vad-innebar-narstaendearbete-inom-stiftelsen-uddhemmet\/","title":{"rendered":"Vad inneb\u00e4r n\u00e4rst\u00e5endearbete inom Stiftelsen Uddhemmet?"},"content":{"rendered":"<style>.kb-row-layout-id47488_1550e0-10 > .kt-row-column-wrap{align-content:start;}:where(.kb-row-layout-id47488_1550e0-10 > .kt-row-column-wrap) > .wp-block-kadence-column{justify-content:start;}.kb-row-layout-id47488_1550e0-10 > .kt-row-column-wrap{column-gap:var(--global-kb-gap-md, 2rem);row-gap:var(--global-kb-gap-md, 2rem);padding-top:var(--global-kb-spacing-sm, 1.5rem);padding-bottom:var(--global-kb-spacing-sm, 1.5rem);grid-template-columns:minmax(0, calc(55% - ((var(--global-kb-gap-md, 2rem) * 1 )\/2)))minmax(0, calc(45% - ((var(--global-kb-gap-md, 2rem) * 1 )\/2)));}.kb-row-layout-id47488_1550e0-10 > .kt-row-layout-overlay{opacity:0.30;}@media all and (max-width: 1024px){.kb-row-layout-id47488_1550e0-10 > .kt-row-column-wrap{grid-template-columns:repeat(2, minmax(0, 1fr));}}@media all and (max-width: 767px){.kb-row-layout-id47488_1550e0-10 > .kt-row-column-wrap{grid-template-columns:minmax(0, 1fr);}}<\/style><div class=\"kb-row-layout-wrap kb-row-layout-id47488_1550e0-10 alignnone wp-block-kadence-rowlayout\"><div class=\"kt-row-column-wrap kt-has-2-columns kt-row-layout-equal kt-tab-layout-inherit kt-mobile-layout-row kt-row-valign-top\">\n<style>.kadence-column47488_9541b1-86 > .kt-inside-inner-col,.kadence-column47488_9541b1-86 > .kt-inside-inner-col:before{border-top-left-radius:0px;border-top-right-radius:0px;border-bottom-right-radius:0px;border-bottom-left-radius:0px;}.kadence-column47488_9541b1-86 > .kt-inside-inner-col{column-gap:var(--global-kb-gap-sm, 1rem);}.kadence-column47488_9541b1-86 > .kt-inside-inner-col{flex-direction:column;}.kadence-column47488_9541b1-86 > .kt-inside-inner-col > .aligncenter{width:100%;}.kadence-column47488_9541b1-86 > .kt-inside-inner-col:before{opacity:0.3;}.kadence-column47488_9541b1-86{position:relative;}@media all and (max-width: 1024px){.kadence-column47488_9541b1-86 > .kt-inside-inner-col{flex-direction:column;justify-content:center;}}@media all and (max-width: 767px){.kadence-column47488_9541b1-86 > .kt-inside-inner-col{flex-direction:column;justify-content:center;}}<\/style>\n<div class=\"wp-block-kadence-column kadence-column47488_9541b1-86\"><div class=\"kt-inside-inner-col\">\n<p class=\"has-medium-font-size\">I Stiftelsen Uddhemmets dagverksamhetsenheter ordnas \u00e5rligen olika evenemang dit \u00e4ven tj\u00e4nsteanv\u00e4ndarnas n\u00e4rst\u00e5ende \u00e4r v\u00e4lkomna.<\/p>\n\n\n\n<p>\u00c4ven Stiftelsen Uddhemmets verksamhet och utbildning f\u00f6r erfarenhetsexperter \u00e4r \u00f6ppen f\u00f6r anh\u00f6riga.<\/p>\n\n\n\n<p>En g\u00e5ng om \u00e5ret ordnas ett evenemang riktat till alla tj\u00e4nsteanv\u00e4ndares anh\u00f6riga och n\u00e4rst\u00e5ende, d\u00e4r man f\u00e5r information om stiftelsens verksamhet, st\u00f6d f\u00f6r anh\u00f6riga och n\u00e4rst\u00e5ende samt m\u00f6jlighet att diskutera fr\u00e5gor som v\u00e4cker oro.<\/p>\n\n\n\n<p>Niemikotis\u00e4\u00e4ti\u00f6 samarbetar med FinFami rf, Centralf\u00f6rbundet f\u00f6r psykisk h\u00e4lsa anh\u00f6riga.&nbsp;<\/p>\n\n\n\n<p>Stiftelsen Uddhemmets verksamhet bygger p\u00e5 en \u00e5terh\u00e4mtningsinriktad referensram, vars k\u00e4rntankar presenteras i den bifogade broschyren.<\/p>\n<\/div><\/div>\n\n\n<style>.kadence-column47488_c8e7a6-06 > .kt-inside-inner-col,.kadence-column47488_c8e7a6-06 > .kt-inside-inner-col:before{border-top-left-radius:0px;border-top-right-radius:0px;border-bottom-right-radius:0px;border-bottom-left-radius:0px;}.kadence-column47488_c8e7a6-06 > .kt-inside-inner-col{column-gap:var(--global-kb-gap-sm, 1rem);}.kadence-column47488_c8e7a6-06 > .kt-inside-inner-col{flex-direction:column;}.kadence-column47488_c8e7a6-06 > .kt-inside-inner-col > .aligncenter{width:100%;}.kadence-column47488_c8e7a6-06 > .kt-inside-inner-col:before{opacity:0.3;}.kadence-column47488_c8e7a6-06{position:relative;}@media all and (max-width: 1024px){.kadence-column47488_c8e7a6-06 > .kt-inside-inner-col{flex-direction:column;justify-content:center;}}@media all and (max-width: 767px){.kadence-column47488_c8e7a6-06 > .kt-inside-inner-col{flex-direction:column;justify-content:center;}}<\/style>\n<div class=\"wp-block-kadence-column kadence-column47488_c8e7a6-06\"><div class=\"kt-inside-inner-col\">\n<div class=\"wp-block-group\"><div class=\"wp-block-group__inner-container is-layout-constrained wp-block-group-is-layout-constrained\">\n<figure class=\"wp-block-image size-full\"><img loading=\"lazy\" decoding=\"async\" width=\"1114\" height=\"786\" src=\"https:\/\/niemikoti.fi\/wp-content\/uploads\/2023\/05\/Screenshot-2023-05-28-at-8.54.42.png\" alt=\"Kuvituspiirros\" class=\"wp-image-24196\"\/><\/figure>\n\n\n<style>.kadence-column47488_ad20e0-ba > .kt-inside-inner-col{padding-top:60px;padding-right:60px;padding-bottom:60px;padding-left:60px;}.kadence-column47488_ad20e0-ba > .kt-inside-inner-col,.kadence-column47488_ad20e0-ba > .kt-inside-inner-col:before{border-top-left-radius:60px;border-top-right-radius:0px;border-bottom-right-radius:60px;border-bottom-left-radius:0px;}.kadence-column47488_ad20e0-ba > .kt-inside-inner-col{column-gap:var(--global-kb-gap-sm, 1rem);}.kadence-column47488_ad20e0-ba > .kt-inside-inner-col{flex-direction:column;}.kadence-column47488_ad20e0-ba > .kt-inside-inner-col > .aligncenter{width:100%;}.kadence-column47488_ad20e0-ba > .kt-inside-inner-col{background-color:rgba(113, 128, 150, 0.2);}.kadence-column47488_ad20e0-ba > .kt-inside-inner-col:before{opacity:0.3;}.kadence-column47488_ad20e0-ba{position:relative;}@media all and (max-width: 1024px){.kadence-column47488_ad20e0-ba > .kt-inside-inner-col{flex-direction:column;justify-content:center;}}@media all and (max-width: 767px){.kadence-column47488_ad20e0-ba > .kt-inside-inner-col{flex-direction:column;justify-content:center;}}<\/style>\n<div class=\"wp-block-kadence-column kadence-column47488_ad20e0-ba inner-column-1\"><div class=\"kt-inside-inner-col\"><style>.wp-block-kadence-advancedheading.kt-adv-heading47488_59dd04-7d, .wp-block-kadence-advancedheading.kt-adv-heading47488_59dd04-7d[data-kb-block=\"kb-adv-heading47488_59dd04-7d\"]{font-size:var(--global-kb-font-size-md, 1.25rem);font-style:normal;}.wp-block-kadence-advancedheading.kt-adv-heading47488_59dd04-7d mark.kt-highlight, .wp-block-kadence-advancedheading.kt-adv-heading47488_59dd04-7d[data-kb-block=\"kb-adv-heading47488_59dd04-7d\"] mark.kt-highlight{font-style:normal;color:#f76a0c;-webkit-box-decoration-break:clone;box-decoration-break:clone;padding-top:0px;padding-right:0px;padding-bottom:0px;padding-left:0px;}.wp-block-kadence-advancedheading.kt-adv-heading47488_59dd04-7d img.kb-inline-image, .wp-block-kadence-advancedheading.kt-adv-heading47488_59dd04-7d[data-kb-block=\"kb-adv-heading47488_59dd04-7d\"] img.kb-inline-image{width:150px;vertical-align:baseline;}<\/style>\n<h2 class=\"kt-adv-heading47488_59dd04-7d wp-block-kadence-advancedheading\" data-kb-block=\"kb-adv-heading47488_59dd04-7d\">Du \u00e4r inte ensam!<\/h2>\n\n\n\n<p>Om du \u00e4r en n\u00e4rst\u00e5ende eller anh\u00f6rig till en tj\u00e4nsteanv\u00e4ndare hos Niemikotis\u00e4\u00e4ti\u00f6 och n\u00e5got bekymrar dig, ta kontakt med v\u00e5rt team f\u00f6r n\u00e4rst\u00e5ende- och anh\u00f6rigarbete:<\/p>\n\n\n\n<ul class=\"wp-block-list\">\n<li>Ulla Tiainen, <a href=\"mailto:ulla.tiainen@niemikoti.fi\">ulla.tiainen@niemikoti.fi<\/a><\/li>\n\n\n\n<li>Satu Toivonen, <a href=\"mailto:satu.toivonen@niemikoti.fi\">satu.toivonen@niemikoti.fi<\/a><\/li>\n\n\n\n<li>Riikka Riipinen, <a href=\"mailto:riikka.riipinen@niemikoti.fi\">riikka.riipinen@niemikoti.fi<\/a><\/li>\n<\/ul>\n<\/div><\/div>\n<\/div><\/div>\n<\/div><\/div>\n\n<\/div><\/div>\n\n<a href=\"https:\/\/niemikoti.fi\/wp-content\/uploads\/2025\/10\/toipumisorientaatio2025se.web_.pdf\" class=\"pdfemb-viewer\" style=\"\" data-width=\"max\" data-height=\"max\" data-mobile-width=\"0\"  data-scrollbar=\"none\" data-download=\"on\" data-tracking=\"on\" data-newwindow=\"on\" data-pagetextbox=\"off\" data-scrolltotop=\"off\" data-startzoom=\"100\" data-startfpzoom=\"100\" data-toolbar=\"bottom\" data-toolbar-fixed=\"on\">toipumisorientaatio2025se.web_<br\/><\/a>\n<p class=\"wp-block-pdfemb-pdf-embedder-viewer\"><\/p>\n<div style=\"margin: 20px 0;\"><div class=\"qrcswholewtapper\" style=\"text-align:left;\"><div class=\"qrcprowrapper\"  id=\"qrcwraa2leds\"><div class=\"qrc_canvass\" id=\"qrc_cuttenpages_2\" style=\"display:none\" data-text=\"https:\/\/niemikoti.fi\/sv\/for-narstaende\/vad-innebar-narstaendearbete-inom-stiftelsen-uddhemmet\/\"><\/div><div><a download=\"Vad inneb\u00e4r n\u00e4rst\u00e5endearbete inom Stiftelsen Uddhemmet?.png\" class=\"qrcdownloads\" id=\"worign\">\r\n           <button type=\"button\" style=\"min-width:200px;background:#c8fd8c;color:#000;font-weight: 600;border: 1px solid #dddddd;border-radius:4px;font-size:12px;padding: 6px 0;\" class=\"uqr_code_btn\">Lataa QR-koodi<\/button>\r\n           <\/a><\/div><\/div><\/div><\/div>","protected":false},"excerpt":{"rendered":"<p>I Stiftelsen Uddhemmets dagverksamhetsenheter ordnas \u00e5rligen olika evenemang dit \u00e4ven tj\u00e4nsteanv\u00e4ndarnas n\u00e4rst\u00e5ende \u00e4r v\u00e4lkomna. \u00c4ven Stiftelsen Uddhemmets verksamhet och utbildning f\u00f6r erfarenhetsexperter \u00e4r \u00f6ppen f\u00f6r anh\u00f6riga. En g\u00e5ng om \u00e5ret ordnas ett evenemang riktat till alla tj\u00e4nsteanv\u00e4ndares anh\u00f6riga och n\u00e4rst\u00e5ende, d\u00e4r man f\u00e5r information om stiftelsens verksamhet, st\u00f6d f\u00f6r anh\u00f6riga och n\u00e4rst\u00e5ende samt m\u00f6jlighet att&#8230;<\/p>\n","protected":false},"author":2,"featured_media":0,"parent":47476,"menu_order":0,"comment_status":"closed","ping_status":"closed","template":"","meta":{"_kad_blocks_custom_css":"","_kad_blocks_head_custom_js":"","_kad_blocks_body_custom_js":"","_kad_blocks_footer_custom_js":"","_kad_post_transparent":"","_kad_post_title":"","_kad_post_layout":"","_kad_post_sidebar_id":"","_kad_post_content_style":"","_kad_post_vertical_padding":"","_kad_post_feature":"","_kad_post_feature_position":"","_kad_post_header":false,"_kad_post_footer":false,"_kad_post_classname":"","cybocfi_hide_featured_image":"","footnotes":"","_links_to":"","_links_to_target":""},"sisaltoluokka":[],"class_list":["post-47488","page","type-page","status-publish","hentry"],"yoast_head":"<!-- This site is optimized with the Yoast SEO plugin v27.3 - https:\/\/yoast.com\/product\/yoast-seo-wordpress\/ -->\n<title>Vad inneb\u00e4r n\u00e4rst\u00e5endearbete inom Stiftelsen Uddhemmet? - Niemikotis\u00e4\u00e4ti\u00f6<\/title>\n<meta name=\"robots\" content=\"index, follow, max-snippet:-1, max-image-preview:large, max-video-preview:-1\" \/>\n<link rel=\"canonical\" href=\"https:\/\/niemikoti.fi\/sv\/for-narstaende\/vad-innebar-narstaendearbete-inom-stiftelsen-uddhemmet\/\" \/>\n<meta property=\"og:locale\" content=\"sv_SE\" \/>\n<meta property=\"og:type\" content=\"article\" \/>\n<meta property=\"og:title\" content=\"Vad inneb\u00e4r n\u00e4rst\u00e5endearbete inom Stiftelsen Uddhemmet? - Niemikotis\u00e4\u00e4ti\u00f6\" \/>\n<meta property=\"og:description\" content=\"I Stiftelsen Uddhemmets dagverksamhetsenheter ordnas \u00e5rligen olika evenemang dit \u00e4ven tj\u00e4nsteanv\u00e4ndarnas n\u00e4rst\u00e5ende \u00e4r v\u00e4lkomna. \u00c4ven Stiftelsen Uddhemmets verksamhet och utbildning f\u00f6r erfarenhetsexperter \u00e4r \u00f6ppen f\u00f6r anh\u00f6riga. En g\u00e5ng om \u00e5ret ordnas ett evenemang riktat till alla tj\u00e4nsteanv\u00e4ndares anh\u00f6riga och n\u00e4rst\u00e5ende, d\u00e4r man f\u00e5r information om stiftelsens verksamhet, st\u00f6d f\u00f6r anh\u00f6riga och n\u00e4rst\u00e5ende samt m\u00f6jlighet att...\" \/>\n<meta property=\"og:url\" content=\"https:\/\/niemikoti.fi\/sv\/for-narstaende\/vad-innebar-narstaendearbete-inom-stiftelsen-uddhemmet\/\" \/>\n<meta property=\"og:site_name\" content=\"Niemikotis\u00e4\u00e4ti\u00f6\" \/>\n<meta property=\"article:publisher\" content=\"https:\/\/www.facebook.com\/niemikoti\" \/>\n<meta property=\"article:modified_time\" content=\"2025-10-14T07:33:14+00:00\" \/>\n<meta property=\"og:image\" content=\"https:\/\/niemikoti.fi\/wp-content\/uploads\/2023\/05\/Screenshot-2023-05-28-at-8.54.42.png\" \/>\n\t<meta property=\"og:image:width\" content=\"1114\" \/>\n\t<meta property=\"og:image:height\" content=\"786\" \/>\n\t<meta property=\"og:image:type\" content=\"image\/png\" \/>\n<meta name=\"twitter:card\" content=\"summary_large_image\" \/>\n<meta name=\"twitter:label1\" content=\"Ber\u00e4knad l\u00e4stid\" \/>\n\t<meta name=\"twitter:data1\" content=\"2 minut\" \/>\n<script type=\"application\/ld+json\" class=\"yoast-schema-graph\">{\"@context\":\"https:\\\/\\\/schema.org\",\"@graph\":[{\"@type\":\"WebPage\",\"@id\":\"https:\\\/\\\/niemikoti.fi\\\/sv\\\/for-narstaende\\\/vad-innebar-narstaendearbete-inom-stiftelsen-uddhemmet\\\/\",\"url\":\"https:\\\/\\\/niemikoti.fi\\\/sv\\\/for-narstaende\\\/vad-innebar-narstaendearbete-inom-stiftelsen-uddhemmet\\\/\",\"name\":\"Vad inneb\u00e4r n\u00e4rst\u00e5endearbete inom Stiftelsen Uddhemmet? - Niemikotis\u00e4\u00e4ti\u00f6\",\"isPartOf\":{\"@id\":\"https:\\\/\\\/niemikoti.fi\\\/#website\"},\"primaryImageOfPage\":{\"@id\":\"https:\\\/\\\/niemikoti.fi\\\/sv\\\/for-narstaende\\\/vad-innebar-narstaendearbete-inom-stiftelsen-uddhemmet\\\/#primaryimage\"},\"image\":{\"@id\":\"https:\\\/\\\/niemikoti.fi\\\/sv\\\/for-narstaende\\\/vad-innebar-narstaendearbete-inom-stiftelsen-uddhemmet\\\/#primaryimage\"},\"thumbnailUrl\":\"https:\\\/\\\/niemikoti.fi\\\/wp-content\\\/uploads\\\/2023\\\/05\\\/Screenshot-2023-05-28-at-8.54.42.png\",\"datePublished\":\"2023-02-02T02:30:55+00:00\",\"dateModified\":\"2025-10-14T07:33:14+00:00\",\"breadcrumb\":{\"@id\":\"https:\\\/\\\/niemikoti.fi\\\/sv\\\/for-narstaende\\\/vad-innebar-narstaendearbete-inom-stiftelsen-uddhemmet\\\/#breadcrumb\"},\"inLanguage\":\"sv-SE\",\"potentialAction\":[{\"@type\":\"ReadAction\",\"target\":[\"https:\\\/\\\/niemikoti.fi\\\/sv\\\/for-narstaende\\\/vad-innebar-narstaendearbete-inom-stiftelsen-uddhemmet\\\/\"]}]},{\"@type\":\"ImageObject\",\"inLanguage\":\"sv-SE\",\"@id\":\"https:\\\/\\\/niemikoti.fi\\\/sv\\\/for-narstaende\\\/vad-innebar-narstaendearbete-inom-stiftelsen-uddhemmet\\\/#primaryimage\",\"url\":\"https:\\\/\\\/niemikoti.fi\\\/wp-content\\\/uploads\\\/2023\\\/05\\\/Screenshot-2023-05-28-at-8.54.42.png\",\"contentUrl\":\"https:\\\/\\\/niemikoti.fi\\\/wp-content\\\/uploads\\\/2023\\\/05\\\/Screenshot-2023-05-28-at-8.54.42.png\"},{\"@type\":\"BreadcrumbList\",\"@id\":\"https:\\\/\\\/niemikoti.fi\\\/sv\\\/for-narstaende\\\/vad-innebar-narstaendearbete-inom-stiftelsen-uddhemmet\\\/#breadcrumb\",\"itemListElement\":[{\"@type\":\"ListItem\",\"position\":1,\"name\":\"Home\",\"item\":\"https:\\\/\\\/niemikoti.fi\\\/sv\\\/\"},{\"@type\":\"ListItem\",\"position\":2,\"name\":\"F\u00f6r n\u00e4rst\u00e5ende\",\"item\":\"https:\\\/\\\/niemikoti.fi\\\/sv\\\/for-narstaende\\\/\"},{\"@type\":\"ListItem\",\"position\":3,\"name\":\"Vad inneb\u00e4r n\u00e4rst\u00e5endearbete inom Stiftelsen Uddhemmet?\"}]},{\"@type\":\"WebSite\",\"@id\":\"https:\\\/\\\/niemikoti.fi\\\/#website\",\"url\":\"https:\\\/\\\/niemikoti.fi\\\/\",\"name\":\"Niemikotis\u00e4\u00e4ti\u00f6\",\"description\":\"Yhdess\u00e4 jo 40 vuotta\",\"publisher\":{\"@id\":\"https:\\\/\\\/niemikoti.fi\\\/#organization\"},\"potentialAction\":[{\"@type\":\"SearchAction\",\"target\":{\"@type\":\"EntryPoint\",\"urlTemplate\":\"https:\\\/\\\/niemikoti.fi\\\/?s={search_term_string}\"},\"query-input\":{\"@type\":\"PropertyValueSpecification\",\"valueRequired\":true,\"valueName\":\"search_term_string\"}}],\"inLanguage\":\"sv-SE\"},{\"@type\":\"Organization\",\"@id\":\"https:\\\/\\\/niemikoti.fi\\\/#organization\",\"name\":\"Niemikotis\u00e4\u00e4ti\u00f6\",\"url\":\"https:\\\/\\\/niemikoti.fi\\\/\",\"logo\":{\"@type\":\"ImageObject\",\"inLanguage\":\"sv-SE\",\"@id\":\"https:\\\/\\\/niemikoti.fi\\\/#\\\/schema\\\/logo\\\/image\\\/\",\"url\":\"https:\\\/\\\/niemikoti.fi\\\/wp-content\\\/uploads\\\/2023\\\/02\\\/niemikotilogo40v_vaaka.png\",\"contentUrl\":\"https:\\\/\\\/niemikoti.fi\\\/wp-content\\\/uploads\\\/2023\\\/02\\\/niemikotilogo40v_vaaka.png\",\"width\":1147,\"height\":418,\"caption\":\"Niemikotis\u00e4\u00e4ti\u00f6\"},\"image\":{\"@id\":\"https:\\\/\\\/niemikoti.fi\\\/#\\\/schema\\\/logo\\\/image\\\/\"},\"sameAs\":[\"https:\\\/\\\/www.facebook.com\\\/niemikoti\",\"https:\\\/\\\/www.instagram.com\\\/niemikoti\\\/\",\"https:\\\/\\\/www.youtube.com\\\/channel\\\/UCfo6l7q45CD_derGzEH8XGA\"]}]}<\/script>\n<!-- \/ Yoast SEO plugin. -->","yoast_head_json":{"title":"Vad inneb\u00e4r n\u00e4rst\u00e5endearbete inom Stiftelsen Uddhemmet? - Niemikotis\u00e4\u00e4ti\u00f6","robots":{"index":"index","follow":"follow","max-snippet":"max-snippet:-1","max-image-preview":"max-image-preview:large","max-video-preview":"max-video-preview:-1"},"canonical":"https:\/\/niemikoti.fi\/sv\/for-narstaende\/vad-innebar-narstaendearbete-inom-stiftelsen-uddhemmet\/","og_locale":"sv_SE","og_type":"article","og_title":"Vad inneb\u00e4r n\u00e4rst\u00e5endearbete inom Stiftelsen Uddhemmet? - Niemikotis\u00e4\u00e4ti\u00f6","og_description":"I Stiftelsen Uddhemmets dagverksamhetsenheter ordnas \u00e5rligen olika evenemang dit \u00e4ven tj\u00e4nsteanv\u00e4ndarnas n\u00e4rst\u00e5ende \u00e4r v\u00e4lkomna. \u00c4ven Stiftelsen Uddhemmets verksamhet och utbildning f\u00f6r erfarenhetsexperter \u00e4r \u00f6ppen f\u00f6r anh\u00f6riga. En g\u00e5ng om \u00e5ret ordnas ett evenemang riktat till alla tj\u00e4nsteanv\u00e4ndares anh\u00f6riga och n\u00e4rst\u00e5ende, d\u00e4r man f\u00e5r information om stiftelsens verksamhet, st\u00f6d f\u00f6r anh\u00f6riga och n\u00e4rst\u00e5ende samt m\u00f6jlighet att...","og_url":"https:\/\/niemikoti.fi\/sv\/for-narstaende\/vad-innebar-narstaendearbete-inom-stiftelsen-uddhemmet\/","og_site_name":"Niemikotis\u00e4\u00e4ti\u00f6","article_publisher":"https:\/\/www.facebook.com\/niemikoti","article_modified_time":"2025-10-14T07:33:14+00:00","og_image":[{"width":1114,"height":786,"url":"https:\/\/niemikoti.fi\/wp-content\/uploads\/2023\/05\/Screenshot-2023-05-28-at-8.54.42.png","type":"image\/png"}],"twitter_card":"summary_large_image","twitter_misc":{"Ber\u00e4knad l\u00e4stid":"2 minut"},"schema":{"@context":"https:\/\/schema.org","@graph":[{"@type":"WebPage","@id":"https:\/\/niemikoti.fi\/sv\/for-narstaende\/vad-innebar-narstaendearbete-inom-stiftelsen-uddhemmet\/","url":"https:\/\/niemikoti.fi\/sv\/for-narstaende\/vad-innebar-narstaendearbete-inom-stiftelsen-uddhemmet\/","name":"Vad inneb\u00e4r n\u00e4rst\u00e5endearbete inom Stiftelsen Uddhemmet? - Niemikotis\u00e4\u00e4ti\u00f6","isPartOf":{"@id":"https:\/\/niemikoti.fi\/#website"},"primaryImageOfPage":{"@id":"https:\/\/niemikoti.fi\/sv\/for-narstaende\/vad-innebar-narstaendearbete-inom-stiftelsen-uddhemmet\/#primaryimage"},"image":{"@id":"https:\/\/niemikoti.fi\/sv\/for-narstaende\/vad-innebar-narstaendearbete-inom-stiftelsen-uddhemmet\/#primaryimage"},"thumbnailUrl":"https:\/\/niemikoti.fi\/wp-content\/uploads\/2023\/05\/Screenshot-2023-05-28-at-8.54.42.png","datePublished":"2023-02-02T02:30:55+00:00","dateModified":"2025-10-14T07:33:14+00:00","breadcrumb":{"@id":"https:\/\/niemikoti.fi\/sv\/for-narstaende\/vad-innebar-narstaendearbete-inom-stiftelsen-uddhemmet\/#breadcrumb"},"inLanguage":"sv-SE","potentialAction":[{"@type":"ReadAction","target":["https:\/\/niemikoti.fi\/sv\/for-narstaende\/vad-innebar-narstaendearbete-inom-stiftelsen-uddhemmet\/"]}]},{"@type":"ImageObject","inLanguage":"sv-SE","@id":"https:\/\/niemikoti.fi\/sv\/for-narstaende\/vad-innebar-narstaendearbete-inom-stiftelsen-uddhemmet\/#primaryimage","url":"https:\/\/niemikoti.fi\/wp-content\/uploads\/2023\/05\/Screenshot-2023-05-28-at-8.54.42.png","contentUrl":"https:\/\/niemikoti.fi\/wp-content\/uploads\/2023\/05\/Screenshot-2023-05-28-at-8.54.42.png"},{"@type":"BreadcrumbList","@id":"https:\/\/niemikoti.fi\/sv\/for-narstaende\/vad-innebar-narstaendearbete-inom-stiftelsen-uddhemmet\/#breadcrumb","itemListElement":[{"@type":"ListItem","position":1,"name":"Home","item":"https:\/\/niemikoti.fi\/sv\/"},{"@type":"ListItem","position":2,"name":"F\u00f6r n\u00e4rst\u00e5ende","item":"https:\/\/niemikoti.fi\/sv\/for-narstaende\/"},{"@type":"ListItem","position":3,"name":"Vad inneb\u00e4r n\u00e4rst\u00e5endearbete inom Stiftelsen Uddhemmet?"}]},{"@type":"WebSite","@id":"https:\/\/niemikoti.fi\/#website","url":"https:\/\/niemikoti.fi\/","name":"Niemikotis\u00e4\u00e4ti\u00f6","description":"Yhdess\u00e4 jo 40 vuotta","publisher":{"@id":"https:\/\/niemikoti.fi\/#organization"},"potentialAction":[{"@type":"SearchAction","target":{"@type":"EntryPoint","urlTemplate":"https:\/\/niemikoti.fi\/?s={search_term_string}"},"query-input":{"@type":"PropertyValueSpecification","valueRequired":true,"valueName":"search_term_string"}}],"inLanguage":"sv-SE"},{"@type":"Organization","@id":"https:\/\/niemikoti.fi\/#organization","name":"Niemikotis\u00e4\u00e4ti\u00f6","url":"https:\/\/niemikoti.fi\/","logo":{"@type":"ImageObject","inLanguage":"sv-SE","@id":"https:\/\/niemikoti.fi\/#\/schema\/logo\/image\/","url":"https:\/\/niemikoti.fi\/wp-content\/uploads\/2023\/02\/niemikotilogo40v_vaaka.png","contentUrl":"https:\/\/niemikoti.fi\/wp-content\/uploads\/2023\/02\/niemikotilogo40v_vaaka.png","width":1147,"height":418,"caption":"Niemikotis\u00e4\u00e4ti\u00f6"},"image":{"@id":"https:\/\/niemikoti.fi\/#\/schema\/logo\/image\/"},"sameAs":["https:\/\/www.facebook.com\/niemikoti","https:\/\/www.instagram.com\/niemikoti\/","https:\/\/www.youtube.com\/channel\/UCfo6l7q45CD_derGzEH8XGA"]}]}},"taxonomy_info":[],"featured_image_src_large":false,"author_info":{"display_name":"Niemikotis\u00e4\u00e4ti\u00f6n viestint\u00e4","author_link":"https:\/\/niemikoti.fi\/sv\/author\/katjalampela\/"},"comment_info":0,"_links":{"self":[{"href":"https:\/\/niemikoti.fi\/sv\/wp-json\/wp\/v2\/pages\/47488","targetHints":{"allow":["GET"]}}],"collection":[{"href":"https:\/\/niemikoti.fi\/sv\/wp-json\/wp\/v2\/pages"}],"about":[{"href":"https:\/\/niemikoti.fi\/sv\/wp-json\/wp\/v2\/types\/page"}],"author":[{"embeddable":true,"href":"https:\/\/niemikoti.fi\/sv\/wp-json\/wp\/v2\/users\/2"}],"replies":[{"embeddable":true,"href":"https:\/\/niemikoti.fi\/sv\/wp-json\/wp\/v2\/comments?post=47488"}],"version-history":[{"count":3,"href":"https:\/\/niemikoti.fi\/sv\/wp-json\/wp\/v2\/pages\/47488\/revisions"}],"predecessor-version":[{"id":47503,"href":"https:\/\/niemikoti.fi\/sv\/wp-json\/wp\/v2\/pages\/47488\/revisions\/47503"}],"up":[{"embeddable":true,"href":"https:\/\/niemikoti.fi\/sv\/wp-json\/wp\/v2\/pages\/47476"}],"wp:attachment":[{"href":"https:\/\/niemikoti.fi\/sv\/wp-json\/wp\/v2\/media?parent=47488"}],"wp:term":[{"taxonomy":"sisaltoluokka","embeddable":true,"href":"https:\/\/niemikoti.fi\/sv\/wp-json\/wp\/v2\/sisaltoluokka?post=47488"}],"curies":[{"name":"wp","href":"https:\/\/api.w.org\/{rel}","templated":true}]}}