{"id":47213,"date":"2018-05-31T11:09:09","date_gmt":"2018-05-31T08:09:09","guid":{"rendered":"https:\/\/niemikoti.fi\/?page_id=47213"},"modified":"2025-10-07T09:58:53","modified_gmt":"2025-10-07T06:58:53","slug":"dataskydd-i-stiftelsen-uddhemmets-tjanster","status":"publish","type":"page","link":"https:\/\/niemikoti.fi\/sv\/dataskydd-i-stiftelsen-uddhemmets-tjanster\/","title":{"rendered":"Dataskydd i Stiftelsen Uddhemmets tj\u00e4nster"},"content":{"rendered":"\n<p><strong>Dataskyddsbeskrivningar<\/strong><br>(finns f\u00f6r n\u00e4rvarande endast p\u00e5 finska)<\/p>\n\n\n\n<ul class=\"wp-block-list\">\n<li><a href=\"https:\/\/niemikoti.fi\/wp-content\/uploads\/2023\/08\/Asiakastietojarjestelma.pdf\" target=\"_blank\" rel=\"noreferrer noopener\">Asiakastietoj\u00e4rjestelm\u00e4<\/a><\/li>\n\n\n\n<li><a href=\"https:\/\/niemikoti.fi\/wp-content\/uploads\/2023\/08\/Kameravalvonta.pdf\" target=\"_blank\" rel=\"noreferrer noopener\">Kameravalvonta<\/a><\/li>\n\n\n\n<li><a href=\"https:\/\/niemikoti.fi\/wp-content\/uploads\/2023\/08\/Kiinteistotieto-ja-vuokranhallinta.pdf\" target=\"_blank\" rel=\"noreferrer noopener\">Kiinteist\u00f6tieto- ja vuokranhallintaj\u00e4rjestelm\u00e4<\/a> <\/li>\n\n\n\n<li><a href=\"https:\/\/niemikoti.fi\/wp-content\/uploads\/2023\/08\/Rekrytointi.pdf\" target=\"_blank\" rel=\"noreferrer noopener\">Rekrytointi<\/a> <\/li>\n\n\n\n<li><a href=\"https:\/\/niemikoti.fi\/wp-content\/uploads\/2023\/08\/Verkkokaupan-henkilorekisteri.pdf\" target=\"_blank\" rel=\"noreferrer noopener\">Verkkokaupan henkil\u00f6rekisteri<\/a><\/li>\n\n\n\n<li><a href=\"https:\/\/niemikoti.fi\/tietosuoja\/niilo-sovelluksen-tietosuojaseloste\/\">Niilo-sovellus<\/a><\/li>\n\n\n\n<li><a href=\"https:\/\/niemikoti.fi\/tietosuoja\/uutiskirjeen-rekisteriseloste\/\">Uutiskirje<\/a><\/li>\n<\/ul>\n\n\n\n<p><strong>Beg\u00e4ran om insyn i registeruppgifter och r\u00e4ttelse<\/strong><br>(finns f\u00f6r n\u00e4rvarande endast p\u00e5 finska)<\/p>\n\n\n\n<p>Beg\u00e4ran om insyn och r\u00e4ttelse ska l\u00e4mnas skriftligen, undertecknad, till den kontaktperson som ansvarar f\u00f6r registret.<\/p>\n\n\n\n<ul class=\"wp-block-list\">\n<li><a href=\"https:\/\/niemikoti.fi\/wp-content\/uploads\/2020\/06\/Rekisteritietojen_tarkastuspyynto.pdf\" target=\"_blank\" rel=\"noopener noreferrer\">Rekisteritietojen tarkistuspyynt\u00f6 <\/a><\/li>\n\n\n\n<li><a href=\"https:\/\/niemikoti.fi\/wp-content\/uploads\/2020\/06\/Rekisteritietojen_korjaamisvaatimus.pdf\" target=\"_blank\" rel=\"noopener noreferrer\">Rekisteritietojen korjaamisvaatimus <\/a><\/li>\n<\/ul>\n\n\n\n<p><strong>Webbplatsens kakor<\/strong><\/p>\n\n\n\n<p>Webbplatsen anv\u00e4nder kakor f\u00f6r att s\u00e4kerst\u00e4lla att tj\u00e4nsten fungerar, \u00e4r s\u00e4ker, effektiv och anv\u00e4ndarv\u00e4nlig. Kakor anv\u00e4nds till exempel f\u00f6r inloggning och spr\u00e5kval.<\/p>\n\n\n\n<p>En kaka \u00e4r en liten textfil som skickas till och sparas p\u00e5 anv\u00e4ndarens dator. Kakor skadar inte anv\u00e4ndarens dator eller filer. Det \u00e4r m\u00f6jligt att inaktivera kakor via webbl\u00e4sarens inst\u00e4llningar.<\/p>\n<div style=\"margin: 20px 0;\"><div class=\"qrcswholewtapper\" style=\"text-align:left;\"><div class=\"qrcprowrapper\"  id=\"qrcwraa2leds\"><div class=\"qrc_canvass\" id=\"qrc_cuttenpages_2\" style=\"display:none\" data-text=\"https:\/\/niemikoti.fi\/sv\/dataskydd-i-stiftelsen-uddhemmets-tjanster\/\"><\/div><div><a download=\"Dataskydd i Stiftelsen Uddhemmets tj\u00e4nster.png\" class=\"qrcdownloads\" id=\"worign\">\r\n           <button type=\"button\" style=\"min-width:200px;background:#c8fd8c;color:#000;font-weight: 600;border: 1px solid #dddddd;border-radius:4px;font-size:12px;padding: 6px 0;\" class=\"uqr_code_btn\">Lataa QR-koodi<\/button>\r\n           <\/a><\/div><\/div><\/div><\/div>","protected":false},"excerpt":{"rendered":"<p>Dataskyddsbeskrivningar(finns f\u00f6r n\u00e4rvarande endast p\u00e5 finska) Beg\u00e4ran om insyn i registeruppgifter och r\u00e4ttelse(finns f\u00f6r n\u00e4rvarande endast p\u00e5 finska) Beg\u00e4ran om insyn och r\u00e4ttelse ska l\u00e4mnas skriftligen, undertecknad, till den kontaktperson som ansvarar f\u00f6r registret. Webbplatsens kakor Webbplatsen anv\u00e4nder kakor f\u00f6r att s\u00e4kerst\u00e4lla att tj\u00e4nsten fungerar, \u00e4r s\u00e4ker, effektiv och anv\u00e4ndarv\u00e4nlig. Kakor anv\u00e4nds till exempel f\u00f6r&#8230;<\/p>\n","protected":false},"author":2,"featured_media":0,"parent":0,"menu_order":29,"comment_status":"closed","ping_status":"closed","template":"","meta":{"_kad_blocks_custom_css":"","_kad_blocks_head_custom_js":"","_kad_blocks_body_custom_js":"","_kad_blocks_footer_custom_js":"","_kad_post_transparent":"","_kad_post_title":"","_kad_post_layout":"","_kad_post_sidebar_id":"","_kad_post_content_style":"","_kad_post_vertical_padding":"","_kad_post_feature":"","_kad_post_feature_position":"","_kad_post_header":false,"_kad_post_footer":false,"_kad_post_classname":"","cybocfi_hide_featured_image":"","footnotes":"","_links_to":"","_links_to_target":""},"sisaltoluokka":[],"class_list":["post-47213","page","type-page","status-publish","hentry"],"yoast_head":"<!-- This site is optimized with the Yoast SEO plugin v27.3 - https:\/\/yoast.com\/product\/yoast-seo-wordpress\/ -->\n<title>Dataskydd i Stiftelsen Uddhemmets tj\u00e4nster - Niemikotis\u00e4\u00e4ti\u00f6<\/title>\n<meta name=\"robots\" content=\"index, follow, max-snippet:-1, max-image-preview:large, max-video-preview:-1\" \/>\n<link rel=\"canonical\" href=\"https:\/\/niemikoti.fi\/sv\/dataskydd-i-stiftelsen-uddhemmets-tjanster\/\" \/>\n<meta property=\"og:locale\" content=\"sv_SE\" \/>\n<meta property=\"og:type\" content=\"article\" \/>\n<meta property=\"og:title\" content=\"Dataskydd i Stiftelsen Uddhemmets tj\u00e4nster - Niemikotis\u00e4\u00e4ti\u00f6\" \/>\n<meta property=\"og:description\" content=\"Dataskyddsbeskrivningar(finns f\u00f6r n\u00e4rvarande endast p\u00e5 finska) Beg\u00e4ran om insyn i registeruppgifter och r\u00e4ttelse(finns f\u00f6r n\u00e4rvarande endast p\u00e5 finska) Beg\u00e4ran om insyn och r\u00e4ttelse ska l\u00e4mnas skriftligen, undertecknad, till den kontaktperson som ansvarar f\u00f6r registret. Webbplatsens kakor Webbplatsen anv\u00e4nder kakor f\u00f6r att s\u00e4kerst\u00e4lla att tj\u00e4nsten fungerar, \u00e4r s\u00e4ker, effektiv och anv\u00e4ndarv\u00e4nlig. Kakor anv\u00e4nds till exempel f\u00f6r...\" \/>\n<meta property=\"og:url\" content=\"https:\/\/niemikoti.fi\/sv\/dataskydd-i-stiftelsen-uddhemmets-tjanster\/\" \/>\n<meta property=\"og:site_name\" content=\"Niemikotis\u00e4\u00e4ti\u00f6\" \/>\n<meta property=\"article:publisher\" content=\"https:\/\/www.facebook.com\/niemikoti\" \/>\n<meta property=\"article:modified_time\" content=\"2025-10-07T06:58:53+00:00\" \/>\n<meta name=\"twitter:card\" content=\"summary_large_image\" \/>\n<meta name=\"twitter:label1\" content=\"Ber\u00e4knad l\u00e4stid\" \/>\n\t<meta name=\"twitter:data1\" content=\"1 minut\" \/>\n<script type=\"application\/ld+json\" class=\"yoast-schema-graph\">{\"@context\":\"https:\\\/\\\/schema.org\",\"@graph\":[{\"@type\":\"WebPage\",\"@id\":\"https:\\\/\\\/niemikoti.fi\\\/sv\\\/dataskydd-i-stiftelsen-uddhemmets-tjanster\\\/\",\"url\":\"https:\\\/\\\/niemikoti.fi\\\/sv\\\/dataskydd-i-stiftelsen-uddhemmets-tjanster\\\/\",\"name\":\"Dataskydd i Stiftelsen Uddhemmets tj\u00e4nster - Niemikotis\u00e4\u00e4ti\u00f6\",\"isPartOf\":{\"@id\":\"https:\\\/\\\/niemikoti.fi\\\/#website\"},\"datePublished\":\"2018-05-31T08:09:09+00:00\",\"dateModified\":\"2025-10-07T06:58:53+00:00\",\"breadcrumb\":{\"@id\":\"https:\\\/\\\/niemikoti.fi\\\/sv\\\/dataskydd-i-stiftelsen-uddhemmets-tjanster\\\/#breadcrumb\"},\"inLanguage\":\"sv-SE\",\"potentialAction\":[{\"@type\":\"ReadAction\",\"target\":[\"https:\\\/\\\/niemikoti.fi\\\/sv\\\/dataskydd-i-stiftelsen-uddhemmets-tjanster\\\/\"]}]},{\"@type\":\"BreadcrumbList\",\"@id\":\"https:\\\/\\\/niemikoti.fi\\\/sv\\\/dataskydd-i-stiftelsen-uddhemmets-tjanster\\\/#breadcrumb\",\"itemListElement\":[{\"@type\":\"ListItem\",\"position\":1,\"name\":\"Home\",\"item\":\"https:\\\/\\\/niemikoti.fi\\\/sv\\\/\"},{\"@type\":\"ListItem\",\"position\":2,\"name\":\"Dataskydd i Stiftelsen Uddhemmets tj\u00e4nster\"}]},{\"@type\":\"WebSite\",\"@id\":\"https:\\\/\\\/niemikoti.fi\\\/#website\",\"url\":\"https:\\\/\\\/niemikoti.fi\\\/\",\"name\":\"Niemikotis\u00e4\u00e4ti\u00f6\",\"description\":\"Yhdess\u00e4 jo 40 vuotta\",\"publisher\":{\"@id\":\"https:\\\/\\\/niemikoti.fi\\\/#organization\"},\"potentialAction\":[{\"@type\":\"SearchAction\",\"target\":{\"@type\":\"EntryPoint\",\"urlTemplate\":\"https:\\\/\\\/niemikoti.fi\\\/?s={search_term_string}\"},\"query-input\":{\"@type\":\"PropertyValueSpecification\",\"valueRequired\":true,\"valueName\":\"search_term_string\"}}],\"inLanguage\":\"sv-SE\"},{\"@type\":\"Organization\",\"@id\":\"https:\\\/\\\/niemikoti.fi\\\/#organization\",\"name\":\"Niemikotis\u00e4\u00e4ti\u00f6\",\"url\":\"https:\\\/\\\/niemikoti.fi\\\/\",\"logo\":{\"@type\":\"ImageObject\",\"inLanguage\":\"sv-SE\",\"@id\":\"https:\\\/\\\/niemikoti.fi\\\/#\\\/schema\\\/logo\\\/image\\\/\",\"url\":\"https:\\\/\\\/niemikoti.fi\\\/wp-content\\\/uploads\\\/2023\\\/02\\\/niemikotilogo40v_vaaka.png\",\"contentUrl\":\"https:\\\/\\\/niemikoti.fi\\\/wp-content\\\/uploads\\\/2023\\\/02\\\/niemikotilogo40v_vaaka.png\",\"width\":1147,\"height\":418,\"caption\":\"Niemikotis\u00e4\u00e4ti\u00f6\"},\"image\":{\"@id\":\"https:\\\/\\\/niemikoti.fi\\\/#\\\/schema\\\/logo\\\/image\\\/\"},\"sameAs\":[\"https:\\\/\\\/www.facebook.com\\\/niemikoti\",\"https:\\\/\\\/www.instagram.com\\\/niemikoti\\\/\",\"https:\\\/\\\/www.youtube.com\\\/channel\\\/UCfo6l7q45CD_derGzEH8XGA\"]}]}<\/script>\n<!-- \/ Yoast SEO plugin. -->","yoast_head_json":{"title":"Dataskydd i Stiftelsen Uddhemmets tj\u00e4nster - Niemikotis\u00e4\u00e4ti\u00f6","robots":{"index":"index","follow":"follow","max-snippet":"max-snippet:-1","max-image-preview":"max-image-preview:large","max-video-preview":"max-video-preview:-1"},"canonical":"https:\/\/niemikoti.fi\/sv\/dataskydd-i-stiftelsen-uddhemmets-tjanster\/","og_locale":"sv_SE","og_type":"article","og_title":"Dataskydd i Stiftelsen Uddhemmets tj\u00e4nster - Niemikotis\u00e4\u00e4ti\u00f6","og_description":"Dataskyddsbeskrivningar(finns f\u00f6r n\u00e4rvarande endast p\u00e5 finska) Beg\u00e4ran om insyn i registeruppgifter och r\u00e4ttelse(finns f\u00f6r n\u00e4rvarande endast p\u00e5 finska) Beg\u00e4ran om insyn och r\u00e4ttelse ska l\u00e4mnas skriftligen, undertecknad, till den kontaktperson som ansvarar f\u00f6r registret. Webbplatsens kakor Webbplatsen anv\u00e4nder kakor f\u00f6r att s\u00e4kerst\u00e4lla att tj\u00e4nsten fungerar, \u00e4r s\u00e4ker, effektiv och anv\u00e4ndarv\u00e4nlig. Kakor anv\u00e4nds till exempel f\u00f6r...","og_url":"https:\/\/niemikoti.fi\/sv\/dataskydd-i-stiftelsen-uddhemmets-tjanster\/","og_site_name":"Niemikotis\u00e4\u00e4ti\u00f6","article_publisher":"https:\/\/www.facebook.com\/niemikoti","article_modified_time":"2025-10-07T06:58:53+00:00","twitter_card":"summary_large_image","twitter_misc":{"Ber\u00e4knad l\u00e4stid":"1 minut"},"schema":{"@context":"https:\/\/schema.org","@graph":[{"@type":"WebPage","@id":"https:\/\/niemikoti.fi\/sv\/dataskydd-i-stiftelsen-uddhemmets-tjanster\/","url":"https:\/\/niemikoti.fi\/sv\/dataskydd-i-stiftelsen-uddhemmets-tjanster\/","name":"Dataskydd i Stiftelsen Uddhemmets tj\u00e4nster - Niemikotis\u00e4\u00e4ti\u00f6","isPartOf":{"@id":"https:\/\/niemikoti.fi\/#website"},"datePublished":"2018-05-31T08:09:09+00:00","dateModified":"2025-10-07T06:58:53+00:00","breadcrumb":{"@id":"https:\/\/niemikoti.fi\/sv\/dataskydd-i-stiftelsen-uddhemmets-tjanster\/#breadcrumb"},"inLanguage":"sv-SE","potentialAction":[{"@type":"ReadAction","target":["https:\/\/niemikoti.fi\/sv\/dataskydd-i-stiftelsen-uddhemmets-tjanster\/"]}]},{"@type":"BreadcrumbList","@id":"https:\/\/niemikoti.fi\/sv\/dataskydd-i-stiftelsen-uddhemmets-tjanster\/#breadcrumb","itemListElement":[{"@type":"ListItem","position":1,"name":"Home","item":"https:\/\/niemikoti.fi\/sv\/"},{"@type":"ListItem","position":2,"name":"Dataskydd i Stiftelsen Uddhemmets tj\u00e4nster"}]},{"@type":"WebSite","@id":"https:\/\/niemikoti.fi\/#website","url":"https:\/\/niemikoti.fi\/","name":"Niemikotis\u00e4\u00e4ti\u00f6","description":"Yhdess\u00e4 jo 40 vuotta","publisher":{"@id":"https:\/\/niemikoti.fi\/#organization"},"potentialAction":[{"@type":"SearchAction","target":{"@type":"EntryPoint","urlTemplate":"https:\/\/niemikoti.fi\/?s={search_term_string}"},"query-input":{"@type":"PropertyValueSpecification","valueRequired":true,"valueName":"search_term_string"}}],"inLanguage":"sv-SE"},{"@type":"Organization","@id":"https:\/\/niemikoti.fi\/#organization","name":"Niemikotis\u00e4\u00e4ti\u00f6","url":"https:\/\/niemikoti.fi\/","logo":{"@type":"ImageObject","inLanguage":"sv-SE","@id":"https:\/\/niemikoti.fi\/#\/schema\/logo\/image\/","url":"https:\/\/niemikoti.fi\/wp-content\/uploads\/2023\/02\/niemikotilogo40v_vaaka.png","contentUrl":"https:\/\/niemikoti.fi\/wp-content\/uploads\/2023\/02\/niemikotilogo40v_vaaka.png","width":1147,"height":418,"caption":"Niemikotis\u00e4\u00e4ti\u00f6"},"image":{"@id":"https:\/\/niemikoti.fi\/#\/schema\/logo\/image\/"},"sameAs":["https:\/\/www.facebook.com\/niemikoti","https:\/\/www.instagram.com\/niemikoti\/","https:\/\/www.youtube.com\/channel\/UCfo6l7q45CD_derGzEH8XGA"]}]}},"taxonomy_info":[],"featured_image_src_large":false,"author_info":{"display_name":"Niemikotis\u00e4\u00e4ti\u00f6n viestint\u00e4","author_link":"https:\/\/niemikoti.fi\/sv\/author\/katjalampela\/"},"comment_info":0,"_links":{"self":[{"href":"https:\/\/niemikoti.fi\/sv\/wp-json\/wp\/v2\/pages\/47213","targetHints":{"allow":["GET"]}}],"collection":[{"href":"https:\/\/niemikoti.fi\/sv\/wp-json\/wp\/v2\/pages"}],"about":[{"href":"https:\/\/niemikoti.fi\/sv\/wp-json\/wp\/v2\/types\/page"}],"author":[{"embeddable":true,"href":"https:\/\/niemikoti.fi\/sv\/wp-json\/wp\/v2\/users\/2"}],"replies":[{"embeddable":true,"href":"https:\/\/niemikoti.fi\/sv\/wp-json\/wp\/v2\/comments?post=47213"}],"version-history":[{"count":1,"href":"https:\/\/niemikoti.fi\/sv\/wp-json\/wp\/v2\/pages\/47213\/revisions"}],"predecessor-version":[{"id":47214,"href":"https:\/\/niemikoti.fi\/sv\/wp-json\/wp\/v2\/pages\/47213\/revisions\/47214"}],"wp:attachment":[{"href":"https:\/\/niemikoti.fi\/sv\/wp-json\/wp\/v2\/media?parent=47213"}],"wp:term":[{"taxonomy":"sisaltoluokka","embeddable":true,"href":"https:\/\/niemikoti.fi\/sv\/wp-json\/wp\/v2\/sisaltoluokka?post=47213"}],"curies":[{"name":"wp","href":"https:\/\/api.w.org\/{rel}","templated":true}]}}