{"id":47195,"date":"2024-08-15T11:41:39","date_gmt":"2024-08-15T08:41:39","guid":{"rendered":"https:\/\/niemikoti.fi\/?page_id=47195"},"modified":"2025-10-07T09:38:11","modified_gmt":"2025-10-07T06:38:11","slug":"erfarenhetsexperternas-etiska-principer-vid-stiftelsen-uddhemmet","status":"publish","type":"page","link":"https:\/\/niemikoti.fi\/sv\/erfarenhetsexperter\/erfarenhetsexperternas-etiska-principer-vid-stiftelsen-uddhemmet\/","title":{"rendered":"Erfarenhetsexperternas etiska principer vid Stiftelsen Uddhemmet"},"content":{"rendered":"\n<p class=\"has-medium-font-size\">Sedan \u00e5r 2016 har Stiftelsen Uddhemmet ordnat utbildningar f\u00f6r erfarenhetsexperter en g\u00e5ng per \u00e5r. De etiska principerna har utformats gemensamt under utbildningarna utifr\u00e5n deltagarnas och utbildarnas kunskap och v\u00e4rderingar.<br><\/p>\n\n\n<style>.kb-row-layout-id47195_fe342d-b2 > .kt-row-column-wrap{align-content:start;}:where(.kb-row-layout-id47195_fe342d-b2 > .kt-row-column-wrap) > .wp-block-kadence-column{justify-content:start;}.kb-row-layout-id47195_fe342d-b2 > .kt-row-column-wrap{column-gap:var(--global-kb-gap-md, 2rem);row-gap:var(--global-kb-gap-md, 2rem);padding-top:var(--global-kb-spacing-sm, 1.5rem);padding-bottom:var(--global-kb-spacing-sm, 1.5rem);grid-template-columns:minmax(0, 1fr);}.kb-row-layout-id47195_fe342d-b2{background-color:rgba(86,147,209,0.17);}.kb-row-layout-id47195_fe342d-b2 > .kt-row-layout-overlay{opacity:0.30;}@media all and (max-width: 1024px){.kb-row-layout-id47195_fe342d-b2 > .kt-row-column-wrap{grid-template-columns:minmax(0, 1fr);}}@media all and (max-width: 767px){.kb-row-layout-id47195_fe342d-b2 > .kt-row-column-wrap{grid-template-columns:minmax(0, 1fr);}}<\/style><div class=\"kb-row-layout-wrap kb-row-layout-id47195_fe342d-b2 alignnone kt-row-has-bg wp-block-kadence-rowlayout\"><div class=\"kt-row-column-wrap kt-has-1-columns kt-row-layout-equal kt-tab-layout-inherit kt-mobile-layout-row kt-row-valign-top\">\n<style>.kadence-column47195_14a27c-08 > .kt-inside-inner-col,.kadence-column47195_14a27c-08 > .kt-inside-inner-col:before{border-top-left-radius:0px;border-top-right-radius:0px;border-bottom-right-radius:0px;border-bottom-left-radius:0px;}.kadence-column47195_14a27c-08 > .kt-inside-inner-col{column-gap:var(--global-kb-gap-sm, 1rem);}.kadence-column47195_14a27c-08 > .kt-inside-inner-col{flex-direction:column;}.kadence-column47195_14a27c-08 > .kt-inside-inner-col > .aligncenter{width:100%;}.kadence-column47195_14a27c-08 > .kt-inside-inner-col:before{opacity:0.3;}.kadence-column47195_14a27c-08{position:relative;}@media all and (max-width: 1024px){.kadence-column47195_14a27c-08 > .kt-inside-inner-col{flex-direction:column;justify-content:center;}}@media all and (max-width: 767px){.kadence-column47195_14a27c-08 > .kt-inside-inner-col{flex-direction:column;justify-content:center;}}<\/style>\n<div class=\"wp-block-kadence-column kadence-column47195_14a27c-08\"><div class=\"kt-inside-inner-col\">\n<ul class=\"wp-block-list\">\n<li>Vi h\u00e5ller oss till v\u00e5r egen erfarenhet och v\u00e5r erfarenhetsbaserade kunskap.<\/li>\n\n\n\n<li>Vi litar p\u00e5 att v\u00e5r egen ber\u00e4ttelse och v\u00e5ra upplevelser \u00e4r verkningsfulla i sig.<\/li>\n\n\n\n<li>Vi \u00e4r medvetna om och minns v\u00e5rt ansvar och v\u00e5r roll.<\/li>\n\n\n\n<li>Vi str\u00e4var efter att skapa hopp i varje uppdrag.<\/li>\n\n\n\n<li>Vi f\u00f6rbinder oss till uppdraget och f\u00f6ljer det som har \u00f6verenskommits med uppdragsgivaren.<\/li>\n\n\n\n<li>Vi k\u00e4nner till gr\u00e4nserna f\u00f6r v\u00e5r egen kompetens och ork och agerar d\u00e4refter.<\/li>\n\n\n\n<li>Vi f\u00f6rbinder oss till att ta hand om v\u00e5rt eget v\u00e4lbefinnande.<\/li>\n\n\n\n<li>Vi funderar i f\u00f6rv\u00e4g p\u00e5 vad vi ber\u00e4ttar om oss sj\u00e4lva i varje uppdrag och avgr\u00e4nsar det vi inte vill dela. Vi reflekterar \u00f6ver v\u00e5rt eget arbete.<\/li>\n\n\n\n<li>Vi bed\u00f6mer uppdragets l\u00e4mplighet f\u00f6r oss sj\u00e4lva och beaktar m\u00e5lgruppen. Vid behov avst\u00e5r vi fr\u00e5n uppdraget.<\/li>\n\n\n\n<li>Vi \u00e4r medvetna om v\u00e5ra motiv f\u00f6r att arbeta som erfarenhetsexpert.<\/li>\n\n\n\n<li>Vi \u00e4r medvetna om de v\u00e4rderingar som styr v\u00e5rt arbete.<\/li>\n\n\n\n<li>Vi l\u00e5ter inte v\u00e5ra ideologier, \u00f6vertygelser eller egna agendor styra v\u00e5rt arbete som erfarenhetsexpert.<\/li>\n\n\n\n<li>Vi uppr\u00e4tth\u00e5ller den kompetens vi f\u00e5tt genom utbildningen och utvecklar oss sj\u00e4lva i rollen som erfarenhetsexpert. Vi accepterar v\u00e5r egen ofullst\u00e4ndighet.<\/li>\n\n\n\n<li>Vi talar med respekt, b\u00e5de om oss sj\u00e4lva och andra parter.<\/li>\n\n\n\n<li>Vi respekterar tystnadsplikten och andra m\u00e4nniskors anonymitet.<\/li>\n\n\n\n<li>Vi samarbetar konstruktivt med olika yrkesgrupper.<\/li>\n\n\n\n<li>Vi erk\u00e4nner och v\u00e4rdes\u00e4tter b\u00e5de professionell kunskap och erfarenhetskunskap samt de olika akt\u00f6rernas roller.<\/li>\n<\/ul>\n<\/div><\/div>\n\n<\/div><\/div>\n\n<ul class=\"wp-block-page-list\"><li class=\"wp-block-pages-list__item\"><a class=\"wp-block-pages-list__item__link\" href=\"https:\/\/niemikoti.fi\/sv\/erfarenhetsexperter\/vad-ar-en-erfarenhetsexpert\/\">Vad \u00e4r en erfarenhetsexpert?<\/a><\/li><li class=\"wp-block-pages-list__item\"><a class=\"wp-block-pages-list__item__link\" href=\"https:\/\/niemikoti.fi\/sv\/erfarenhetsexperter\/erfarenhetsexpertis-vid-stiftelsen-uddhemmet\/\">Erfarenhetsexpertis vid Stiftelsen Uddhemmet<\/a><\/li><li class=\"wp-block-pages-list__item\"><a class=\"wp-block-pages-list__item__link\" href=\"https:\/\/niemikoti.fi\/sv\/erfarenhetsexperter\/erfarenhetsexperternas-etiska-principer-vid-stiftelsen-uddhemmet\/\">Erfarenhetsexperternas etiska principer vid Stiftelsen Uddhemmet<\/a><\/li><li class=\"wp-block-pages-list__item\"><a class=\"wp-block-pages-list__item__link\" href=\"https:\/\/niemikoti.fi\/sv\/erfarenhetsexperter\/fran-skuggorna-till-ljuset-bloggen\/\">Fr\u00e5n skuggorna till ljuset \u2013 bloggen<\/a><\/li><\/ul><div style=\"margin: 20px 0;\"><div class=\"qrcswholewtapper\" style=\"text-align:left;\"><div class=\"qrcprowrapper\"  id=\"qrcwraa2leds\"><div class=\"qrc_canvass\" id=\"qrc_cuttenpages_2\" style=\"display:none\" data-text=\"https:\/\/niemikoti.fi\/sv\/erfarenhetsexperter\/erfarenhetsexperternas-etiska-principer-vid-stiftelsen-uddhemmet\/\"><\/div><div><a download=\"Erfarenhetsexperternas etiska principer vid Stiftelsen Uddhemmet.png\" class=\"qrcdownloads\" id=\"worign\">\r\n           <button type=\"button\" style=\"min-width:200px;background:#c8fd8c;color:#000;font-weight: 600;border: 1px solid #dddddd;border-radius:4px;font-size:12px;padding: 6px 0;\" class=\"uqr_code_btn\">Lataa QR-koodi<\/button>\r\n           <\/a><\/div><\/div><\/div><\/div>","protected":false},"excerpt":{"rendered":"<p>Sedan \u00e5r 2016 har Stiftelsen Uddhemmet ordnat utbildningar f\u00f6r erfarenhetsexperter en g\u00e5ng per \u00e5r. De etiska principerna har utformats gemensamt under utbildningarna utifr\u00e5n deltagarnas och utbildarnas kunskap och v\u00e4rderingar. Lataa QR-koodi<\/p>\n","protected":false},"author":2,"featured_media":0,"parent":47186,"menu_order":2,"comment_status":"closed","ping_status":"closed","template":"","meta":{"_kad_blocks_custom_css":"","_kad_blocks_head_custom_js":"","_kad_blocks_body_custom_js":"","_kad_blocks_footer_custom_js":"","_kad_post_transparent":"","_kad_post_title":"","_kad_post_layout":"","_kad_post_sidebar_id":"","_kad_post_content_style":"","_kad_post_vertical_padding":"","_kad_post_feature":"","_kad_post_feature_position":"","_kad_post_header":false,"_kad_post_footer":false,"_kad_post_classname":"","cybocfi_hide_featured_image":"","footnotes":"","_links_to":"","_links_to_target":""},"sisaltoluokka":[],"class_list":["post-47195","page","type-page","status-publish","hentry"],"yoast_head":"<!-- This site is optimized with the Yoast SEO plugin v27.3 - https:\/\/yoast.com\/product\/yoast-seo-wordpress\/ -->\n<title>Erfarenhetsexperternas etiska principer vid Stiftelsen Uddhemmet - Niemikotis\u00e4\u00e4ti\u00f6<\/title>\n<meta name=\"robots\" content=\"index, follow, max-snippet:-1, max-image-preview:large, max-video-preview:-1\" \/>\n<link rel=\"canonical\" href=\"https:\/\/niemikoti.fi\/sv\/erfarenhetsexperter\/erfarenhetsexperternas-etiska-principer-vid-stiftelsen-uddhemmet\/\" \/>\n<meta property=\"og:locale\" content=\"sv_SE\" \/>\n<meta property=\"og:type\" content=\"article\" \/>\n<meta property=\"og:title\" content=\"Erfarenhetsexperternas etiska principer vid Stiftelsen Uddhemmet - Niemikotis\u00e4\u00e4ti\u00f6\" \/>\n<meta property=\"og:description\" content=\"Sedan \u00e5r 2016 har Stiftelsen Uddhemmet ordnat utbildningar f\u00f6r erfarenhetsexperter en g\u00e5ng per \u00e5r. De etiska principerna har utformats gemensamt under utbildningarna utifr\u00e5n deltagarnas och utbildarnas kunskap och v\u00e4rderingar. Lataa QR-koodi\" \/>\n<meta property=\"og:url\" content=\"https:\/\/niemikoti.fi\/sv\/erfarenhetsexperter\/erfarenhetsexperternas-etiska-principer-vid-stiftelsen-uddhemmet\/\" \/>\n<meta property=\"og:site_name\" content=\"Niemikotis\u00e4\u00e4ti\u00f6\" \/>\n<meta property=\"article:publisher\" content=\"https:\/\/www.facebook.com\/niemikoti\" \/>\n<meta property=\"article:modified_time\" content=\"2025-10-07T06:38:11+00:00\" \/>\n<meta name=\"twitter:card\" content=\"summary_large_image\" \/>\n<meta name=\"twitter:label1\" content=\"Ber\u00e4knad l\u00e4stid\" \/>\n\t<meta name=\"twitter:data1\" content=\"2 minut\" \/>\n<script type=\"application\/ld+json\" class=\"yoast-schema-graph\">{\"@context\":\"https:\\\/\\\/schema.org\",\"@graph\":[{\"@type\":\"WebPage\",\"@id\":\"https:\\\/\\\/niemikoti.fi\\\/sv\\\/erfarenhetsexperter\\\/erfarenhetsexperternas-etiska-principer-vid-stiftelsen-uddhemmet\\\/\",\"url\":\"https:\\\/\\\/niemikoti.fi\\\/sv\\\/erfarenhetsexperter\\\/erfarenhetsexperternas-etiska-principer-vid-stiftelsen-uddhemmet\\\/\",\"name\":\"Erfarenhetsexperternas etiska principer vid Stiftelsen Uddhemmet - Niemikotis\u00e4\u00e4ti\u00f6\",\"isPartOf\":{\"@id\":\"https:\\\/\\\/niemikoti.fi\\\/#website\"},\"datePublished\":\"2024-08-15T08:41:39+00:00\",\"dateModified\":\"2025-10-07T06:38:11+00:00\",\"breadcrumb\":{\"@id\":\"https:\\\/\\\/niemikoti.fi\\\/sv\\\/erfarenhetsexperter\\\/erfarenhetsexperternas-etiska-principer-vid-stiftelsen-uddhemmet\\\/#breadcrumb\"},\"inLanguage\":\"sv-SE\",\"potentialAction\":[{\"@type\":\"ReadAction\",\"target\":[\"https:\\\/\\\/niemikoti.fi\\\/sv\\\/erfarenhetsexperter\\\/erfarenhetsexperternas-etiska-principer-vid-stiftelsen-uddhemmet\\\/\"]}]},{\"@type\":\"BreadcrumbList\",\"@id\":\"https:\\\/\\\/niemikoti.fi\\\/sv\\\/erfarenhetsexperter\\\/erfarenhetsexperternas-etiska-principer-vid-stiftelsen-uddhemmet\\\/#breadcrumb\",\"itemListElement\":[{\"@type\":\"ListItem\",\"position\":1,\"name\":\"Home\",\"item\":\"https:\\\/\\\/niemikoti.fi\\\/sv\\\/\"},{\"@type\":\"ListItem\",\"position\":2,\"name\":\"Erfarenhetsexperter\",\"item\":\"https:\\\/\\\/niemikoti.fi\\\/sv\\\/erfarenhetsexperter\\\/\"},{\"@type\":\"ListItem\",\"position\":3,\"name\":\"Erfarenhetsexperternas etiska principer vid Stiftelsen Uddhemmet\"}]},{\"@type\":\"WebSite\",\"@id\":\"https:\\\/\\\/niemikoti.fi\\\/#website\",\"url\":\"https:\\\/\\\/niemikoti.fi\\\/\",\"name\":\"Niemikotis\u00e4\u00e4ti\u00f6\",\"description\":\"Yhdess\u00e4 jo 40 vuotta\",\"publisher\":{\"@id\":\"https:\\\/\\\/niemikoti.fi\\\/#organization\"},\"potentialAction\":[{\"@type\":\"SearchAction\",\"target\":{\"@type\":\"EntryPoint\",\"urlTemplate\":\"https:\\\/\\\/niemikoti.fi\\\/?s={search_term_string}\"},\"query-input\":{\"@type\":\"PropertyValueSpecification\",\"valueRequired\":true,\"valueName\":\"search_term_string\"}}],\"inLanguage\":\"sv-SE\"},{\"@type\":\"Organization\",\"@id\":\"https:\\\/\\\/niemikoti.fi\\\/#organization\",\"name\":\"Niemikotis\u00e4\u00e4ti\u00f6\",\"url\":\"https:\\\/\\\/niemikoti.fi\\\/\",\"logo\":{\"@type\":\"ImageObject\",\"inLanguage\":\"sv-SE\",\"@id\":\"https:\\\/\\\/niemikoti.fi\\\/#\\\/schema\\\/logo\\\/image\\\/\",\"url\":\"https:\\\/\\\/niemikoti.fi\\\/wp-content\\\/uploads\\\/2023\\\/02\\\/niemikotilogo40v_vaaka.png\",\"contentUrl\":\"https:\\\/\\\/niemikoti.fi\\\/wp-content\\\/uploads\\\/2023\\\/02\\\/niemikotilogo40v_vaaka.png\",\"width\":1147,\"height\":418,\"caption\":\"Niemikotis\u00e4\u00e4ti\u00f6\"},\"image\":{\"@id\":\"https:\\\/\\\/niemikoti.fi\\\/#\\\/schema\\\/logo\\\/image\\\/\"},\"sameAs\":[\"https:\\\/\\\/www.facebook.com\\\/niemikoti\",\"https:\\\/\\\/www.instagram.com\\\/niemikoti\\\/\",\"https:\\\/\\\/www.youtube.com\\\/channel\\\/UCfo6l7q45CD_derGzEH8XGA\"]}]}<\/script>\n<!-- \/ Yoast SEO plugin. -->","yoast_head_json":{"title":"Erfarenhetsexperternas etiska principer vid Stiftelsen Uddhemmet - Niemikotis\u00e4\u00e4ti\u00f6","robots":{"index":"index","follow":"follow","max-snippet":"max-snippet:-1","max-image-preview":"max-image-preview:large","max-video-preview":"max-video-preview:-1"},"canonical":"https:\/\/niemikoti.fi\/sv\/erfarenhetsexperter\/erfarenhetsexperternas-etiska-principer-vid-stiftelsen-uddhemmet\/","og_locale":"sv_SE","og_type":"article","og_title":"Erfarenhetsexperternas etiska principer vid Stiftelsen Uddhemmet - Niemikotis\u00e4\u00e4ti\u00f6","og_description":"Sedan \u00e5r 2016 har Stiftelsen Uddhemmet ordnat utbildningar f\u00f6r erfarenhetsexperter en g\u00e5ng per \u00e5r. De etiska principerna har utformats gemensamt under utbildningarna utifr\u00e5n deltagarnas och utbildarnas kunskap och v\u00e4rderingar. Lataa QR-koodi","og_url":"https:\/\/niemikoti.fi\/sv\/erfarenhetsexperter\/erfarenhetsexperternas-etiska-principer-vid-stiftelsen-uddhemmet\/","og_site_name":"Niemikotis\u00e4\u00e4ti\u00f6","article_publisher":"https:\/\/www.facebook.com\/niemikoti","article_modified_time":"2025-10-07T06:38:11+00:00","twitter_card":"summary_large_image","twitter_misc":{"Ber\u00e4knad l\u00e4stid":"2 minut"},"schema":{"@context":"https:\/\/schema.org","@graph":[{"@type":"WebPage","@id":"https:\/\/niemikoti.fi\/sv\/erfarenhetsexperter\/erfarenhetsexperternas-etiska-principer-vid-stiftelsen-uddhemmet\/","url":"https:\/\/niemikoti.fi\/sv\/erfarenhetsexperter\/erfarenhetsexperternas-etiska-principer-vid-stiftelsen-uddhemmet\/","name":"Erfarenhetsexperternas etiska principer vid Stiftelsen Uddhemmet - Niemikotis\u00e4\u00e4ti\u00f6","isPartOf":{"@id":"https:\/\/niemikoti.fi\/#website"},"datePublished":"2024-08-15T08:41:39+00:00","dateModified":"2025-10-07T06:38:11+00:00","breadcrumb":{"@id":"https:\/\/niemikoti.fi\/sv\/erfarenhetsexperter\/erfarenhetsexperternas-etiska-principer-vid-stiftelsen-uddhemmet\/#breadcrumb"},"inLanguage":"sv-SE","potentialAction":[{"@type":"ReadAction","target":["https:\/\/niemikoti.fi\/sv\/erfarenhetsexperter\/erfarenhetsexperternas-etiska-principer-vid-stiftelsen-uddhemmet\/"]}]},{"@type":"BreadcrumbList","@id":"https:\/\/niemikoti.fi\/sv\/erfarenhetsexperter\/erfarenhetsexperternas-etiska-principer-vid-stiftelsen-uddhemmet\/#breadcrumb","itemListElement":[{"@type":"ListItem","position":1,"name":"Home","item":"https:\/\/niemikoti.fi\/sv\/"},{"@type":"ListItem","position":2,"name":"Erfarenhetsexperter","item":"https:\/\/niemikoti.fi\/sv\/erfarenhetsexperter\/"},{"@type":"ListItem","position":3,"name":"Erfarenhetsexperternas etiska principer vid Stiftelsen Uddhemmet"}]},{"@type":"WebSite","@id":"https:\/\/niemikoti.fi\/#website","url":"https:\/\/niemikoti.fi\/","name":"Niemikotis\u00e4\u00e4ti\u00f6","description":"Yhdess\u00e4 jo 40 vuotta","publisher":{"@id":"https:\/\/niemikoti.fi\/#organization"},"potentialAction":[{"@type":"SearchAction","target":{"@type":"EntryPoint","urlTemplate":"https:\/\/niemikoti.fi\/?s={search_term_string}"},"query-input":{"@type":"PropertyValueSpecification","valueRequired":true,"valueName":"search_term_string"}}],"inLanguage":"sv-SE"},{"@type":"Organization","@id":"https:\/\/niemikoti.fi\/#organization","name":"Niemikotis\u00e4\u00e4ti\u00f6","url":"https:\/\/niemikoti.fi\/","logo":{"@type":"ImageObject","inLanguage":"sv-SE","@id":"https:\/\/niemikoti.fi\/#\/schema\/logo\/image\/","url":"https:\/\/niemikoti.fi\/wp-content\/uploads\/2023\/02\/niemikotilogo40v_vaaka.png","contentUrl":"https:\/\/niemikoti.fi\/wp-content\/uploads\/2023\/02\/niemikotilogo40v_vaaka.png","width":1147,"height":418,"caption":"Niemikotis\u00e4\u00e4ti\u00f6"},"image":{"@id":"https:\/\/niemikoti.fi\/#\/schema\/logo\/image\/"},"sameAs":["https:\/\/www.facebook.com\/niemikoti","https:\/\/www.instagram.com\/niemikoti\/","https:\/\/www.youtube.com\/channel\/UCfo6l7q45CD_derGzEH8XGA"]}]}},"taxonomy_info":[],"featured_image_src_large":false,"author_info":{"display_name":"Niemikotis\u00e4\u00e4ti\u00f6n viestint\u00e4","author_link":"https:\/\/niemikoti.fi\/sv\/author\/katjalampela\/"},"comment_info":0,"_links":{"self":[{"href":"https:\/\/niemikoti.fi\/sv\/wp-json\/wp\/v2\/pages\/47195","targetHints":{"allow":["GET"]}}],"collection":[{"href":"https:\/\/niemikoti.fi\/sv\/wp-json\/wp\/v2\/pages"}],"about":[{"href":"https:\/\/niemikoti.fi\/sv\/wp-json\/wp\/v2\/types\/page"}],"author":[{"embeddable":true,"href":"https:\/\/niemikoti.fi\/sv\/wp-json\/wp\/v2\/users\/2"}],"replies":[{"embeddable":true,"href":"https:\/\/niemikoti.fi\/sv\/wp-json\/wp\/v2\/comments?post=47195"}],"version-history":[{"count":3,"href":"https:\/\/niemikoti.fi\/sv\/wp-json\/wp\/v2\/pages\/47195\/revisions"}],"predecessor-version":[{"id":47209,"href":"https:\/\/niemikoti.fi\/sv\/wp-json\/wp\/v2\/pages\/47195\/revisions\/47209"}],"up":[{"embeddable":true,"href":"https:\/\/niemikoti.fi\/sv\/wp-json\/wp\/v2\/pages\/47186"}],"wp:attachment":[{"href":"https:\/\/niemikoti.fi\/sv\/wp-json\/wp\/v2\/media?parent=47195"}],"wp:term":[{"taxonomy":"sisaltoluokka","embeddable":true,"href":"https:\/\/niemikoti.fi\/sv\/wp-json\/wp\/v2\/sisaltoluokka?post=47195"}],"curies":[{"name":"wp","href":"https:\/\/api.w.org\/{rel}","templated":true}]}}