{"id":47193,"date":"2019-01-23T14:26:15","date_gmt":"2019-01-23T12:26:15","guid":{"rendered":"https:\/\/niemikoti.fi\/?page_id=47193"},"modified":"2025-10-07T09:37:27","modified_gmt":"2025-10-07T06:37:27","slug":"erfarenhetsexpertis-vid-stiftelsen-uddhemmet","status":"publish","type":"page","link":"https:\/\/niemikoti.fi\/sv\/erfarenhetsexperter\/erfarenhetsexpertis-vid-stiftelsen-uddhemmet\/","title":{"rendered":"Erfarenhetsexpertis vid Stiftelsen Uddhemmet"},"content":{"rendered":"<style>.kb-row-layout-id47193_4c61da-5e > .kt-row-column-wrap{align-content:start;}:where(.kb-row-layout-id47193_4c61da-5e > .kt-row-column-wrap) > .wp-block-kadence-column{justify-content:start;}.kb-row-layout-id47193_4c61da-5e > .kt-row-column-wrap{column-gap:var(--global-kb-gap-md, 2rem);row-gap:var(--global-kb-gap-md, 2rem);padding-top:var(--global-kb-spacing-sm, 1.5rem);padding-bottom:var(--global-kb-spacing-sm, 1.5rem);grid-template-columns:minmax(0, calc(59.1% - ((var(--global-kb-gap-md, 2rem) * 1 )\/2)))minmax(0, calc(40.9% - ((var(--global-kb-gap-md, 2rem) * 1 )\/2)));}.kb-row-layout-id47193_4c61da-5e > .kt-row-layout-overlay{opacity:0.30;}@media all and (max-width: 1024px){.kb-row-layout-id47193_4c61da-5e > .kt-row-column-wrap{grid-template-columns:minmax(0, 2fr) minmax(0, 1fr);}}@media all and (max-width: 767px){.kb-row-layout-id47193_4c61da-5e > .kt-row-column-wrap{grid-template-columns:minmax(0, 1fr);}}<\/style><div class=\"kb-row-layout-wrap kb-row-layout-id47193_4c61da-5e alignnone wp-block-kadence-rowlayout\"><div class=\"kt-row-column-wrap kt-has-2-columns kt-row-layout-left-golden kt-tab-layout-inherit kt-mobile-layout-row kt-row-valign-top\">\n<style>.kadence-column47193_8083c1-4b > .kt-inside-inner-col,.kadence-column47193_8083c1-4b > .kt-inside-inner-col:before{border-top-left-radius:0px;border-top-right-radius:0px;border-bottom-right-radius:0px;border-bottom-left-radius:0px;}.kadence-column47193_8083c1-4b > .kt-inside-inner-col{column-gap:var(--global-kb-gap-sm, 1rem);}.kadence-column47193_8083c1-4b > .kt-inside-inner-col{flex-direction:column;}.kadence-column47193_8083c1-4b > .kt-inside-inner-col > .aligncenter{width:100%;}.kadence-column47193_8083c1-4b > .kt-inside-inner-col:before{opacity:0.3;}.kadence-column47193_8083c1-4b{position:relative;}@media all and (max-width: 1024px){.kadence-column47193_8083c1-4b > .kt-inside-inner-col{flex-direction:column;justify-content:center;}}@media all and (max-width: 767px){.kadence-column47193_8083c1-4b > .kt-inside-inner-col{flex-direction:column;justify-content:center;}}<\/style>\n<div class=\"wp-block-kadence-column kadence-column47193_8083c1-4b inner-column-1\"><div class=\"kt-inside-inner-col\">\n<p>Inom Stiftelsen Uddhemmet betonas gemenskap och trygghet i verksamheten f\u00f6r erfarenhetsexperter \u2013 n\u00e5got som m\u00f6jligg\u00f6rs av en icke-diskriminerande verksamhetsmilj\u00f6. Erfarenhetsexperterna vid Stiftelsen Uddhemmet har bland annat f\u00f6ljande uppgifter:<\/p>\n\n\n\n<ul class=\"wp-block-list\">\n<li>Kamratst\u00f6djare<\/li>\n\n\n\n<li>Medlem i en Recovery-grupp<\/li>\n\n\n\n<li>Medlem i samarbetsgruppen<\/li>\n\n\n\n<li>Utv\u00e4rderare och utvecklare av boendeverksamheten<\/li>\n\n\n\n<li>Utv\u00e4rderare och utvecklare av den verksamhetsinriktade rehabiliteringen<\/li>\n\n\n\n<li>Erfarenhetsutbildare och -handledare<\/li>\n<\/ul>\n\n\n\n<p>Uppgifter utanf\u00f6r stiftelsen:<\/p>\n\n\n\n<ul class=\"wp-block-list\">\n<li>St\u00f6dperson f\u00f6r en rehabiliteringsklient<\/li>\n\n\n\n<li>Utbildare<\/li>\n\n\n\n<li>Expert i diskussionssammanhang<\/li>\n\n\n\n<li>Informationsspridare<\/li>\n\n\n\n<li><\/li>\n<\/ul>\n\n\n<ul class=\"wp-block-page-list\"><li class=\"wp-block-pages-list__item\"><a class=\"wp-block-pages-list__item__link\" href=\"https:\/\/niemikoti.fi\/sv\/erfarenhetsexperter\/vad-ar-en-erfarenhetsexpert\/\">Vad \u00e4r en erfarenhetsexpert?<\/a><\/li><li class=\"wp-block-pages-list__item\"><a class=\"wp-block-pages-list__item__link\" href=\"https:\/\/niemikoti.fi\/sv\/erfarenhetsexperter\/erfarenhetsexpertis-vid-stiftelsen-uddhemmet\/\">Erfarenhetsexpertis vid Stiftelsen Uddhemmet<\/a><\/li><li class=\"wp-block-pages-list__item\"><a class=\"wp-block-pages-list__item__link\" href=\"https:\/\/niemikoti.fi\/sv\/erfarenhetsexperter\/erfarenhetsexperternas-etiska-principer-vid-stiftelsen-uddhemmet\/\">Erfarenhetsexperternas etiska principer vid Stiftelsen Uddhemmet<\/a><\/li><li class=\"wp-block-pages-list__item\"><a class=\"wp-block-pages-list__item__link\" href=\"https:\/\/niemikoti.fi\/sv\/erfarenhetsexperter\/fran-skuggorna-till-ljuset-bloggen\/\">Fr\u00e5n skuggorna till ljuset \u2013 bloggen<\/a><\/li><\/ul>\n\n\n<p><\/p>\n<\/div><\/div>\n\n\n<style>.kadence-column47193_435adc-5d > .kt-inside-inner-col{padding-top:31px;padding-right:31px;padding-bottom:31px;padding-left:31px;}.kadence-column47193_435adc-5d > .kt-inside-inner-col{border-top:1px solid #abb8c3;border-right:1px solid #abb8c3;border-bottom:1px solid #abb8c3;border-left:1px solid #abb8c3;}.kadence-column47193_435adc-5d > .kt-inside-inner-col,.kadence-column47193_435adc-5d > .kt-inside-inner-col:before{border-top-left-radius:20px;border-top-right-radius:20px;border-bottom-right-radius:20px;border-bottom-left-radius:20px;}.kadence-column47193_435adc-5d > .kt-inside-inner-col{column-gap:var(--global-kb-gap-sm, 1rem);}.kadence-column47193_435adc-5d > .kt-inside-inner-col{flex-direction:column;}.kadence-column47193_435adc-5d > .kt-inside-inner-col > .aligncenter{width:100%;}.kadence-column47193_435adc-5d > .kt-inside-inner-col:before{opacity:0.3;}.kadence-column47193_435adc-5d{text-align:center;}.kadence-column47193_435adc-5d{position:relative;}@media all and (max-width: 1024px){.kadence-column47193_435adc-5d > .kt-inside-inner-col{border-top:1px solid #abb8c3;border-right:1px solid #abb8c3;border-bottom:1px solid #abb8c3;border-left:1px solid #abb8c3;flex-direction:column;justify-content:center;}}@media all and (max-width: 767px){.kadence-column47193_435adc-5d > .kt-inside-inner-col{border-top:1px solid #abb8c3;border-right:1px solid #abb8c3;border-bottom:1px solid #abb8c3;border-left:1px solid #abb8c3;flex-direction:column;justify-content:center;}}<\/style>\n<div class=\"wp-block-kadence-column kadence-column47193_435adc-5d inner-column-2\"><div class=\"kt-inside-inner-col\">\n<p style=\"font-size:22px\">I fr\u00e5gor som g\u00e4ller erfarenhetsexpertverksamheten kan du kontakta erfarenhetskoordinatorn Sirpa Sinisalo per e-post:&nbsp;<a href=\"mailto:sirpa.sinisalo@niemikoti.fi\">sirpa.sinisalo@niemikoti.fi<\/a><\/p>\n<\/div><\/div>\n\n<\/div><\/div><div style=\"margin: 20px 0;\"><div class=\"qrcswholewtapper\" style=\"text-align:left;\"><div class=\"qrcprowrapper\"  id=\"qrcwraa2leds\"><div class=\"qrc_canvass\" id=\"qrc_cuttenpages_2\" style=\"display:none\" data-text=\"https:\/\/niemikoti.fi\/sv\/erfarenhetsexperter\/erfarenhetsexpertis-vid-stiftelsen-uddhemmet\/\"><\/div><div><a download=\"Erfarenhetsexpertis vid Stiftelsen Uddhemmet.png\" class=\"qrcdownloads\" id=\"worign\">\r\n           <button type=\"button\" style=\"min-width:200px;background:#c8fd8c;color:#000;font-weight: 600;border: 1px solid #dddddd;border-radius:4px;font-size:12px;padding: 6px 0;\" class=\"uqr_code_btn\">Lataa QR-koodi<\/button>\r\n           <\/a><\/div><\/div><\/div><\/div>","protected":false},"excerpt":{"rendered":"<p>Inom Stiftelsen Uddhemmet betonas gemenskap och trygghet i verksamheten f\u00f6r erfarenhetsexperter \u2013 n\u00e5got som m\u00f6jligg\u00f6rs av en icke-diskriminerande verksamhetsmilj\u00f6. Erfarenhetsexperterna vid Stiftelsen Uddhemmet har bland annat f\u00f6ljande uppgifter: Uppgifter utanf\u00f6r stiftelsen: I fr\u00e5gor som g\u00e4ller erfarenhetsexpertverksamheten kan du kontakta erfarenhetskoordinatorn Sirpa Sinisalo per e-post:&nbsp;sirpa.sinisalo@niemikoti.fi Lataa QR-koodi<\/p>\n","protected":false},"author":2,"featured_media":0,"parent":47186,"menu_order":1,"comment_status":"closed","ping_status":"closed","template":"","meta":{"_kad_blocks_custom_css":"","_kad_blocks_head_custom_js":"","_kad_blocks_body_custom_js":"","_kad_blocks_footer_custom_js":"","_kad_post_transparent":"","_kad_post_title":"","_kad_post_layout":"","_kad_post_sidebar_id":"","_kad_post_content_style":"","_kad_post_vertical_padding":"","_kad_post_feature":"","_kad_post_feature_position":"","_kad_post_header":false,"_kad_post_footer":false,"_kad_post_classname":"","cybocfi_hide_featured_image":"","footnotes":"","_links_to":"","_links_to_target":""},"sisaltoluokka":[],"class_list":["post-47193","page","type-page","status-publish","hentry"],"yoast_head":"<!-- This site is optimized with the Yoast SEO plugin v27.4 - https:\/\/yoast.com\/product\/yoast-seo-wordpress\/ -->\n<title>Erfarenhetsexpertis vid Stiftelsen Uddhemmet - Niemikotis\u00e4\u00e4ti\u00f6<\/title>\n<meta name=\"robots\" content=\"index, follow, max-snippet:-1, max-image-preview:large, max-video-preview:-1\" \/>\n<link rel=\"canonical\" href=\"https:\/\/niemikoti.fi\/sv\/erfarenhetsexperter\/erfarenhetsexpertis-vid-stiftelsen-uddhemmet\/\" \/>\n<meta property=\"og:locale\" content=\"sv_SE\" \/>\n<meta property=\"og:type\" content=\"article\" \/>\n<meta property=\"og:title\" content=\"Erfarenhetsexpertis vid Stiftelsen Uddhemmet - Niemikotis\u00e4\u00e4ti\u00f6\" \/>\n<meta property=\"og:description\" content=\"Inom Stiftelsen Uddhemmet betonas gemenskap och trygghet i verksamheten f\u00f6r erfarenhetsexperter \u2013 n\u00e5got som m\u00f6jligg\u00f6rs av en icke-diskriminerande verksamhetsmilj\u00f6. Erfarenhetsexperterna vid Stiftelsen Uddhemmet har bland annat f\u00f6ljande uppgifter: Uppgifter utanf\u00f6r stiftelsen: I fr\u00e5gor som g\u00e4ller erfarenhetsexpertverksamheten kan du kontakta erfarenhetskoordinatorn Sirpa Sinisalo per e-post:&nbsp;sirpa.sinisalo@niemikoti.fi Lataa QR-koodi\" \/>\n<meta property=\"og:url\" content=\"https:\/\/niemikoti.fi\/sv\/erfarenhetsexperter\/erfarenhetsexpertis-vid-stiftelsen-uddhemmet\/\" \/>\n<meta property=\"og:site_name\" content=\"Niemikotis\u00e4\u00e4ti\u00f6\" \/>\n<meta property=\"article:publisher\" content=\"https:\/\/www.facebook.com\/niemikoti\" \/>\n<meta property=\"article:modified_time\" content=\"2025-10-07T06:37:27+00:00\" \/>\n<meta name=\"twitter:card\" content=\"summary_large_image\" \/>\n<meta name=\"twitter:label1\" content=\"Ber\u00e4knad l\u00e4stid\" \/>\n\t<meta name=\"twitter:data1\" content=\"1 minut\" \/>\n<script type=\"application\/ld+json\" class=\"yoast-schema-graph\">{\"@context\":\"https:\\\/\\\/schema.org\",\"@graph\":[{\"@type\":\"WebPage\",\"@id\":\"https:\\\/\\\/niemikoti.fi\\\/sv\\\/erfarenhetsexperter\\\/erfarenhetsexpertis-vid-stiftelsen-uddhemmet\\\/\",\"url\":\"https:\\\/\\\/niemikoti.fi\\\/sv\\\/erfarenhetsexperter\\\/erfarenhetsexpertis-vid-stiftelsen-uddhemmet\\\/\",\"name\":\"Erfarenhetsexpertis vid Stiftelsen Uddhemmet - Niemikotis\u00e4\u00e4ti\u00f6\",\"isPartOf\":{\"@id\":\"https:\\\/\\\/niemikoti.fi\\\/#website\"},\"datePublished\":\"2019-01-23T12:26:15+00:00\",\"dateModified\":\"2025-10-07T06:37:27+00:00\",\"breadcrumb\":{\"@id\":\"https:\\\/\\\/niemikoti.fi\\\/sv\\\/erfarenhetsexperter\\\/erfarenhetsexpertis-vid-stiftelsen-uddhemmet\\\/#breadcrumb\"},\"inLanguage\":\"sv-SE\",\"potentialAction\":[{\"@type\":\"ReadAction\",\"target\":[\"https:\\\/\\\/niemikoti.fi\\\/sv\\\/erfarenhetsexperter\\\/erfarenhetsexpertis-vid-stiftelsen-uddhemmet\\\/\"]}]},{\"@type\":\"BreadcrumbList\",\"@id\":\"https:\\\/\\\/niemikoti.fi\\\/sv\\\/erfarenhetsexperter\\\/erfarenhetsexpertis-vid-stiftelsen-uddhemmet\\\/#breadcrumb\",\"itemListElement\":[{\"@type\":\"ListItem\",\"position\":1,\"name\":\"Home\",\"item\":\"https:\\\/\\\/niemikoti.fi\\\/sv\\\/\"},{\"@type\":\"ListItem\",\"position\":2,\"name\":\"Erfarenhetsexperter\",\"item\":\"https:\\\/\\\/niemikoti.fi\\\/sv\\\/erfarenhetsexperter\\\/\"},{\"@type\":\"ListItem\",\"position\":3,\"name\":\"Erfarenhetsexpertis vid Stiftelsen Uddhemmet\"}]},{\"@type\":\"WebSite\",\"@id\":\"https:\\\/\\\/niemikoti.fi\\\/#website\",\"url\":\"https:\\\/\\\/niemikoti.fi\\\/\",\"name\":\"Niemikotis\u00e4\u00e4ti\u00f6\",\"description\":\"Yhdess\u00e4 jo 40 vuotta\",\"publisher\":{\"@id\":\"https:\\\/\\\/niemikoti.fi\\\/#organization\"},\"potentialAction\":[{\"@type\":\"SearchAction\",\"target\":{\"@type\":\"EntryPoint\",\"urlTemplate\":\"https:\\\/\\\/niemikoti.fi\\\/?s={search_term_string}\"},\"query-input\":{\"@type\":\"PropertyValueSpecification\",\"valueRequired\":true,\"valueName\":\"search_term_string\"}}],\"inLanguage\":\"sv-SE\"},{\"@type\":\"Organization\",\"@id\":\"https:\\\/\\\/niemikoti.fi\\\/#organization\",\"name\":\"Niemikotis\u00e4\u00e4ti\u00f6\",\"url\":\"https:\\\/\\\/niemikoti.fi\\\/\",\"logo\":{\"@type\":\"ImageObject\",\"inLanguage\":\"sv-SE\",\"@id\":\"https:\\\/\\\/niemikoti.fi\\\/#\\\/schema\\\/logo\\\/image\\\/\",\"url\":\"https:\\\/\\\/niemikoti.fi\\\/wp-content\\\/uploads\\\/2023\\\/02\\\/niemikotilogo40v_vaaka.png\",\"contentUrl\":\"https:\\\/\\\/niemikoti.fi\\\/wp-content\\\/uploads\\\/2023\\\/02\\\/niemikotilogo40v_vaaka.png\",\"width\":1147,\"height\":418,\"caption\":\"Niemikotis\u00e4\u00e4ti\u00f6\"},\"image\":{\"@id\":\"https:\\\/\\\/niemikoti.fi\\\/#\\\/schema\\\/logo\\\/image\\\/\"},\"sameAs\":[\"https:\\\/\\\/www.facebook.com\\\/niemikoti\",\"https:\\\/\\\/www.instagram.com\\\/niemikoti\\\/\",\"https:\\\/\\\/www.youtube.com\\\/channel\\\/UCfo6l7q45CD_derGzEH8XGA\"]}]}<\/script>\n<!-- \/ Yoast SEO plugin. -->","yoast_head_json":{"title":"Erfarenhetsexpertis vid Stiftelsen Uddhemmet - Niemikotis\u00e4\u00e4ti\u00f6","robots":{"index":"index","follow":"follow","max-snippet":"max-snippet:-1","max-image-preview":"max-image-preview:large","max-video-preview":"max-video-preview:-1"},"canonical":"https:\/\/niemikoti.fi\/sv\/erfarenhetsexperter\/erfarenhetsexpertis-vid-stiftelsen-uddhemmet\/","og_locale":"sv_SE","og_type":"article","og_title":"Erfarenhetsexpertis vid Stiftelsen Uddhemmet - Niemikotis\u00e4\u00e4ti\u00f6","og_description":"Inom Stiftelsen Uddhemmet betonas gemenskap och trygghet i verksamheten f\u00f6r erfarenhetsexperter \u2013 n\u00e5got som m\u00f6jligg\u00f6rs av en icke-diskriminerande verksamhetsmilj\u00f6. Erfarenhetsexperterna vid Stiftelsen Uddhemmet har bland annat f\u00f6ljande uppgifter: Uppgifter utanf\u00f6r stiftelsen: I fr\u00e5gor som g\u00e4ller erfarenhetsexpertverksamheten kan du kontakta erfarenhetskoordinatorn Sirpa Sinisalo per e-post:&nbsp;sirpa.sinisalo@niemikoti.fi Lataa QR-koodi","og_url":"https:\/\/niemikoti.fi\/sv\/erfarenhetsexperter\/erfarenhetsexpertis-vid-stiftelsen-uddhemmet\/","og_site_name":"Niemikotis\u00e4\u00e4ti\u00f6","article_publisher":"https:\/\/www.facebook.com\/niemikoti","article_modified_time":"2025-10-07T06:37:27+00:00","twitter_card":"summary_large_image","twitter_misc":{"Ber\u00e4knad l\u00e4stid":"1 minut"},"schema":{"@context":"https:\/\/schema.org","@graph":[{"@type":"WebPage","@id":"https:\/\/niemikoti.fi\/sv\/erfarenhetsexperter\/erfarenhetsexpertis-vid-stiftelsen-uddhemmet\/","url":"https:\/\/niemikoti.fi\/sv\/erfarenhetsexperter\/erfarenhetsexpertis-vid-stiftelsen-uddhemmet\/","name":"Erfarenhetsexpertis vid Stiftelsen Uddhemmet - Niemikotis\u00e4\u00e4ti\u00f6","isPartOf":{"@id":"https:\/\/niemikoti.fi\/#website"},"datePublished":"2019-01-23T12:26:15+00:00","dateModified":"2025-10-07T06:37:27+00:00","breadcrumb":{"@id":"https:\/\/niemikoti.fi\/sv\/erfarenhetsexperter\/erfarenhetsexpertis-vid-stiftelsen-uddhemmet\/#breadcrumb"},"inLanguage":"sv-SE","potentialAction":[{"@type":"ReadAction","target":["https:\/\/niemikoti.fi\/sv\/erfarenhetsexperter\/erfarenhetsexpertis-vid-stiftelsen-uddhemmet\/"]}]},{"@type":"BreadcrumbList","@id":"https:\/\/niemikoti.fi\/sv\/erfarenhetsexperter\/erfarenhetsexpertis-vid-stiftelsen-uddhemmet\/#breadcrumb","itemListElement":[{"@type":"ListItem","position":1,"name":"Home","item":"https:\/\/niemikoti.fi\/sv\/"},{"@type":"ListItem","position":2,"name":"Erfarenhetsexperter","item":"https:\/\/niemikoti.fi\/sv\/erfarenhetsexperter\/"},{"@type":"ListItem","position":3,"name":"Erfarenhetsexpertis vid Stiftelsen Uddhemmet"}]},{"@type":"WebSite","@id":"https:\/\/niemikoti.fi\/#website","url":"https:\/\/niemikoti.fi\/","name":"Niemikotis\u00e4\u00e4ti\u00f6","description":"Yhdess\u00e4 jo 40 vuotta","publisher":{"@id":"https:\/\/niemikoti.fi\/#organization"},"potentialAction":[{"@type":"SearchAction","target":{"@type":"EntryPoint","urlTemplate":"https:\/\/niemikoti.fi\/?s={search_term_string}"},"query-input":{"@type":"PropertyValueSpecification","valueRequired":true,"valueName":"search_term_string"}}],"inLanguage":"sv-SE"},{"@type":"Organization","@id":"https:\/\/niemikoti.fi\/#organization","name":"Niemikotis\u00e4\u00e4ti\u00f6","url":"https:\/\/niemikoti.fi\/","logo":{"@type":"ImageObject","inLanguage":"sv-SE","@id":"https:\/\/niemikoti.fi\/#\/schema\/logo\/image\/","url":"https:\/\/niemikoti.fi\/wp-content\/uploads\/2023\/02\/niemikotilogo40v_vaaka.png","contentUrl":"https:\/\/niemikoti.fi\/wp-content\/uploads\/2023\/02\/niemikotilogo40v_vaaka.png","width":1147,"height":418,"caption":"Niemikotis\u00e4\u00e4ti\u00f6"},"image":{"@id":"https:\/\/niemikoti.fi\/#\/schema\/logo\/image\/"},"sameAs":["https:\/\/www.facebook.com\/niemikoti","https:\/\/www.instagram.com\/niemikoti\/","https:\/\/www.youtube.com\/channel\/UCfo6l7q45CD_derGzEH8XGA"]}]}},"taxonomy_info":[],"featured_image_src_large":false,"author_info":{"display_name":"Niemikotis\u00e4\u00e4ti\u00f6n viestint\u00e4","author_link":"https:\/\/niemikoti.fi\/sv\/author\/katjalampela\/"},"comment_info":0,"_links":{"self":[{"href":"https:\/\/niemikoti.fi\/sv\/wp-json\/wp\/v2\/pages\/47193","targetHints":{"allow":["GET"]}}],"collection":[{"href":"https:\/\/niemikoti.fi\/sv\/wp-json\/wp\/v2\/pages"}],"about":[{"href":"https:\/\/niemikoti.fi\/sv\/wp-json\/wp\/v2\/types\/page"}],"author":[{"embeddable":true,"href":"https:\/\/niemikoti.fi\/sv\/wp-json\/wp\/v2\/users\/2"}],"replies":[{"embeddable":true,"href":"https:\/\/niemikoti.fi\/sv\/wp-json\/wp\/v2\/comments?post=47193"}],"version-history":[{"count":3,"href":"https:\/\/niemikoti.fi\/sv\/wp-json\/wp\/v2\/pages\/47193\/revisions"}],"predecessor-version":[{"id":47208,"href":"https:\/\/niemikoti.fi\/sv\/wp-json\/wp\/v2\/pages\/47193\/revisions\/47208"}],"up":[{"embeddable":true,"href":"https:\/\/niemikoti.fi\/sv\/wp-json\/wp\/v2\/pages\/47186"}],"wp:attachment":[{"href":"https:\/\/niemikoti.fi\/sv\/wp-json\/wp\/v2\/media?parent=47193"}],"wp:term":[{"taxonomy":"sisaltoluokka","embeddable":true,"href":"https:\/\/niemikoti.fi\/sv\/wp-json\/wp\/v2\/sisaltoluokka?post=47193"}],"curies":[{"name":"wp","href":"https:\/\/api.w.org\/{rel}","templated":true}]}}