{"id":47190,"date":"2019-01-23T14:26:15","date_gmt":"2019-01-23T12:26:15","guid":{"rendered":"https:\/\/niemikoti.fi\/?page_id=47190"},"modified":"2025-10-07T09:33:05","modified_gmt":"2025-10-07T06:33:05","slug":"vad-ar-en-erfarenhetsexpert","status":"publish","type":"page","link":"https:\/\/niemikoti.fi\/sv\/erfarenhetsexperter\/vad-ar-en-erfarenhetsexpert\/","title":{"rendered":"Vad \u00e4r en erfarenhetsexpert?"},"content":{"rendered":"\n<p>En erfarenhetsexpert \u00e4r en person som har erfarenhet av en sjukdom, funktionsneds\u00e4ttning, st\u00f6rning eller beroende, och som har genomg\u00e5tt en utbildning som f\u00f6rbereder f\u00f6r uppdrag som erfarenhetsexpert. En erfarenhetsexpert kan vara en person med diagnos, en rehabiliteringsklient, en anv\u00e4ndare av tj\u00e4nster eller en anh\u00f6rig.<\/p>\n\n\n\n<p>Erfarenhetsexpertens upplevelser ger klientorienterad kunskap om att leva med sjukdom, om rehabilitering, om vardagen f\u00f6r personer i \u00e5terh\u00e4mtning samt om hur befintliga tj\u00e4nster fungerar och vilka nya behov som finns. Erfarenhetsexperten arbetar i samarbete med yrkespersoner och kompletterar deras arbete \u2013 inte ensam.<\/p>\n\n\n\n<p>Verksamheten f\u00f6r erfarenhetsexperter baserar sig p\u00e5 Social- och h\u00e4lsov\u00e5rdsministeriets plan f\u00f6r psykisk h\u00e4lsa och missbruksarbete 2009\u20132015 (<em>Mieli 2009-planen<\/em>). I planen konstateras att erfarenhetsexpertis ska anv\u00e4ndas inom:<\/p>\n\n\n\n<ul class=\"wp-block-list\">\n<li>planering, genomf\u00f6rande och utv\u00e4rdering av mentalv\u00e5rds- och missbrukartj\u00e4nster<\/li>\n\n\n\n<li>kommunernas strategiarbete<\/li>\n\n\n\n<li>rehabiliteringsarbetsgrupper<\/li>\n\n\n\n<li>boendetj\u00e4nster<\/li>\n\n\n\n<li>arbete som syftar till att minska tv\u00e5ngsv\u00e5rd och tv\u00e5ngs\u00e5tg\u00e4rder<\/li>\n\n\n\n<li>olika expertbed\u00f6mningar<\/li>\n\n\n\n<li>utbildning och informationsinsatser f\u00f6r att minska f\u00f6rdomar och st\u00e4rka klientens st\u00e4llning.<\/li>\n<\/ul>\n\n\n\n<p><em>K\u00e4lla:&nbsp;Guide till verksamhet med erfarenhetsexperter, Outi Hietala och P\u00e4ivi Rissanen, 2015<\/em><\/p>\n\n\n\n<p>Andra s\u00e4tt att anv\u00e4nda erfarenhetsexpertis:<\/p>\n\n\n\n<ul class=\"wp-block-list\">\n<li>vid intervjuer av nya klienter eller arbetstagare<\/li>\n\n\n\n<li>i introduktion<\/li>\n\n\n\n<li>vid presentation av en enhet<\/li>\n\n\n\n<li>i v\u00e5rdm\u00f6ten<\/li>\n\n\n\n<li>i kamratgrupper<\/li>\n<\/ul>\n\n\n<ul class=\"wp-block-page-list\"><li class=\"wp-block-pages-list__item\"><a class=\"wp-block-pages-list__item__link\" href=\"https:\/\/niemikoti.fi\/sv\/erfarenhetsexperter\/vad-ar-en-erfarenhetsexpert\/\">Vad \u00e4r en erfarenhetsexpert?<\/a><\/li><li class=\"wp-block-pages-list__item\"><a class=\"wp-block-pages-list__item__link\" href=\"https:\/\/niemikoti.fi\/sv\/erfarenhetsexperter\/erfarenhetsexpertis-vid-stiftelsen-uddhemmet\/\">Erfarenhetsexpertis vid Stiftelsen Uddhemmet<\/a><\/li><li class=\"wp-block-pages-list__item\"><a class=\"wp-block-pages-list__item__link\" href=\"https:\/\/niemikoti.fi\/sv\/erfarenhetsexperter\/erfarenhetsexperternas-etiska-principer-vid-stiftelsen-uddhemmet\/\">Erfarenhetsexperternas etiska principer vid Stiftelsen Uddhemmet<\/a><\/li><li class=\"wp-block-pages-list__item\"><a class=\"wp-block-pages-list__item__link\" href=\"https:\/\/niemikoti.fi\/sv\/erfarenhetsexperter\/fran-skuggorna-till-ljuset-bloggen\/\">Fr\u00e5n skuggorna till ljuset \u2013 bloggen<\/a><\/li><\/ul><div style=\"margin: 20px 0;\"><div class=\"qrcswholewtapper\" style=\"text-align:left;\"><div class=\"qrcprowrapper\"  id=\"qrcwraa2leds\"><div class=\"qrc_canvass\" id=\"qrc_cuttenpages_2\" style=\"display:none\" data-text=\"https:\/\/niemikoti.fi\/sv\/erfarenhetsexperter\/vad-ar-en-erfarenhetsexpert\/\"><\/div><div><a download=\"Vad \u00e4r en erfarenhetsexpert?.png\" class=\"qrcdownloads\" id=\"worign\">\r\n           <button type=\"button\" style=\"min-width:200px;background:#c8fd8c;color:#000;font-weight: 600;border: 1px solid #dddddd;border-radius:4px;font-size:12px;padding: 6px 0;\" class=\"uqr_code_btn\">Lataa QR-koodi<\/button>\r\n           <\/a><\/div><\/div><\/div><\/div>","protected":false},"excerpt":{"rendered":"<p>En erfarenhetsexpert \u00e4r en person som har erfarenhet av en sjukdom, funktionsneds\u00e4ttning, st\u00f6rning eller beroende, och som har genomg\u00e5tt en utbildning som f\u00f6rbereder f\u00f6r uppdrag som erfarenhetsexpert. En erfarenhetsexpert kan vara en person med diagnos, en rehabiliteringsklient, en anv\u00e4ndare av tj\u00e4nster eller en anh\u00f6rig. Erfarenhetsexpertens upplevelser ger klientorienterad kunskap om att leva med sjukdom, om&#8230;<\/p>\n","protected":false},"author":2,"featured_media":0,"parent":47186,"menu_order":0,"comment_status":"closed","ping_status":"closed","template":"","meta":{"_kad_blocks_custom_css":"","_kad_blocks_head_custom_js":"","_kad_blocks_body_custom_js":"","_kad_blocks_footer_custom_js":"","_kad_post_transparent":"","_kad_post_title":"","_kad_post_layout":"","_kad_post_sidebar_id":"","_kad_post_content_style":"","_kad_post_vertical_padding":"","_kad_post_feature":"","_kad_post_feature_position":"","_kad_post_header":false,"_kad_post_footer":false,"_kad_post_classname":"","cybocfi_hide_featured_image":"","footnotes":"","_links_to":"","_links_to_target":""},"sisaltoluokka":[],"class_list":["post-47190","page","type-page","status-publish","hentry"],"yoast_head":"<!-- This site is optimized with the Yoast SEO plugin v27.4 - https:\/\/yoast.com\/product\/yoast-seo-wordpress\/ -->\n<title>Vad \u00e4r en erfarenhetsexpert? - Niemikotis\u00e4\u00e4ti\u00f6<\/title>\n<meta name=\"robots\" content=\"index, follow, max-snippet:-1, max-image-preview:large, max-video-preview:-1\" \/>\n<link rel=\"canonical\" href=\"https:\/\/niemikoti.fi\/sv\/erfarenhetsexperter\/vad-ar-en-erfarenhetsexpert\/\" \/>\n<meta property=\"og:locale\" content=\"sv_SE\" \/>\n<meta property=\"og:type\" content=\"article\" \/>\n<meta property=\"og:title\" content=\"Vad \u00e4r en erfarenhetsexpert? - Niemikotis\u00e4\u00e4ti\u00f6\" \/>\n<meta property=\"og:description\" content=\"En erfarenhetsexpert \u00e4r en person som har erfarenhet av en sjukdom, funktionsneds\u00e4ttning, st\u00f6rning eller beroende, och som har genomg\u00e5tt en utbildning som f\u00f6rbereder f\u00f6r uppdrag som erfarenhetsexpert. En erfarenhetsexpert kan vara en person med diagnos, en rehabiliteringsklient, en anv\u00e4ndare av tj\u00e4nster eller en anh\u00f6rig. Erfarenhetsexpertens upplevelser ger klientorienterad kunskap om att leva med sjukdom, om...\" \/>\n<meta property=\"og:url\" content=\"https:\/\/niemikoti.fi\/sv\/erfarenhetsexperter\/vad-ar-en-erfarenhetsexpert\/\" \/>\n<meta property=\"og:site_name\" content=\"Niemikotis\u00e4\u00e4ti\u00f6\" \/>\n<meta property=\"article:publisher\" content=\"https:\/\/www.facebook.com\/niemikoti\" \/>\n<meta property=\"article:modified_time\" content=\"2025-10-07T06:33:05+00:00\" \/>\n<meta name=\"twitter:card\" content=\"summary_large_image\" \/>\n<meta name=\"twitter:label1\" content=\"Ber\u00e4knad l\u00e4stid\" \/>\n\t<meta name=\"twitter:data1\" content=\"1 minut\" \/>\n<script type=\"application\/ld+json\" class=\"yoast-schema-graph\">{\"@context\":\"https:\\\/\\\/schema.org\",\"@graph\":[{\"@type\":\"WebPage\",\"@id\":\"https:\\\/\\\/niemikoti.fi\\\/sv\\\/erfarenhetsexperter\\\/vad-ar-en-erfarenhetsexpert\\\/\",\"url\":\"https:\\\/\\\/niemikoti.fi\\\/sv\\\/erfarenhetsexperter\\\/vad-ar-en-erfarenhetsexpert\\\/\",\"name\":\"Vad \u00e4r en erfarenhetsexpert? - Niemikotis\u00e4\u00e4ti\u00f6\",\"isPartOf\":{\"@id\":\"https:\\\/\\\/niemikoti.fi\\\/#website\"},\"datePublished\":\"2019-01-23T12:26:15+00:00\",\"dateModified\":\"2025-10-07T06:33:05+00:00\",\"breadcrumb\":{\"@id\":\"https:\\\/\\\/niemikoti.fi\\\/sv\\\/erfarenhetsexperter\\\/vad-ar-en-erfarenhetsexpert\\\/#breadcrumb\"},\"inLanguage\":\"sv-SE\",\"potentialAction\":[{\"@type\":\"ReadAction\",\"target\":[\"https:\\\/\\\/niemikoti.fi\\\/sv\\\/erfarenhetsexperter\\\/vad-ar-en-erfarenhetsexpert\\\/\"]}]},{\"@type\":\"BreadcrumbList\",\"@id\":\"https:\\\/\\\/niemikoti.fi\\\/sv\\\/erfarenhetsexperter\\\/vad-ar-en-erfarenhetsexpert\\\/#breadcrumb\",\"itemListElement\":[{\"@type\":\"ListItem\",\"position\":1,\"name\":\"Home\",\"item\":\"https:\\\/\\\/niemikoti.fi\\\/sv\\\/\"},{\"@type\":\"ListItem\",\"position\":2,\"name\":\"Erfarenhetsexperter\",\"item\":\"https:\\\/\\\/niemikoti.fi\\\/sv\\\/erfarenhetsexperter\\\/\"},{\"@type\":\"ListItem\",\"position\":3,\"name\":\"Vad \u00e4r en erfarenhetsexpert?\"}]},{\"@type\":\"WebSite\",\"@id\":\"https:\\\/\\\/niemikoti.fi\\\/#website\",\"url\":\"https:\\\/\\\/niemikoti.fi\\\/\",\"name\":\"Niemikotis\u00e4\u00e4ti\u00f6\",\"description\":\"Yhdess\u00e4 jo 40 vuotta\",\"publisher\":{\"@id\":\"https:\\\/\\\/niemikoti.fi\\\/#organization\"},\"potentialAction\":[{\"@type\":\"SearchAction\",\"target\":{\"@type\":\"EntryPoint\",\"urlTemplate\":\"https:\\\/\\\/niemikoti.fi\\\/?s={search_term_string}\"},\"query-input\":{\"@type\":\"PropertyValueSpecification\",\"valueRequired\":true,\"valueName\":\"search_term_string\"}}],\"inLanguage\":\"sv-SE\"},{\"@type\":\"Organization\",\"@id\":\"https:\\\/\\\/niemikoti.fi\\\/#organization\",\"name\":\"Niemikotis\u00e4\u00e4ti\u00f6\",\"url\":\"https:\\\/\\\/niemikoti.fi\\\/\",\"logo\":{\"@type\":\"ImageObject\",\"inLanguage\":\"sv-SE\",\"@id\":\"https:\\\/\\\/niemikoti.fi\\\/#\\\/schema\\\/logo\\\/image\\\/\",\"url\":\"https:\\\/\\\/niemikoti.fi\\\/wp-content\\\/uploads\\\/2023\\\/02\\\/niemikotilogo40v_vaaka.png\",\"contentUrl\":\"https:\\\/\\\/niemikoti.fi\\\/wp-content\\\/uploads\\\/2023\\\/02\\\/niemikotilogo40v_vaaka.png\",\"width\":1147,\"height\":418,\"caption\":\"Niemikotis\u00e4\u00e4ti\u00f6\"},\"image\":{\"@id\":\"https:\\\/\\\/niemikoti.fi\\\/#\\\/schema\\\/logo\\\/image\\\/\"},\"sameAs\":[\"https:\\\/\\\/www.facebook.com\\\/niemikoti\",\"https:\\\/\\\/www.instagram.com\\\/niemikoti\\\/\",\"https:\\\/\\\/www.youtube.com\\\/channel\\\/UCfo6l7q45CD_derGzEH8XGA\"]}]}<\/script>\n<!-- \/ Yoast SEO plugin. -->","yoast_head_json":{"title":"Vad \u00e4r en erfarenhetsexpert? - Niemikotis\u00e4\u00e4ti\u00f6","robots":{"index":"index","follow":"follow","max-snippet":"max-snippet:-1","max-image-preview":"max-image-preview:large","max-video-preview":"max-video-preview:-1"},"canonical":"https:\/\/niemikoti.fi\/sv\/erfarenhetsexperter\/vad-ar-en-erfarenhetsexpert\/","og_locale":"sv_SE","og_type":"article","og_title":"Vad \u00e4r en erfarenhetsexpert? - Niemikotis\u00e4\u00e4ti\u00f6","og_description":"En erfarenhetsexpert \u00e4r en person som har erfarenhet av en sjukdom, funktionsneds\u00e4ttning, st\u00f6rning eller beroende, och som har genomg\u00e5tt en utbildning som f\u00f6rbereder f\u00f6r uppdrag som erfarenhetsexpert. En erfarenhetsexpert kan vara en person med diagnos, en rehabiliteringsklient, en anv\u00e4ndare av tj\u00e4nster eller en anh\u00f6rig. Erfarenhetsexpertens upplevelser ger klientorienterad kunskap om att leva med sjukdom, om...","og_url":"https:\/\/niemikoti.fi\/sv\/erfarenhetsexperter\/vad-ar-en-erfarenhetsexpert\/","og_site_name":"Niemikotis\u00e4\u00e4ti\u00f6","article_publisher":"https:\/\/www.facebook.com\/niemikoti","article_modified_time":"2025-10-07T06:33:05+00:00","twitter_card":"summary_large_image","twitter_misc":{"Ber\u00e4knad l\u00e4stid":"1 minut"},"schema":{"@context":"https:\/\/schema.org","@graph":[{"@type":"WebPage","@id":"https:\/\/niemikoti.fi\/sv\/erfarenhetsexperter\/vad-ar-en-erfarenhetsexpert\/","url":"https:\/\/niemikoti.fi\/sv\/erfarenhetsexperter\/vad-ar-en-erfarenhetsexpert\/","name":"Vad \u00e4r en erfarenhetsexpert? - Niemikotis\u00e4\u00e4ti\u00f6","isPartOf":{"@id":"https:\/\/niemikoti.fi\/#website"},"datePublished":"2019-01-23T12:26:15+00:00","dateModified":"2025-10-07T06:33:05+00:00","breadcrumb":{"@id":"https:\/\/niemikoti.fi\/sv\/erfarenhetsexperter\/vad-ar-en-erfarenhetsexpert\/#breadcrumb"},"inLanguage":"sv-SE","potentialAction":[{"@type":"ReadAction","target":["https:\/\/niemikoti.fi\/sv\/erfarenhetsexperter\/vad-ar-en-erfarenhetsexpert\/"]}]},{"@type":"BreadcrumbList","@id":"https:\/\/niemikoti.fi\/sv\/erfarenhetsexperter\/vad-ar-en-erfarenhetsexpert\/#breadcrumb","itemListElement":[{"@type":"ListItem","position":1,"name":"Home","item":"https:\/\/niemikoti.fi\/sv\/"},{"@type":"ListItem","position":2,"name":"Erfarenhetsexperter","item":"https:\/\/niemikoti.fi\/sv\/erfarenhetsexperter\/"},{"@type":"ListItem","position":3,"name":"Vad \u00e4r en erfarenhetsexpert?"}]},{"@type":"WebSite","@id":"https:\/\/niemikoti.fi\/#website","url":"https:\/\/niemikoti.fi\/","name":"Niemikotis\u00e4\u00e4ti\u00f6","description":"Yhdess\u00e4 jo 40 vuotta","publisher":{"@id":"https:\/\/niemikoti.fi\/#organization"},"potentialAction":[{"@type":"SearchAction","target":{"@type":"EntryPoint","urlTemplate":"https:\/\/niemikoti.fi\/?s={search_term_string}"},"query-input":{"@type":"PropertyValueSpecification","valueRequired":true,"valueName":"search_term_string"}}],"inLanguage":"sv-SE"},{"@type":"Organization","@id":"https:\/\/niemikoti.fi\/#organization","name":"Niemikotis\u00e4\u00e4ti\u00f6","url":"https:\/\/niemikoti.fi\/","logo":{"@type":"ImageObject","inLanguage":"sv-SE","@id":"https:\/\/niemikoti.fi\/#\/schema\/logo\/image\/","url":"https:\/\/niemikoti.fi\/wp-content\/uploads\/2023\/02\/niemikotilogo40v_vaaka.png","contentUrl":"https:\/\/niemikoti.fi\/wp-content\/uploads\/2023\/02\/niemikotilogo40v_vaaka.png","width":1147,"height":418,"caption":"Niemikotis\u00e4\u00e4ti\u00f6"},"image":{"@id":"https:\/\/niemikoti.fi\/#\/schema\/logo\/image\/"},"sameAs":["https:\/\/www.facebook.com\/niemikoti","https:\/\/www.instagram.com\/niemikoti\/","https:\/\/www.youtube.com\/channel\/UCfo6l7q45CD_derGzEH8XGA"]}]}},"taxonomy_info":[],"featured_image_src_large":false,"author_info":{"display_name":"Niemikotis\u00e4\u00e4ti\u00f6n viestint\u00e4","author_link":"https:\/\/niemikoti.fi\/sv\/author\/katjalampela\/"},"comment_info":0,"_links":{"self":[{"href":"https:\/\/niemikoti.fi\/sv\/wp-json\/wp\/v2\/pages\/47190","targetHints":{"allow":["GET"]}}],"collection":[{"href":"https:\/\/niemikoti.fi\/sv\/wp-json\/wp\/v2\/pages"}],"about":[{"href":"https:\/\/niemikoti.fi\/sv\/wp-json\/wp\/v2\/types\/page"}],"author":[{"embeddable":true,"href":"https:\/\/niemikoti.fi\/sv\/wp-json\/wp\/v2\/users\/2"}],"replies":[{"embeddable":true,"href":"https:\/\/niemikoti.fi\/sv\/wp-json\/wp\/v2\/comments?post=47190"}],"version-history":[{"count":2,"href":"https:\/\/niemikoti.fi\/sv\/wp-json\/wp\/v2\/pages\/47190\/revisions"}],"predecessor-version":[{"id":47205,"href":"https:\/\/niemikoti.fi\/sv\/wp-json\/wp\/v2\/pages\/47190\/revisions\/47205"}],"up":[{"embeddable":true,"href":"https:\/\/niemikoti.fi\/sv\/wp-json\/wp\/v2\/pages\/47186"}],"wp:attachment":[{"href":"https:\/\/niemikoti.fi\/sv\/wp-json\/wp\/v2\/media?parent=47190"}],"wp:term":[{"taxonomy":"sisaltoluokka","embeddable":true,"href":"https:\/\/niemikoti.fi\/sv\/wp-json\/wp\/v2\/sisaltoluokka?post=47190"}],"curies":[{"name":"wp","href":"https:\/\/api.w.org\/{rel}","templated":true}]}}