{"id":47177,"date":"2023-03-27T12:28:37","date_gmt":"2023-03-27T09:28:37","guid":{"rendered":"https:\/\/niemikoti.fi\/?page_id=47177"},"modified":"2025-10-07T08:07:48","modified_gmt":"2025-10-07T05:07:48","slug":"yhteiskunnallinen-yritys","status":"publish","type":"page","link":"https:\/\/niemikoti.fi\/sv\/om-stiftelsen-uddhemmet\/yhteiskunnallinen-yritys\/","title":{"rendered":"Samh\u00e4lleligt f\u00f6retag"},"content":{"rendered":"<style>.kb-row-layout-id47177_7b9d6e-70 > .kt-row-column-wrap{align-content:start;}:where(.kb-row-layout-id47177_7b9d6e-70 > .kt-row-column-wrap) > .wp-block-kadence-column{justify-content:start;}.kb-row-layout-id47177_7b9d6e-70 > .kt-row-column-wrap{column-gap:var(--global-kb-gap-md, 2rem);row-gap:var(--global-kb-gap-md, 2rem);padding-top:var(--global-kb-spacing-sm, 1.5rem);padding-bottom:var(--global-kb-spacing-sm, 1.5rem);grid-template-columns:repeat(2, minmax(0, 1fr));}.kb-row-layout-id47177_7b9d6e-70 > .kt-row-layout-overlay{opacity:0.30;}@media all and (max-width: 1024px){.kb-row-layout-id47177_7b9d6e-70 > .kt-row-column-wrap{grid-template-columns:repeat(2, minmax(0, 1fr));}}@media all and (max-width: 767px){.kb-row-layout-id47177_7b9d6e-70 > .kt-row-column-wrap{grid-template-columns:minmax(0, 1fr);}}<\/style><div class=\"kb-row-layout-wrap kb-row-layout-id47177_7b9d6e-70 alignnone wp-block-kadence-rowlayout\"><div class=\"kt-row-column-wrap kt-has-2-columns kt-row-layout-equal kt-tab-layout-inherit kt-mobile-layout-row kt-row-valign-top\">\n<style>.kadence-column47177_ea8c31-d3 > .kt-inside-inner-col,.kadence-column47177_ea8c31-d3 > .kt-inside-inner-col:before{border-top-left-radius:0px;border-top-right-radius:0px;border-bottom-right-radius:0px;border-bottom-left-radius:0px;}.kadence-column47177_ea8c31-d3 > .kt-inside-inner-col{column-gap:var(--global-kb-gap-sm, 1rem);}.kadence-column47177_ea8c31-d3 > .kt-inside-inner-col{flex-direction:column;}.kadence-column47177_ea8c31-d3 > .kt-inside-inner-col > .aligncenter{width:100%;}.kadence-column47177_ea8c31-d3 > .kt-inside-inner-col:before{opacity:0.3;}.kadence-column47177_ea8c31-d3{position:relative;}@media all and (max-width: 1024px){.kadence-column47177_ea8c31-d3 > .kt-inside-inner-col{flex-direction:column;justify-content:center;}}@media all and (max-width: 767px){.kadence-column47177_ea8c31-d3 > .kt-inside-inner-col{flex-direction:column;justify-content:center;}}<\/style>\n<div class=\"wp-block-kadence-column kadence-column47177_ea8c31-d3\"><div class=\"kt-inside-inner-col\">\n<p class=\"has-medium-font-size\">Stiftelsen Uddhemmet har beviljats m\u00e4rket&nbsp;<em>Samh\u00e4lleligt f\u00f6retag<\/em>&nbsp;av F\u00f6rbundet f\u00f6r Finl\u00e4ndskt Arbete. Enligt f\u00f6rbundets definition inneb\u00e4r detta i korthet f\u00f6ljande:<\/p>\n\n\n\n<p>Samh\u00e4lleliga f\u00f6retag verkar ansvarsfullt och tar socialt ansvar. Dessa f\u00f6retag bedriver h\u00e5llbar, l\u00e5ngsiktig verksamhet och anv\u00e4nder minst h\u00e4lften av sin vinst till att utveckla sin verksamhet eller donerar den till ett angivet allm\u00e4nnyttigt \u00e4ndam\u00e5l. M\u00e4rket kan beviljas f\u00f6retag som har grundats f\u00f6r att l\u00f6sa samh\u00e4lleliga eller milj\u00f6relaterade problem.<\/p>\n\n\n\n<p>Transparens och \u00f6ppenhet \u00e4r ocks\u00e5 viktiga principer. F\u00f6retaget ska fastst\u00e4lla sitt samh\u00e4lleliga m\u00e5l och hur vinsten anv\u00e4nds i sina stadgar eller regler. Se de detaljerade kriterierna i reglerna f\u00f6r m\u00e4rket\u00a0<em>Samh\u00e4lleligt f\u00f6retag<\/em>.<\/p>\n<\/div><\/div>\n\n\n<style>.kadence-column47177_5c9020-bc > .kt-inside-inner-col,.kadence-column47177_5c9020-bc > .kt-inside-inner-col:before{border-top-left-radius:0px;border-top-right-radius:0px;border-bottom-right-radius:0px;border-bottom-left-radius:0px;}.kadence-column47177_5c9020-bc > .kt-inside-inner-col{column-gap:var(--global-kb-gap-sm, 1rem);}.kadence-column47177_5c9020-bc > .kt-inside-inner-col{flex-direction:column;}.kadence-column47177_5c9020-bc > .kt-inside-inner-col > .aligncenter{width:100%;}.kadence-column47177_5c9020-bc > .kt-inside-inner-col:before{opacity:0.3;}.kadence-column47177_5c9020-bc{position:relative;}@media all and (max-width: 1024px){.kadence-column47177_5c9020-bc > .kt-inside-inner-col{flex-direction:column;justify-content:center;}}@media all and (max-width: 767px){.kadence-column47177_5c9020-bc > .kt-inside-inner-col{flex-direction:column;justify-content:center;}}<\/style>\n<div class=\"wp-block-kadence-column kadence-column47177_5c9020-bc\"><div class=\"kt-inside-inner-col\"><style>.kadence-column47177_e9a050-77 > .kt-inside-inner-col{padding-top:60px;padding-right:60px;padding-bottom:60px;padding-left:60px;}.kadence-column47177_e9a050-77 > .kt-inside-inner-col,.kadence-column47177_e9a050-77 > .kt-inside-inner-col:before{border-top-left-radius:0px;border-top-right-radius:60px;border-bottom-right-radius:0px;border-bottom-left-radius:60px;}.kadence-column47177_e9a050-77 > .kt-inside-inner-col{column-gap:var(--global-kb-gap-sm, 1rem);}.kadence-column47177_e9a050-77 > .kt-inside-inner-col{flex-direction:column;}.kadence-column47177_e9a050-77 > .kt-inside-inner-col > .aligncenter{width:100%;}.kadence-column47177_e9a050-77 > .kt-inside-inner-col{background-color:rgba(113, 128, 150, 0.2);}.kadence-column47177_e9a050-77 > .kt-inside-inner-col:before{opacity:0.3;}.kadence-column47177_e9a050-77{position:relative;}@media all and (max-width: 1024px){.kadence-column47177_e9a050-77 > .kt-inside-inner-col{flex-direction:column;justify-content:center;}}@media all and (max-width: 767px){.kadence-column47177_e9a050-77 > .kt-inside-inner-col{flex-direction:column;justify-content:center;}}<\/style>\n<div class=\"wp-block-kadence-column kadence-column47177_e9a050-77 inner-column-1\"><div class=\"kt-inside-inner-col\"><style>.kb-image47177_35046d-41.kb-image-is-ratio-size, .kb-image47177_35046d-41 .kb-image-is-ratio-size{max-width:162px;width:100%;}.wp-block-kadence-column > .kt-inside-inner-col > .kb-image47177_35046d-41.kb-image-is-ratio-size, .wp-block-kadence-column > .kt-inside-inner-col > .kb-image47177_35046d-41 .kb-image-is-ratio-size{align-self:unset;}.kb-image47177_35046d-41 figure{max-width:162px;}.kb-image47177_35046d-41 .image-is-svg, .kb-image47177_35046d-41 .image-is-svg img{width:100%;}.kb-image47177_35046d-41 .kb-image-has-overlay:after{opacity:0.3;}<\/style>\n<div class=\"wp-block-kadence-image kb-image47177_35046d-41\"><figure class=\"alignright size-medium\"><img loading=\"lazy\" decoding=\"async\" width=\"300\" height=\"191\" src=\"https:\/\/niemikoti.fi\/wp-content\/uploads\/2025\/10\/YMERKKI_LOGO_LOWRE_ruotsi_sininen_RGB-300x191.png\" alt=\"Logotyp med texten &quot;Samh\u00e4lleligt F\u00f6retag&quot; i bl\u00e5tt p\u00e5 vit bakgrund.\" class=\"kb-img wp-image-47178\" srcset=\"https:\/\/niemikoti.fi\/wp-content\/uploads\/2025\/10\/YMERKKI_LOGO_LOWRE_ruotsi_sininen_RGB-300x191.png 300w, https:\/\/niemikoti.fi\/wp-content\/uploads\/2025\/10\/YMERKKI_LOGO_LOWRE_ruotsi_sininen_RGB-1024x652.png 1024w, https:\/\/niemikoti.fi\/wp-content\/uploads\/2025\/10\/YMERKKI_LOGO_LOWRE_ruotsi_sininen_RGB-768x489.png 768w, https:\/\/niemikoti.fi\/wp-content\/uploads\/2025\/10\/YMERKKI_LOGO_LOWRE_ruotsi_sininen_RGB-1536x978.png 1536w, https:\/\/niemikoti.fi\/wp-content\/uploads\/2025\/10\/YMERKKI_LOGO_LOWRE_ruotsi_sininen_RGB-1320x841.png 1320w, https:\/\/niemikoti.fi\/wp-content\/uploads\/2025\/10\/YMERKKI_LOGO_LOWRE_ruotsi_sininen_RGB.png 1570w\" sizes=\"auto, (max-width: 300px) 100vw, 300px\" \/><\/figure><\/div>\n\n\n\n<div class=\"wp-block-group has-theme-palette-6-color has-text-color\"><div class=\"wp-block-group__inner-container is-layout-constrained wp-block-group-is-layout-constrained\">\n<p><em>Stiftelsen Uddhemmet skapar samh\u00e4llelig nytta genom att bedriva ansvarsfullt, l\u00e5ngsiktigt och icke-vinstdrivande arbete inom mentalv\u00e5rdsomr\u00e5det.<\/em><\/p>\n\n\n\n<p><em>Genom att anst\u00e4lla eller ge arbetsuppgifter till en person med nedsatt arbetsf\u00f6rm\u00e5ga st\u00f6der du personens sociala rehabilitering och m\u00f6jligheter till delaktighet.<\/em><\/p>\n<\/div><\/div>\n<\/div><\/div>\n<\/div><\/div>\n\n<\/div><\/div><div style=\"margin: 20px 0;\"><div class=\"qrcswholewtapper\" style=\"text-align:left;\"><div class=\"qrcprowrapper\"  id=\"qrcwraa2leds\"><div class=\"qrc_canvass\" id=\"qrc_cuttenpages_2\" style=\"display:none\" data-text=\"https:\/\/niemikoti.fi\/sv\/om-stiftelsen-uddhemmet\/yhteiskunnallinen-yritys\/\"><\/div><div><a download=\"Samh\u00e4lleligt f\u00f6retag.png\" class=\"qrcdownloads\" id=\"worign\">\r\n           <button type=\"button\" style=\"min-width:200px;background:#c8fd8c;color:#000;font-weight: 600;border: 1px solid #dddddd;border-radius:4px;font-size:12px;padding: 6px 0;\" class=\"uqr_code_btn\">Lataa QR-koodi<\/button>\r\n           <\/a><\/div><\/div><\/div><\/div>","protected":false},"excerpt":{"rendered":"<p>Stiftelsen Uddhemmet har beviljats m\u00e4rket&nbsp;Samh\u00e4lleligt f\u00f6retag&nbsp;av F\u00f6rbundet f\u00f6r Finl\u00e4ndskt Arbete. Enligt f\u00f6rbundets definition inneb\u00e4r detta i korthet f\u00f6ljande: Samh\u00e4lleliga f\u00f6retag verkar ansvarsfullt och tar socialt ansvar. Dessa f\u00f6retag bedriver h\u00e5llbar, l\u00e5ngsiktig verksamhet och anv\u00e4nder minst h\u00e4lften av sin vinst till att utveckla sin verksamhet eller donerar den till ett angivet allm\u00e4nnyttigt \u00e4ndam\u00e5l. M\u00e4rket kan beviljas&#8230;<\/p>\n","protected":false},"author":2,"featured_media":0,"parent":46917,"menu_order":9,"comment_status":"closed","ping_status":"closed","template":"","meta":{"_kad_blocks_custom_css":"","_kad_blocks_head_custom_js":"","_kad_blocks_body_custom_js":"","_kad_blocks_footer_custom_js":"","_kad_post_transparent":"","_kad_post_title":"","_kad_post_layout":"","_kad_post_sidebar_id":"","_kad_post_content_style":"","_kad_post_vertical_padding":"","_kad_post_feature":"","_kad_post_feature_position":"","_kad_post_header":false,"_kad_post_footer":false,"_kad_post_classname":"","cybocfi_hide_featured_image":"","footnotes":"","_links_to":"","_links_to_target":""},"sisaltoluokka":[],"class_list":["post-47177","page","type-page","status-publish","hentry"],"yoast_head":"<!-- This site is optimized with the Yoast SEO plugin v27.3 - https:\/\/yoast.com\/product\/yoast-seo-wordpress\/ -->\n<title>Samh\u00e4lleligt f\u00f6retag - Niemikotis\u00e4\u00e4ti\u00f6<\/title>\n<meta name=\"robots\" content=\"index, follow, max-snippet:-1, max-image-preview:large, max-video-preview:-1\" \/>\n<link rel=\"canonical\" href=\"https:\/\/niemikoti.fi\/sv\/om-stiftelsen-uddhemmet\/yhteiskunnallinen-yritys\/\" \/>\n<meta property=\"og:locale\" content=\"sv_SE\" \/>\n<meta property=\"og:type\" content=\"article\" \/>\n<meta property=\"og:title\" content=\"Samh\u00e4lleligt f\u00f6retag - Niemikotis\u00e4\u00e4ti\u00f6\" \/>\n<meta property=\"og:description\" content=\"Stiftelsen Uddhemmet har beviljats m\u00e4rket&nbsp;Samh\u00e4lleligt f\u00f6retag&nbsp;av F\u00f6rbundet f\u00f6r Finl\u00e4ndskt Arbete. Enligt f\u00f6rbundets definition inneb\u00e4r detta i korthet f\u00f6ljande: Samh\u00e4lleliga f\u00f6retag verkar ansvarsfullt och tar socialt ansvar. Dessa f\u00f6retag bedriver h\u00e5llbar, l\u00e5ngsiktig verksamhet och anv\u00e4nder minst h\u00e4lften av sin vinst till att utveckla sin verksamhet eller donerar den till ett angivet allm\u00e4nnyttigt \u00e4ndam\u00e5l. M\u00e4rket kan beviljas...\" \/>\n<meta property=\"og:url\" content=\"https:\/\/niemikoti.fi\/sv\/om-stiftelsen-uddhemmet\/yhteiskunnallinen-yritys\/\" \/>\n<meta property=\"og:site_name\" content=\"Niemikotis\u00e4\u00e4ti\u00f6\" \/>\n<meta property=\"article:publisher\" content=\"https:\/\/www.facebook.com\/niemikoti\" \/>\n<meta property=\"article:modified_time\" content=\"2025-10-07T05:07:48+00:00\" \/>\n<meta property=\"og:image\" content=\"https:\/\/niemikoti.fi\/wp-content\/uploads\/2025\/10\/YMERKKI_LOGO_LOWRE_ruotsi_sininen_RGB.png\" \/>\n\t<meta property=\"og:image:width\" content=\"1570\" \/>\n\t<meta property=\"og:image:height\" content=\"1000\" \/>\n\t<meta property=\"og:image:type\" content=\"image\/png\" \/>\n<meta name=\"twitter:card\" content=\"summary_large_image\" \/>\n<meta name=\"twitter:label1\" content=\"Ber\u00e4knad l\u00e4stid\" \/>\n\t<meta name=\"twitter:data1\" content=\"1 minut\" \/>\n<script type=\"application\/ld+json\" class=\"yoast-schema-graph\">{\"@context\":\"https:\\\/\\\/schema.org\",\"@graph\":[{\"@type\":\"WebPage\",\"@id\":\"https:\\\/\\\/niemikoti.fi\\\/sv\\\/om-stiftelsen-uddhemmet\\\/yhteiskunnallinen-yritys\\\/\",\"url\":\"https:\\\/\\\/niemikoti.fi\\\/sv\\\/om-stiftelsen-uddhemmet\\\/yhteiskunnallinen-yritys\\\/\",\"name\":\"Samh\u00e4lleligt f\u00f6retag - Niemikotis\u00e4\u00e4ti\u00f6\",\"isPartOf\":{\"@id\":\"https:\\\/\\\/niemikoti.fi\\\/#website\"},\"primaryImageOfPage\":{\"@id\":\"https:\\\/\\\/niemikoti.fi\\\/sv\\\/om-stiftelsen-uddhemmet\\\/yhteiskunnallinen-yritys\\\/#primaryimage\"},\"image\":{\"@id\":\"https:\\\/\\\/niemikoti.fi\\\/sv\\\/om-stiftelsen-uddhemmet\\\/yhteiskunnallinen-yritys\\\/#primaryimage\"},\"thumbnailUrl\":\"https:\\\/\\\/niemikoti.fi\\\/wp-content\\\/uploads\\\/2025\\\/10\\\/YMERKKI_LOGO_LOWRE_ruotsi_sininen_RGB-300x191.png\",\"datePublished\":\"2023-03-27T09:28:37+00:00\",\"dateModified\":\"2025-10-07T05:07:48+00:00\",\"breadcrumb\":{\"@id\":\"https:\\\/\\\/niemikoti.fi\\\/sv\\\/om-stiftelsen-uddhemmet\\\/yhteiskunnallinen-yritys\\\/#breadcrumb\"},\"inLanguage\":\"sv-SE\",\"potentialAction\":[{\"@type\":\"ReadAction\",\"target\":[\"https:\\\/\\\/niemikoti.fi\\\/sv\\\/om-stiftelsen-uddhemmet\\\/yhteiskunnallinen-yritys\\\/\"]}]},{\"@type\":\"ImageObject\",\"inLanguage\":\"sv-SE\",\"@id\":\"https:\\\/\\\/niemikoti.fi\\\/sv\\\/om-stiftelsen-uddhemmet\\\/yhteiskunnallinen-yritys\\\/#primaryimage\",\"url\":\"https:\\\/\\\/niemikoti.fi\\\/wp-content\\\/uploads\\\/2025\\\/10\\\/YMERKKI_LOGO_LOWRE_ruotsi_sininen_RGB-300x191.png\",\"contentUrl\":\"https:\\\/\\\/niemikoti.fi\\\/wp-content\\\/uploads\\\/2025\\\/10\\\/YMERKKI_LOGO_LOWRE_ruotsi_sininen_RGB-300x191.png\"},{\"@type\":\"BreadcrumbList\",\"@id\":\"https:\\\/\\\/niemikoti.fi\\\/sv\\\/om-stiftelsen-uddhemmet\\\/yhteiskunnallinen-yritys\\\/#breadcrumb\",\"itemListElement\":[{\"@type\":\"ListItem\",\"position\":1,\"name\":\"Home\",\"item\":\"https:\\\/\\\/niemikoti.fi\\\/sv\\\/\"},{\"@type\":\"ListItem\",\"position\":2,\"name\":\"Om Stiftelsen Uddhemmet\",\"item\":\"https:\\\/\\\/niemikoti.fi\\\/sv\\\/om-stiftelsen-uddhemmet\\\/\"},{\"@type\":\"ListItem\",\"position\":3,\"name\":\"Samh\u00e4lleligt f\u00f6retag\"}]},{\"@type\":\"WebSite\",\"@id\":\"https:\\\/\\\/niemikoti.fi\\\/#website\",\"url\":\"https:\\\/\\\/niemikoti.fi\\\/\",\"name\":\"Niemikotis\u00e4\u00e4ti\u00f6\",\"description\":\"Yhdess\u00e4 jo 40 vuotta\",\"publisher\":{\"@id\":\"https:\\\/\\\/niemikoti.fi\\\/#organization\"},\"potentialAction\":[{\"@type\":\"SearchAction\",\"target\":{\"@type\":\"EntryPoint\",\"urlTemplate\":\"https:\\\/\\\/niemikoti.fi\\\/?s={search_term_string}\"},\"query-input\":{\"@type\":\"PropertyValueSpecification\",\"valueRequired\":true,\"valueName\":\"search_term_string\"}}],\"inLanguage\":\"sv-SE\"},{\"@type\":\"Organization\",\"@id\":\"https:\\\/\\\/niemikoti.fi\\\/#organization\",\"name\":\"Niemikotis\u00e4\u00e4ti\u00f6\",\"url\":\"https:\\\/\\\/niemikoti.fi\\\/\",\"logo\":{\"@type\":\"ImageObject\",\"inLanguage\":\"sv-SE\",\"@id\":\"https:\\\/\\\/niemikoti.fi\\\/#\\\/schema\\\/logo\\\/image\\\/\",\"url\":\"https:\\\/\\\/niemikoti.fi\\\/wp-content\\\/uploads\\\/2023\\\/02\\\/niemikotilogo40v_vaaka.png\",\"contentUrl\":\"https:\\\/\\\/niemikoti.fi\\\/wp-content\\\/uploads\\\/2023\\\/02\\\/niemikotilogo40v_vaaka.png\",\"width\":1147,\"height\":418,\"caption\":\"Niemikotis\u00e4\u00e4ti\u00f6\"},\"image\":{\"@id\":\"https:\\\/\\\/niemikoti.fi\\\/#\\\/schema\\\/logo\\\/image\\\/\"},\"sameAs\":[\"https:\\\/\\\/www.facebook.com\\\/niemikoti\",\"https:\\\/\\\/www.instagram.com\\\/niemikoti\\\/\",\"https:\\\/\\\/www.youtube.com\\\/channel\\\/UCfo6l7q45CD_derGzEH8XGA\"]}]}<\/script>\n<!-- \/ Yoast SEO plugin. -->","yoast_head_json":{"title":"Samh\u00e4lleligt f\u00f6retag - Niemikotis\u00e4\u00e4ti\u00f6","robots":{"index":"index","follow":"follow","max-snippet":"max-snippet:-1","max-image-preview":"max-image-preview:large","max-video-preview":"max-video-preview:-1"},"canonical":"https:\/\/niemikoti.fi\/sv\/om-stiftelsen-uddhemmet\/yhteiskunnallinen-yritys\/","og_locale":"sv_SE","og_type":"article","og_title":"Samh\u00e4lleligt f\u00f6retag - Niemikotis\u00e4\u00e4ti\u00f6","og_description":"Stiftelsen Uddhemmet har beviljats m\u00e4rket&nbsp;Samh\u00e4lleligt f\u00f6retag&nbsp;av F\u00f6rbundet f\u00f6r Finl\u00e4ndskt Arbete. Enligt f\u00f6rbundets definition inneb\u00e4r detta i korthet f\u00f6ljande: Samh\u00e4lleliga f\u00f6retag verkar ansvarsfullt och tar socialt ansvar. Dessa f\u00f6retag bedriver h\u00e5llbar, l\u00e5ngsiktig verksamhet och anv\u00e4nder minst h\u00e4lften av sin vinst till att utveckla sin verksamhet eller donerar den till ett angivet allm\u00e4nnyttigt \u00e4ndam\u00e5l. M\u00e4rket kan beviljas...","og_url":"https:\/\/niemikoti.fi\/sv\/om-stiftelsen-uddhemmet\/yhteiskunnallinen-yritys\/","og_site_name":"Niemikotis\u00e4\u00e4ti\u00f6","article_publisher":"https:\/\/www.facebook.com\/niemikoti","article_modified_time":"2025-10-07T05:07:48+00:00","og_image":[{"width":1570,"height":1000,"url":"https:\/\/niemikoti.fi\/wp-content\/uploads\/2025\/10\/YMERKKI_LOGO_LOWRE_ruotsi_sininen_RGB.png","type":"image\/png"}],"twitter_card":"summary_large_image","twitter_misc":{"Ber\u00e4knad l\u00e4stid":"1 minut"},"schema":{"@context":"https:\/\/schema.org","@graph":[{"@type":"WebPage","@id":"https:\/\/niemikoti.fi\/sv\/om-stiftelsen-uddhemmet\/yhteiskunnallinen-yritys\/","url":"https:\/\/niemikoti.fi\/sv\/om-stiftelsen-uddhemmet\/yhteiskunnallinen-yritys\/","name":"Samh\u00e4lleligt f\u00f6retag - Niemikotis\u00e4\u00e4ti\u00f6","isPartOf":{"@id":"https:\/\/niemikoti.fi\/#website"},"primaryImageOfPage":{"@id":"https:\/\/niemikoti.fi\/sv\/om-stiftelsen-uddhemmet\/yhteiskunnallinen-yritys\/#primaryimage"},"image":{"@id":"https:\/\/niemikoti.fi\/sv\/om-stiftelsen-uddhemmet\/yhteiskunnallinen-yritys\/#primaryimage"},"thumbnailUrl":"https:\/\/niemikoti.fi\/wp-content\/uploads\/2025\/10\/YMERKKI_LOGO_LOWRE_ruotsi_sininen_RGB-300x191.png","datePublished":"2023-03-27T09:28:37+00:00","dateModified":"2025-10-07T05:07:48+00:00","breadcrumb":{"@id":"https:\/\/niemikoti.fi\/sv\/om-stiftelsen-uddhemmet\/yhteiskunnallinen-yritys\/#breadcrumb"},"inLanguage":"sv-SE","potentialAction":[{"@type":"ReadAction","target":["https:\/\/niemikoti.fi\/sv\/om-stiftelsen-uddhemmet\/yhteiskunnallinen-yritys\/"]}]},{"@type":"ImageObject","inLanguage":"sv-SE","@id":"https:\/\/niemikoti.fi\/sv\/om-stiftelsen-uddhemmet\/yhteiskunnallinen-yritys\/#primaryimage","url":"https:\/\/niemikoti.fi\/wp-content\/uploads\/2025\/10\/YMERKKI_LOGO_LOWRE_ruotsi_sininen_RGB-300x191.png","contentUrl":"https:\/\/niemikoti.fi\/wp-content\/uploads\/2025\/10\/YMERKKI_LOGO_LOWRE_ruotsi_sininen_RGB-300x191.png"},{"@type":"BreadcrumbList","@id":"https:\/\/niemikoti.fi\/sv\/om-stiftelsen-uddhemmet\/yhteiskunnallinen-yritys\/#breadcrumb","itemListElement":[{"@type":"ListItem","position":1,"name":"Home","item":"https:\/\/niemikoti.fi\/sv\/"},{"@type":"ListItem","position":2,"name":"Om Stiftelsen Uddhemmet","item":"https:\/\/niemikoti.fi\/sv\/om-stiftelsen-uddhemmet\/"},{"@type":"ListItem","position":3,"name":"Samh\u00e4lleligt f\u00f6retag"}]},{"@type":"WebSite","@id":"https:\/\/niemikoti.fi\/#website","url":"https:\/\/niemikoti.fi\/","name":"Niemikotis\u00e4\u00e4ti\u00f6","description":"Yhdess\u00e4 jo 40 vuotta","publisher":{"@id":"https:\/\/niemikoti.fi\/#organization"},"potentialAction":[{"@type":"SearchAction","target":{"@type":"EntryPoint","urlTemplate":"https:\/\/niemikoti.fi\/?s={search_term_string}"},"query-input":{"@type":"PropertyValueSpecification","valueRequired":true,"valueName":"search_term_string"}}],"inLanguage":"sv-SE"},{"@type":"Organization","@id":"https:\/\/niemikoti.fi\/#organization","name":"Niemikotis\u00e4\u00e4ti\u00f6","url":"https:\/\/niemikoti.fi\/","logo":{"@type":"ImageObject","inLanguage":"sv-SE","@id":"https:\/\/niemikoti.fi\/#\/schema\/logo\/image\/","url":"https:\/\/niemikoti.fi\/wp-content\/uploads\/2023\/02\/niemikotilogo40v_vaaka.png","contentUrl":"https:\/\/niemikoti.fi\/wp-content\/uploads\/2023\/02\/niemikotilogo40v_vaaka.png","width":1147,"height":418,"caption":"Niemikotis\u00e4\u00e4ti\u00f6"},"image":{"@id":"https:\/\/niemikoti.fi\/#\/schema\/logo\/image\/"},"sameAs":["https:\/\/www.facebook.com\/niemikoti","https:\/\/www.instagram.com\/niemikoti\/","https:\/\/www.youtube.com\/channel\/UCfo6l7q45CD_derGzEH8XGA"]}]}},"taxonomy_info":[],"featured_image_src_large":false,"author_info":{"display_name":"Niemikotis\u00e4\u00e4ti\u00f6n viestint\u00e4","author_link":"https:\/\/niemikoti.fi\/sv\/author\/katjalampela\/"},"comment_info":0,"_links":{"self":[{"href":"https:\/\/niemikoti.fi\/sv\/wp-json\/wp\/v2\/pages\/47177","targetHints":{"allow":["GET"]}}],"collection":[{"href":"https:\/\/niemikoti.fi\/sv\/wp-json\/wp\/v2\/pages"}],"about":[{"href":"https:\/\/niemikoti.fi\/sv\/wp-json\/wp\/v2\/types\/page"}],"author":[{"embeddable":true,"href":"https:\/\/niemikoti.fi\/sv\/wp-json\/wp\/v2\/users\/2"}],"replies":[{"embeddable":true,"href":"https:\/\/niemikoti.fi\/sv\/wp-json\/wp\/v2\/comments?post=47177"}],"version-history":[{"count":2,"href":"https:\/\/niemikoti.fi\/sv\/wp-json\/wp\/v2\/pages\/47177\/revisions"}],"predecessor-version":[{"id":47181,"href":"https:\/\/niemikoti.fi\/sv\/wp-json\/wp\/v2\/pages\/47177\/revisions\/47181"}],"up":[{"embeddable":true,"href":"https:\/\/niemikoti.fi\/sv\/wp-json\/wp\/v2\/pages\/46917"}],"wp:attachment":[{"href":"https:\/\/niemikoti.fi\/sv\/wp-json\/wp\/v2\/media?parent=47177"}],"wp:term":[{"taxonomy":"sisaltoluokka","embeddable":true,"href":"https:\/\/niemikoti.fi\/sv\/wp-json\/wp\/v2\/sisaltoluokka?post=47177"}],"curies":[{"name":"wp","href":"https:\/\/api.w.org\/{rel}","templated":true}]}}