{"id":47160,"date":"2021-03-11T12:38:26","date_gmt":"2021-03-11T10:38:26","guid":{"rendered":"https:\/\/niemikoti.fi\/?page_id=47160"},"modified":"2025-10-07T07:17:43","modified_gmt":"2025-10-07T04:17:43","slug":"aterhamtningsorientering-som-verksamhetsram","status":"publish","type":"page","link":"https:\/\/niemikoti.fi\/sv\/om-stiftelsen-uddhemmet\/aterhamtningsorientering-som-verksamhetsram\/","title":{"rendered":"\u00c5terh\u00e4mtningsorientering som verksamhetsram"},"content":{"rendered":"\n<p class=\"has-medium-font-size\">Med \u00e5terh\u00e4mtningsinriktning avses att skapa ett nytt och meningsfullt liv efter att ha insjuknat i en psykisk eller annan l\u00e5ngvarig sjukdom. \u00c4ven om sjukdomen inte helt g\u00e5r \u00f6ver, eller om det inte finns n\u00e5gon v\u00e4g tillbaka till tiden f\u00f6re insjuknandet, \u00e4r det \u00e4nd\u00e5 m\u00f6jligt att \u00e5terh\u00e4mta sig och k\u00e4nna hopp inf\u00f6r framtiden.<\/p>\n\n\n<style>.kb-row-layout-id47160_7adf5b-3f > .kt-row-column-wrap{align-content:start;}:where(.kb-row-layout-id47160_7adf5b-3f > .kt-row-column-wrap) > .wp-block-kadence-column{justify-content:start;}.kb-row-layout-id47160_7adf5b-3f > .kt-row-column-wrap{column-gap:var(--global-kb-gap-md, 2rem);row-gap:var(--global-kb-gap-md, 2rem);padding-top:var(--global-kb-spacing-sm, 1.5rem);padding-bottom:var(--global-kb-spacing-sm, 1.5rem);grid-template-columns:minmax(0, 1fr);}.kb-row-layout-id47160_7adf5b-3f > .kt-row-layout-overlay{opacity:0.30;}@media all and (max-width: 1024px){.kb-row-layout-id47160_7adf5b-3f > .kt-row-column-wrap{grid-template-columns:minmax(0, 1fr);}}@media all and (max-width: 767px){.kb-row-layout-id47160_7adf5b-3f > .kt-row-column-wrap{grid-template-columns:minmax(0, 1fr);}}<\/style><div class=\"kb-row-layout-wrap kb-row-layout-id47160_7adf5b-3f alignnone wp-block-kadence-rowlayout\"><div class=\"kt-row-column-wrap kt-has-1-columns kt-row-layout-equal kt-tab-layout-inherit kt-mobile-layout-row kt-row-valign-top\">\n<style>.kadence-column47160_353116-9b > .kt-inside-inner-col,.kadence-column47160_353116-9b > .kt-inside-inner-col:before{border-top-left-radius:0px;border-top-right-radius:0px;border-bottom-right-radius:0px;border-bottom-left-radius:0px;}.kadence-column47160_353116-9b > .kt-inside-inner-col{column-gap:var(--global-kb-gap-sm, 1rem);}.kadence-column47160_353116-9b > .kt-inside-inner-col{flex-direction:column;}.kadence-column47160_353116-9b > .kt-inside-inner-col > .aligncenter{width:100%;}.kadence-column47160_353116-9b > .kt-inside-inner-col:before{opacity:0.3;}.kadence-column47160_353116-9b{position:relative;}@media all and (max-width: 1024px){.kadence-column47160_353116-9b > .kt-inside-inner-col{flex-direction:column;justify-content:center;}}@media all and (max-width: 767px){.kadence-column47160_353116-9b > .kt-inside-inner-col{flex-direction:column;justify-content:center;}}<\/style>\n<div class=\"wp-block-kadence-column kadence-column47160_353116-9b inner-column-1\"><div class=\"kt-inside-inner-col\">\n<div class=\"wp-block-group\"><div class=\"wp-block-group__inner-container is-layout-constrained wp-block-group-is-layout-constrained\">\n<p>\u00c5terh\u00e4mtning inneb\u00e4r ett liv och en identitet som upplevs som meningsfulla, samt tro, hopp och tillit till framtiden. Den \u00e5terh\u00e4mtandes egen delaktighet, relationer och egenmakt st\u00e5r i centrum f\u00f6r \u00e5terh\u00e4mtningsinriktningen.<\/p>\n\n\n\n<p>Under de senaste \u00e5ren har \u00e5terh\u00e4mtningsinriktningen f\u00e5tt allt st\u00f6rre f\u00e4ste inom mentalv\u00e5rdsarbetet som utg\u00e5ngspunkt f\u00f6r hur tj\u00e4nsterna erbjuds.<\/p>\n<\/div><\/div>\n<\/div><\/div>\n\n<\/div><\/div><div style=\"margin: 20px 0;\"><div class=\"qrcswholewtapper\" style=\"text-align:left;\"><div class=\"qrcprowrapper\"  id=\"qrcwraa2leds\"><div class=\"qrc_canvass\" id=\"qrc_cuttenpages_2\" style=\"display:none\" data-text=\"https:\/\/niemikoti.fi\/sv\/om-stiftelsen-uddhemmet\/aterhamtningsorientering-som-verksamhetsram\/\"><\/div><div><a download=\"\u00c5terh\u00e4mtningsorientering som verksamhetsram.png\" class=\"qrcdownloads\" id=\"worign\">\r\n           <button type=\"button\" style=\"min-width:200px;background:#c8fd8c;color:#000;font-weight: 600;border: 1px solid #dddddd;border-radius:4px;font-size:12px;padding: 6px 0;\" class=\"uqr_code_btn\">Lataa QR-koodi<\/button>\r\n           <\/a><\/div><\/div><\/div><\/div>","protected":false},"excerpt":{"rendered":"<p>Med \u00e5terh\u00e4mtningsinriktning avses att skapa ett nytt och meningsfullt liv efter att ha insjuknat i en psykisk eller annan l\u00e5ngvarig sjukdom. \u00c4ven om sjukdomen inte helt g\u00e5r \u00f6ver, eller om det inte finns n\u00e5gon v\u00e4g tillbaka till tiden f\u00f6re insjuknandet, \u00e4r det \u00e4nd\u00e5 m\u00f6jligt att \u00e5terh\u00e4mta sig och k\u00e4nna hopp inf\u00f6r framtiden. \u00c5terh\u00e4mtning inneb\u00e4r ett&#8230;<\/p>\n","protected":false},"author":2,"featured_media":0,"parent":46917,"menu_order":2,"comment_status":"closed","ping_status":"closed","template":"","meta":{"_kad_blocks_custom_css":"","_kad_blocks_head_custom_js":"","_kad_blocks_body_custom_js":"","_kad_blocks_footer_custom_js":"","_kad_post_transparent":"","_kad_post_title":"","_kad_post_layout":"","_kad_post_sidebar_id":"","_kad_post_content_style":"","_kad_post_vertical_padding":"","_kad_post_feature":"","_kad_post_feature_position":"","_kad_post_header":false,"_kad_post_footer":false,"_kad_post_classname":"","cybocfi_hide_featured_image":"","footnotes":"","_links_to":"","_links_to_target":""},"sisaltoluokka":[],"class_list":["post-47160","page","type-page","status-publish","hentry"],"yoast_head":"<!-- This site is optimized with the Yoast SEO plugin v27.3 - https:\/\/yoast.com\/product\/yoast-seo-wordpress\/ -->\n<title>\u00c5terh\u00e4mtningsorientering som verksamhetsram - Niemikotis\u00e4\u00e4ti\u00f6<\/title>\n<meta name=\"robots\" content=\"index, follow, max-snippet:-1, max-image-preview:large, max-video-preview:-1\" \/>\n<link rel=\"canonical\" href=\"https:\/\/niemikoti.fi\/sv\/om-stiftelsen-uddhemmet\/aterhamtningsorientering-som-verksamhetsram\/\" \/>\n<meta property=\"og:locale\" content=\"sv_SE\" \/>\n<meta property=\"og:type\" content=\"article\" \/>\n<meta property=\"og:title\" content=\"\u00c5terh\u00e4mtningsorientering som verksamhetsram - Niemikotis\u00e4\u00e4ti\u00f6\" \/>\n<meta property=\"og:description\" content=\"Med \u00e5terh\u00e4mtningsinriktning avses att skapa ett nytt och meningsfullt liv efter att ha insjuknat i en psykisk eller annan l\u00e5ngvarig sjukdom. \u00c4ven om sjukdomen inte helt g\u00e5r \u00f6ver, eller om det inte finns n\u00e5gon v\u00e4g tillbaka till tiden f\u00f6re insjuknandet, \u00e4r det \u00e4nd\u00e5 m\u00f6jligt att \u00e5terh\u00e4mta sig och k\u00e4nna hopp inf\u00f6r framtiden. \u00c5terh\u00e4mtning inneb\u00e4r ett...\" \/>\n<meta property=\"og:url\" content=\"https:\/\/niemikoti.fi\/sv\/om-stiftelsen-uddhemmet\/aterhamtningsorientering-som-verksamhetsram\/\" \/>\n<meta property=\"og:site_name\" content=\"Niemikotis\u00e4\u00e4ti\u00f6\" \/>\n<meta property=\"article:publisher\" content=\"https:\/\/www.facebook.com\/niemikoti\" \/>\n<meta property=\"article:modified_time\" content=\"2025-10-07T04:17:43+00:00\" \/>\n<meta name=\"twitter:card\" content=\"summary_large_image\" \/>\n<meta name=\"twitter:label1\" content=\"Ber\u00e4knad l\u00e4stid\" \/>\n\t<meta name=\"twitter:data1\" content=\"1 minut\" \/>\n<script type=\"application\/ld+json\" class=\"yoast-schema-graph\">{\"@context\":\"https:\\\/\\\/schema.org\",\"@graph\":[{\"@type\":\"WebPage\",\"@id\":\"https:\\\/\\\/niemikoti.fi\\\/sv\\\/om-stiftelsen-uddhemmet\\\/aterhamtningsorientering-som-verksamhetsram\\\/\",\"url\":\"https:\\\/\\\/niemikoti.fi\\\/sv\\\/om-stiftelsen-uddhemmet\\\/aterhamtningsorientering-som-verksamhetsram\\\/\",\"name\":\"\u00c5terh\u00e4mtningsorientering som verksamhetsram - Niemikotis\u00e4\u00e4ti\u00f6\",\"isPartOf\":{\"@id\":\"https:\\\/\\\/niemikoti.fi\\\/#website\"},\"datePublished\":\"2021-03-11T10:38:26+00:00\",\"dateModified\":\"2025-10-07T04:17:43+00:00\",\"breadcrumb\":{\"@id\":\"https:\\\/\\\/niemikoti.fi\\\/sv\\\/om-stiftelsen-uddhemmet\\\/aterhamtningsorientering-som-verksamhetsram\\\/#breadcrumb\"},\"inLanguage\":\"sv-SE\",\"potentialAction\":[{\"@type\":\"ReadAction\",\"target\":[\"https:\\\/\\\/niemikoti.fi\\\/sv\\\/om-stiftelsen-uddhemmet\\\/aterhamtningsorientering-som-verksamhetsram\\\/\"]}]},{\"@type\":\"BreadcrumbList\",\"@id\":\"https:\\\/\\\/niemikoti.fi\\\/sv\\\/om-stiftelsen-uddhemmet\\\/aterhamtningsorientering-som-verksamhetsram\\\/#breadcrumb\",\"itemListElement\":[{\"@type\":\"ListItem\",\"position\":1,\"name\":\"Home\",\"item\":\"https:\\\/\\\/niemikoti.fi\\\/sv\\\/\"},{\"@type\":\"ListItem\",\"position\":2,\"name\":\"Om Stiftelsen Uddhemmet\",\"item\":\"https:\\\/\\\/niemikoti.fi\\\/sv\\\/om-stiftelsen-uddhemmet\\\/\"},{\"@type\":\"ListItem\",\"position\":3,\"name\":\"\u00c5terh\u00e4mtningsorientering som verksamhetsram\"}]},{\"@type\":\"WebSite\",\"@id\":\"https:\\\/\\\/niemikoti.fi\\\/#website\",\"url\":\"https:\\\/\\\/niemikoti.fi\\\/\",\"name\":\"Niemikotis\u00e4\u00e4ti\u00f6\",\"description\":\"Yhdess\u00e4 jo 40 vuotta\",\"publisher\":{\"@id\":\"https:\\\/\\\/niemikoti.fi\\\/#organization\"},\"potentialAction\":[{\"@type\":\"SearchAction\",\"target\":{\"@type\":\"EntryPoint\",\"urlTemplate\":\"https:\\\/\\\/niemikoti.fi\\\/?s={search_term_string}\"},\"query-input\":{\"@type\":\"PropertyValueSpecification\",\"valueRequired\":true,\"valueName\":\"search_term_string\"}}],\"inLanguage\":\"sv-SE\"},{\"@type\":\"Organization\",\"@id\":\"https:\\\/\\\/niemikoti.fi\\\/#organization\",\"name\":\"Niemikotis\u00e4\u00e4ti\u00f6\",\"url\":\"https:\\\/\\\/niemikoti.fi\\\/\",\"logo\":{\"@type\":\"ImageObject\",\"inLanguage\":\"sv-SE\",\"@id\":\"https:\\\/\\\/niemikoti.fi\\\/#\\\/schema\\\/logo\\\/image\\\/\",\"url\":\"https:\\\/\\\/niemikoti.fi\\\/wp-content\\\/uploads\\\/2023\\\/02\\\/niemikotilogo40v_vaaka.png\",\"contentUrl\":\"https:\\\/\\\/niemikoti.fi\\\/wp-content\\\/uploads\\\/2023\\\/02\\\/niemikotilogo40v_vaaka.png\",\"width\":1147,\"height\":418,\"caption\":\"Niemikotis\u00e4\u00e4ti\u00f6\"},\"image\":{\"@id\":\"https:\\\/\\\/niemikoti.fi\\\/#\\\/schema\\\/logo\\\/image\\\/\"},\"sameAs\":[\"https:\\\/\\\/www.facebook.com\\\/niemikoti\",\"https:\\\/\\\/www.instagram.com\\\/niemikoti\\\/\",\"https:\\\/\\\/www.youtube.com\\\/channel\\\/UCfo6l7q45CD_derGzEH8XGA\"]}]}<\/script>\n<!-- \/ Yoast SEO plugin. -->","yoast_head_json":{"title":"\u00c5terh\u00e4mtningsorientering som verksamhetsram - Niemikotis\u00e4\u00e4ti\u00f6","robots":{"index":"index","follow":"follow","max-snippet":"max-snippet:-1","max-image-preview":"max-image-preview:large","max-video-preview":"max-video-preview:-1"},"canonical":"https:\/\/niemikoti.fi\/sv\/om-stiftelsen-uddhemmet\/aterhamtningsorientering-som-verksamhetsram\/","og_locale":"sv_SE","og_type":"article","og_title":"\u00c5terh\u00e4mtningsorientering som verksamhetsram - Niemikotis\u00e4\u00e4ti\u00f6","og_description":"Med \u00e5terh\u00e4mtningsinriktning avses att skapa ett nytt och meningsfullt liv efter att ha insjuknat i en psykisk eller annan l\u00e5ngvarig sjukdom. \u00c4ven om sjukdomen inte helt g\u00e5r \u00f6ver, eller om det inte finns n\u00e5gon v\u00e4g tillbaka till tiden f\u00f6re insjuknandet, \u00e4r det \u00e4nd\u00e5 m\u00f6jligt att \u00e5terh\u00e4mta sig och k\u00e4nna hopp inf\u00f6r framtiden. \u00c5terh\u00e4mtning inneb\u00e4r ett...","og_url":"https:\/\/niemikoti.fi\/sv\/om-stiftelsen-uddhemmet\/aterhamtningsorientering-som-verksamhetsram\/","og_site_name":"Niemikotis\u00e4\u00e4ti\u00f6","article_publisher":"https:\/\/www.facebook.com\/niemikoti","article_modified_time":"2025-10-07T04:17:43+00:00","twitter_card":"summary_large_image","twitter_misc":{"Ber\u00e4knad l\u00e4stid":"1 minut"},"schema":{"@context":"https:\/\/schema.org","@graph":[{"@type":"WebPage","@id":"https:\/\/niemikoti.fi\/sv\/om-stiftelsen-uddhemmet\/aterhamtningsorientering-som-verksamhetsram\/","url":"https:\/\/niemikoti.fi\/sv\/om-stiftelsen-uddhemmet\/aterhamtningsorientering-som-verksamhetsram\/","name":"\u00c5terh\u00e4mtningsorientering som verksamhetsram - Niemikotis\u00e4\u00e4ti\u00f6","isPartOf":{"@id":"https:\/\/niemikoti.fi\/#website"},"datePublished":"2021-03-11T10:38:26+00:00","dateModified":"2025-10-07T04:17:43+00:00","breadcrumb":{"@id":"https:\/\/niemikoti.fi\/sv\/om-stiftelsen-uddhemmet\/aterhamtningsorientering-som-verksamhetsram\/#breadcrumb"},"inLanguage":"sv-SE","potentialAction":[{"@type":"ReadAction","target":["https:\/\/niemikoti.fi\/sv\/om-stiftelsen-uddhemmet\/aterhamtningsorientering-som-verksamhetsram\/"]}]},{"@type":"BreadcrumbList","@id":"https:\/\/niemikoti.fi\/sv\/om-stiftelsen-uddhemmet\/aterhamtningsorientering-som-verksamhetsram\/#breadcrumb","itemListElement":[{"@type":"ListItem","position":1,"name":"Home","item":"https:\/\/niemikoti.fi\/sv\/"},{"@type":"ListItem","position":2,"name":"Om Stiftelsen Uddhemmet","item":"https:\/\/niemikoti.fi\/sv\/om-stiftelsen-uddhemmet\/"},{"@type":"ListItem","position":3,"name":"\u00c5terh\u00e4mtningsorientering som verksamhetsram"}]},{"@type":"WebSite","@id":"https:\/\/niemikoti.fi\/#website","url":"https:\/\/niemikoti.fi\/","name":"Niemikotis\u00e4\u00e4ti\u00f6","description":"Yhdess\u00e4 jo 40 vuotta","publisher":{"@id":"https:\/\/niemikoti.fi\/#organization"},"potentialAction":[{"@type":"SearchAction","target":{"@type":"EntryPoint","urlTemplate":"https:\/\/niemikoti.fi\/?s={search_term_string}"},"query-input":{"@type":"PropertyValueSpecification","valueRequired":true,"valueName":"search_term_string"}}],"inLanguage":"sv-SE"},{"@type":"Organization","@id":"https:\/\/niemikoti.fi\/#organization","name":"Niemikotis\u00e4\u00e4ti\u00f6","url":"https:\/\/niemikoti.fi\/","logo":{"@type":"ImageObject","inLanguage":"sv-SE","@id":"https:\/\/niemikoti.fi\/#\/schema\/logo\/image\/","url":"https:\/\/niemikoti.fi\/wp-content\/uploads\/2023\/02\/niemikotilogo40v_vaaka.png","contentUrl":"https:\/\/niemikoti.fi\/wp-content\/uploads\/2023\/02\/niemikotilogo40v_vaaka.png","width":1147,"height":418,"caption":"Niemikotis\u00e4\u00e4ti\u00f6"},"image":{"@id":"https:\/\/niemikoti.fi\/#\/schema\/logo\/image\/"},"sameAs":["https:\/\/www.facebook.com\/niemikoti","https:\/\/www.instagram.com\/niemikoti\/","https:\/\/www.youtube.com\/channel\/UCfo6l7q45CD_derGzEH8XGA"]}]}},"taxonomy_info":[],"featured_image_src_large":false,"author_info":{"display_name":"Niemikotis\u00e4\u00e4ti\u00f6n viestint\u00e4","author_link":"https:\/\/niemikoti.fi\/sv\/author\/katjalampela\/"},"comment_info":0,"_links":{"self":[{"href":"https:\/\/niemikoti.fi\/sv\/wp-json\/wp\/v2\/pages\/47160","targetHints":{"allow":["GET"]}}],"collection":[{"href":"https:\/\/niemikoti.fi\/sv\/wp-json\/wp\/v2\/pages"}],"about":[{"href":"https:\/\/niemikoti.fi\/sv\/wp-json\/wp\/v2\/types\/page"}],"author":[{"embeddable":true,"href":"https:\/\/niemikoti.fi\/sv\/wp-json\/wp\/v2\/users\/2"}],"replies":[{"embeddable":true,"href":"https:\/\/niemikoti.fi\/sv\/wp-json\/wp\/v2\/comments?post=47160"}],"version-history":[{"count":1,"href":"https:\/\/niemikoti.fi\/sv\/wp-json\/wp\/v2\/pages\/47160\/revisions"}],"predecessor-version":[{"id":47161,"href":"https:\/\/niemikoti.fi\/sv\/wp-json\/wp\/v2\/pages\/47160\/revisions\/47161"}],"up":[{"embeddable":true,"href":"https:\/\/niemikoti.fi\/sv\/wp-json\/wp\/v2\/pages\/46917"}],"wp:attachment":[{"href":"https:\/\/niemikoti.fi\/sv\/wp-json\/wp\/v2\/media?parent=47160"}],"wp:term":[{"taxonomy":"sisaltoluokka","embeddable":true,"href":"https:\/\/niemikoti.fi\/sv\/wp-json\/wp\/v2\/sisaltoluokka?post=47160"}],"curies":[{"name":"wp","href":"https:\/\/api.w.org\/{rel}","templated":true}]}}