{"id":47148,"date":"2018-05-31T11:09:09","date_gmt":"2018-05-31T08:09:09","guid":{"rendered":"https:\/\/niemikoti.fi\/?page_id=47148"},"modified":"2025-10-07T06:53:35","modified_gmt":"2025-10-07T03:53:35","slug":"respons","status":"publish","type":"page","link":"https:\/\/niemikoti.fi\/sv\/respons\/","title":{"rendered":"Respons"},"content":{"rendered":"<style>.kb-row-layout-id47148_76e4c2-bf > .kt-row-column-wrap{align-content:start;}:where(.kb-row-layout-id47148_76e4c2-bf > .kt-row-column-wrap) > .wp-block-kadence-column{justify-content:start;}.kb-row-layout-id47148_76e4c2-bf > .kt-row-column-wrap{column-gap:var(--global-kb-gap-md, 2rem);row-gap:var(--global-kb-gap-md, 2rem);padding-top:var(--global-kb-spacing-sm, 1.5rem);padding-bottom:var(--global-kb-spacing-sm, 1.5rem);grid-template-columns:repeat(2, minmax(0, 1fr));}.kb-row-layout-id47148_76e4c2-bf > .kt-row-layout-overlay{opacity:0.30;}@media all and (max-width: 1024px){.kb-row-layout-id47148_76e4c2-bf > .kt-row-column-wrap{grid-template-columns:repeat(2, minmax(0, 1fr));}}@media all and (max-width: 767px){.kb-row-layout-id47148_76e4c2-bf > .kt-row-column-wrap{grid-template-columns:minmax(0, 1fr);}}<\/style><div class=\"kb-row-layout-wrap kb-row-layout-id47148_76e4c2-bf alignnone wp-block-kadence-rowlayout\"><div class=\"kt-row-column-wrap kt-has-2-columns kt-row-layout-equal kt-tab-layout-inherit kt-mobile-layout-row kt-row-valign-top\">\n<style>.kadence-column47148_b3eec1-52 > .kt-inside-inner-col,.kadence-column47148_b3eec1-52 > .kt-inside-inner-col:before{border-top-left-radius:0px;border-top-right-radius:0px;border-bottom-right-radius:0px;border-bottom-left-radius:0px;}.kadence-column47148_b3eec1-52 > .kt-inside-inner-col{column-gap:var(--global-kb-gap-sm, 1rem);}.kadence-column47148_b3eec1-52 > .kt-inside-inner-col{flex-direction:column;}.kadence-column47148_b3eec1-52 > .kt-inside-inner-col > .aligncenter{width:100%;}.kadence-column47148_b3eec1-52 > .kt-inside-inner-col:before{opacity:0.3;}.kadence-column47148_b3eec1-52{position:relative;}@media all and (max-width: 1024px){.kadence-column47148_b3eec1-52 > .kt-inside-inner-col{flex-direction:column;justify-content:center;}}@media all and (max-width: 767px){.kadence-column47148_b3eec1-52 > .kt-inside-inner-col{flex-direction:column;justify-content:center;}}<\/style>\n<div class=\"wp-block-kadence-column kadence-column47148_b3eec1-52 inner-column-1\"><div class=\"kt-inside-inner-col\">\n<h1 class=\"wp-block-heading\">Ge respons till Stiftelsen Uddhemmet<\/h1>\n\n\n\n<p>Du kan ge respons till Stiftelsen Uddhemmet via formul\u00e4ret nedan eller kontakta den enhet du \u00f6nskar genom kontaktuppgifterna.<\/p>\n\n\n\n<p><br>Om du \u00e4r intresserad av enhetens verksamhet och\/eller av att delta i den, kan du bes\u00f6ka enhetens egen sida och titta under avsnittet\u00a0<em>Evenemang<\/em>, d\u00e4r till exempel \u00f6ppet hus-tillf\u00e4llen annonseras. Du kan ocks\u00e5 boka ett bes\u00f6k till enheten separat per telefon eller e-post.<\/p>\n\n\n\n<p>Obligatoriska f\u00e4lt i responsformul\u00e4ret \u00e4r markerade med en stj\u00e4rna (*).<\/p>\n\n\n<link rel='stylesheet' id='formidable-css' href='https:\/\/niemikoti.fi\/wp-content\/plugins\/formidable\/css\/formidableforms.css?ver=327335' media='all' \/>\n<div class=\"frm_forms  with_frm_style frm_style_formidable-style\" id=\"frm_form_11_container\" data-token=\"5775c38182ee574f32dcc1266b822d11\">\n<form enctype=\"multipart\/form-data\" method=\"post\" class=\"frm-show-form  frm_pro_form \" id=\"form_b8ka3\" data-token=\"5775c38182ee574f32dcc1266b822d11\">\n<div class=\"frm_form_fields \">\n<fieldset>\n<legend class=\"frm_screen_reader\">Palautelomake<\/legend>\r\n\r\n<div class=\"frm_fields_container\">\n<input type=\"hidden\" name=\"frm_action\" value=\"create\" \/>\n<input type=\"hidden\" name=\"form_id\" value=\"11\" \/>\n<input type=\"hidden\" name=\"frm_hide_fields_11\" id=\"frm_hide_fields_11\" value=\"\" \/>\n<input type=\"hidden\" name=\"form_key\" value=\"b8ka3\" \/>\n<input type=\"hidden\" name=\"item_meta[0]\" value=\"\" \/>\n<input type=\"hidden\" id=\"frm_submit_entry_11\" name=\"frm_submit_entry_11\" value=\"b5234ab80e\" \/><input type=\"hidden\" name=\"_wp_http_referer\" value=\"\/sv\/wp-json\/wp\/v2\/pages\/47148\" \/><div id=\"frm_field_88_container\" class=\"frm_form_field form-field  frm_required_field frm_top_container\">\r\n    <label for=\"field_8fyih\" class=\"frm_primary_label\">Nimi\r\n        <span class=\"frm_required\">*<\/span>\r\n    <\/label>\r\n    <input  type=\"text\" id=\"field_8fyih\" name=\"item_meta[88]\" value=\"\"  data-reqmsg=\"Nimi cannot be blank.\" aria-required=\"true\" data-invmsg=\"Text is invalid\" aria-invalid=\"false\"   \/>\r\n    \r\n    \r\n<\/div>\n<div id=\"frm_field_89_container\" class=\"frm_form_field form-field  frm_required_field frm_top_container\">\r\n    <label for=\"field_fcyk1\" class=\"frm_primary_label\">S\u00e4hk\u00f6posti\r\n        <span class=\"frm_required\">*<\/span>\r\n    <\/label>\r\n    <input type=\"email\" id=\"field_fcyk1\" name=\"item_meta[89]\" value=\"\"  data-reqmsg=\"S\u00e4hk\u00f6posti cannot be blank.\" aria-required=\"true\" data-invmsg=\"Email is invalid\" aria-invalid=\"false\"  \/>\r\n    \r\n    \r\n<\/div>\n<div id=\"frm_field_90_container\" class=\"frm_form_field form-field  frm_top_container\">\r\n    <label for=\"field_7kd7e\" class=\"frm_primary_label\">Puhelinnumero\r\n        <span class=\"frm_required\"><\/span>\r\n    <\/label>\r\n    <input  type=\"text\" id=\"field_7kd7e\" name=\"item_meta[90]\" value=\"\"  data-invmsg=\"Text is invalid\" aria-invalid=\"false\"   \/>\r\n    \r\n    \r\n<\/div>\n<div id=\"frm_field_91_container\" class=\"frm_form_field form-field  frm_required_field frm_top_container\">\r\n    <label for=\"field_gr6kh\" class=\"frm_primary_label\">Valitse palautteesi aihe\r\n        <span class=\"frm_required\">*<\/span>\r\n    <\/label>\r\n    \t\t<select name=\"item_meta[91]\" id=\"field_gr6kh\"  data-reqmsg=\"Valitse palautteesi aihe cannot be blank.\" aria-required=\"true\" data-invmsg=\"Valitse palautteesi aihe \u00e4r ogiltigt\" aria-invalid=\"false\"  >\n\t\t<option  value=\"\" selected='selected'> <\/option><option  value=\"Kiitos\">Kiitos<\/option><option  value=\"Kysymys\">Kysymys<\/option><option  value=\"Moite\">Moite<\/option><option  value=\"Ehdotus\">Ehdotus<\/option><option  value=\"Kiireellinen ilmoitus\">Kiireellinen ilmoitus<\/option>\t<\/select>\n\t\r\n    \r\n    \r\n<\/div>\n<div id=\"frm_field_92_container\" class=\"frm_form_field form-field  frm_required_field frm_top_container\">\r\n    <label for=\"field_ib0ro\" class=\"frm_primary_label\">Palautteesi\r\n        <span class=\"frm_required\">*<\/span>\r\n    <\/label>\r\n    <textarea name=\"item_meta[92]\" id=\"field_ib0ro\" rows=\"5\"  data-reqmsg=\"T\u00e4m\u00e4 ei voi olla tyhj\u00e4 kentt\u00e4.\" aria-required=\"true\" data-invmsg=\"Palautteesi \u00e4r ogiltigt\" aria-invalid=\"false\"  ><\/textarea>\r\n    \r\n    \r\n<\/div>\n<div id=\"frm_field_258_container\" class=\"frm_form_field form-field \">\r\n\t<div class=\"frm_submit\">\r\n\r\n<button class=\"frm_button_submit frm_final_submit\" type=\"submit\"   formnovalidate=\"formnovalidate\">L\u00e4het\u00e4<\/button>\r\n\r\n<\/div>\r\n<\/div>\n\t<input type=\"hidden\" name=\"item_key\" value=\"\" \/>\n\t\t\t<div id=\"frm_field_302_container\">\n\t\t\t<label for=\"field_uamtq\" >\n\t\t\t\tOm du \u00e4r m\u00e4nsklig, l\u00e4mna det h\u00e4r f\u00e4ltet tomt.\t\t\t<\/label>\n\t\t\t<input  id=\"field_uamtq\" type=\"text\" class=\"frm_form_field form-field frm_verify\" name=\"item_meta[302]\" value=\"\"  \/>\n\t\t<\/div>\n\t\t<input name=\"frm_state\" type=\"hidden\" value=\"BLr0bYGnQJrcZFcIOOMYDjgKeCx\/ThugNflMWbB+XNAqDQ4Rb+hhfwJW0Bj4zct2\" \/><\/div>\n<\/fieldset>\n<\/div>\n\n<\/form>\n<\/div>\n\n<\/div><\/div>\n\n\n<style>.kadence-column47148_d13ebc-cd > .kt-inside-inner-col,.kadence-column47148_d13ebc-cd > .kt-inside-inner-col:before{border-top-left-radius:0px;border-top-right-radius:0px;border-bottom-right-radius:0px;border-bottom-left-radius:0px;}.kadence-column47148_d13ebc-cd > .kt-inside-inner-col{column-gap:var(--global-kb-gap-sm, 1rem);}.kadence-column47148_d13ebc-cd > .kt-inside-inner-col{flex-direction:column;}.kadence-column47148_d13ebc-cd > .kt-inside-inner-col > .aligncenter{width:100%;}.kadence-column47148_d13ebc-cd > .kt-inside-inner-col:before{opacity:0.3;}.kadence-column47148_d13ebc-cd{position:relative;}@media all and (max-width: 1024px){.kadence-column47148_d13ebc-cd > .kt-inside-inner-col{flex-direction:column;justify-content:center;}}@media all and (max-width: 767px){.kadence-column47148_d13ebc-cd > .kt-inside-inner-col{flex-direction:column;justify-content:center;}}<\/style>\n<div class=\"wp-block-kadence-column kadence-column47148_d13ebc-cd inner-column-2\"><div class=\"kt-inside-inner-col\">\n<figure class=\"wp-block-image\"><img loading=\"lazy\" decoding=\"async\" width=\"471\" height=\"696\" src=\"https:\/\/niemikoti.fi\/wp-content\/uploads\/2018\/12\/AdobeStock_214358759-Converted.png\" alt=\"\" class=\"wp-image-7062\" srcset=\"https:\/\/niemikoti.fi\/wp-content\/uploads\/2018\/12\/AdobeStock_214358759-Converted.png 471w, https:\/\/niemikoti.fi\/wp-content\/uploads\/2018\/12\/AdobeStock_214358759-Converted-203x300.png 203w\" sizes=\"auto, (max-width: 471px) 100vw, 471px\" \/><\/figure>\n<\/div><\/div>\n\n<\/div><\/div><div style=\"margin: 20px 0;\"><div class=\"qrcswholewtapper\" style=\"text-align:left;\"><div class=\"qrcprowrapper\"  id=\"qrcwraa2leds\"><div class=\"qrc_canvass\" id=\"qrc_cuttenpages_2\" style=\"display:none\" data-text=\"https:\/\/niemikoti.fi\/sv\/respons\/\"><\/div><div><a download=\"Respons.png\" class=\"qrcdownloads\" id=\"worign\">\r\n           <button type=\"button\" style=\"min-width:200px;background:#c8fd8c;color:#000;font-weight: 600;border: 1px solid #dddddd;border-radius:4px;font-size:12px;padding: 6px 0;\" class=\"uqr_code_btn\">Lataa QR-koodi<\/button>\r\n           <\/a><\/div><\/div><\/div><\/div>","protected":false},"excerpt":{"rendered":"<p>Ge respons till Stiftelsen Uddhemmet Du kan ge respons till Stiftelsen Uddhemmet via formul\u00e4ret nedan eller kontakta den enhet du \u00f6nskar genom kontaktuppgifterna. Om du \u00e4r intresserad av enhetens verksamhet och\/eller av att delta i den, kan du bes\u00f6ka enhetens egen sida och titta under avsnittet\u00a0Evenemang, d\u00e4r till exempel \u00f6ppet hus-tillf\u00e4llen annonseras. Du kan ocks\u00e5&#8230;<\/p>\n","protected":false},"author":2,"featured_media":0,"parent":0,"menu_order":21,"comment_status":"closed","ping_status":"closed","template":"","meta":{"_kad_blocks_custom_css":"","_kad_blocks_head_custom_js":"","_kad_blocks_body_custom_js":"","_kad_blocks_footer_custom_js":"","_kad_post_transparent":"","_kad_post_title":"","_kad_post_layout":"","_kad_post_sidebar_id":"","_kad_post_content_style":"","_kad_post_vertical_padding":"","_kad_post_feature":"","_kad_post_feature_position":"","_kad_post_header":false,"_kad_post_footer":false,"_kad_post_classname":"","cybocfi_hide_featured_image":"","footnotes":"","_links_to":"","_links_to_target":""},"sisaltoluokka":[],"class_list":["post-47148","page","type-page","status-publish","hentry"],"yoast_head":"<!-- This site is optimized with the Yoast SEO plugin v27.3 - https:\/\/yoast.com\/product\/yoast-seo-wordpress\/ -->\n<title>Respons - Niemikotis\u00e4\u00e4ti\u00f6<\/title>\n<meta name=\"robots\" content=\"index, follow, max-snippet:-1, max-image-preview:large, max-video-preview:-1\" \/>\n<link rel=\"canonical\" href=\"https:\/\/niemikoti.fi\/sv\/respons\/\" \/>\n<meta property=\"og:locale\" content=\"sv_SE\" \/>\n<meta property=\"og:type\" content=\"article\" \/>\n<meta property=\"og:title\" content=\"Respons - Niemikotis\u00e4\u00e4ti\u00f6\" \/>\n<meta property=\"og:description\" content=\"Ge respons till Stiftelsen Uddhemmet Du kan ge respons till Stiftelsen Uddhemmet via formul\u00e4ret nedan eller kontakta den enhet du \u00f6nskar genom kontaktuppgifterna. Om du \u00e4r intresserad av enhetens verksamhet och\/eller av att delta i den, kan du bes\u00f6ka enhetens egen sida och titta under avsnittet\u00a0Evenemang, d\u00e4r till exempel \u00f6ppet hus-tillf\u00e4llen annonseras. Du kan ocks\u00e5...\" \/>\n<meta property=\"og:url\" content=\"https:\/\/niemikoti.fi\/sv\/respons\/\" \/>\n<meta property=\"og:site_name\" content=\"Niemikotis\u00e4\u00e4ti\u00f6\" \/>\n<meta property=\"article:publisher\" content=\"https:\/\/www.facebook.com\/niemikoti\" \/>\n<meta property=\"article:modified_time\" content=\"2025-10-07T03:53:35+00:00\" \/>\n<meta property=\"og:image\" content=\"https:\/\/niemikoti.fi\/wp-content\/uploads\/2018\/12\/AdobeStock_214358759-Converted.png\" \/>\n\t<meta property=\"og:image:width\" content=\"471\" \/>\n\t<meta property=\"og:image:height\" content=\"696\" \/>\n\t<meta property=\"og:image:type\" content=\"image\/png\" \/>\n<meta name=\"twitter:card\" content=\"summary_large_image\" \/>\n<meta name=\"twitter:label1\" content=\"Ber\u00e4knad l\u00e4stid\" \/>\n\t<meta name=\"twitter:data1\" content=\"1 minut\" \/>\n<script type=\"application\/ld+json\" class=\"yoast-schema-graph\">{\"@context\":\"https:\\\/\\\/schema.org\",\"@graph\":[{\"@type\":\"WebPage\",\"@id\":\"https:\\\/\\\/niemikoti.fi\\\/sv\\\/respons\\\/\",\"url\":\"https:\\\/\\\/niemikoti.fi\\\/sv\\\/respons\\\/\",\"name\":\"Respons - Niemikotis\u00e4\u00e4ti\u00f6\",\"isPartOf\":{\"@id\":\"https:\\\/\\\/niemikoti.fi\\\/#website\"},\"primaryImageOfPage\":{\"@id\":\"https:\\\/\\\/niemikoti.fi\\\/sv\\\/respons\\\/#primaryimage\"},\"image\":{\"@id\":\"https:\\\/\\\/niemikoti.fi\\\/sv\\\/respons\\\/#primaryimage\"},\"thumbnailUrl\":\"https:\\\/\\\/niemikoti.fi\\\/wp-content\\\/uploads\\\/2018\\\/12\\\/AdobeStock_214358759-Converted.png\",\"datePublished\":\"2018-05-31T08:09:09+00:00\",\"dateModified\":\"2025-10-07T03:53:35+00:00\",\"breadcrumb\":{\"@id\":\"https:\\\/\\\/niemikoti.fi\\\/sv\\\/respons\\\/#breadcrumb\"},\"inLanguage\":\"sv-SE\",\"potentialAction\":[{\"@type\":\"ReadAction\",\"target\":[\"https:\\\/\\\/niemikoti.fi\\\/sv\\\/respons\\\/\"]}]},{\"@type\":\"ImageObject\",\"inLanguage\":\"sv-SE\",\"@id\":\"https:\\\/\\\/niemikoti.fi\\\/sv\\\/respons\\\/#primaryimage\",\"url\":\"https:\\\/\\\/niemikoti.fi\\\/wp-content\\\/uploads\\\/2018\\\/12\\\/AdobeStock_214358759-Converted.png\",\"contentUrl\":\"https:\\\/\\\/niemikoti.fi\\\/wp-content\\\/uploads\\\/2018\\\/12\\\/AdobeStock_214358759-Converted.png\"},{\"@type\":\"BreadcrumbList\",\"@id\":\"https:\\\/\\\/niemikoti.fi\\\/sv\\\/respons\\\/#breadcrumb\",\"itemListElement\":[{\"@type\":\"ListItem\",\"position\":1,\"name\":\"Home\",\"item\":\"https:\\\/\\\/niemikoti.fi\\\/sv\\\/\"},{\"@type\":\"ListItem\",\"position\":2,\"name\":\"Respons\"}]},{\"@type\":\"WebSite\",\"@id\":\"https:\\\/\\\/niemikoti.fi\\\/#website\",\"url\":\"https:\\\/\\\/niemikoti.fi\\\/\",\"name\":\"Niemikotis\u00e4\u00e4ti\u00f6\",\"description\":\"Yhdess\u00e4 jo 40 vuotta\",\"publisher\":{\"@id\":\"https:\\\/\\\/niemikoti.fi\\\/#organization\"},\"potentialAction\":[{\"@type\":\"SearchAction\",\"target\":{\"@type\":\"EntryPoint\",\"urlTemplate\":\"https:\\\/\\\/niemikoti.fi\\\/?s={search_term_string}\"},\"query-input\":{\"@type\":\"PropertyValueSpecification\",\"valueRequired\":true,\"valueName\":\"search_term_string\"}}],\"inLanguage\":\"sv-SE\"},{\"@type\":\"Organization\",\"@id\":\"https:\\\/\\\/niemikoti.fi\\\/#organization\",\"name\":\"Niemikotis\u00e4\u00e4ti\u00f6\",\"url\":\"https:\\\/\\\/niemikoti.fi\\\/\",\"logo\":{\"@type\":\"ImageObject\",\"inLanguage\":\"sv-SE\",\"@id\":\"https:\\\/\\\/niemikoti.fi\\\/#\\\/schema\\\/logo\\\/image\\\/\",\"url\":\"https:\\\/\\\/niemikoti.fi\\\/wp-content\\\/uploads\\\/2023\\\/02\\\/niemikotilogo40v_vaaka.png\",\"contentUrl\":\"https:\\\/\\\/niemikoti.fi\\\/wp-content\\\/uploads\\\/2023\\\/02\\\/niemikotilogo40v_vaaka.png\",\"width\":1147,\"height\":418,\"caption\":\"Niemikotis\u00e4\u00e4ti\u00f6\"},\"image\":{\"@id\":\"https:\\\/\\\/niemikoti.fi\\\/#\\\/schema\\\/logo\\\/image\\\/\"},\"sameAs\":[\"https:\\\/\\\/www.facebook.com\\\/niemikoti\",\"https:\\\/\\\/www.instagram.com\\\/niemikoti\\\/\",\"https:\\\/\\\/www.youtube.com\\\/channel\\\/UCfo6l7q45CD_derGzEH8XGA\"]}]}<\/script>\n<!-- \/ Yoast SEO plugin. -->","yoast_head_json":{"title":"Respons - Niemikotis\u00e4\u00e4ti\u00f6","robots":{"index":"index","follow":"follow","max-snippet":"max-snippet:-1","max-image-preview":"max-image-preview:large","max-video-preview":"max-video-preview:-1"},"canonical":"https:\/\/niemikoti.fi\/sv\/respons\/","og_locale":"sv_SE","og_type":"article","og_title":"Respons - Niemikotis\u00e4\u00e4ti\u00f6","og_description":"Ge respons till Stiftelsen Uddhemmet Du kan ge respons till Stiftelsen Uddhemmet via formul\u00e4ret nedan eller kontakta den enhet du \u00f6nskar genom kontaktuppgifterna. Om du \u00e4r intresserad av enhetens verksamhet och\/eller av att delta i den, kan du bes\u00f6ka enhetens egen sida och titta under avsnittet\u00a0Evenemang, d\u00e4r till exempel \u00f6ppet hus-tillf\u00e4llen annonseras. Du kan ocks\u00e5...","og_url":"https:\/\/niemikoti.fi\/sv\/respons\/","og_site_name":"Niemikotis\u00e4\u00e4ti\u00f6","article_publisher":"https:\/\/www.facebook.com\/niemikoti","article_modified_time":"2025-10-07T03:53:35+00:00","og_image":[{"width":471,"height":696,"url":"https:\/\/niemikoti.fi\/wp-content\/uploads\/2018\/12\/AdobeStock_214358759-Converted.png","type":"image\/png"}],"twitter_card":"summary_large_image","twitter_misc":{"Ber\u00e4knad l\u00e4stid":"1 minut"},"schema":{"@context":"https:\/\/schema.org","@graph":[{"@type":"WebPage","@id":"https:\/\/niemikoti.fi\/sv\/respons\/","url":"https:\/\/niemikoti.fi\/sv\/respons\/","name":"Respons - Niemikotis\u00e4\u00e4ti\u00f6","isPartOf":{"@id":"https:\/\/niemikoti.fi\/#website"},"primaryImageOfPage":{"@id":"https:\/\/niemikoti.fi\/sv\/respons\/#primaryimage"},"image":{"@id":"https:\/\/niemikoti.fi\/sv\/respons\/#primaryimage"},"thumbnailUrl":"https:\/\/niemikoti.fi\/wp-content\/uploads\/2018\/12\/AdobeStock_214358759-Converted.png","datePublished":"2018-05-31T08:09:09+00:00","dateModified":"2025-10-07T03:53:35+00:00","breadcrumb":{"@id":"https:\/\/niemikoti.fi\/sv\/respons\/#breadcrumb"},"inLanguage":"sv-SE","potentialAction":[{"@type":"ReadAction","target":["https:\/\/niemikoti.fi\/sv\/respons\/"]}]},{"@type":"ImageObject","inLanguage":"sv-SE","@id":"https:\/\/niemikoti.fi\/sv\/respons\/#primaryimage","url":"https:\/\/niemikoti.fi\/wp-content\/uploads\/2018\/12\/AdobeStock_214358759-Converted.png","contentUrl":"https:\/\/niemikoti.fi\/wp-content\/uploads\/2018\/12\/AdobeStock_214358759-Converted.png"},{"@type":"BreadcrumbList","@id":"https:\/\/niemikoti.fi\/sv\/respons\/#breadcrumb","itemListElement":[{"@type":"ListItem","position":1,"name":"Home","item":"https:\/\/niemikoti.fi\/sv\/"},{"@type":"ListItem","position":2,"name":"Respons"}]},{"@type":"WebSite","@id":"https:\/\/niemikoti.fi\/#website","url":"https:\/\/niemikoti.fi\/","name":"Niemikotis\u00e4\u00e4ti\u00f6","description":"Yhdess\u00e4 jo 40 vuotta","publisher":{"@id":"https:\/\/niemikoti.fi\/#organization"},"potentialAction":[{"@type":"SearchAction","target":{"@type":"EntryPoint","urlTemplate":"https:\/\/niemikoti.fi\/?s={search_term_string}"},"query-input":{"@type":"PropertyValueSpecification","valueRequired":true,"valueName":"search_term_string"}}],"inLanguage":"sv-SE"},{"@type":"Organization","@id":"https:\/\/niemikoti.fi\/#organization","name":"Niemikotis\u00e4\u00e4ti\u00f6","url":"https:\/\/niemikoti.fi\/","logo":{"@type":"ImageObject","inLanguage":"sv-SE","@id":"https:\/\/niemikoti.fi\/#\/schema\/logo\/image\/","url":"https:\/\/niemikoti.fi\/wp-content\/uploads\/2023\/02\/niemikotilogo40v_vaaka.png","contentUrl":"https:\/\/niemikoti.fi\/wp-content\/uploads\/2023\/02\/niemikotilogo40v_vaaka.png","width":1147,"height":418,"caption":"Niemikotis\u00e4\u00e4ti\u00f6"},"image":{"@id":"https:\/\/niemikoti.fi\/#\/schema\/logo\/image\/"},"sameAs":["https:\/\/www.facebook.com\/niemikoti","https:\/\/www.instagram.com\/niemikoti\/","https:\/\/www.youtube.com\/channel\/UCfo6l7q45CD_derGzEH8XGA"]}]}},"taxonomy_info":[],"featured_image_src_large":false,"author_info":{"display_name":"Niemikotis\u00e4\u00e4ti\u00f6n viestint\u00e4","author_link":"https:\/\/niemikoti.fi\/sv\/author\/katjalampela\/"},"comment_info":0,"_links":{"self":[{"href":"https:\/\/niemikoti.fi\/sv\/wp-json\/wp\/v2\/pages\/47148","targetHints":{"allow":["GET"]}}],"collection":[{"href":"https:\/\/niemikoti.fi\/sv\/wp-json\/wp\/v2\/pages"}],"about":[{"href":"https:\/\/niemikoti.fi\/sv\/wp-json\/wp\/v2\/types\/page"}],"author":[{"embeddable":true,"href":"https:\/\/niemikoti.fi\/sv\/wp-json\/wp\/v2\/users\/2"}],"replies":[{"embeddable":true,"href":"https:\/\/niemikoti.fi\/sv\/wp-json\/wp\/v2\/comments?post=47148"}],"version-history":[{"count":1,"href":"https:\/\/niemikoti.fi\/sv\/wp-json\/wp\/v2\/pages\/47148\/revisions"}],"predecessor-version":[{"id":47149,"href":"https:\/\/niemikoti.fi\/sv\/wp-json\/wp\/v2\/pages\/47148\/revisions\/47149"}],"wp:attachment":[{"href":"https:\/\/niemikoti.fi\/sv\/wp-json\/wp\/v2\/media?parent=47148"}],"wp:term":[{"taxonomy":"sisaltoluokka","embeddable":true,"href":"https:\/\/niemikoti.fi\/sv\/wp-json\/wp\/v2\/sisaltoluokka?post=47148"}],"curies":[{"name":"wp","href":"https:\/\/api.w.org\/{rel}","templated":true}]}}