{"id":46919,"date":"2023-03-17T19:00:28","date_gmt":"2023-03-17T17:00:28","guid":{"rendered":"https:\/\/niemikoti.fi\/?page_id=46919"},"modified":"2025-09-29T08:16:43","modified_gmt":"2025-09-29T05:16:43","slug":"som-en-del-av-helsingfors-mentalvardstjanster","status":"publish","type":"page","link":"https:\/\/niemikoti.fi\/sv\/om-stiftelsen-uddhemmet\/som-en-del-av-helsingfors-mentalvardstjanster\/","title":{"rendered":"Som en del av Helsingfors mentalv\u00e5rdstj\u00e4nster"},"content":{"rendered":"<style>.kb-row-layout-id46919_f8d0ec-00 > .kt-row-column-wrap{align-content:start;}:where(.kb-row-layout-id46919_f8d0ec-00 > .kt-row-column-wrap) > .wp-block-kadence-column{justify-content:start;}.kb-row-layout-id46919_f8d0ec-00 > .kt-row-column-wrap{column-gap:var(--global-kb-gap-md, 2rem);row-gap:var(--global-kb-gap-md, 2rem);padding-top:var(--global-kb-spacing-sm, 1.5rem);padding-bottom:var(--global-kb-spacing-sm, 1.5rem);grid-template-columns:repeat(2, minmax(0, 1fr));}.kb-row-layout-id46919_f8d0ec-00 > .kt-row-layout-overlay{opacity:0.30;}@media all and (max-width: 1024px){.kb-row-layout-id46919_f8d0ec-00 > .kt-row-column-wrap{grid-template-columns:repeat(2, minmax(0, 1fr));}}@media all and (max-width: 767px){.kb-row-layout-id46919_f8d0ec-00 > .kt-row-column-wrap{grid-template-columns:minmax(0, 1fr);}}<\/style><div class=\"kb-row-layout-wrap kb-row-layout-id46919_f8d0ec-00 alignnone wp-block-kadence-rowlayout\"><div class=\"kt-row-column-wrap kt-has-2-columns kt-row-layout-equal kt-tab-layout-inherit kt-mobile-layout-row kt-row-valign-top\">\n<style>.kadence-column46919_2854fb-27 > .kt-inside-inner-col,.kadence-column46919_2854fb-27 > .kt-inside-inner-col:before{border-top-left-radius:0px;border-top-right-radius:0px;border-bottom-right-radius:0px;border-bottom-left-radius:0px;}.kadence-column46919_2854fb-27 > .kt-inside-inner-col{column-gap:var(--global-kb-gap-sm, 1rem);}.kadence-column46919_2854fb-27 > .kt-inside-inner-col{flex-direction:column;}.kadence-column46919_2854fb-27 > .kt-inside-inner-col > .aligncenter{width:100%;}.kadence-column46919_2854fb-27 > .kt-inside-inner-col:before{opacity:0.3;}.kadence-column46919_2854fb-27{position:relative;}@media all and (max-width: 1024px){.kadence-column46919_2854fb-27 > .kt-inside-inner-col{flex-direction:column;justify-content:center;}}@media all and (max-width: 767px){.kadence-column46919_2854fb-27 > .kt-inside-inner-col{flex-direction:column;justify-content:center;}}<\/style>\n<div class=\"wp-block-kadence-column kadence-column46919_2854fb-27 inner-column-1\"><div class=\"kt-inside-inner-col\">\n<h2 class=\"wp-block-heading\">Allm\u00e4nnyttig verksamhet f\u00f6r personer i psykisk rehabilitering<\/h2>\n\n\n\n<p>Niemikotis\u00e4\u00e4ti\u00f6 \u2013 Stiftelsen Uddhemmet, grundad 1983, bedriver enligt sina stadgar socialpsykiatrisk rehabiliteringsverksamhet och f\u00f6rebyggande mentalv\u00e5rdsarbete f\u00f6r Helsingforsbor i \u00f6ppenv\u00e5rd. Sedan 2011 har stiftelsen varit ett dottersamfund till Helsingfors stad och en del av stadskoncernen. Stiftelsen Uddhemmet verkar i enlighet med allm\u00e4nnyttiga principer och har inte som syfte att producera vinst. F\u00f6rbundet f\u00f6r Finl\u00e4ndskt Arbete beviljade stiftelsen m\u00e4rket f\u00f6r samh\u00e4lleligt f\u00f6retag \u00e5r 2016.<\/p>\n<\/div><\/div>\n\n\n<style>.kadence-column46919_75e13d-ff > .kt-inside-inner-col,.kadence-column46919_75e13d-ff > .kt-inside-inner-col:before{border-top-left-radius:0px;border-top-right-radius:0px;border-bottom-right-radius:0px;border-bottom-left-radius:0px;}.kadence-column46919_75e13d-ff > .kt-inside-inner-col{column-gap:var(--global-kb-gap-sm, 1rem);}.kadence-column46919_75e13d-ff > .kt-inside-inner-col{flex-direction:column;}.kadence-column46919_75e13d-ff > .kt-inside-inner-col > .aligncenter{width:100%;}.kadence-column46919_75e13d-ff > .kt-inside-inner-col:before{opacity:0.3;}.kadence-column46919_75e13d-ff{position:relative;}@media all and (max-width: 1024px){.kadence-column46919_75e13d-ff > .kt-inside-inner-col{flex-direction:column;justify-content:center;}}@media all and (max-width: 767px){.kadence-column46919_75e13d-ff > .kt-inside-inner-col{flex-direction:column;justify-content:center;}}<\/style>\n<div class=\"wp-block-kadence-column kadence-column46919_75e13d-ff inner-column-2\"><div class=\"kt-inside-inner-col\">\n<figure class=\"wp-block-embed is-type-video is-provider-youtube wp-block-embed-youtube wp-embed-aspect-16-9 wp-has-aspect-ratio\"><div class=\"wp-block-embed__wrapper\">\n<iframe loading=\"lazy\" title=\"Niemikotis\u00e4\u00e4ti\u00f6 \u2013 paras paikka toipua\" width=\"720\" height=\"405\" src=\"https:\/\/www.youtube.com\/embed\/Frjbu37_eww?feature=oembed\" frameborder=\"0\" allow=\"accelerometer; autoplay; clipboard-write; encrypted-media; gyroscope; picture-in-picture; web-share\" referrerpolicy=\"strict-origin-when-cross-origin\" allowfullscreen><\/iframe>\n<\/div><\/figure>\n<\/div><\/div>\n\n<\/div><\/div>\n\n<style>.kb-row-layout-id46919_2dbfcb-fc > .kt-row-column-wrap{align-content:start;}:where(.kb-row-layout-id46919_2dbfcb-fc > .kt-row-column-wrap) > .wp-block-kadence-column{justify-content:start;}.kb-row-layout-id46919_2dbfcb-fc > .kt-row-column-wrap{column-gap:var(--global-kb-gap-md, 2rem);row-gap:var(--global-kb-gap-md, 2rem);padding-top:var(--global-kb-spacing-sm, 1.5rem);padding-bottom:var(--global-kb-spacing-sm, 1.5rem);grid-template-columns:minmax(0, 1fr);}.kb-row-layout-id46919_2dbfcb-fc > .kt-row-layout-overlay{opacity:0.30;}@media all and (max-width: 1024px){.kb-row-layout-id46919_2dbfcb-fc > .kt-row-column-wrap{grid-template-columns:minmax(0, 1fr);}}@media all and (max-width: 767px){.kb-row-layout-id46919_2dbfcb-fc > .kt-row-column-wrap{grid-template-columns:minmax(0, 1fr);}}<\/style><div class=\"kb-row-layout-wrap kb-row-layout-id46919_2dbfcb-fc alignnone wp-block-kadence-rowlayout\"><div class=\"kt-row-column-wrap kt-has-1-columns kt-row-layout-equal kt-tab-layout-inherit kt-mobile-layout-row kt-row-valign-top\">\n<style>.kadence-column46919_0be9cb-cf > .kt-inside-inner-col,.kadence-column46919_0be9cb-cf > .kt-inside-inner-col:before{border-top-left-radius:0px;border-top-right-radius:0px;border-bottom-right-radius:0px;border-bottom-left-radius:0px;}.kadence-column46919_0be9cb-cf > .kt-inside-inner-col{column-gap:var(--global-kb-gap-sm, 1rem);}.kadence-column46919_0be9cb-cf > .kt-inside-inner-col{flex-direction:column;}.kadence-column46919_0be9cb-cf > .kt-inside-inner-col > .aligncenter{width:100%;}.kadence-column46919_0be9cb-cf > .kt-inside-inner-col:before{opacity:0.3;}.kadence-column46919_0be9cb-cf{position:relative;}@media all and (max-width: 1024px){.kadence-column46919_0be9cb-cf > .kt-inside-inner-col{flex-direction:column;justify-content:center;}}@media all and (max-width: 767px){.kadence-column46919_0be9cb-cf > .kt-inside-inner-col{flex-direction:column;justify-content:center;}}<\/style>\n<div class=\"wp-block-kadence-column kadence-column46919_0be9cb-cf inner-column-1\"><div class=\"kt-inside-inner-col\">\n<h2 class=\"wp-block-heading\">Stiftelsen Uddhemmets vision \u2013 den b\u00e4sta platsen f\u00f6r \u00e5terh\u00e4mtning<\/h2>\n\n\n\n<p>Stiftelsen Uddhemmets vision \u00e4r att erbjuda den b\u00e4sta \u00e5terh\u00e4mtningsmilj\u00f6n inom sitt omr\u00e5de f\u00f6r sina serviceanv\u00e4ndare. V\u00e5rt m\u00e5l \u00e4r att st\u00e4ndigt g\u00f6ra allting b\u00e4ttre s\u00e5 att \u00e5terh\u00e4mtning \u00e4r m\u00f6jlig och livet blir trevligare och smidigare. Genom v\u00e5r verksamhet f\u00f6rebygger vi marginalisering och oj\u00e4mlikhet.<\/p>\n\n\n\n<h2 class=\"wp-block-heading\">M\u00e5ngsidig verksamhet baserad p\u00e5 \u00e5terh\u00e4mtningsorientering<\/h2>\n\n\n\n<p>Vi \u00e4r p\u00e5 m\u00e5nga s\u00e4tt delaktiga i livet f\u00f6r Helsingforsbor i psykisk rehabilitering. Vi ordnar boende, arbete, utbildning, handledning, studier samt dag- och fritidsverksamhet. V\u00e5ra tj\u00e4nster bildar en tydlig helhet som st\u00f6der serviceanv\u00e4ndarna i olika skeden av livet.<\/p>\n\n\n\n<p>V\u00e5r verksamhet baserar sig p\u00e5 \u00e5terh\u00e4mtningsorientering. Enligt denna verksamhetsfilosofi st\u00e5r serviceanv\u00e4ndarnas sj\u00e4lvst\u00e4ndiga beslutsfattande, egna erfarenheter, m\u00e5l och \u00f6nskem\u00e5l i centrum f\u00f6r \u00e5terh\u00e4mtningen. Vi har i h\u00f6g grad bidragit till att f\u00f6ra in \u00e5terh\u00e4mtningsorienterat t\u00e4nkande i det finl\u00e4ndska mentalv\u00e5rdsarbetet. Vi deltar aktivt i nationellt och internationellt samarbete inom v\u00e5rt omr\u00e5de.<\/p>\n\n\n\n<h2 class=\"wp-block-heading\">En stark v\u00e4rdegrund<\/h2>\n\n\n\n<p>Expertis, p\u00e5litlighet, ansvar och j\u00e4mlikhet utg\u00f6r grunden f\u00f6r v\u00e5r verksamhet. I all v\u00e5r verksamhet str\u00e4var vi ocks\u00e5 efter att beakta ekonomiska och milj\u00f6m\u00e4ssiga aspekter. Stiftelsen Uddhemmet har tilldelats Ekokompassen-certifikatet av Helsingfors stad som ett erk\u00e4nnande f\u00f6r sitt engagemang i att sk\u00f6ta och utveckla milj\u00f6fr\u00e5gor.<\/p>\n\n\n\n<h2 class=\"wp-block-heading\">Kvalitet och genomslagskraft i f\u00f6rsta hand<\/h2>\n\n\n\n<p>Den kontinuerliga utv\u00e4rderingen och utvecklingen av kvaliteten och genomslagskraften i v\u00e5ra tj\u00e4nster \u00e4r s\u00e4rskilt viktig f\u00f6r oss. H\u00f6gkvalitativa och verkningsfulla tj\u00e4nster \u00e4r inte bara till f\u00f6rdel f\u00f6r serviceanv\u00e4ndaren utan ocks\u00e5 det mest ekonomiskt h\u00e5llbara s\u00e4ttet att producera tj\u00e4nster p\u00e5 l\u00e5ng sikt. Vi tror p\u00e5 samskapande, det vill s\u00e4ga att vi utvecklar och \u00e4ven utv\u00e4rderar v\u00e5ra tj\u00e4nster tillsammans med serviceanv\u00e4ndarna.<\/p>\n<\/div><\/div>\n\n<\/div><\/div>\n\n\n<div style=\"height:52px\" aria-hidden=\"true\" class=\"wp-block-spacer\"><\/div>\n<div style=\"margin: 20px 0;\"><div class=\"qrcswholewtapper\" style=\"text-align:left;\"><div class=\"qrcprowrapper\"  id=\"qrcwraa2leds\"><div class=\"qrc_canvass\" id=\"qrc_cuttenpages_2\" style=\"display:none\" data-text=\"https:\/\/niemikoti.fi\/sv\/om-stiftelsen-uddhemmet\/som-en-del-av-helsingfors-mentalvardstjanster\/\"><\/div><div><a download=\"Som en del av Helsingfors mentalv\u00e5rdstj\u00e4nster.png\" class=\"qrcdownloads\" id=\"worign\">\r\n           <button type=\"button\" style=\"min-width:200px;background:#c8fd8c;color:#000;font-weight: 600;border: 1px solid #dddddd;border-radius:4px;font-size:12px;padding: 6px 0;\" class=\"uqr_code_btn\">Lataa QR-koodi<\/button>\r\n           <\/a><\/div><\/div><\/div><\/div>","protected":false},"excerpt":{"rendered":"<p>Allm\u00e4nnyttig verksamhet f\u00f6r personer i psykisk rehabilitering Niemikotis\u00e4\u00e4ti\u00f6 \u2013 Stiftelsen Uddhemmet, grundad 1983, bedriver enligt sina stadgar socialpsykiatrisk rehabiliteringsverksamhet och f\u00f6rebyggande mentalv\u00e5rdsarbete f\u00f6r Helsingforsbor i \u00f6ppenv\u00e5rd. Sedan 2011 har stiftelsen varit ett dottersamfund till Helsingfors stad och en del av stadskoncernen. Stiftelsen Uddhemmet verkar i enlighet med allm\u00e4nnyttiga principer och har inte som syfte att&#8230;<\/p>\n","protected":false},"author":2,"featured_media":0,"parent":46917,"menu_order":0,"comment_status":"closed","ping_status":"closed","template":"","meta":{"_kad_blocks_custom_css":"","_kad_blocks_head_custom_js":"","_kad_blocks_body_custom_js":"","_kad_blocks_footer_custom_js":"","_kad_post_transparent":"","_kad_post_title":"","_kad_post_layout":"","_kad_post_sidebar_id":"","_kad_post_content_style":"","_kad_post_vertical_padding":"","_kad_post_feature":"","_kad_post_feature_position":"","_kad_post_header":false,"_kad_post_footer":false,"_kad_post_classname":"","cybocfi_hide_featured_image":"","footnotes":"","_links_to":"","_links_to_target":""},"sisaltoluokka":[],"class_list":["post-46919","page","type-page","status-publish","hentry"],"yoast_head":"<!-- This site is optimized with the Yoast SEO plugin v27.3 - https:\/\/yoast.com\/product\/yoast-seo-wordpress\/ -->\n<title>Som en del av Helsingfors mentalv\u00e5rdstj\u00e4nster - Niemikotis\u00e4\u00e4ti\u00f6<\/title>\n<meta name=\"robots\" content=\"index, follow, max-snippet:-1, max-image-preview:large, max-video-preview:-1\" \/>\n<link rel=\"canonical\" href=\"https:\/\/niemikoti.fi\/sv\/om-stiftelsen-uddhemmet\/som-en-del-av-helsingfors-mentalvardstjanster\/\" \/>\n<meta property=\"og:locale\" content=\"sv_SE\" \/>\n<meta property=\"og:type\" content=\"article\" \/>\n<meta property=\"og:title\" content=\"Som en del av Helsingfors mentalv\u00e5rdstj\u00e4nster - Niemikotis\u00e4\u00e4ti\u00f6\" \/>\n<meta property=\"og:description\" content=\"Allm\u00e4nnyttig verksamhet f\u00f6r personer i psykisk rehabilitering Niemikotis\u00e4\u00e4ti\u00f6 \u2013 Stiftelsen Uddhemmet, grundad 1983, bedriver enligt sina stadgar socialpsykiatrisk rehabiliteringsverksamhet och f\u00f6rebyggande mentalv\u00e5rdsarbete f\u00f6r Helsingforsbor i \u00f6ppenv\u00e5rd. Sedan 2011 har stiftelsen varit ett dottersamfund till Helsingfors stad och en del av stadskoncernen. Stiftelsen Uddhemmet verkar i enlighet med allm\u00e4nnyttiga principer och har inte som syfte att...\" \/>\n<meta property=\"og:url\" content=\"https:\/\/niemikoti.fi\/sv\/om-stiftelsen-uddhemmet\/som-en-del-av-helsingfors-mentalvardstjanster\/\" \/>\n<meta property=\"og:site_name\" content=\"Niemikotis\u00e4\u00e4ti\u00f6\" \/>\n<meta property=\"article:publisher\" content=\"https:\/\/www.facebook.com\/niemikoti\" \/>\n<meta property=\"article:modified_time\" content=\"2025-09-29T05:16:43+00:00\" \/>\n<meta name=\"twitter:card\" content=\"summary_large_image\" \/>\n<meta name=\"twitter:label1\" content=\"Ber\u00e4knad l\u00e4stid\" \/>\n\t<meta name=\"twitter:data1\" content=\"2 minut\" \/>\n<script type=\"application\/ld+json\" class=\"yoast-schema-graph\">{\"@context\":\"https:\\\/\\\/schema.org\",\"@graph\":[{\"@type\":\"WebPage\",\"@id\":\"https:\\\/\\\/niemikoti.fi\\\/sv\\\/om-stiftelsen-uddhemmet\\\/som-en-del-av-helsingfors-mentalvardstjanster\\\/\",\"url\":\"https:\\\/\\\/niemikoti.fi\\\/sv\\\/om-stiftelsen-uddhemmet\\\/som-en-del-av-helsingfors-mentalvardstjanster\\\/\",\"name\":\"Som en del av Helsingfors mentalv\u00e5rdstj\u00e4nster - Niemikotis\u00e4\u00e4ti\u00f6\",\"isPartOf\":{\"@id\":\"https:\\\/\\\/niemikoti.fi\\\/#website\"},\"datePublished\":\"2023-03-17T17:00:28+00:00\",\"dateModified\":\"2025-09-29T05:16:43+00:00\",\"breadcrumb\":{\"@id\":\"https:\\\/\\\/niemikoti.fi\\\/sv\\\/om-stiftelsen-uddhemmet\\\/som-en-del-av-helsingfors-mentalvardstjanster\\\/#breadcrumb\"},\"inLanguage\":\"sv-SE\",\"potentialAction\":[{\"@type\":\"ReadAction\",\"target\":[\"https:\\\/\\\/niemikoti.fi\\\/sv\\\/om-stiftelsen-uddhemmet\\\/som-en-del-av-helsingfors-mentalvardstjanster\\\/\"]}]},{\"@type\":\"BreadcrumbList\",\"@id\":\"https:\\\/\\\/niemikoti.fi\\\/sv\\\/om-stiftelsen-uddhemmet\\\/som-en-del-av-helsingfors-mentalvardstjanster\\\/#breadcrumb\",\"itemListElement\":[{\"@type\":\"ListItem\",\"position\":1,\"name\":\"Home\",\"item\":\"https:\\\/\\\/niemikoti.fi\\\/sv\\\/\"},{\"@type\":\"ListItem\",\"position\":2,\"name\":\"Om Stiftelsen Uddhemmet\",\"item\":\"https:\\\/\\\/niemikoti.fi\\\/sv\\\/om-stiftelsen-uddhemmet\\\/\"},{\"@type\":\"ListItem\",\"position\":3,\"name\":\"Som en del av Helsingfors mentalv\u00e5rdstj\u00e4nster\"}]},{\"@type\":\"WebSite\",\"@id\":\"https:\\\/\\\/niemikoti.fi\\\/#website\",\"url\":\"https:\\\/\\\/niemikoti.fi\\\/\",\"name\":\"Niemikotis\u00e4\u00e4ti\u00f6\",\"description\":\"Yhdess\u00e4 jo 40 vuotta\",\"publisher\":{\"@id\":\"https:\\\/\\\/niemikoti.fi\\\/#organization\"},\"potentialAction\":[{\"@type\":\"SearchAction\",\"target\":{\"@type\":\"EntryPoint\",\"urlTemplate\":\"https:\\\/\\\/niemikoti.fi\\\/?s={search_term_string}\"},\"query-input\":{\"@type\":\"PropertyValueSpecification\",\"valueRequired\":true,\"valueName\":\"search_term_string\"}}],\"inLanguage\":\"sv-SE\"},{\"@type\":\"Organization\",\"@id\":\"https:\\\/\\\/niemikoti.fi\\\/#organization\",\"name\":\"Niemikotis\u00e4\u00e4ti\u00f6\",\"url\":\"https:\\\/\\\/niemikoti.fi\\\/\",\"logo\":{\"@type\":\"ImageObject\",\"inLanguage\":\"sv-SE\",\"@id\":\"https:\\\/\\\/niemikoti.fi\\\/#\\\/schema\\\/logo\\\/image\\\/\",\"url\":\"https:\\\/\\\/niemikoti.fi\\\/wp-content\\\/uploads\\\/2023\\\/02\\\/niemikotilogo40v_vaaka.png\",\"contentUrl\":\"https:\\\/\\\/niemikoti.fi\\\/wp-content\\\/uploads\\\/2023\\\/02\\\/niemikotilogo40v_vaaka.png\",\"width\":1147,\"height\":418,\"caption\":\"Niemikotis\u00e4\u00e4ti\u00f6\"},\"image\":{\"@id\":\"https:\\\/\\\/niemikoti.fi\\\/#\\\/schema\\\/logo\\\/image\\\/\"},\"sameAs\":[\"https:\\\/\\\/www.facebook.com\\\/niemikoti\",\"https:\\\/\\\/www.instagram.com\\\/niemikoti\\\/\",\"https:\\\/\\\/www.youtube.com\\\/channel\\\/UCfo6l7q45CD_derGzEH8XGA\"]}]}<\/script>\n<!-- \/ Yoast SEO plugin. -->","yoast_head_json":{"title":"Som en del av Helsingfors mentalv\u00e5rdstj\u00e4nster - Niemikotis\u00e4\u00e4ti\u00f6","robots":{"index":"index","follow":"follow","max-snippet":"max-snippet:-1","max-image-preview":"max-image-preview:large","max-video-preview":"max-video-preview:-1"},"canonical":"https:\/\/niemikoti.fi\/sv\/om-stiftelsen-uddhemmet\/som-en-del-av-helsingfors-mentalvardstjanster\/","og_locale":"sv_SE","og_type":"article","og_title":"Som en del av Helsingfors mentalv\u00e5rdstj\u00e4nster - Niemikotis\u00e4\u00e4ti\u00f6","og_description":"Allm\u00e4nnyttig verksamhet f\u00f6r personer i psykisk rehabilitering Niemikotis\u00e4\u00e4ti\u00f6 \u2013 Stiftelsen Uddhemmet, grundad 1983, bedriver enligt sina stadgar socialpsykiatrisk rehabiliteringsverksamhet och f\u00f6rebyggande mentalv\u00e5rdsarbete f\u00f6r Helsingforsbor i \u00f6ppenv\u00e5rd. Sedan 2011 har stiftelsen varit ett dottersamfund till Helsingfors stad och en del av stadskoncernen. Stiftelsen Uddhemmet verkar i enlighet med allm\u00e4nnyttiga principer och har inte som syfte att...","og_url":"https:\/\/niemikoti.fi\/sv\/om-stiftelsen-uddhemmet\/som-en-del-av-helsingfors-mentalvardstjanster\/","og_site_name":"Niemikotis\u00e4\u00e4ti\u00f6","article_publisher":"https:\/\/www.facebook.com\/niemikoti","article_modified_time":"2025-09-29T05:16:43+00:00","twitter_card":"summary_large_image","twitter_misc":{"Ber\u00e4knad l\u00e4stid":"2 minut"},"schema":{"@context":"https:\/\/schema.org","@graph":[{"@type":"WebPage","@id":"https:\/\/niemikoti.fi\/sv\/om-stiftelsen-uddhemmet\/som-en-del-av-helsingfors-mentalvardstjanster\/","url":"https:\/\/niemikoti.fi\/sv\/om-stiftelsen-uddhemmet\/som-en-del-av-helsingfors-mentalvardstjanster\/","name":"Som en del av Helsingfors mentalv\u00e5rdstj\u00e4nster - Niemikotis\u00e4\u00e4ti\u00f6","isPartOf":{"@id":"https:\/\/niemikoti.fi\/#website"},"datePublished":"2023-03-17T17:00:28+00:00","dateModified":"2025-09-29T05:16:43+00:00","breadcrumb":{"@id":"https:\/\/niemikoti.fi\/sv\/om-stiftelsen-uddhemmet\/som-en-del-av-helsingfors-mentalvardstjanster\/#breadcrumb"},"inLanguage":"sv-SE","potentialAction":[{"@type":"ReadAction","target":["https:\/\/niemikoti.fi\/sv\/om-stiftelsen-uddhemmet\/som-en-del-av-helsingfors-mentalvardstjanster\/"]}]},{"@type":"BreadcrumbList","@id":"https:\/\/niemikoti.fi\/sv\/om-stiftelsen-uddhemmet\/som-en-del-av-helsingfors-mentalvardstjanster\/#breadcrumb","itemListElement":[{"@type":"ListItem","position":1,"name":"Home","item":"https:\/\/niemikoti.fi\/sv\/"},{"@type":"ListItem","position":2,"name":"Om Stiftelsen Uddhemmet","item":"https:\/\/niemikoti.fi\/sv\/om-stiftelsen-uddhemmet\/"},{"@type":"ListItem","position":3,"name":"Som en del av Helsingfors mentalv\u00e5rdstj\u00e4nster"}]},{"@type":"WebSite","@id":"https:\/\/niemikoti.fi\/#website","url":"https:\/\/niemikoti.fi\/","name":"Niemikotis\u00e4\u00e4ti\u00f6","description":"Yhdess\u00e4 jo 40 vuotta","publisher":{"@id":"https:\/\/niemikoti.fi\/#organization"},"potentialAction":[{"@type":"SearchAction","target":{"@type":"EntryPoint","urlTemplate":"https:\/\/niemikoti.fi\/?s={search_term_string}"},"query-input":{"@type":"PropertyValueSpecification","valueRequired":true,"valueName":"search_term_string"}}],"inLanguage":"sv-SE"},{"@type":"Organization","@id":"https:\/\/niemikoti.fi\/#organization","name":"Niemikotis\u00e4\u00e4ti\u00f6","url":"https:\/\/niemikoti.fi\/","logo":{"@type":"ImageObject","inLanguage":"sv-SE","@id":"https:\/\/niemikoti.fi\/#\/schema\/logo\/image\/","url":"https:\/\/niemikoti.fi\/wp-content\/uploads\/2023\/02\/niemikotilogo40v_vaaka.png","contentUrl":"https:\/\/niemikoti.fi\/wp-content\/uploads\/2023\/02\/niemikotilogo40v_vaaka.png","width":1147,"height":418,"caption":"Niemikotis\u00e4\u00e4ti\u00f6"},"image":{"@id":"https:\/\/niemikoti.fi\/#\/schema\/logo\/image\/"},"sameAs":["https:\/\/www.facebook.com\/niemikoti","https:\/\/www.instagram.com\/niemikoti\/","https:\/\/www.youtube.com\/channel\/UCfo6l7q45CD_derGzEH8XGA"]}]}},"taxonomy_info":[],"featured_image_src_large":false,"author_info":{"display_name":"Niemikotis\u00e4\u00e4ti\u00f6n viestint\u00e4","author_link":"https:\/\/niemikoti.fi\/sv\/author\/katjalampela\/"},"comment_info":0,"_links":{"self":[{"href":"https:\/\/niemikoti.fi\/sv\/wp-json\/wp\/v2\/pages\/46919","targetHints":{"allow":["GET"]}}],"collection":[{"href":"https:\/\/niemikoti.fi\/sv\/wp-json\/wp\/v2\/pages"}],"about":[{"href":"https:\/\/niemikoti.fi\/sv\/wp-json\/wp\/v2\/types\/page"}],"author":[{"embeddable":true,"href":"https:\/\/niemikoti.fi\/sv\/wp-json\/wp\/v2\/users\/2"}],"replies":[{"embeddable":true,"href":"https:\/\/niemikoti.fi\/sv\/wp-json\/wp\/v2\/comments?post=46919"}],"version-history":[{"count":1,"href":"https:\/\/niemikoti.fi\/sv\/wp-json\/wp\/v2\/pages\/46919\/revisions"}],"predecessor-version":[{"id":46920,"href":"https:\/\/niemikoti.fi\/sv\/wp-json\/wp\/v2\/pages\/46919\/revisions\/46920"}],"up":[{"embeddable":true,"href":"https:\/\/niemikoti.fi\/sv\/wp-json\/wp\/v2\/pages\/46917"}],"wp:attachment":[{"href":"https:\/\/niemikoti.fi\/sv\/wp-json\/wp\/v2\/media?parent=46919"}],"wp:term":[{"taxonomy":"sisaltoluokka","embeddable":true,"href":"https:\/\/niemikoti.fi\/sv\/wp-json\/wp\/v2\/sisaltoluokka?post=46919"}],"curies":[{"name":"wp","href":"https:\/\/api.w.org\/{rel}","templated":true}]}}