{"id":47494,"date":"2023-02-02T04:30:55","date_gmt":"2023-02-02T02:30:55","guid":{"rendered":"https:\/\/niemikoti.fi\/?page_id=47494"},"modified":"2025-10-14T11:01:28","modified_gmt":"2025-10-14T08:01:28","slug":"why-is-support-for-loved-ones-important-and-where-to-find-guidance","status":"publish","type":"page","link":"https:\/\/niemikoti.fi\/en\/for-family-and-close-ones\/why-is-support-for-loved-ones-important-and-where-to-find-guidance\/","title":{"rendered":"Why Is Support for Loved Ones Important and Where to Find Guidance?"},"content":{"rendered":"<style>.kb-row-layout-id47494_b9847d-93 > .kt-row-column-wrap{align-content:start;}:where(.kb-row-layout-id47494_b9847d-93 > .kt-row-column-wrap) > .wp-block-kadence-column{justify-content:start;}.kb-row-layout-id47494_b9847d-93 > .kt-row-column-wrap{column-gap:var(--global-kb-gap-md, 2rem);row-gap:var(--global-kb-gap-md, 2rem);padding-top:var(--global-kb-spacing-sm, 1.5rem);padding-bottom:var(--global-kb-spacing-sm, 1.5rem);grid-template-columns:repeat(2, minmax(0, 1fr));}.kb-row-layout-id47494_b9847d-93 > .kt-row-layout-overlay{opacity:0.30;}@media all and (max-width: 1024px){.kb-row-layout-id47494_b9847d-93 > .kt-row-column-wrap{grid-template-columns:repeat(2, minmax(0, 1fr));}}@media all and (max-width: 767px){.kb-row-layout-id47494_b9847d-93 > .kt-row-column-wrap{grid-template-columns:minmax(0, 1fr);}}<\/style><div class=\"kb-row-layout-wrap kb-row-layout-id47494_b9847d-93 alignnone wp-block-kadence-rowlayout\"><div class=\"kt-row-column-wrap kt-has-2-columns kt-row-layout-equal kt-tab-layout-inherit kt-mobile-layout-row kt-row-valign-top\">\n<style>.kadence-column47494_872f41-1c > .kt-inside-inner-col,.kadence-column47494_872f41-1c > .kt-inside-inner-col:before{border-top-left-radius:0px;border-top-right-radius:0px;border-bottom-right-radius:0px;border-bottom-left-radius:0px;}.kadence-column47494_872f41-1c > .kt-inside-inner-col{column-gap:var(--global-kb-gap-sm, 1rem);}.kadence-column47494_872f41-1c > .kt-inside-inner-col{flex-direction:column;}.kadence-column47494_872f41-1c > .kt-inside-inner-col > .aligncenter{width:100%;}.kadence-column47494_872f41-1c > .kt-inside-inner-col:before{opacity:0.3;}.kadence-column47494_872f41-1c{position:relative;}@media all and (max-width: 1024px){.kadence-column47494_872f41-1c > .kt-inside-inner-col{flex-direction:column;justify-content:center;}}@media all and (max-width: 767px){.kadence-column47494_872f41-1c > .kt-inside-inner-col{flex-direction:column;justify-content:center;}}<\/style>\n<div class=\"wp-block-kadence-column kadence-column47494_872f41-1c\"><div class=\"kt-inside-inner-col\">\n<p class=\"has-medium-font-size\">Mental health issues also affect the lives of the loved ones of those who are ill. Family members play an important role in supporting the person and their recovery process. The challenges in the life situation of the person with mental health problems also burden their loved ones in many ways.&nbsp;&nbsp;&nbsp;<\/p>\n\n\n\n<p><strong>Peer support<\/strong>&nbsp;means the support we receive when we talk with people who are in a similar life situation. Realizing that others also have a loved one who is mentally ill or showing symptoms can bring relief. Peer support helps reduce feelings of guilt, increases understanding toward both the loved one and oneself, and helps in finding healthy boundaries, self-care, and ways to maintain one&#8217;s own well-being.<br>(Source:&nbsp;<em>Mahdollisuuksia_palvelutarjotin \u2013 Mielenterveysomaisten keskusliitto \u2013 FinFami ry<\/em>)<\/p>\n\n\n\n<p>The&nbsp;<strong>Finnish Central Association for Families of People with Mental Illness \u2013 FinFami ry<\/strong>&nbsp;organizes various peer support groups led by professionals or trained volunteers.<\/p>\n\n\n<style>.wp-block-kadence-advancedheading.kt-adv-heading47494_558e76-76, .wp-block-kadence-advancedheading.kt-adv-heading47494_558e76-76[data-kb-block=\"kb-adv-heading47494_558e76-76\"]{font-size:var(--global-kb-font-size-md, 1.25rem);font-style:normal;}.wp-block-kadence-advancedheading.kt-adv-heading47494_558e76-76 mark.kt-highlight, .wp-block-kadence-advancedheading.kt-adv-heading47494_558e76-76[data-kb-block=\"kb-adv-heading47494_558e76-76\"] mark.kt-highlight{font-style:normal;color:#f76a0c;-webkit-box-decoration-break:clone;box-decoration-break:clone;padding-top:0px;padding-right:0px;padding-bottom:0px;padding-left:0px;}.wp-block-kadence-advancedheading.kt-adv-heading47494_558e76-76 img.kb-inline-image, .wp-block-kadence-advancedheading.kt-adv-heading47494_558e76-76[data-kb-block=\"kb-adv-heading47494_558e76-76\"] img.kb-inline-image{width:150px;vertical-align:baseline;}<\/style>\n<h2 class=\"kt-adv-heading47494_558e76-76 wp-block-kadence-advancedheading\" data-kb-block=\"kb-adv-heading47494_558e76-76\">You can find guidance from the following sources: <\/h2>\n\n\n\n<ul class=\"wp-block-list\">\n<ul class=\"wp-block-list\">\n<li><a href=\"http:\/\/www.finfami.fi\/\" target=\"_blank\" rel=\"noreferrer noopener\">Mielenterveysomaisten keskusliitto \u2013 FinFami ry<\/a>&nbsp;<\/li>\n\n\n\n<li><a href=\"https:\/\/www.finfamiuusimaa.fi\/\" target=\"_blank\" rel=\"noreferrer noopener\">FinFami Uusimaa ry &#8211; Omaiset mielenterveyden tukena<\/a>&nbsp;<\/li>\n\n\n\n<li><a href=\"https:\/\/oppaat.finfami.fi\/wp-content\/uploads\/sites\/36\/ABC-opas-omaiselle.pdf\" target=\"_blank\" rel=\"noreferrer noopener\">ABC-opas-omaiselle.pdf (finfami.fi)<\/a>&nbsp;<\/li>\n\n\n\n<li>Mielenterveyden keskusliitto <a href=\"https:\/\/www.mtkl.fi\/mista-apua\/neuvonta\/\" target=\"_blank\" rel=\"noreferrer noopener\">Mielenterveyden keskusliiton neuvontapuhelin ja Valoa-chat<\/a>,&nbsp;&nbsp;<\/li>\n\n\n\n<li><a href=\"https:\/\/www.mtkl.fi\/mika-askarruttaa\/laheisen-sairastuminen\/\">https:\/\/www.mtkl.fi\/mika-askarruttaa\/laheisen-sairastuminen\/<\/a><\/li>\n\n\n\n<li><a href=\"https:\/\/mielenterveysomaiselle.fi\/\">https:\/\/mielenterveysomaiselle.fi\/<\/a><\/li>\n\n\n\n<li><a href=\"https:\/\/parisuhdekeskus.fi\/\" target=\"_blank\" rel=\"noreferrer noopener\">Parisuhdekeskus Kataja<\/a>&nbsp;<\/li>\n<\/ul>\n<\/ul>\n<\/div><\/div>\n\n\n<style>.kadence-column47494_783f4d-be > .kt-inside-inner-col,.kadence-column47494_783f4d-be > .kt-inside-inner-col:before{border-top-left-radius:0px;border-top-right-radius:0px;border-bottom-right-radius:0px;border-bottom-left-radius:0px;}.kadence-column47494_783f4d-be > .kt-inside-inner-col{column-gap:var(--global-kb-gap-sm, 1rem);}.kadence-column47494_783f4d-be > .kt-inside-inner-col{flex-direction:column;}.kadence-column47494_783f4d-be > .kt-inside-inner-col > .aligncenter{width:100%;}.kadence-column47494_783f4d-be > .kt-inside-inner-col:before{opacity:0.3;}.kadence-column47494_783f4d-be{position:relative;}@media all and (max-width: 1024px){.kadence-column47494_783f4d-be > .kt-inside-inner-col{flex-direction:column;justify-content:center;}}@media all and (max-width: 767px){.kadence-column47494_783f4d-be > .kt-inside-inner-col{flex-direction:column;justify-content:center;}}<\/style>\n<div class=\"wp-block-kadence-column kadence-column47494_783f4d-be\"><div class=\"kt-inside-inner-col\">\n<div class=\"wp-block-group\"><div class=\"wp-block-group__inner-container is-layout-constrained wp-block-group-is-layout-constrained\">\n<figure class=\"wp-block-image size-full\"><img loading=\"lazy\" decoding=\"async\" width=\"1114\" height=\"786\" src=\"https:\/\/niemikoti.fi\/wp-content\/uploads\/2023\/05\/Screenshot-2023-05-28-at-8.54.42.png\" alt=\"Kuvituspiirros\" class=\"wp-image-24196\"\/><\/figure>\n\n\n<style>.kadence-column47494_85a324-6e > .kt-inside-inner-col{padding-top:60px;padding-right:60px;padding-bottom:60px;padding-left:60px;}.kadence-column47494_85a324-6e > .kt-inside-inner-col,.kadence-column47494_85a324-6e > .kt-inside-inner-col:before{border-top-left-radius:60px;border-top-right-radius:0px;border-bottom-right-radius:60px;border-bottom-left-radius:0px;}.kadence-column47494_85a324-6e > .kt-inside-inner-col{column-gap:var(--global-kb-gap-sm, 1rem);}.kadence-column47494_85a324-6e > .kt-inside-inner-col{flex-direction:column;}.kadence-column47494_85a324-6e > .kt-inside-inner-col > .aligncenter{width:100%;}.kadence-column47494_85a324-6e > .kt-inside-inner-col{background-color:rgba(113, 128, 150, 0.2);}.kadence-column47494_85a324-6e > .kt-inside-inner-col:before{opacity:0.3;}.kadence-column47494_85a324-6e{position:relative;}@media all and (max-width: 1024px){.kadence-column47494_85a324-6e > .kt-inside-inner-col{flex-direction:column;justify-content:center;}}@media all and (max-width: 767px){.kadence-column47494_85a324-6e > .kt-inside-inner-col{flex-direction:column;justify-content:center;}}<\/style>\n<div class=\"wp-block-kadence-column kadence-column47494_85a324-6e inner-column-1\"><div class=\"kt-inside-inner-col\"><style>.wp-block-kadence-advancedheading.kt-adv-heading47494_123c5c-35, .wp-block-kadence-advancedheading.kt-adv-heading47494_123c5c-35[data-kb-block=\"kb-adv-heading47494_123c5c-35\"]{font-size:var(--global-kb-font-size-md, 1.25rem);font-style:normal;}.wp-block-kadence-advancedheading.kt-adv-heading47494_123c5c-35 mark.kt-highlight, .wp-block-kadence-advancedheading.kt-adv-heading47494_123c5c-35[data-kb-block=\"kb-adv-heading47494_123c5c-35\"] mark.kt-highlight{font-style:normal;color:#f76a0c;-webkit-box-decoration-break:clone;box-decoration-break:clone;padding-top:0px;padding-right:0px;padding-bottom:0px;padding-left:0px;}.wp-block-kadence-advancedheading.kt-adv-heading47494_123c5c-35 img.kb-inline-image, .wp-block-kadence-advancedheading.kt-adv-heading47494_123c5c-35[data-kb-block=\"kb-adv-heading47494_123c5c-35\"] img.kb-inline-image{width:150px;vertical-align:baseline;}<\/style>\n<h2 class=\"kt-adv-heading47494_123c5c-35 wp-block-kadence-advancedheading\" data-kb-block=\"kb-adv-heading47494_123c5c-35\">You Are Not Alone! <\/h2>\n\n\n\n<p>If you are a relative or close one of a Niemikoti Foundation service user and have concerns or questions, please don\u2019t hesitate to contact our family and relatives support team:<\/p>\n\n\n\n<ul class=\"wp-block-list\">\n<li>Ulla Tiainen, <a href=\"mailto:ulla.tiainen@niemikoti.fi\">ulla.tiainen@niemikoti.fi<\/a><\/li>\n\n\n\n<li>Satu Toivonen, <a href=\"mailto:satu.toivonen@niemikoti.fi\">satu.toivonen@niemikoti.fi<\/a><\/li>\n\n\n\n<li>Riikka Riipinen, <a href=\"mailto:riikka.riipinen@niemikoti.fi\">riikka.riipinen@niemikoti.fi<\/a><\/li>\n<\/ul>\n<\/div><\/div>\n<\/div><\/div>\n<\/div><\/div>\n\n<\/div><\/div><div style=\"margin: 20px 0;\"><div class=\"qrcswholewtapper\" style=\"text-align:left;\"><div class=\"qrcprowrapper\"  id=\"qrcwraa2leds\"><div class=\"qrc_canvass\" id=\"qrc_cuttenpages_2\" style=\"display:none\" data-text=\"https:\/\/niemikoti.fi\/en\/for-family-and-close-ones\/why-is-support-for-loved-ones-important-and-where-to-find-guidance\/\"><\/div><div><a download=\"Why Is Support for Loved Ones Important and Where to Find Guidance?.png\" class=\"qrcdownloads\" id=\"worign\">\r\n           <button type=\"button\" style=\"min-width:200px;background:#c8fd8c;color:#000;font-weight: 600;border: 1px solid #dddddd;border-radius:4px;font-size:12px;padding: 6px 0;\" class=\"uqr_code_btn\">Lataa QR-koodi<\/button>\r\n           <\/a><\/div><\/div><\/div><\/div>","protected":false},"excerpt":{"rendered":"<p>Mental health issues also affect the lives of the loved ones of those who are ill. Family members play an important role in supporting the person and their recovery process. The challenges in the life situation of the person with mental health problems also burden their loved ones in many ways.&nbsp;&nbsp;&nbsp; Peer support&nbsp;means the support&#8230;<\/p>\n","protected":false},"author":2,"featured_media":0,"parent":47474,"menu_order":1,"comment_status":"closed","ping_status":"closed","template":"","meta":{"_kad_blocks_custom_css":"","_kad_blocks_head_custom_js":"","_kad_blocks_body_custom_js":"","_kad_blocks_footer_custom_js":"","_kad_post_transparent":"","_kad_post_title":"","_kad_post_layout":"","_kad_post_sidebar_id":"","_kad_post_content_style":"","_kad_post_vertical_padding":"","_kad_post_feature":"","_kad_post_feature_position":"","_kad_post_header":false,"_kad_post_footer":false,"_kad_post_classname":"","cybocfi_hide_featured_image":"","footnotes":"","_links_to":"","_links_to_target":""},"sisaltoluokka":[],"class_list":["post-47494","page","type-page","status-publish","hentry"],"yoast_head":"<!-- This site is optimized with the Yoast SEO plugin v27.3 - https:\/\/yoast.com\/product\/yoast-seo-wordpress\/ -->\n<title>Why Is Support for Loved Ones Important and Where to Find Guidance? - Niemikotis\u00e4\u00e4ti\u00f6<\/title>\n<meta name=\"robots\" content=\"index, follow, max-snippet:-1, max-image-preview:large, max-video-preview:-1\" \/>\n<link rel=\"canonical\" href=\"https:\/\/niemikoti.fi\/en\/for-family-and-close-ones\/why-is-support-for-loved-ones-important-and-where-to-find-guidance\/\" \/>\n<meta property=\"og:locale\" content=\"en_US\" \/>\n<meta property=\"og:type\" content=\"article\" \/>\n<meta property=\"og:title\" content=\"Why Is Support for Loved Ones Important and Where to Find Guidance? - Niemikotis\u00e4\u00e4ti\u00f6\" \/>\n<meta property=\"og:description\" content=\"Mental health issues also affect the lives of the loved ones of those who are ill. Family members play an important role in supporting the person and their recovery process. The challenges in the life situation of the person with mental health problems also burden their loved ones in many ways.&nbsp;&nbsp;&nbsp; Peer support&nbsp;means the support...\" \/>\n<meta property=\"og:url\" content=\"https:\/\/niemikoti.fi\/en\/for-family-and-close-ones\/why-is-support-for-loved-ones-important-and-where-to-find-guidance\/\" \/>\n<meta property=\"og:site_name\" content=\"Niemikotis\u00e4\u00e4ti\u00f6\" \/>\n<meta property=\"article:publisher\" content=\"https:\/\/www.facebook.com\/niemikoti\" \/>\n<meta property=\"article:modified_time\" content=\"2025-10-14T08:01:28+00:00\" \/>\n<meta property=\"og:image\" content=\"https:\/\/niemikoti.fi\/wp-content\/uploads\/2023\/05\/Screenshot-2023-05-28-at-8.54.42.png\" \/>\n\t<meta property=\"og:image:width\" content=\"1114\" \/>\n\t<meta property=\"og:image:height\" content=\"786\" \/>\n\t<meta property=\"og:image:type\" content=\"image\/png\" \/>\n<meta name=\"twitter:card\" content=\"summary_large_image\" \/>\n<meta name=\"twitter:label1\" content=\"Est. reading time\" \/>\n\t<meta name=\"twitter:data1\" content=\"2 minutes\" \/>\n<script type=\"application\/ld+json\" class=\"yoast-schema-graph\">{\"@context\":\"https:\\\/\\\/schema.org\",\"@graph\":[{\"@type\":\"WebPage\",\"@id\":\"https:\\\/\\\/niemikoti.fi\\\/en\\\/for-family-and-close-ones\\\/why-is-support-for-loved-ones-important-and-where-to-find-guidance\\\/\",\"url\":\"https:\\\/\\\/niemikoti.fi\\\/en\\\/for-family-and-close-ones\\\/why-is-support-for-loved-ones-important-and-where-to-find-guidance\\\/\",\"name\":\"Why Is Support for Loved Ones Important and Where to Find Guidance? - Niemikotis\u00e4\u00e4ti\u00f6\",\"isPartOf\":{\"@id\":\"https:\\\/\\\/niemikoti.fi\\\/#website\"},\"primaryImageOfPage\":{\"@id\":\"https:\\\/\\\/niemikoti.fi\\\/en\\\/for-family-and-close-ones\\\/why-is-support-for-loved-ones-important-and-where-to-find-guidance\\\/#primaryimage\"},\"image\":{\"@id\":\"https:\\\/\\\/niemikoti.fi\\\/en\\\/for-family-and-close-ones\\\/why-is-support-for-loved-ones-important-and-where-to-find-guidance\\\/#primaryimage\"},\"thumbnailUrl\":\"https:\\\/\\\/niemikoti.fi\\\/wp-content\\\/uploads\\\/2023\\\/05\\\/Screenshot-2023-05-28-at-8.54.42.png\",\"datePublished\":\"2023-02-02T02:30:55+00:00\",\"dateModified\":\"2025-10-14T08:01:28+00:00\",\"breadcrumb\":{\"@id\":\"https:\\\/\\\/niemikoti.fi\\\/en\\\/for-family-and-close-ones\\\/why-is-support-for-loved-ones-important-and-where-to-find-guidance\\\/#breadcrumb\"},\"inLanguage\":\"en-US\",\"potentialAction\":[{\"@type\":\"ReadAction\",\"target\":[\"https:\\\/\\\/niemikoti.fi\\\/en\\\/for-family-and-close-ones\\\/why-is-support-for-loved-ones-important-and-where-to-find-guidance\\\/\"]}]},{\"@type\":\"ImageObject\",\"inLanguage\":\"en-US\",\"@id\":\"https:\\\/\\\/niemikoti.fi\\\/en\\\/for-family-and-close-ones\\\/why-is-support-for-loved-ones-important-and-where-to-find-guidance\\\/#primaryimage\",\"url\":\"https:\\\/\\\/niemikoti.fi\\\/wp-content\\\/uploads\\\/2023\\\/05\\\/Screenshot-2023-05-28-at-8.54.42.png\",\"contentUrl\":\"https:\\\/\\\/niemikoti.fi\\\/wp-content\\\/uploads\\\/2023\\\/05\\\/Screenshot-2023-05-28-at-8.54.42.png\"},{\"@type\":\"BreadcrumbList\",\"@id\":\"https:\\\/\\\/niemikoti.fi\\\/en\\\/for-family-and-close-ones\\\/why-is-support-for-loved-ones-important-and-where-to-find-guidance\\\/#breadcrumb\",\"itemListElement\":[{\"@type\":\"ListItem\",\"position\":1,\"name\":\"Home\",\"item\":\"https:\\\/\\\/niemikoti.fi\\\/en\\\/\"},{\"@type\":\"ListItem\",\"position\":2,\"name\":\"For Family and Close Ones\",\"item\":\"https:\\\/\\\/niemikoti.fi\\\/en\\\/for-family-and-close-ones\\\/\"},{\"@type\":\"ListItem\",\"position\":3,\"name\":\"Why Is Support for Loved Ones Important and Where to Find Guidance?\"}]},{\"@type\":\"WebSite\",\"@id\":\"https:\\\/\\\/niemikoti.fi\\\/#website\",\"url\":\"https:\\\/\\\/niemikoti.fi\\\/\",\"name\":\"Niemikotis\u00e4\u00e4ti\u00f6\",\"description\":\"Yhdess\u00e4 jo 40 vuotta\",\"publisher\":{\"@id\":\"https:\\\/\\\/niemikoti.fi\\\/#organization\"},\"potentialAction\":[{\"@type\":\"SearchAction\",\"target\":{\"@type\":\"EntryPoint\",\"urlTemplate\":\"https:\\\/\\\/niemikoti.fi\\\/?s={search_term_string}\"},\"query-input\":{\"@type\":\"PropertyValueSpecification\",\"valueRequired\":true,\"valueName\":\"search_term_string\"}}],\"inLanguage\":\"en-US\"},{\"@type\":\"Organization\",\"@id\":\"https:\\\/\\\/niemikoti.fi\\\/#organization\",\"name\":\"Niemikotis\u00e4\u00e4ti\u00f6\",\"url\":\"https:\\\/\\\/niemikoti.fi\\\/\",\"logo\":{\"@type\":\"ImageObject\",\"inLanguage\":\"en-US\",\"@id\":\"https:\\\/\\\/niemikoti.fi\\\/#\\\/schema\\\/logo\\\/image\\\/\",\"url\":\"https:\\\/\\\/niemikoti.fi\\\/wp-content\\\/uploads\\\/2023\\\/02\\\/niemikotilogo40v_vaaka.png\",\"contentUrl\":\"https:\\\/\\\/niemikoti.fi\\\/wp-content\\\/uploads\\\/2023\\\/02\\\/niemikotilogo40v_vaaka.png\",\"width\":1147,\"height\":418,\"caption\":\"Niemikotis\u00e4\u00e4ti\u00f6\"},\"image\":{\"@id\":\"https:\\\/\\\/niemikoti.fi\\\/#\\\/schema\\\/logo\\\/image\\\/\"},\"sameAs\":[\"https:\\\/\\\/www.facebook.com\\\/niemikoti\",\"https:\\\/\\\/www.instagram.com\\\/niemikoti\\\/\",\"https:\\\/\\\/www.youtube.com\\\/channel\\\/UCfo6l7q45CD_derGzEH8XGA\"]}]}<\/script>\n<!-- \/ Yoast SEO plugin. -->","yoast_head_json":{"title":"Why Is Support for Loved Ones Important and Where to Find Guidance? - Niemikotis\u00e4\u00e4ti\u00f6","robots":{"index":"index","follow":"follow","max-snippet":"max-snippet:-1","max-image-preview":"max-image-preview:large","max-video-preview":"max-video-preview:-1"},"canonical":"https:\/\/niemikoti.fi\/en\/for-family-and-close-ones\/why-is-support-for-loved-ones-important-and-where-to-find-guidance\/","og_locale":"en_US","og_type":"article","og_title":"Why Is Support for Loved Ones Important and Where to Find Guidance? - Niemikotis\u00e4\u00e4ti\u00f6","og_description":"Mental health issues also affect the lives of the loved ones of those who are ill. Family members play an important role in supporting the person and their recovery process. The challenges in the life situation of the person with mental health problems also burden their loved ones in many ways.&nbsp;&nbsp;&nbsp; Peer support&nbsp;means the support...","og_url":"https:\/\/niemikoti.fi\/en\/for-family-and-close-ones\/why-is-support-for-loved-ones-important-and-where-to-find-guidance\/","og_site_name":"Niemikotis\u00e4\u00e4ti\u00f6","article_publisher":"https:\/\/www.facebook.com\/niemikoti","article_modified_time":"2025-10-14T08:01:28+00:00","og_image":[{"width":1114,"height":786,"url":"https:\/\/niemikoti.fi\/wp-content\/uploads\/2023\/05\/Screenshot-2023-05-28-at-8.54.42.png","type":"image\/png"}],"twitter_card":"summary_large_image","twitter_misc":{"Est. reading time":"2 minutes"},"schema":{"@context":"https:\/\/schema.org","@graph":[{"@type":"WebPage","@id":"https:\/\/niemikoti.fi\/en\/for-family-and-close-ones\/why-is-support-for-loved-ones-important-and-where-to-find-guidance\/","url":"https:\/\/niemikoti.fi\/en\/for-family-and-close-ones\/why-is-support-for-loved-ones-important-and-where-to-find-guidance\/","name":"Why Is Support for Loved Ones Important and Where to Find Guidance? - Niemikotis\u00e4\u00e4ti\u00f6","isPartOf":{"@id":"https:\/\/niemikoti.fi\/#website"},"primaryImageOfPage":{"@id":"https:\/\/niemikoti.fi\/en\/for-family-and-close-ones\/why-is-support-for-loved-ones-important-and-where-to-find-guidance\/#primaryimage"},"image":{"@id":"https:\/\/niemikoti.fi\/en\/for-family-and-close-ones\/why-is-support-for-loved-ones-important-and-where-to-find-guidance\/#primaryimage"},"thumbnailUrl":"https:\/\/niemikoti.fi\/wp-content\/uploads\/2023\/05\/Screenshot-2023-05-28-at-8.54.42.png","datePublished":"2023-02-02T02:30:55+00:00","dateModified":"2025-10-14T08:01:28+00:00","breadcrumb":{"@id":"https:\/\/niemikoti.fi\/en\/for-family-and-close-ones\/why-is-support-for-loved-ones-important-and-where-to-find-guidance\/#breadcrumb"},"inLanguage":"en-US","potentialAction":[{"@type":"ReadAction","target":["https:\/\/niemikoti.fi\/en\/for-family-and-close-ones\/why-is-support-for-loved-ones-important-and-where-to-find-guidance\/"]}]},{"@type":"ImageObject","inLanguage":"en-US","@id":"https:\/\/niemikoti.fi\/en\/for-family-and-close-ones\/why-is-support-for-loved-ones-important-and-where-to-find-guidance\/#primaryimage","url":"https:\/\/niemikoti.fi\/wp-content\/uploads\/2023\/05\/Screenshot-2023-05-28-at-8.54.42.png","contentUrl":"https:\/\/niemikoti.fi\/wp-content\/uploads\/2023\/05\/Screenshot-2023-05-28-at-8.54.42.png"},{"@type":"BreadcrumbList","@id":"https:\/\/niemikoti.fi\/en\/for-family-and-close-ones\/why-is-support-for-loved-ones-important-and-where-to-find-guidance\/#breadcrumb","itemListElement":[{"@type":"ListItem","position":1,"name":"Home","item":"https:\/\/niemikoti.fi\/en\/"},{"@type":"ListItem","position":2,"name":"For Family and Close Ones","item":"https:\/\/niemikoti.fi\/en\/for-family-and-close-ones\/"},{"@type":"ListItem","position":3,"name":"Why Is Support for Loved Ones Important and Where to Find Guidance?"}]},{"@type":"WebSite","@id":"https:\/\/niemikoti.fi\/#website","url":"https:\/\/niemikoti.fi\/","name":"Niemikotis\u00e4\u00e4ti\u00f6","description":"Yhdess\u00e4 jo 40 vuotta","publisher":{"@id":"https:\/\/niemikoti.fi\/#organization"},"potentialAction":[{"@type":"SearchAction","target":{"@type":"EntryPoint","urlTemplate":"https:\/\/niemikoti.fi\/?s={search_term_string}"},"query-input":{"@type":"PropertyValueSpecification","valueRequired":true,"valueName":"search_term_string"}}],"inLanguage":"en-US"},{"@type":"Organization","@id":"https:\/\/niemikoti.fi\/#organization","name":"Niemikotis\u00e4\u00e4ti\u00f6","url":"https:\/\/niemikoti.fi\/","logo":{"@type":"ImageObject","inLanguage":"en-US","@id":"https:\/\/niemikoti.fi\/#\/schema\/logo\/image\/","url":"https:\/\/niemikoti.fi\/wp-content\/uploads\/2023\/02\/niemikotilogo40v_vaaka.png","contentUrl":"https:\/\/niemikoti.fi\/wp-content\/uploads\/2023\/02\/niemikotilogo40v_vaaka.png","width":1147,"height":418,"caption":"Niemikotis\u00e4\u00e4ti\u00f6"},"image":{"@id":"https:\/\/niemikoti.fi\/#\/schema\/logo\/image\/"},"sameAs":["https:\/\/www.facebook.com\/niemikoti","https:\/\/www.instagram.com\/niemikoti\/","https:\/\/www.youtube.com\/channel\/UCfo6l7q45CD_derGzEH8XGA"]}]}},"taxonomy_info":[],"featured_image_src_large":false,"author_info":{"display_name":"Niemikotis\u00e4\u00e4ti\u00f6n viestint\u00e4","author_link":"https:\/\/niemikoti.fi\/en\/author\/katjalampela\/"},"comment_info":0,"_links":{"self":[{"href":"https:\/\/niemikoti.fi\/en\/wp-json\/wp\/v2\/pages\/47494","targetHints":{"allow":["GET"]}}],"collection":[{"href":"https:\/\/niemikoti.fi\/en\/wp-json\/wp\/v2\/pages"}],"about":[{"href":"https:\/\/niemikoti.fi\/en\/wp-json\/wp\/v2\/types\/page"}],"author":[{"embeddable":true,"href":"https:\/\/niemikoti.fi\/en\/wp-json\/wp\/v2\/users\/2"}],"replies":[{"embeddable":true,"href":"https:\/\/niemikoti.fi\/en\/wp-json\/wp\/v2\/comments?post=47494"}],"version-history":[{"count":2,"href":"https:\/\/niemikoti.fi\/en\/wp-json\/wp\/v2\/pages\/47494\/revisions"}],"predecessor-version":[{"id":47517,"href":"https:\/\/niemikoti.fi\/en\/wp-json\/wp\/v2\/pages\/47494\/revisions\/47517"}],"up":[{"embeddable":true,"href":"https:\/\/niemikoti.fi\/en\/wp-json\/wp\/v2\/pages\/47474"}],"wp:attachment":[{"href":"https:\/\/niemikoti.fi\/en\/wp-json\/wp\/v2\/media?parent=47494"}],"wp:term":[{"taxonomy":"sisaltoluokka","embeddable":true,"href":"https:\/\/niemikoti.fi\/en\/wp-json\/wp\/v2\/sisaltoluokka?post=47494"}],"curies":[{"name":"wp","href":"https:\/\/api.w.org\/{rel}","templated":true}]}}