{"id":47211,"date":"2018-05-31T11:09:09","date_gmt":"2018-05-31T08:09:09","guid":{"rendered":"https:\/\/niemikoti.fi\/?page_id=47211"},"modified":"2025-10-07T09:54:14","modified_gmt":"2025-10-07T06:54:14","slug":"data-protection-in-the-services-of-the-niemikoti-foundation","status":"publish","type":"page","link":"https:\/\/niemikoti.fi\/en\/data-protection-in-the-services-of-the-niemikoti-foundation\/","title":{"rendered":"Data Protection in the Services of the Niemikoti Foundation"},"content":{"rendered":"\n<p><strong><strong>DATA PROTECTION STATEMENTS<\/strong><br><\/strong>(currently available in Finnish only)<\/p>\n\n\n\n<ul class=\"wp-block-list\">\n<li><a href=\"https:\/\/niemikoti.fi\/wp-content\/uploads\/2023\/08\/Asiakastietojarjestelma.pdf\" target=\"_blank\" rel=\"noreferrer noopener\">Asiakastietoj\u00e4rjestelm\u00e4<\/a><\/li>\n\n\n\n<li><a href=\"https:\/\/niemikoti.fi\/wp-content\/uploads\/2023\/08\/Kameravalvonta.pdf\" target=\"_blank\" rel=\"noreferrer noopener\">Kameravalvonta<\/a><\/li>\n\n\n\n<li><a href=\"https:\/\/niemikoti.fi\/wp-content\/uploads\/2023\/08\/Kiinteistotieto-ja-vuokranhallinta.pdf\" target=\"_blank\" rel=\"noreferrer noopener\">Kiinteist\u00f6tieto- ja vuokranhallintaj\u00e4rjestelm\u00e4<\/a> <\/li>\n\n\n\n<li><a href=\"https:\/\/niemikoti.fi\/wp-content\/uploads\/2023\/08\/Rekrytointi.pdf\" target=\"_blank\" rel=\"noreferrer noopener\">Rekrytointi<\/a> <\/li>\n\n\n\n<li><a href=\"https:\/\/niemikoti.fi\/wp-content\/uploads\/2023\/08\/Verkkokaupan-henkilorekisteri.pdf\" target=\"_blank\" rel=\"noreferrer noopener\">Verkkokaupan henkil\u00f6rekisteri<\/a><\/li>\n\n\n\n<li><a href=\"https:\/\/niemikoti.fi\/tietosuoja\/niilo-sovelluksen-tietosuojaseloste\/\">Niilo-sovellus<\/a><\/li>\n\n\n\n<li><a href=\"https:\/\/niemikoti.fi\/tietosuoja\/uutiskirjeen-rekisteriseloste\/\">Uutiskirje<\/a><\/li>\n<\/ul>\n\n\n\n<p><strong>REQUEST FOR ACCESS TO REGISTER DATA AND RECTIFICATION<\/strong><br>(currently available in Finnish only)<\/p>\n\n\n\n<p>The request for access and rectification must be submitted in writing, signed, and sent to the contact person of the register.<\/p>\n\n\n\n<ul class=\"wp-block-list\">\n<li><a href=\"https:\/\/niemikoti.fi\/wp-content\/uploads\/2020\/06\/Rekisteritietojen_tarkastuspyynto.pdf\" target=\"_blank\" rel=\"noopener noreferrer\">Rekisteritietojen tarkistuspyynt\u00f6 <\/a><\/li>\n\n\n\n<li><a href=\"https:\/\/niemikoti.fi\/wp-content\/uploads\/2020\/06\/Rekisteritietojen_korjaamisvaatimus.pdf\" target=\"_blank\" rel=\"noopener noreferrer\">Rekisteritietojen korjaamisvaatimus <\/a><\/li>\n<\/ul>\n\n\n\n<p><strong>COOKIES ON THE WEBSITE<\/strong><\/p>\n\n\n\n<p>The website uses cookies to ensure that the service functions properly, safely, efficiently, and is user-friendly. Cookies are used, for example, for login and language selection.<\/p>\n\n\n\n<p>A cookie is a small text file sent to and stored on the user\u2019s computer. Cookies do not harm users\u2019 computers or files. Cookies can be disabled through the browser settings.<\/p>\n<div style=\"margin: 20px 0;\"><div class=\"qrcswholewtapper\" style=\"text-align:left;\"><div class=\"qrcprowrapper\"  id=\"qrcwraa2leds\"><div class=\"qrc_canvass\" id=\"qrc_cuttenpages_2\" style=\"display:none\" data-text=\"https:\/\/niemikoti.fi\/en\/data-protection-in-the-services-of-the-niemikoti-foundation\/\"><\/div><div><a download=\"Data Protection in the Services of the Niemikoti Foundation.png\" class=\"qrcdownloads\" id=\"worign\">\r\n           <button type=\"button\" style=\"min-width:200px;background:#c8fd8c;color:#000;font-weight: 600;border: 1px solid #dddddd;border-radius:4px;font-size:12px;padding: 6px 0;\" class=\"uqr_code_btn\">Lataa QR-koodi<\/button>\r\n           <\/a><\/div><\/div><\/div><\/div>","protected":false},"excerpt":{"rendered":"<p>DATA PROTECTION STATEMENTS(currently available in Finnish only) REQUEST FOR ACCESS TO REGISTER DATA AND RECTIFICATION(currently available in Finnish only) The request for access and rectification must be submitted in writing, signed, and sent to the contact person of the register. COOKIES ON THE WEBSITE The website uses cookies to ensure that the service functions properly,&#8230;<\/p>\n","protected":false},"author":2,"featured_media":0,"parent":0,"menu_order":29,"comment_status":"closed","ping_status":"closed","template":"","meta":{"_kad_blocks_custom_css":"","_kad_blocks_head_custom_js":"","_kad_blocks_body_custom_js":"","_kad_blocks_footer_custom_js":"","_kad_post_transparent":"","_kad_post_title":"","_kad_post_layout":"","_kad_post_sidebar_id":"","_kad_post_content_style":"","_kad_post_vertical_padding":"","_kad_post_feature":"","_kad_post_feature_position":"","_kad_post_header":false,"_kad_post_footer":false,"_kad_post_classname":"","cybocfi_hide_featured_image":"","footnotes":"","_links_to":"","_links_to_target":""},"sisaltoluokka":[],"class_list":["post-47211","page","type-page","status-publish","hentry"],"yoast_head":"<!-- This site is optimized with the Yoast SEO plugin v27.4 - https:\/\/yoast.com\/product\/yoast-seo-wordpress\/ -->\n<title>Data Protection in the Services of the Niemikoti Foundation - Niemikotis\u00e4\u00e4ti\u00f6<\/title>\n<meta name=\"robots\" content=\"index, follow, max-snippet:-1, max-image-preview:large, max-video-preview:-1\" \/>\n<link rel=\"canonical\" href=\"https:\/\/niemikoti.fi\/en\/data-protection-in-the-services-of-the-niemikoti-foundation\/\" \/>\n<meta property=\"og:locale\" content=\"en_US\" \/>\n<meta property=\"og:type\" content=\"article\" \/>\n<meta property=\"og:title\" content=\"Data Protection in the Services of the Niemikoti Foundation - Niemikotis\u00e4\u00e4ti\u00f6\" \/>\n<meta property=\"og:description\" content=\"DATA PROTECTION STATEMENTS(currently available in Finnish only) REQUEST FOR ACCESS TO REGISTER DATA AND RECTIFICATION(currently available in Finnish only) The request for access and rectification must be submitted in writing, signed, and sent to the contact person of the register. COOKIES ON THE WEBSITE The website uses cookies to ensure that the service functions properly,...\" \/>\n<meta property=\"og:url\" content=\"https:\/\/niemikoti.fi\/en\/data-protection-in-the-services-of-the-niemikoti-foundation\/\" \/>\n<meta property=\"og:site_name\" content=\"Niemikotis\u00e4\u00e4ti\u00f6\" \/>\n<meta property=\"article:publisher\" content=\"https:\/\/www.facebook.com\/niemikoti\" \/>\n<meta property=\"article:modified_time\" content=\"2025-10-07T06:54:14+00:00\" \/>\n<meta name=\"twitter:card\" content=\"summary_large_image\" \/>\n<meta name=\"twitter:label1\" content=\"Est. reading time\" \/>\n\t<meta name=\"twitter:data1\" content=\"1 minute\" \/>\n<script type=\"application\/ld+json\" class=\"yoast-schema-graph\">{\"@context\":\"https:\\\/\\\/schema.org\",\"@graph\":[{\"@type\":\"WebPage\",\"@id\":\"https:\\\/\\\/niemikoti.fi\\\/en\\\/data-protection-in-the-services-of-the-niemikoti-foundation\\\/\",\"url\":\"https:\\\/\\\/niemikoti.fi\\\/en\\\/data-protection-in-the-services-of-the-niemikoti-foundation\\\/\",\"name\":\"Data Protection in the Services of the Niemikoti Foundation - Niemikotis\u00e4\u00e4ti\u00f6\",\"isPartOf\":{\"@id\":\"https:\\\/\\\/niemikoti.fi\\\/#website\"},\"datePublished\":\"2018-05-31T08:09:09+00:00\",\"dateModified\":\"2025-10-07T06:54:14+00:00\",\"breadcrumb\":{\"@id\":\"https:\\\/\\\/niemikoti.fi\\\/en\\\/data-protection-in-the-services-of-the-niemikoti-foundation\\\/#breadcrumb\"},\"inLanguage\":\"en-US\",\"potentialAction\":[{\"@type\":\"ReadAction\",\"target\":[\"https:\\\/\\\/niemikoti.fi\\\/en\\\/data-protection-in-the-services-of-the-niemikoti-foundation\\\/\"]}]},{\"@type\":\"BreadcrumbList\",\"@id\":\"https:\\\/\\\/niemikoti.fi\\\/en\\\/data-protection-in-the-services-of-the-niemikoti-foundation\\\/#breadcrumb\",\"itemListElement\":[{\"@type\":\"ListItem\",\"position\":1,\"name\":\"Home\",\"item\":\"https:\\\/\\\/niemikoti.fi\\\/en\\\/\"},{\"@type\":\"ListItem\",\"position\":2,\"name\":\"Data Protection in the Services of the Niemikoti Foundation\"}]},{\"@type\":\"WebSite\",\"@id\":\"https:\\\/\\\/niemikoti.fi\\\/#website\",\"url\":\"https:\\\/\\\/niemikoti.fi\\\/\",\"name\":\"Niemikotis\u00e4\u00e4ti\u00f6\",\"description\":\"Yhdess\u00e4 jo 40 vuotta\",\"publisher\":{\"@id\":\"https:\\\/\\\/niemikoti.fi\\\/#organization\"},\"potentialAction\":[{\"@type\":\"SearchAction\",\"target\":{\"@type\":\"EntryPoint\",\"urlTemplate\":\"https:\\\/\\\/niemikoti.fi\\\/?s={search_term_string}\"},\"query-input\":{\"@type\":\"PropertyValueSpecification\",\"valueRequired\":true,\"valueName\":\"search_term_string\"}}],\"inLanguage\":\"en-US\"},{\"@type\":\"Organization\",\"@id\":\"https:\\\/\\\/niemikoti.fi\\\/#organization\",\"name\":\"Niemikotis\u00e4\u00e4ti\u00f6\",\"url\":\"https:\\\/\\\/niemikoti.fi\\\/\",\"logo\":{\"@type\":\"ImageObject\",\"inLanguage\":\"en-US\",\"@id\":\"https:\\\/\\\/niemikoti.fi\\\/#\\\/schema\\\/logo\\\/image\\\/\",\"url\":\"https:\\\/\\\/niemikoti.fi\\\/wp-content\\\/uploads\\\/2023\\\/02\\\/niemikotilogo40v_vaaka.png\",\"contentUrl\":\"https:\\\/\\\/niemikoti.fi\\\/wp-content\\\/uploads\\\/2023\\\/02\\\/niemikotilogo40v_vaaka.png\",\"width\":1147,\"height\":418,\"caption\":\"Niemikotis\u00e4\u00e4ti\u00f6\"},\"image\":{\"@id\":\"https:\\\/\\\/niemikoti.fi\\\/#\\\/schema\\\/logo\\\/image\\\/\"},\"sameAs\":[\"https:\\\/\\\/www.facebook.com\\\/niemikoti\",\"https:\\\/\\\/www.instagram.com\\\/niemikoti\\\/\",\"https:\\\/\\\/www.youtube.com\\\/channel\\\/UCfo6l7q45CD_derGzEH8XGA\"]}]}<\/script>\n<!-- \/ Yoast SEO plugin. -->","yoast_head_json":{"title":"Data Protection in the Services of the Niemikoti Foundation - Niemikotis\u00e4\u00e4ti\u00f6","robots":{"index":"index","follow":"follow","max-snippet":"max-snippet:-1","max-image-preview":"max-image-preview:large","max-video-preview":"max-video-preview:-1"},"canonical":"https:\/\/niemikoti.fi\/en\/data-protection-in-the-services-of-the-niemikoti-foundation\/","og_locale":"en_US","og_type":"article","og_title":"Data Protection in the Services of the Niemikoti Foundation - Niemikotis\u00e4\u00e4ti\u00f6","og_description":"DATA PROTECTION STATEMENTS(currently available in Finnish only) REQUEST FOR ACCESS TO REGISTER DATA AND RECTIFICATION(currently available in Finnish only) The request for access and rectification must be submitted in writing, signed, and sent to the contact person of the register. COOKIES ON THE WEBSITE The website uses cookies to ensure that the service functions properly,...","og_url":"https:\/\/niemikoti.fi\/en\/data-protection-in-the-services-of-the-niemikoti-foundation\/","og_site_name":"Niemikotis\u00e4\u00e4ti\u00f6","article_publisher":"https:\/\/www.facebook.com\/niemikoti","article_modified_time":"2025-10-07T06:54:14+00:00","twitter_card":"summary_large_image","twitter_misc":{"Est. reading time":"1 minute"},"schema":{"@context":"https:\/\/schema.org","@graph":[{"@type":"WebPage","@id":"https:\/\/niemikoti.fi\/en\/data-protection-in-the-services-of-the-niemikoti-foundation\/","url":"https:\/\/niemikoti.fi\/en\/data-protection-in-the-services-of-the-niemikoti-foundation\/","name":"Data Protection in the Services of the Niemikoti Foundation - Niemikotis\u00e4\u00e4ti\u00f6","isPartOf":{"@id":"https:\/\/niemikoti.fi\/#website"},"datePublished":"2018-05-31T08:09:09+00:00","dateModified":"2025-10-07T06:54:14+00:00","breadcrumb":{"@id":"https:\/\/niemikoti.fi\/en\/data-protection-in-the-services-of-the-niemikoti-foundation\/#breadcrumb"},"inLanguage":"en-US","potentialAction":[{"@type":"ReadAction","target":["https:\/\/niemikoti.fi\/en\/data-protection-in-the-services-of-the-niemikoti-foundation\/"]}]},{"@type":"BreadcrumbList","@id":"https:\/\/niemikoti.fi\/en\/data-protection-in-the-services-of-the-niemikoti-foundation\/#breadcrumb","itemListElement":[{"@type":"ListItem","position":1,"name":"Home","item":"https:\/\/niemikoti.fi\/en\/"},{"@type":"ListItem","position":2,"name":"Data Protection in the Services of the Niemikoti Foundation"}]},{"@type":"WebSite","@id":"https:\/\/niemikoti.fi\/#website","url":"https:\/\/niemikoti.fi\/","name":"Niemikotis\u00e4\u00e4ti\u00f6","description":"Yhdess\u00e4 jo 40 vuotta","publisher":{"@id":"https:\/\/niemikoti.fi\/#organization"},"potentialAction":[{"@type":"SearchAction","target":{"@type":"EntryPoint","urlTemplate":"https:\/\/niemikoti.fi\/?s={search_term_string}"},"query-input":{"@type":"PropertyValueSpecification","valueRequired":true,"valueName":"search_term_string"}}],"inLanguage":"en-US"},{"@type":"Organization","@id":"https:\/\/niemikoti.fi\/#organization","name":"Niemikotis\u00e4\u00e4ti\u00f6","url":"https:\/\/niemikoti.fi\/","logo":{"@type":"ImageObject","inLanguage":"en-US","@id":"https:\/\/niemikoti.fi\/#\/schema\/logo\/image\/","url":"https:\/\/niemikoti.fi\/wp-content\/uploads\/2023\/02\/niemikotilogo40v_vaaka.png","contentUrl":"https:\/\/niemikoti.fi\/wp-content\/uploads\/2023\/02\/niemikotilogo40v_vaaka.png","width":1147,"height":418,"caption":"Niemikotis\u00e4\u00e4ti\u00f6"},"image":{"@id":"https:\/\/niemikoti.fi\/#\/schema\/logo\/image\/"},"sameAs":["https:\/\/www.facebook.com\/niemikoti","https:\/\/www.instagram.com\/niemikoti\/","https:\/\/www.youtube.com\/channel\/UCfo6l7q45CD_derGzEH8XGA"]}]}},"taxonomy_info":[],"featured_image_src_large":false,"author_info":{"display_name":"Niemikotis\u00e4\u00e4ti\u00f6n viestint\u00e4","author_link":"https:\/\/niemikoti.fi\/en\/author\/katjalampela\/"},"comment_info":0,"_links":{"self":[{"href":"https:\/\/niemikoti.fi\/en\/wp-json\/wp\/v2\/pages\/47211","targetHints":{"allow":["GET"]}}],"collection":[{"href":"https:\/\/niemikoti.fi\/en\/wp-json\/wp\/v2\/pages"}],"about":[{"href":"https:\/\/niemikoti.fi\/en\/wp-json\/wp\/v2\/types\/page"}],"author":[{"embeddable":true,"href":"https:\/\/niemikoti.fi\/en\/wp-json\/wp\/v2\/users\/2"}],"replies":[{"embeddable":true,"href":"https:\/\/niemikoti.fi\/en\/wp-json\/wp\/v2\/comments?post=47211"}],"version-history":[{"count":1,"href":"https:\/\/niemikoti.fi\/en\/wp-json\/wp\/v2\/pages\/47211\/revisions"}],"predecessor-version":[{"id":47212,"href":"https:\/\/niemikoti.fi\/en\/wp-json\/wp\/v2\/pages\/47211\/revisions\/47212"}],"wp:attachment":[{"href":"https:\/\/niemikoti.fi\/en\/wp-json\/wp\/v2\/media?parent=47211"}],"wp:term":[{"taxonomy":"sisaltoluokka","embeddable":true,"href":"https:\/\/niemikoti.fi\/en\/wp-json\/wp\/v2\/sisaltoluokka?post=47211"}],"curies":[{"name":"wp","href":"https:\/\/api.w.org\/{rel}","templated":true}]}}