{"id":42424,"date":"2020-10-15T11:38:45","date_gmt":"2020-10-15T08:38:45","guid":{"rendered":"https:\/\/niemikoti.fi\/?page_id=42424"},"modified":"2025-08-29T15:23:52","modified_gmt":"2025-08-29T12:23:52","slug":"supervision-for-experts-by-experience","status":"publish","type":"page","link":"https:\/\/niemikoti.fi\/en\/experts-by-experience\/supervision-for-experts-by-experience\/","title":{"rendered":"Supervision for Experts by Experience"},"content":{"rendered":"<style>.kb-row-layout-id42424_d73455-f1 > .kt-row-column-wrap{align-content:start;}:where(.kb-row-layout-id42424_d73455-f1 > .kt-row-column-wrap) > .wp-block-kadence-column{justify-content:start;}.kb-row-layout-id42424_d73455-f1 > .kt-row-column-wrap{column-gap:var(--global-kb-gap-md, 2rem);row-gap:var(--global-kb-gap-md, 2rem);padding-top:var(--global-kb-spacing-sm, 1.5rem);padding-bottom:var(--global-kb-spacing-sm, 1.5rem);grid-template-columns:minmax(0, calc(45% - ((var(--global-kb-gap-md, 2rem) * 1 )\/2)))minmax(0, calc(55% - ((var(--global-kb-gap-md, 2rem) * 1 )\/2)));}.kb-row-layout-id42424_d73455-f1 > .kt-row-layout-overlay{opacity:0.30;}@media all and (max-width: 1024px){.kb-row-layout-id42424_d73455-f1 > .kt-row-column-wrap{grid-template-columns:minmax(0, 1fr) minmax(0, 2fr);}}@media all and (max-width: 767px){.kb-row-layout-id42424_d73455-f1 > .kt-row-column-wrap{grid-template-columns:minmax(0, 1fr);}}<\/style><div class=\"kb-row-layout-wrap kb-row-layout-id42424_d73455-f1 alignnone wp-block-kadence-rowlayout\"><div class=\"kt-row-column-wrap kt-has-2-columns kt-row-layout-right-golden kt-tab-layout-inherit kt-mobile-layout-row kt-row-valign-top\">\n<style>.kadence-column42424_50c9c5-a5 > .kt-inside-inner-col,.kadence-column42424_50c9c5-a5 > .kt-inside-inner-col:before{border-top-left-radius:0px;border-top-right-radius:0px;border-bottom-right-radius:0px;border-bottom-left-radius:0px;}.kadence-column42424_50c9c5-a5 > .kt-inside-inner-col{column-gap:var(--global-kb-gap-sm, 1rem);}.kadence-column42424_50c9c5-a5 > .kt-inside-inner-col{flex-direction:column;}.kadence-column42424_50c9c5-a5 > .kt-inside-inner-col > .aligncenter{width:100%;}.kadence-column42424_50c9c5-a5 > .kt-inside-inner-col:before{opacity:0.3;}.kadence-column42424_50c9c5-a5{position:relative;}@media all and (max-width: 1024px){.kadence-column42424_50c9c5-a5 > .kt-inside-inner-col{flex-direction:column;justify-content:center;}}@media all and (max-width: 767px){.kadence-column42424_50c9c5-a5 > .kt-inside-inner-col{flex-direction:column;justify-content:center;}}<\/style>\n<div class=\"wp-block-kadence-column kadence-column42424_50c9c5-a5\"><div class=\"kt-inside-inner-col\">\n<p class=\"has-medium-font-size\">We provide regular supervision for Experts by Experience who have completed Niemikoti Foundation\u2019s Expert by Experience training.<\/p>\n<\/div><\/div>\n\n\n<style>.kadence-column42424_702327-7e > .kt-inside-inner-col,.kadence-column42424_702327-7e > .kt-inside-inner-col:before{border-top-left-radius:0px;border-top-right-radius:0px;border-bottom-right-radius:0px;border-bottom-left-radius:0px;}.kadence-column42424_702327-7e > .kt-inside-inner-col{column-gap:var(--global-kb-gap-sm, 1rem);}.kadence-column42424_702327-7e > .kt-inside-inner-col{flex-direction:column;}.kadence-column42424_702327-7e > .kt-inside-inner-col > .aligncenter{width:100%;}.kadence-column42424_702327-7e > .kt-inside-inner-col:before{opacity:0.3;}.kadence-column42424_702327-7e{position:relative;}@media all and (max-width: 1024px){.kadence-column42424_702327-7e > .kt-inside-inner-col{flex-direction:column;justify-content:center;}}@media all and (max-width: 767px){.kadence-column42424_702327-7e > .kt-inside-inner-col{flex-direction:column;justify-content:center;}}<\/style>\n<div class=\"wp-block-kadence-column kadence-column42424_702327-7e\"><div class=\"kt-inside-inner-col\">\n<figure class=\"wp-block-image size-large\"><img loading=\"lazy\" decoding=\"async\" width=\"1024\" height=\"536\" src=\"https:\/\/niemikoti.fi\/wp-content\/uploads\/2024\/02\/tyonohjaus-1024x536.png\" alt=\"Piirros ty\u00f6nohjaustilanteesta, jossa 4 hahmoa keskustelevat vilkkaasti.\" class=\"wp-image-32951\" srcset=\"https:\/\/niemikoti.fi\/wp-content\/uploads\/2024\/02\/tyonohjaus-1024x536.png 1024w, https:\/\/niemikoti.fi\/wp-content\/uploads\/2024\/02\/tyonohjaus-300x157.png 300w, https:\/\/niemikoti.fi\/wp-content\/uploads\/2024\/02\/tyonohjaus-768x402.png 768w, https:\/\/niemikoti.fi\/wp-content\/uploads\/2024\/02\/tyonohjaus-1536x804.png 1536w, https:\/\/niemikoti.fi\/wp-content\/uploads\/2024\/02\/tyonohjaus-1320x691.png 1320w, https:\/\/niemikoti.fi\/wp-content\/uploads\/2024\/02\/tyonohjaus.png 2000w\" sizes=\"auto, (max-width: 1024px) 100vw, 1024px\" \/><\/figure>\n<\/div><\/div>\n\n<\/div><\/div><div style=\"margin: 20px 0;\"><div class=\"qrcswholewtapper\" style=\"text-align:left;\"><div class=\"qrcprowrapper\"  id=\"qrcwraa2leds\"><div class=\"qrc_canvass\" id=\"qrc_cuttenpages_2\" style=\"display:none\" data-text=\"https:\/\/niemikoti.fi\/en\/experts-by-experience\/supervision-for-experts-by-experience\/\"><\/div><div><a download=\"Supervision for Experts by Experience.png\" class=\"qrcdownloads\" id=\"worign\">\r\n           <button type=\"button\" style=\"min-width:200px;background:#c8fd8c;color:#000;font-weight: 600;border: 1px solid #dddddd;border-radius:4px;font-size:12px;padding: 6px 0;\" class=\"uqr_code_btn\">Lataa QR-koodi<\/button>\r\n           <\/a><\/div><\/div><\/div><\/div>","protected":false},"excerpt":{"rendered":"<p>We provide regular supervision for Experts by Experience who have completed Niemikoti Foundation\u2019s Expert by Experience training. Lataa QR-koodi<\/p>\n","protected":false},"author":2,"featured_media":0,"parent":42228,"menu_order":4,"comment_status":"closed","ping_status":"closed","template":"","meta":{"_kad_blocks_custom_css":"","_kad_blocks_head_custom_js":"","_kad_blocks_body_custom_js":"","_kad_blocks_footer_custom_js":"","_kad_post_transparent":"","_kad_post_title":"","_kad_post_layout":"","_kad_post_sidebar_id":"","_kad_post_content_style":"","_kad_post_vertical_padding":"","_kad_post_feature":"","_kad_post_feature_position":"","_kad_post_header":false,"_kad_post_footer":false,"_kad_post_classname":"","cybocfi_hide_featured_image":"","footnotes":"","_links_to":"","_links_to_target":""},"sisaltoluokka":[],"class_list":["post-42424","page","type-page","status-publish","hentry"],"yoast_head":"<!-- This site is optimized with the Yoast SEO plugin v27.3 - https:\/\/yoast.com\/product\/yoast-seo-wordpress\/ -->\n<title>Supervision for Experts by Experience - Niemikotis\u00e4\u00e4ti\u00f6<\/title>\n<meta name=\"robots\" content=\"index, follow, max-snippet:-1, max-image-preview:large, max-video-preview:-1\" \/>\n<link rel=\"canonical\" href=\"https:\/\/niemikoti.fi\/en\/experts-by-experience\/supervision-for-experts-by-experience\/\" \/>\n<meta property=\"og:locale\" content=\"en_US\" \/>\n<meta property=\"og:type\" content=\"article\" \/>\n<meta property=\"og:title\" content=\"Supervision for Experts by Experience - Niemikotis\u00e4\u00e4ti\u00f6\" \/>\n<meta property=\"og:description\" content=\"We provide regular supervision for Experts by Experience who have completed Niemikoti Foundation\u2019s Expert by Experience training. Lataa QR-koodi\" \/>\n<meta property=\"og:url\" content=\"https:\/\/niemikoti.fi\/en\/experts-by-experience\/supervision-for-experts-by-experience\/\" \/>\n<meta property=\"og:site_name\" content=\"Niemikotis\u00e4\u00e4ti\u00f6\" \/>\n<meta property=\"article:publisher\" content=\"https:\/\/www.facebook.com\/niemikoti\" \/>\n<meta property=\"article:modified_time\" content=\"2025-08-29T12:23:52+00:00\" \/>\n<meta property=\"og:image\" content=\"https:\/\/niemikoti.fi\/wp-content\/uploads\/2024\/02\/tyonohjaus.png\" \/>\n\t<meta property=\"og:image:width\" content=\"2000\" \/>\n\t<meta property=\"og:image:height\" content=\"1047\" \/>\n\t<meta property=\"og:image:type\" content=\"image\/png\" \/>\n<meta name=\"twitter:card\" content=\"summary_large_image\" \/>\n<meta name=\"twitter:label1\" content=\"Est. reading time\" \/>\n\t<meta name=\"twitter:data1\" content=\"1 minute\" \/>\n<script type=\"application\/ld+json\" class=\"yoast-schema-graph\">{\"@context\":\"https:\\\/\\\/schema.org\",\"@graph\":[{\"@type\":\"WebPage\",\"@id\":\"https:\\\/\\\/niemikoti.fi\\\/en\\\/experts-by-experience\\\/supervision-for-experts-by-experience\\\/\",\"url\":\"https:\\\/\\\/niemikoti.fi\\\/en\\\/experts-by-experience\\\/supervision-for-experts-by-experience\\\/\",\"name\":\"Supervision for Experts by Experience - Niemikotis\u00e4\u00e4ti\u00f6\",\"isPartOf\":{\"@id\":\"https:\\\/\\\/niemikoti.fi\\\/#website\"},\"primaryImageOfPage\":{\"@id\":\"https:\\\/\\\/niemikoti.fi\\\/en\\\/experts-by-experience\\\/supervision-for-experts-by-experience\\\/#primaryimage\"},\"image\":{\"@id\":\"https:\\\/\\\/niemikoti.fi\\\/en\\\/experts-by-experience\\\/supervision-for-experts-by-experience\\\/#primaryimage\"},\"thumbnailUrl\":\"https:\\\/\\\/niemikoti.fi\\\/wp-content\\\/uploads\\\/2024\\\/02\\\/tyonohjaus-1024x536.png\",\"datePublished\":\"2020-10-15T08:38:45+00:00\",\"dateModified\":\"2025-08-29T12:23:52+00:00\",\"breadcrumb\":{\"@id\":\"https:\\\/\\\/niemikoti.fi\\\/en\\\/experts-by-experience\\\/supervision-for-experts-by-experience\\\/#breadcrumb\"},\"inLanguage\":\"en-US\",\"potentialAction\":[{\"@type\":\"ReadAction\",\"target\":[\"https:\\\/\\\/niemikoti.fi\\\/en\\\/experts-by-experience\\\/supervision-for-experts-by-experience\\\/\"]}]},{\"@type\":\"ImageObject\",\"inLanguage\":\"en-US\",\"@id\":\"https:\\\/\\\/niemikoti.fi\\\/en\\\/experts-by-experience\\\/supervision-for-experts-by-experience\\\/#primaryimage\",\"url\":\"https:\\\/\\\/niemikoti.fi\\\/wp-content\\\/uploads\\\/2024\\\/02\\\/tyonohjaus-1024x536.png\",\"contentUrl\":\"https:\\\/\\\/niemikoti.fi\\\/wp-content\\\/uploads\\\/2024\\\/02\\\/tyonohjaus-1024x536.png\"},{\"@type\":\"BreadcrumbList\",\"@id\":\"https:\\\/\\\/niemikoti.fi\\\/en\\\/experts-by-experience\\\/supervision-for-experts-by-experience\\\/#breadcrumb\",\"itemListElement\":[{\"@type\":\"ListItem\",\"position\":1,\"name\":\"Home\",\"item\":\"https:\\\/\\\/niemikoti.fi\\\/en\\\/\"},{\"@type\":\"ListItem\",\"position\":2,\"name\":\"Experts by Experience\",\"item\":\"https:\\\/\\\/niemikoti.fi\\\/en\\\/experts-by-experience\\\/\"},{\"@type\":\"ListItem\",\"position\":3,\"name\":\"Supervision for Experts by Experience\"}]},{\"@type\":\"WebSite\",\"@id\":\"https:\\\/\\\/niemikoti.fi\\\/#website\",\"url\":\"https:\\\/\\\/niemikoti.fi\\\/\",\"name\":\"Niemikotis\u00e4\u00e4ti\u00f6\",\"description\":\"Yhdess\u00e4 jo 40 vuotta\",\"publisher\":{\"@id\":\"https:\\\/\\\/niemikoti.fi\\\/#organization\"},\"potentialAction\":[{\"@type\":\"SearchAction\",\"target\":{\"@type\":\"EntryPoint\",\"urlTemplate\":\"https:\\\/\\\/niemikoti.fi\\\/?s={search_term_string}\"},\"query-input\":{\"@type\":\"PropertyValueSpecification\",\"valueRequired\":true,\"valueName\":\"search_term_string\"}}],\"inLanguage\":\"en-US\"},{\"@type\":\"Organization\",\"@id\":\"https:\\\/\\\/niemikoti.fi\\\/#organization\",\"name\":\"Niemikotis\u00e4\u00e4ti\u00f6\",\"url\":\"https:\\\/\\\/niemikoti.fi\\\/\",\"logo\":{\"@type\":\"ImageObject\",\"inLanguage\":\"en-US\",\"@id\":\"https:\\\/\\\/niemikoti.fi\\\/#\\\/schema\\\/logo\\\/image\\\/\",\"url\":\"https:\\\/\\\/niemikoti.fi\\\/wp-content\\\/uploads\\\/2023\\\/02\\\/niemikotilogo40v_vaaka.png\",\"contentUrl\":\"https:\\\/\\\/niemikoti.fi\\\/wp-content\\\/uploads\\\/2023\\\/02\\\/niemikotilogo40v_vaaka.png\",\"width\":1147,\"height\":418,\"caption\":\"Niemikotis\u00e4\u00e4ti\u00f6\"},\"image\":{\"@id\":\"https:\\\/\\\/niemikoti.fi\\\/#\\\/schema\\\/logo\\\/image\\\/\"},\"sameAs\":[\"https:\\\/\\\/www.facebook.com\\\/niemikoti\",\"https:\\\/\\\/www.instagram.com\\\/niemikoti\\\/\",\"https:\\\/\\\/www.youtube.com\\\/channel\\\/UCfo6l7q45CD_derGzEH8XGA\"]}]}<\/script>\n<!-- \/ Yoast SEO plugin. -->","yoast_head_json":{"title":"Supervision for Experts by Experience - Niemikotis\u00e4\u00e4ti\u00f6","robots":{"index":"index","follow":"follow","max-snippet":"max-snippet:-1","max-image-preview":"max-image-preview:large","max-video-preview":"max-video-preview:-1"},"canonical":"https:\/\/niemikoti.fi\/en\/experts-by-experience\/supervision-for-experts-by-experience\/","og_locale":"en_US","og_type":"article","og_title":"Supervision for Experts by Experience - Niemikotis\u00e4\u00e4ti\u00f6","og_description":"We provide regular supervision for Experts by Experience who have completed Niemikoti Foundation\u2019s Expert by Experience training. Lataa QR-koodi","og_url":"https:\/\/niemikoti.fi\/en\/experts-by-experience\/supervision-for-experts-by-experience\/","og_site_name":"Niemikotis\u00e4\u00e4ti\u00f6","article_publisher":"https:\/\/www.facebook.com\/niemikoti","article_modified_time":"2025-08-29T12:23:52+00:00","og_image":[{"width":2000,"height":1047,"url":"https:\/\/niemikoti.fi\/wp-content\/uploads\/2024\/02\/tyonohjaus.png","type":"image\/png"}],"twitter_card":"summary_large_image","twitter_misc":{"Est. reading time":"1 minute"},"schema":{"@context":"https:\/\/schema.org","@graph":[{"@type":"WebPage","@id":"https:\/\/niemikoti.fi\/en\/experts-by-experience\/supervision-for-experts-by-experience\/","url":"https:\/\/niemikoti.fi\/en\/experts-by-experience\/supervision-for-experts-by-experience\/","name":"Supervision for Experts by Experience - Niemikotis\u00e4\u00e4ti\u00f6","isPartOf":{"@id":"https:\/\/niemikoti.fi\/#website"},"primaryImageOfPage":{"@id":"https:\/\/niemikoti.fi\/en\/experts-by-experience\/supervision-for-experts-by-experience\/#primaryimage"},"image":{"@id":"https:\/\/niemikoti.fi\/en\/experts-by-experience\/supervision-for-experts-by-experience\/#primaryimage"},"thumbnailUrl":"https:\/\/niemikoti.fi\/wp-content\/uploads\/2024\/02\/tyonohjaus-1024x536.png","datePublished":"2020-10-15T08:38:45+00:00","dateModified":"2025-08-29T12:23:52+00:00","breadcrumb":{"@id":"https:\/\/niemikoti.fi\/en\/experts-by-experience\/supervision-for-experts-by-experience\/#breadcrumb"},"inLanguage":"en-US","potentialAction":[{"@type":"ReadAction","target":["https:\/\/niemikoti.fi\/en\/experts-by-experience\/supervision-for-experts-by-experience\/"]}]},{"@type":"ImageObject","inLanguage":"en-US","@id":"https:\/\/niemikoti.fi\/en\/experts-by-experience\/supervision-for-experts-by-experience\/#primaryimage","url":"https:\/\/niemikoti.fi\/wp-content\/uploads\/2024\/02\/tyonohjaus-1024x536.png","contentUrl":"https:\/\/niemikoti.fi\/wp-content\/uploads\/2024\/02\/tyonohjaus-1024x536.png"},{"@type":"BreadcrumbList","@id":"https:\/\/niemikoti.fi\/en\/experts-by-experience\/supervision-for-experts-by-experience\/#breadcrumb","itemListElement":[{"@type":"ListItem","position":1,"name":"Home","item":"https:\/\/niemikoti.fi\/en\/"},{"@type":"ListItem","position":2,"name":"Experts by Experience","item":"https:\/\/niemikoti.fi\/en\/experts-by-experience\/"},{"@type":"ListItem","position":3,"name":"Supervision for Experts by Experience"}]},{"@type":"WebSite","@id":"https:\/\/niemikoti.fi\/#website","url":"https:\/\/niemikoti.fi\/","name":"Niemikotis\u00e4\u00e4ti\u00f6","description":"Yhdess\u00e4 jo 40 vuotta","publisher":{"@id":"https:\/\/niemikoti.fi\/#organization"},"potentialAction":[{"@type":"SearchAction","target":{"@type":"EntryPoint","urlTemplate":"https:\/\/niemikoti.fi\/?s={search_term_string}"},"query-input":{"@type":"PropertyValueSpecification","valueRequired":true,"valueName":"search_term_string"}}],"inLanguage":"en-US"},{"@type":"Organization","@id":"https:\/\/niemikoti.fi\/#organization","name":"Niemikotis\u00e4\u00e4ti\u00f6","url":"https:\/\/niemikoti.fi\/","logo":{"@type":"ImageObject","inLanguage":"en-US","@id":"https:\/\/niemikoti.fi\/#\/schema\/logo\/image\/","url":"https:\/\/niemikoti.fi\/wp-content\/uploads\/2023\/02\/niemikotilogo40v_vaaka.png","contentUrl":"https:\/\/niemikoti.fi\/wp-content\/uploads\/2023\/02\/niemikotilogo40v_vaaka.png","width":1147,"height":418,"caption":"Niemikotis\u00e4\u00e4ti\u00f6"},"image":{"@id":"https:\/\/niemikoti.fi\/#\/schema\/logo\/image\/"},"sameAs":["https:\/\/www.facebook.com\/niemikoti","https:\/\/www.instagram.com\/niemikoti\/","https:\/\/www.youtube.com\/channel\/UCfo6l7q45CD_derGzEH8XGA"]}]}},"taxonomy_info":[],"featured_image_src_large":false,"author_info":{"display_name":"Niemikotis\u00e4\u00e4ti\u00f6n viestint\u00e4","author_link":"https:\/\/niemikoti.fi\/en\/author\/katjalampela\/"},"comment_info":0,"_links":{"self":[{"href":"https:\/\/niemikoti.fi\/en\/wp-json\/wp\/v2\/pages\/42424","targetHints":{"allow":["GET"]}}],"collection":[{"href":"https:\/\/niemikoti.fi\/en\/wp-json\/wp\/v2\/pages"}],"about":[{"href":"https:\/\/niemikoti.fi\/en\/wp-json\/wp\/v2\/types\/page"}],"author":[{"embeddable":true,"href":"https:\/\/niemikoti.fi\/en\/wp-json\/wp\/v2\/users\/2"}],"replies":[{"embeddable":true,"href":"https:\/\/niemikoti.fi\/en\/wp-json\/wp\/v2\/comments?post=42424"}],"version-history":[{"count":1,"href":"https:\/\/niemikoti.fi\/en\/wp-json\/wp\/v2\/pages\/42424\/revisions"}],"predecessor-version":[{"id":42425,"href":"https:\/\/niemikoti.fi\/en\/wp-json\/wp\/v2\/pages\/42424\/revisions\/42425"}],"up":[{"embeddable":true,"href":"https:\/\/niemikoti.fi\/en\/wp-json\/wp\/v2\/pages\/42228"}],"wp:attachment":[{"href":"https:\/\/niemikoti.fi\/en\/wp-json\/wp\/v2\/media?parent=42424"}],"wp:term":[{"taxonomy":"sisaltoluokka","embeddable":true,"href":"https:\/\/niemikoti.fi\/en\/wp-json\/wp\/v2\/sisaltoluokka?post=42424"}],"curies":[{"name":"wp","href":"https:\/\/api.w.org\/{rel}","templated":true}]}}