{"id":42421,"date":"2024-08-15T11:41:39","date_gmt":"2024-08-15T08:41:39","guid":{"rendered":"https:\/\/niemikoti.fi\/?page_id=42421"},"modified":"2025-08-29T16:30:13","modified_gmt":"2025-08-29T13:30:13","slug":"ethical-principles-for-niemikoti-foundations-experts-by-experience","status":"publish","type":"page","link":"https:\/\/niemikoti.fi\/en\/experts-by-experience\/ethical-principles-for-niemikoti-foundations-experts-by-experience\/","title":{"rendered":"Ethical Principles for Niemikoti Foundation\u2019s Experts by Experience"},"content":{"rendered":"\n<p class=\"has-medium-font-size\">Niemikoti Foundation has organized Expert by Experience trainings once a year since 2016. The ethical principles have been formulated together during the trainings, based on the knowledge and values of both participants and trainers.<br><\/p>\n\n\n<style>.kb-row-layout-id42421_38470f-e5 > .kt-row-column-wrap{align-content:start;}:where(.kb-row-layout-id42421_38470f-e5 > .kt-row-column-wrap) > .wp-block-kadence-column{justify-content:start;}.kb-row-layout-id42421_38470f-e5 > .kt-row-column-wrap{column-gap:var(--global-kb-gap-md, 2rem);row-gap:var(--global-kb-gap-md, 2rem);padding-top:var(--global-kb-spacing-sm, 1.5rem);padding-bottom:var(--global-kb-spacing-sm, 1.5rem);grid-template-columns:minmax(0, 1fr);}.kb-row-layout-id42421_38470f-e5{background-color:rgba(86,147,209,0.17);}.kb-row-layout-id42421_38470f-e5 > .kt-row-layout-overlay{opacity:0.30;}@media all and (max-width: 1024px){.kb-row-layout-id42421_38470f-e5 > .kt-row-column-wrap{grid-template-columns:minmax(0, 1fr);}}@media all and (max-width: 767px){.kb-row-layout-id42421_38470f-e5 > .kt-row-column-wrap{grid-template-columns:minmax(0, 1fr);}}<\/style><div class=\"kb-row-layout-wrap kb-row-layout-id42421_38470f-e5 alignnone kt-row-has-bg wp-block-kadence-rowlayout\"><div class=\"kt-row-column-wrap kt-has-1-columns kt-row-layout-equal kt-tab-layout-inherit kt-mobile-layout-row kt-row-valign-top\">\n<style>.kadence-column42421_72a2bb-c5 > .kt-inside-inner-col,.kadence-column42421_72a2bb-c5 > .kt-inside-inner-col:before{border-top-left-radius:0px;border-top-right-radius:0px;border-bottom-right-radius:0px;border-bottom-left-radius:0px;}.kadence-column42421_72a2bb-c5 > .kt-inside-inner-col{column-gap:var(--global-kb-gap-sm, 1rem);}.kadence-column42421_72a2bb-c5 > .kt-inside-inner-col{flex-direction:column;}.kadence-column42421_72a2bb-c5 > .kt-inside-inner-col > .aligncenter{width:100%;}.kadence-column42421_72a2bb-c5 > .kt-inside-inner-col:before{opacity:0.3;}.kadence-column42421_72a2bb-c5{position:relative;}@media all and (max-width: 1024px){.kadence-column42421_72a2bb-c5 > .kt-inside-inner-col{flex-direction:column;justify-content:center;}}@media all and (max-width: 767px){.kadence-column42421_72a2bb-c5 > .kt-inside-inner-col{flex-direction:column;justify-content:center;}}<\/style>\n<div class=\"wp-block-kadence-column kadence-column42421_72a2bb-c5\"><div class=\"kt-inside-inner-col\">\n<ul class=\"wp-block-list\">\n<li>We remain grounded in our own experience and experiential knowledge.<\/li>\n\n\n\n<li>We trust that our personal story and experience are impactful in themselves.<\/li>\n\n\n\n<li>We recognize and remember our responsibilities and our role.<\/li>\n\n\n\n<li>We strive to create hope in every assignment.<\/li>\n\n\n\n<li>We commit to each assignment and follow the agreement made with the client.<\/li>\n\n\n\n<li>We acknowledge the limits of our own skills and stamina and act accordingly.<\/li>\n\n\n\n<li>We commit to taking care of our own well-being.<\/li>\n\n\n\n<li>We reflect in advance on what to share about ourselves in each assignment and set boundaries on what we do not wish to share. We reflect on our own work.<\/li>\n\n\n\n<li>We assess the suitability of each assignment for ourselves and consider the target audience. If necessary, we decline the assignment.<\/li>\n\n\n\n<li>We recognize our motives for working as experts by experience.<\/li>\n\n\n\n<li>We are aware of the values that guide our work.<\/li>\n\n\n\n<li>We do not allow our ideologies, beliefs, or personal agendas to steer our work as experts by experience.<\/li>\n\n\n\n<li>We maintain the knowledge gained in training and continue to develop ourselves as experts by experience. We accept our own incompleteness.<\/li>\n\n\n\n<li>We speak with respect towards ourselves and others.<\/li>\n\n\n\n<li>We respect confidentiality and the anonymity of other people.<\/li>\n\n\n\n<li>We work in constructive cooperation with different professional groups.<\/li>\n\n\n\n<li>We recognize and acknowledge the importance of both professional knowledge and experiential knowledge, as well as the roles of different actors.<\/li>\n<\/ul>\n<\/div><\/div>\n\n<\/div><\/div>\n\n\n<ul class=\"wp-block-list\">\n<li><a href=\"https:\/\/niemikoti.fi\/kokemusasiantuntijat\/\">Updates in Experts by Experience Activities<\/a><\/li>\n\n\n\n<li><a href=\"https:\/\/niemikoti.fi\/kokemusasiantuntijat\/varjoista-valoon-blogi\/\">From Shadows to Light blog<\/a><\/li>\n\n\n\n<li><a href=\"https:\/\/niemikoti.fi\/kokemusasiantuntijat\/kokemusasiantuntijuus-niemikotisaatiossa\/\">Experts by Experience at Niemikoti Foundation<\/a><\/li>\n\n\n\n<li><a href=\"https:\/\/niemikoti.fi\/en\/experts-by-experience\/ethical-principles-for-niemikoti-foundations-experts-by-experience\/\">Code of Ethics<\/a><\/li>\n\n\n\n<li><a href=\"https:\/\/niemikoti.fi\/en\/experts-by-experience\/what-is-an-expert-by-experience\/\">What is an Expert by Experience?<\/a><\/li>\n<\/ul>\n<div style=\"margin: 20px 0;\"><div class=\"qrcswholewtapper\" style=\"text-align:left;\"><div class=\"qrcprowrapper\"  id=\"qrcwraa2leds\"><div class=\"qrc_canvass\" id=\"qrc_cuttenpages_2\" style=\"display:none\" data-text=\"https:\/\/niemikoti.fi\/en\/experts-by-experience\/ethical-principles-for-niemikoti-foundations-experts-by-experience\/\"><\/div><div><a download=\"Ethical Principles for Niemikoti Foundation\u2019s Experts by Experience.png\" class=\"qrcdownloads\" id=\"worign\">\r\n           <button type=\"button\" style=\"min-width:200px;background:#c8fd8c;color:#000;font-weight: 600;border: 1px solid #dddddd;border-radius:4px;font-size:12px;padding: 6px 0;\" class=\"uqr_code_btn\">Lataa QR-koodi<\/button>\r\n           <\/a><\/div><\/div><\/div><\/div>","protected":false},"excerpt":{"rendered":"<p>Niemikoti Foundation has organized Expert by Experience trainings once a year since 2016. The ethical principles have been formulated together during the trainings, based on the knowledge and values of both participants and trainers. Lataa QR-koodi<\/p>\n","protected":false},"author":2,"featured_media":0,"parent":42228,"menu_order":2,"comment_status":"closed","ping_status":"closed","template":"","meta":{"_kad_blocks_custom_css":"","_kad_blocks_head_custom_js":"","_kad_blocks_body_custom_js":"","_kad_blocks_footer_custom_js":"","_kad_post_transparent":"","_kad_post_title":"","_kad_post_layout":"","_kad_post_sidebar_id":"","_kad_post_content_style":"","_kad_post_vertical_padding":"","_kad_post_feature":"","_kad_post_feature_position":"","_kad_post_header":false,"_kad_post_footer":false,"_kad_post_classname":"","cybocfi_hide_featured_image":"","footnotes":"","_links_to":"","_links_to_target":""},"sisaltoluokka":[],"class_list":["post-42421","page","type-page","status-publish","hentry"],"yoast_head":"<!-- This site is optimized with the Yoast SEO plugin v27.3 - https:\/\/yoast.com\/product\/yoast-seo-wordpress\/ -->\n<title>Ethical Principles for Niemikoti Foundation\u2019s Experts by Experience - Niemikotis\u00e4\u00e4ti\u00f6<\/title>\n<meta name=\"robots\" content=\"index, follow, max-snippet:-1, max-image-preview:large, max-video-preview:-1\" \/>\n<link rel=\"canonical\" href=\"https:\/\/niemikoti.fi\/en\/experts-by-experience\/ethical-principles-for-niemikoti-foundations-experts-by-experience\/\" \/>\n<meta property=\"og:locale\" content=\"en_US\" \/>\n<meta property=\"og:type\" content=\"article\" \/>\n<meta property=\"og:title\" content=\"Ethical Principles for Niemikoti Foundation\u2019s Experts by Experience - Niemikotis\u00e4\u00e4ti\u00f6\" \/>\n<meta property=\"og:description\" content=\"Niemikoti Foundation has organized Expert by Experience trainings once a year since 2016. The ethical principles have been formulated together during the trainings, based on the knowledge and values of both participants and trainers. Lataa QR-koodi\" \/>\n<meta property=\"og:url\" content=\"https:\/\/niemikoti.fi\/en\/experts-by-experience\/ethical-principles-for-niemikoti-foundations-experts-by-experience\/\" \/>\n<meta property=\"og:site_name\" content=\"Niemikotis\u00e4\u00e4ti\u00f6\" \/>\n<meta property=\"article:publisher\" content=\"https:\/\/www.facebook.com\/niemikoti\" \/>\n<meta property=\"article:modified_time\" content=\"2025-08-29T13:30:13+00:00\" \/>\n<meta name=\"twitter:card\" content=\"summary_large_image\" \/>\n<meta name=\"twitter:label1\" content=\"Est. reading time\" \/>\n\t<meta name=\"twitter:data1\" content=\"3 minutes\" \/>\n<script type=\"application\/ld+json\" class=\"yoast-schema-graph\">{\"@context\":\"https:\\\/\\\/schema.org\",\"@graph\":[{\"@type\":\"WebPage\",\"@id\":\"https:\\\/\\\/niemikoti.fi\\\/en\\\/experts-by-experience\\\/ethical-principles-for-niemikoti-foundations-experts-by-experience\\\/\",\"url\":\"https:\\\/\\\/niemikoti.fi\\\/en\\\/experts-by-experience\\\/ethical-principles-for-niemikoti-foundations-experts-by-experience\\\/\",\"name\":\"Ethical Principles for Niemikoti Foundation\u2019s Experts by Experience - Niemikotis\u00e4\u00e4ti\u00f6\",\"isPartOf\":{\"@id\":\"https:\\\/\\\/niemikoti.fi\\\/#website\"},\"datePublished\":\"2024-08-15T08:41:39+00:00\",\"dateModified\":\"2025-08-29T13:30:13+00:00\",\"breadcrumb\":{\"@id\":\"https:\\\/\\\/niemikoti.fi\\\/en\\\/experts-by-experience\\\/ethical-principles-for-niemikoti-foundations-experts-by-experience\\\/#breadcrumb\"},\"inLanguage\":\"en-US\",\"potentialAction\":[{\"@type\":\"ReadAction\",\"target\":[\"https:\\\/\\\/niemikoti.fi\\\/en\\\/experts-by-experience\\\/ethical-principles-for-niemikoti-foundations-experts-by-experience\\\/\"]}]},{\"@type\":\"BreadcrumbList\",\"@id\":\"https:\\\/\\\/niemikoti.fi\\\/en\\\/experts-by-experience\\\/ethical-principles-for-niemikoti-foundations-experts-by-experience\\\/#breadcrumb\",\"itemListElement\":[{\"@type\":\"ListItem\",\"position\":1,\"name\":\"Home\",\"item\":\"https:\\\/\\\/niemikoti.fi\\\/en\\\/\"},{\"@type\":\"ListItem\",\"position\":2,\"name\":\"Experts by Experience\",\"item\":\"https:\\\/\\\/niemikoti.fi\\\/en\\\/experts-by-experience\\\/\"},{\"@type\":\"ListItem\",\"position\":3,\"name\":\"Ethical Principles for Niemikoti Foundation\u2019s Experts by Experience\"}]},{\"@type\":\"WebSite\",\"@id\":\"https:\\\/\\\/niemikoti.fi\\\/#website\",\"url\":\"https:\\\/\\\/niemikoti.fi\\\/\",\"name\":\"Niemikotis\u00e4\u00e4ti\u00f6\",\"description\":\"Yhdess\u00e4 jo 40 vuotta\",\"publisher\":{\"@id\":\"https:\\\/\\\/niemikoti.fi\\\/#organization\"},\"potentialAction\":[{\"@type\":\"SearchAction\",\"target\":{\"@type\":\"EntryPoint\",\"urlTemplate\":\"https:\\\/\\\/niemikoti.fi\\\/?s={search_term_string}\"},\"query-input\":{\"@type\":\"PropertyValueSpecification\",\"valueRequired\":true,\"valueName\":\"search_term_string\"}}],\"inLanguage\":\"en-US\"},{\"@type\":\"Organization\",\"@id\":\"https:\\\/\\\/niemikoti.fi\\\/#organization\",\"name\":\"Niemikotis\u00e4\u00e4ti\u00f6\",\"url\":\"https:\\\/\\\/niemikoti.fi\\\/\",\"logo\":{\"@type\":\"ImageObject\",\"inLanguage\":\"en-US\",\"@id\":\"https:\\\/\\\/niemikoti.fi\\\/#\\\/schema\\\/logo\\\/image\\\/\",\"url\":\"https:\\\/\\\/niemikoti.fi\\\/wp-content\\\/uploads\\\/2023\\\/02\\\/niemikotilogo40v_vaaka.png\",\"contentUrl\":\"https:\\\/\\\/niemikoti.fi\\\/wp-content\\\/uploads\\\/2023\\\/02\\\/niemikotilogo40v_vaaka.png\",\"width\":1147,\"height\":418,\"caption\":\"Niemikotis\u00e4\u00e4ti\u00f6\"},\"image\":{\"@id\":\"https:\\\/\\\/niemikoti.fi\\\/#\\\/schema\\\/logo\\\/image\\\/\"},\"sameAs\":[\"https:\\\/\\\/www.facebook.com\\\/niemikoti\",\"https:\\\/\\\/www.instagram.com\\\/niemikoti\\\/\",\"https:\\\/\\\/www.youtube.com\\\/channel\\\/UCfo6l7q45CD_derGzEH8XGA\"]}]}<\/script>\n<!-- \/ Yoast SEO plugin. -->","yoast_head_json":{"title":"Ethical Principles for Niemikoti Foundation\u2019s Experts by Experience - Niemikotis\u00e4\u00e4ti\u00f6","robots":{"index":"index","follow":"follow","max-snippet":"max-snippet:-1","max-image-preview":"max-image-preview:large","max-video-preview":"max-video-preview:-1"},"canonical":"https:\/\/niemikoti.fi\/en\/experts-by-experience\/ethical-principles-for-niemikoti-foundations-experts-by-experience\/","og_locale":"en_US","og_type":"article","og_title":"Ethical Principles for Niemikoti Foundation\u2019s Experts by Experience - Niemikotis\u00e4\u00e4ti\u00f6","og_description":"Niemikoti Foundation has organized Expert by Experience trainings once a year since 2016. The ethical principles have been formulated together during the trainings, based on the knowledge and values of both participants and trainers. Lataa QR-koodi","og_url":"https:\/\/niemikoti.fi\/en\/experts-by-experience\/ethical-principles-for-niemikoti-foundations-experts-by-experience\/","og_site_name":"Niemikotis\u00e4\u00e4ti\u00f6","article_publisher":"https:\/\/www.facebook.com\/niemikoti","article_modified_time":"2025-08-29T13:30:13+00:00","twitter_card":"summary_large_image","twitter_misc":{"Est. reading time":"3 minutes"},"schema":{"@context":"https:\/\/schema.org","@graph":[{"@type":"WebPage","@id":"https:\/\/niemikoti.fi\/en\/experts-by-experience\/ethical-principles-for-niemikoti-foundations-experts-by-experience\/","url":"https:\/\/niemikoti.fi\/en\/experts-by-experience\/ethical-principles-for-niemikoti-foundations-experts-by-experience\/","name":"Ethical Principles for Niemikoti Foundation\u2019s Experts by Experience - Niemikotis\u00e4\u00e4ti\u00f6","isPartOf":{"@id":"https:\/\/niemikoti.fi\/#website"},"datePublished":"2024-08-15T08:41:39+00:00","dateModified":"2025-08-29T13:30:13+00:00","breadcrumb":{"@id":"https:\/\/niemikoti.fi\/en\/experts-by-experience\/ethical-principles-for-niemikoti-foundations-experts-by-experience\/#breadcrumb"},"inLanguage":"en-US","potentialAction":[{"@type":"ReadAction","target":["https:\/\/niemikoti.fi\/en\/experts-by-experience\/ethical-principles-for-niemikoti-foundations-experts-by-experience\/"]}]},{"@type":"BreadcrumbList","@id":"https:\/\/niemikoti.fi\/en\/experts-by-experience\/ethical-principles-for-niemikoti-foundations-experts-by-experience\/#breadcrumb","itemListElement":[{"@type":"ListItem","position":1,"name":"Home","item":"https:\/\/niemikoti.fi\/en\/"},{"@type":"ListItem","position":2,"name":"Experts by Experience","item":"https:\/\/niemikoti.fi\/en\/experts-by-experience\/"},{"@type":"ListItem","position":3,"name":"Ethical Principles for Niemikoti Foundation\u2019s Experts by Experience"}]},{"@type":"WebSite","@id":"https:\/\/niemikoti.fi\/#website","url":"https:\/\/niemikoti.fi\/","name":"Niemikotis\u00e4\u00e4ti\u00f6","description":"Yhdess\u00e4 jo 40 vuotta","publisher":{"@id":"https:\/\/niemikoti.fi\/#organization"},"potentialAction":[{"@type":"SearchAction","target":{"@type":"EntryPoint","urlTemplate":"https:\/\/niemikoti.fi\/?s={search_term_string}"},"query-input":{"@type":"PropertyValueSpecification","valueRequired":true,"valueName":"search_term_string"}}],"inLanguage":"en-US"},{"@type":"Organization","@id":"https:\/\/niemikoti.fi\/#organization","name":"Niemikotis\u00e4\u00e4ti\u00f6","url":"https:\/\/niemikoti.fi\/","logo":{"@type":"ImageObject","inLanguage":"en-US","@id":"https:\/\/niemikoti.fi\/#\/schema\/logo\/image\/","url":"https:\/\/niemikoti.fi\/wp-content\/uploads\/2023\/02\/niemikotilogo40v_vaaka.png","contentUrl":"https:\/\/niemikoti.fi\/wp-content\/uploads\/2023\/02\/niemikotilogo40v_vaaka.png","width":1147,"height":418,"caption":"Niemikotis\u00e4\u00e4ti\u00f6"},"image":{"@id":"https:\/\/niemikoti.fi\/#\/schema\/logo\/image\/"},"sameAs":["https:\/\/www.facebook.com\/niemikoti","https:\/\/www.instagram.com\/niemikoti\/","https:\/\/www.youtube.com\/channel\/UCfo6l7q45CD_derGzEH8XGA"]}]}},"taxonomy_info":[],"featured_image_src_large":false,"author_info":{"display_name":"Niemikotis\u00e4\u00e4ti\u00f6n viestint\u00e4","author_link":"https:\/\/niemikoti.fi\/en\/author\/katjalampela\/"},"comment_info":0,"_links":{"self":[{"href":"https:\/\/niemikoti.fi\/en\/wp-json\/wp\/v2\/pages\/42421","targetHints":{"allow":["GET"]}}],"collection":[{"href":"https:\/\/niemikoti.fi\/en\/wp-json\/wp\/v2\/pages"}],"about":[{"href":"https:\/\/niemikoti.fi\/en\/wp-json\/wp\/v2\/types\/page"}],"author":[{"embeddable":true,"href":"https:\/\/niemikoti.fi\/en\/wp-json\/wp\/v2\/users\/2"}],"replies":[{"embeddable":true,"href":"https:\/\/niemikoti.fi\/en\/wp-json\/wp\/v2\/comments?post=42421"}],"version-history":[{"count":2,"href":"https:\/\/niemikoti.fi\/en\/wp-json\/wp\/v2\/pages\/42421\/revisions"}],"predecessor-version":[{"id":42440,"href":"https:\/\/niemikoti.fi\/en\/wp-json\/wp\/v2\/pages\/42421\/revisions\/42440"}],"up":[{"embeddable":true,"href":"https:\/\/niemikoti.fi\/en\/wp-json\/wp\/v2\/pages\/42228"}],"wp:attachment":[{"href":"https:\/\/niemikoti.fi\/en\/wp-json\/wp\/v2\/media?parent=42421"}],"wp:term":[{"taxonomy":"sisaltoluokka","embeddable":true,"href":"https:\/\/niemikoti.fi\/en\/wp-json\/wp\/v2\/sisaltoluokka?post=42421"}],"curies":[{"name":"wp","href":"https:\/\/api.w.org\/{rel}","templated":true}]}}