{"id":42382,"date":"2018-05-31T11:09:09","date_gmt":"2018-05-31T08:09:09","guid":{"rendered":"https:\/\/niemikoti.fi\/?page_id=42382"},"modified":"2025-08-29T11:53:29","modified_gmt":"2025-08-29T08:53:29","slug":"feedback","status":"publish","type":"page","link":"https:\/\/niemikoti.fi\/en\/feedback\/","title":{"rendered":"Feedback"},"content":{"rendered":"<style>.kb-row-layout-id42382_ab8134-7b > .kt-row-column-wrap{align-content:start;}:where(.kb-row-layout-id42382_ab8134-7b > .kt-row-column-wrap) > .wp-block-kadence-column{justify-content:start;}.kb-row-layout-id42382_ab8134-7b > .kt-row-column-wrap{column-gap:var(--global-kb-gap-md, 2rem);row-gap:var(--global-kb-gap-md, 2rem);padding-top:var(--global-kb-spacing-sm, 1.5rem);padding-bottom:var(--global-kb-spacing-sm, 1.5rem);grid-template-columns:repeat(2, minmax(0, 1fr));}.kb-row-layout-id42382_ab8134-7b > .kt-row-layout-overlay{opacity:0.30;}@media all and (max-width: 1024px){.kb-row-layout-id42382_ab8134-7b > .kt-row-column-wrap{grid-template-columns:repeat(2, minmax(0, 1fr));}}@media all and (max-width: 767px){.kb-row-layout-id42382_ab8134-7b > .kt-row-column-wrap{grid-template-columns:minmax(0, 1fr);}}<\/style><div class=\"kb-row-layout-wrap kb-row-layout-id42382_ab8134-7b alignnone wp-block-kadence-rowlayout\"><div class=\"kt-row-column-wrap kt-has-2-columns kt-row-layout-equal kt-tab-layout-inherit kt-mobile-layout-row kt-row-valign-top\">\n<style>.kadence-column42382_ced58d-b0 > .kt-inside-inner-col,.kadence-column42382_ced58d-b0 > .kt-inside-inner-col:before{border-top-left-radius:0px;border-top-right-radius:0px;border-bottom-right-radius:0px;border-bottom-left-radius:0px;}.kadence-column42382_ced58d-b0 > .kt-inside-inner-col{column-gap:var(--global-kb-gap-sm, 1rem);}.kadence-column42382_ced58d-b0 > .kt-inside-inner-col{flex-direction:column;}.kadence-column42382_ced58d-b0 > .kt-inside-inner-col > .aligncenter{width:100%;}.kadence-column42382_ced58d-b0 > .kt-inside-inner-col:before{opacity:0.3;}.kadence-column42382_ced58d-b0{position:relative;}@media all and (max-width: 1024px){.kadence-column42382_ced58d-b0 > .kt-inside-inner-col{flex-direction:column;justify-content:center;}}@media all and (max-width: 767px){.kadence-column42382_ced58d-b0 > .kt-inside-inner-col{flex-direction:column;justify-content:center;}}<\/style>\n<div class=\"wp-block-kadence-column kadence-column42382_ced58d-b0 inner-column-1\"><div class=\"kt-inside-inner-col\">\n<h1 class=\"wp-block-heading\">Feedback to Niemikoti Foundation<\/h1>\n\n\n\n<p>You can provide feedback to Niemikoti Foundation using the form below, or contact the unit of your choice directly using the <a href=\"https:\/\/niemikoti.fi\/en\/about-niemikoti-foundation\/contact-information\/\">contact details<\/a> provided. If you have a concern or suspicion of misconduct that you wish to report anonymously, please use our <a href=\"https:\/\/vihella.fi\">whistleblowing channel ><\/a><\/p>\n\n\n\n<p>If you are interested in a unit\u2019s activities and\/or participation, please visit the unit\u2019s own page to check the events section, where information about, for example, open house days is published. You can also arrange a visit to the unit separately by phone or email.<\/p>\n\n\n\n<p>Fields marked with an asterisk (*) are mandatory.<\/p>\n\n\n<link rel='stylesheet' id='formidable-css' href='https:\/\/niemikoti.fi\/wp-content\/plugins\/formidable\/css\/formidableforms.css?ver=327335' media='all' \/>\n<div class=\"frm_forms  with_frm_style frm_style_formidable-style\" id=\"frm_form_35_container\" data-token=\"5775c38182ee574f32dcc1266b822d11\">\n<form enctype=\"multipart\/form-data\" method=\"post\" class=\"frm-show-form  frm_pro_form \" id=\"form_b8ka32\" data-token=\"5775c38182ee574f32dcc1266b822d11\">\n<div class=\"frm_form_fields \">\n<fieldset>\n<legend class=\"frm_screen_reader\">Contact form<\/legend>\r\n\r\n<div class=\"frm_fields_container\">\n<input type=\"hidden\" name=\"frm_action\" value=\"create\" \/>\n<input type=\"hidden\" name=\"form_id\" value=\"35\" \/>\n<input type=\"hidden\" name=\"frm_hide_fields_35\" id=\"frm_hide_fields_35\" value=\"\" \/>\n<input type=\"hidden\" name=\"form_key\" value=\"b8ka32\" \/>\n<input type=\"hidden\" name=\"item_meta[0]\" value=\"\" \/>\n<input type=\"hidden\" id=\"frm_submit_entry_35\" name=\"frm_submit_entry_35\" value=\"b5234ab80e\" \/><input type=\"hidden\" name=\"_wp_http_referer\" value=\"\/en\/wp-json\/wp\/v2\/pages\/42382\" \/><div id=\"frm_field_296_container\" class=\"frm_form_field form-field  frm_required_field frm_top_container\">\r\n    <label for=\"field_8fyih2\" class=\"frm_primary_label\">Name\r\n        <span class=\"frm_required\">*<\/span>\r\n    <\/label>\r\n    <input  type=\"text\" id=\"field_8fyih2\" name=\"item_meta[296]\" value=\"\"  data-reqmsg=\"Name cannot be blank.\" aria-required=\"true\" data-invmsg=\"Text is invalid\" aria-invalid=\"false\"   \/>\r\n    \r\n    \r\n<\/div>\n<div id=\"frm_field_297_container\" class=\"frm_form_field form-field  frm_required_field frm_top_container\">\r\n    <label for=\"field_fcyk12\" class=\"frm_primary_label\">Email\r\n        <span class=\"frm_required\">*<\/span>\r\n    <\/label>\r\n    <input type=\"email\" id=\"field_fcyk12\" name=\"item_meta[297]\" value=\"\"  data-reqmsg=\"Email cannot be blank.\" aria-required=\"true\" data-invmsg=\"Email is invalid\" aria-invalid=\"false\"  \/>\r\n    \r\n    \r\n<\/div>\n<div id=\"frm_field_298_container\" class=\"frm_form_field form-field  frm_top_container\">\r\n    <label for=\"field_7kd7e2\" class=\"frm_primary_label\">Telephone\r\n        <span class=\"frm_required\"><\/span>\r\n    <\/label>\r\n    <input  type=\"text\" id=\"field_7kd7e2\" name=\"item_meta[298]\" value=\"\"  data-invmsg=\"Text is invalid\" aria-invalid=\"false\"   \/>\r\n    \r\n    \r\n<\/div>\n<div id=\"frm_field_299_container\" class=\"frm_form_field form-field  frm_required_field frm_top_container\">\r\n    <label for=\"field_gr6kh2\" class=\"frm_primary_label\">Select the topic of your feedback\r\n        <span class=\"frm_required\">*<\/span>\r\n    <\/label>\r\n    \t\t<select name=\"item_meta[299]\" id=\"field_gr6kh2\"  data-reqmsg=\"Select the topic of your feedback cannot be blank.\" aria-required=\"true\" data-invmsg=\"Select the topic of your feedback is invalid\" aria-invalid=\"false\"  >\n\t\t<option  value=\"\" selected='selected'> <\/option><option  value=\"Thank you\">Thank you<\/option><option  value=\"Question\">Question<\/option><option  value=\"Complaint\">Complaint<\/option><option  value=\"Suggestion\">Suggestion<\/option><option  value=\"Urgent notification\">Urgent notification<\/option>\t<\/select>\n\t\r\n    \r\n    \r\n<\/div>\n<div id=\"frm_field_300_container\" class=\"frm_form_field form-field  frm_required_field frm_top_container\">\r\n    <label for=\"field_ib0ro2\" class=\"frm_primary_label\">Your feedback\r\n        <span class=\"frm_required\">*<\/span>\r\n    <\/label>\r\n    <textarea name=\"item_meta[300]\" id=\"field_ib0ro2\" rows=\"5\"  data-reqmsg=\"T\u00e4m\u00e4 ei voi olla tyhj\u00e4 kentt\u00e4.\" aria-required=\"true\" data-invmsg=\"Your feedback is invalid\" aria-invalid=\"false\"  ><\/textarea>\r\n    \r\n    \r\n<\/div>\n<div id=\"frm_field_301_container\" class=\"frm_form_field form-field \">\r\n\t<div class=\"frm_submit\">\r\n\r\n<button class=\"frm_button_submit frm_final_submit\" type=\"submit\"   formnovalidate=\"formnovalidate\">Send<\/button>\r\n\r\n<\/div>\r\n<\/div>\n\t<input type=\"hidden\" name=\"item_key\" value=\"\" \/>\n\t\t\t<div id=\"frm_field_302_container\">\n\t\t\t<label for=\"field_jo42k\" >\n\t\t\t\tIf you are human, leave this field blank.\t\t\t<\/label>\n\t\t\t<input  id=\"field_jo42k\" type=\"text\" class=\"frm_form_field form-field frm_verify\" name=\"item_meta[302]\" value=\"\"  \/>\n\t\t<\/div>\n\t\t<input name=\"frm_state\" type=\"hidden\" value=\"BLr0bYGnQJrcZFcIOOMYDuHOIFwTn2E8tRX\/CT65OsgqDQ4Rb+hhfwJW0Bj4zct2\" \/><\/div>\n<\/fieldset>\n<\/div>\n\n<\/form>\n<\/div>\n<\/div><\/div>\n\n\n<style>.kadence-column42382_01ea65-a7 > .kt-inside-inner-col,.kadence-column42382_01ea65-a7 > .kt-inside-inner-col:before{border-top-left-radius:0px;border-top-right-radius:0px;border-bottom-right-radius:0px;border-bottom-left-radius:0px;}.kadence-column42382_01ea65-a7 > .kt-inside-inner-col{column-gap:var(--global-kb-gap-sm, 1rem);}.kadence-column42382_01ea65-a7 > .kt-inside-inner-col{flex-direction:column;}.kadence-column42382_01ea65-a7 > .kt-inside-inner-col > .aligncenter{width:100%;}.kadence-column42382_01ea65-a7 > .kt-inside-inner-col:before{opacity:0.3;}.kadence-column42382_01ea65-a7{position:relative;}@media all and (max-width: 1024px){.kadence-column42382_01ea65-a7 > .kt-inside-inner-col{flex-direction:column;justify-content:center;}}@media all and (max-width: 767px){.kadence-column42382_01ea65-a7 > .kt-inside-inner-col{flex-direction:column;justify-content:center;}}<\/style>\n<div class=\"wp-block-kadence-column kadence-column42382_01ea65-a7 inner-column-2\"><div class=\"kt-inside-inner-col\">\n<figure class=\"wp-block-image\"><img loading=\"lazy\" decoding=\"async\" width=\"471\" height=\"696\" src=\"https:\/\/niemikoti.fi\/wp-content\/uploads\/2018\/12\/AdobeStock_214358759-Converted.png\" alt=\"\" class=\"wp-image-7062\" srcset=\"https:\/\/niemikoti.fi\/wp-content\/uploads\/2018\/12\/AdobeStock_214358759-Converted.png 471w, https:\/\/niemikoti.fi\/wp-content\/uploads\/2018\/12\/AdobeStock_214358759-Converted-203x300.png 203w\" sizes=\"auto, (max-width: 471px) 100vw, 471px\" \/><\/figure>\n<\/div><\/div>\n\n<\/div><\/div><div style=\"margin: 20px 0;\"><div class=\"qrcswholewtapper\" style=\"text-align:left;\"><div class=\"qrcprowrapper\"  id=\"qrcwraa2leds\"><div class=\"qrc_canvass\" id=\"qrc_cuttenpages_2\" style=\"display:none\" data-text=\"https:\/\/niemikoti.fi\/en\/feedback\/\"><\/div><div><a download=\"Feedback.png\" class=\"qrcdownloads\" id=\"worign\">\r\n           <button type=\"button\" style=\"min-width:200px;background:#c8fd8c;color:#000;font-weight: 600;border: 1px solid #dddddd;border-radius:4px;font-size:12px;padding: 6px 0;\" class=\"uqr_code_btn\">Lataa QR-koodi<\/button>\r\n           <\/a><\/div><\/div><\/div><\/div>","protected":false},"excerpt":{"rendered":"<p>Feedback to Niemikoti Foundation You can provide feedback to Niemikoti Foundation using the form below, or contact the unit of your choice directly using the contact details provided. If you have a concern or suspicion of misconduct that you wish to report anonymously, please use our whistleblowing channel > If you are interested in a&#8230;<\/p>\n","protected":false},"author":2,"featured_media":0,"parent":0,"menu_order":21,"comment_status":"closed","ping_status":"closed","template":"","meta":{"_kad_blocks_custom_css":"","_kad_blocks_head_custom_js":"","_kad_blocks_body_custom_js":"","_kad_blocks_footer_custom_js":"","_kad_post_transparent":"","_kad_post_title":"hide","_kad_post_layout":"","_kad_post_sidebar_id":"","_kad_post_content_style":"","_kad_post_vertical_padding":"","_kad_post_feature":"","_kad_post_feature_position":"","_kad_post_header":false,"_kad_post_footer":false,"_kad_post_classname":"","cybocfi_hide_featured_image":"","footnotes":"","_links_to":"","_links_to_target":""},"sisaltoluokka":[],"class_list":["post-42382","page","type-page","status-publish","hentry"],"yoast_head":"<!-- This site is optimized with the Yoast SEO plugin v27.3 - https:\/\/yoast.com\/product\/yoast-seo-wordpress\/ -->\n<title>Feedback - Niemikotis\u00e4\u00e4ti\u00f6<\/title>\n<meta name=\"robots\" content=\"index, follow, max-snippet:-1, max-image-preview:large, max-video-preview:-1\" \/>\n<link rel=\"canonical\" href=\"https:\/\/niemikoti.fi\/en\/feedback\/\" \/>\n<meta property=\"og:locale\" content=\"en_US\" \/>\n<meta property=\"og:type\" content=\"article\" \/>\n<meta property=\"og:title\" content=\"Feedback - Niemikotis\u00e4\u00e4ti\u00f6\" \/>\n<meta property=\"og:description\" content=\"Feedback to Niemikoti Foundation You can provide feedback to Niemikoti Foundation using the form below, or contact the unit of your choice directly using the contact details provided. If you have a concern or suspicion of misconduct that you wish to report anonymously, please use our whistleblowing channel &gt; If you are interested in a...\" \/>\n<meta property=\"og:url\" content=\"https:\/\/niemikoti.fi\/en\/feedback\/\" \/>\n<meta property=\"og:site_name\" content=\"Niemikotis\u00e4\u00e4ti\u00f6\" \/>\n<meta property=\"article:publisher\" content=\"https:\/\/www.facebook.com\/niemikoti\" \/>\n<meta property=\"article:modified_time\" content=\"2025-08-29T08:53:29+00:00\" \/>\n<meta property=\"og:image\" content=\"https:\/\/niemikoti.fi\/wp-content\/uploads\/2018\/12\/AdobeStock_214358759-Converted.png\" \/>\n\t<meta property=\"og:image:width\" content=\"471\" \/>\n\t<meta property=\"og:image:height\" content=\"696\" \/>\n\t<meta property=\"og:image:type\" content=\"image\/png\" \/>\n<meta name=\"twitter:card\" content=\"summary_large_image\" \/>\n<meta name=\"twitter:label1\" content=\"Est. reading time\" \/>\n\t<meta name=\"twitter:data1\" content=\"1 minute\" \/>\n<script type=\"application\/ld+json\" class=\"yoast-schema-graph\">{\"@context\":\"https:\\\/\\\/schema.org\",\"@graph\":[{\"@type\":\"WebPage\",\"@id\":\"https:\\\/\\\/niemikoti.fi\\\/en\\\/feedback\\\/\",\"url\":\"https:\\\/\\\/niemikoti.fi\\\/en\\\/feedback\\\/\",\"name\":\"Feedback - Niemikotis\u00e4\u00e4ti\u00f6\",\"isPartOf\":{\"@id\":\"https:\\\/\\\/niemikoti.fi\\\/#website\"},\"primaryImageOfPage\":{\"@id\":\"https:\\\/\\\/niemikoti.fi\\\/en\\\/feedback\\\/#primaryimage\"},\"image\":{\"@id\":\"https:\\\/\\\/niemikoti.fi\\\/en\\\/feedback\\\/#primaryimage\"},\"thumbnailUrl\":\"https:\\\/\\\/niemikoti.fi\\\/wp-content\\\/uploads\\\/2018\\\/12\\\/AdobeStock_214358759-Converted.png\",\"datePublished\":\"2018-05-31T08:09:09+00:00\",\"dateModified\":\"2025-08-29T08:53:29+00:00\",\"breadcrumb\":{\"@id\":\"https:\\\/\\\/niemikoti.fi\\\/en\\\/feedback\\\/#breadcrumb\"},\"inLanguage\":\"en-US\",\"potentialAction\":[{\"@type\":\"ReadAction\",\"target\":[\"https:\\\/\\\/niemikoti.fi\\\/en\\\/feedback\\\/\"]}]},{\"@type\":\"ImageObject\",\"inLanguage\":\"en-US\",\"@id\":\"https:\\\/\\\/niemikoti.fi\\\/en\\\/feedback\\\/#primaryimage\",\"url\":\"https:\\\/\\\/niemikoti.fi\\\/wp-content\\\/uploads\\\/2018\\\/12\\\/AdobeStock_214358759-Converted.png\",\"contentUrl\":\"https:\\\/\\\/niemikoti.fi\\\/wp-content\\\/uploads\\\/2018\\\/12\\\/AdobeStock_214358759-Converted.png\"},{\"@type\":\"BreadcrumbList\",\"@id\":\"https:\\\/\\\/niemikoti.fi\\\/en\\\/feedback\\\/#breadcrumb\",\"itemListElement\":[{\"@type\":\"ListItem\",\"position\":1,\"name\":\"Home\",\"item\":\"https:\\\/\\\/niemikoti.fi\\\/en\\\/\"},{\"@type\":\"ListItem\",\"position\":2,\"name\":\"Feedback\"}]},{\"@type\":\"WebSite\",\"@id\":\"https:\\\/\\\/niemikoti.fi\\\/#website\",\"url\":\"https:\\\/\\\/niemikoti.fi\\\/\",\"name\":\"Niemikotis\u00e4\u00e4ti\u00f6\",\"description\":\"Yhdess\u00e4 jo 40 vuotta\",\"publisher\":{\"@id\":\"https:\\\/\\\/niemikoti.fi\\\/#organization\"},\"potentialAction\":[{\"@type\":\"SearchAction\",\"target\":{\"@type\":\"EntryPoint\",\"urlTemplate\":\"https:\\\/\\\/niemikoti.fi\\\/?s={search_term_string}\"},\"query-input\":{\"@type\":\"PropertyValueSpecification\",\"valueRequired\":true,\"valueName\":\"search_term_string\"}}],\"inLanguage\":\"en-US\"},{\"@type\":\"Organization\",\"@id\":\"https:\\\/\\\/niemikoti.fi\\\/#organization\",\"name\":\"Niemikotis\u00e4\u00e4ti\u00f6\",\"url\":\"https:\\\/\\\/niemikoti.fi\\\/\",\"logo\":{\"@type\":\"ImageObject\",\"inLanguage\":\"en-US\",\"@id\":\"https:\\\/\\\/niemikoti.fi\\\/#\\\/schema\\\/logo\\\/image\\\/\",\"url\":\"https:\\\/\\\/niemikoti.fi\\\/wp-content\\\/uploads\\\/2023\\\/02\\\/niemikotilogo40v_vaaka.png\",\"contentUrl\":\"https:\\\/\\\/niemikoti.fi\\\/wp-content\\\/uploads\\\/2023\\\/02\\\/niemikotilogo40v_vaaka.png\",\"width\":1147,\"height\":418,\"caption\":\"Niemikotis\u00e4\u00e4ti\u00f6\"},\"image\":{\"@id\":\"https:\\\/\\\/niemikoti.fi\\\/#\\\/schema\\\/logo\\\/image\\\/\"},\"sameAs\":[\"https:\\\/\\\/www.facebook.com\\\/niemikoti\",\"https:\\\/\\\/www.instagram.com\\\/niemikoti\\\/\",\"https:\\\/\\\/www.youtube.com\\\/channel\\\/UCfo6l7q45CD_derGzEH8XGA\"]}]}<\/script>\n<!-- \/ Yoast SEO plugin. -->","yoast_head_json":{"title":"Feedback - Niemikotis\u00e4\u00e4ti\u00f6","robots":{"index":"index","follow":"follow","max-snippet":"max-snippet:-1","max-image-preview":"max-image-preview:large","max-video-preview":"max-video-preview:-1"},"canonical":"https:\/\/niemikoti.fi\/en\/feedback\/","og_locale":"en_US","og_type":"article","og_title":"Feedback - Niemikotis\u00e4\u00e4ti\u00f6","og_description":"Feedback to Niemikoti Foundation You can provide feedback to Niemikoti Foundation using the form below, or contact the unit of your choice directly using the contact details provided. If you have a concern or suspicion of misconduct that you wish to report anonymously, please use our whistleblowing channel > If you are interested in a...","og_url":"https:\/\/niemikoti.fi\/en\/feedback\/","og_site_name":"Niemikotis\u00e4\u00e4ti\u00f6","article_publisher":"https:\/\/www.facebook.com\/niemikoti","article_modified_time":"2025-08-29T08:53:29+00:00","og_image":[{"width":471,"height":696,"url":"https:\/\/niemikoti.fi\/wp-content\/uploads\/2018\/12\/AdobeStock_214358759-Converted.png","type":"image\/png"}],"twitter_card":"summary_large_image","twitter_misc":{"Est. reading time":"1 minute"},"schema":{"@context":"https:\/\/schema.org","@graph":[{"@type":"WebPage","@id":"https:\/\/niemikoti.fi\/en\/feedback\/","url":"https:\/\/niemikoti.fi\/en\/feedback\/","name":"Feedback - Niemikotis\u00e4\u00e4ti\u00f6","isPartOf":{"@id":"https:\/\/niemikoti.fi\/#website"},"primaryImageOfPage":{"@id":"https:\/\/niemikoti.fi\/en\/feedback\/#primaryimage"},"image":{"@id":"https:\/\/niemikoti.fi\/en\/feedback\/#primaryimage"},"thumbnailUrl":"https:\/\/niemikoti.fi\/wp-content\/uploads\/2018\/12\/AdobeStock_214358759-Converted.png","datePublished":"2018-05-31T08:09:09+00:00","dateModified":"2025-08-29T08:53:29+00:00","breadcrumb":{"@id":"https:\/\/niemikoti.fi\/en\/feedback\/#breadcrumb"},"inLanguage":"en-US","potentialAction":[{"@type":"ReadAction","target":["https:\/\/niemikoti.fi\/en\/feedback\/"]}]},{"@type":"ImageObject","inLanguage":"en-US","@id":"https:\/\/niemikoti.fi\/en\/feedback\/#primaryimage","url":"https:\/\/niemikoti.fi\/wp-content\/uploads\/2018\/12\/AdobeStock_214358759-Converted.png","contentUrl":"https:\/\/niemikoti.fi\/wp-content\/uploads\/2018\/12\/AdobeStock_214358759-Converted.png"},{"@type":"BreadcrumbList","@id":"https:\/\/niemikoti.fi\/en\/feedback\/#breadcrumb","itemListElement":[{"@type":"ListItem","position":1,"name":"Home","item":"https:\/\/niemikoti.fi\/en\/"},{"@type":"ListItem","position":2,"name":"Feedback"}]},{"@type":"WebSite","@id":"https:\/\/niemikoti.fi\/#website","url":"https:\/\/niemikoti.fi\/","name":"Niemikotis\u00e4\u00e4ti\u00f6","description":"Yhdess\u00e4 jo 40 vuotta","publisher":{"@id":"https:\/\/niemikoti.fi\/#organization"},"potentialAction":[{"@type":"SearchAction","target":{"@type":"EntryPoint","urlTemplate":"https:\/\/niemikoti.fi\/?s={search_term_string}"},"query-input":{"@type":"PropertyValueSpecification","valueRequired":true,"valueName":"search_term_string"}}],"inLanguage":"en-US"},{"@type":"Organization","@id":"https:\/\/niemikoti.fi\/#organization","name":"Niemikotis\u00e4\u00e4ti\u00f6","url":"https:\/\/niemikoti.fi\/","logo":{"@type":"ImageObject","inLanguage":"en-US","@id":"https:\/\/niemikoti.fi\/#\/schema\/logo\/image\/","url":"https:\/\/niemikoti.fi\/wp-content\/uploads\/2023\/02\/niemikotilogo40v_vaaka.png","contentUrl":"https:\/\/niemikoti.fi\/wp-content\/uploads\/2023\/02\/niemikotilogo40v_vaaka.png","width":1147,"height":418,"caption":"Niemikotis\u00e4\u00e4ti\u00f6"},"image":{"@id":"https:\/\/niemikoti.fi\/#\/schema\/logo\/image\/"},"sameAs":["https:\/\/www.facebook.com\/niemikoti","https:\/\/www.instagram.com\/niemikoti\/","https:\/\/www.youtube.com\/channel\/UCfo6l7q45CD_derGzEH8XGA"]}]}},"taxonomy_info":[],"featured_image_src_large":false,"author_info":{"display_name":"Niemikotis\u00e4\u00e4ti\u00f6n viestint\u00e4","author_link":"https:\/\/niemikoti.fi\/en\/author\/katjalampela\/"},"comment_info":0,"_links":{"self":[{"href":"https:\/\/niemikoti.fi\/en\/wp-json\/wp\/v2\/pages\/42382","targetHints":{"allow":["GET"]}}],"collection":[{"href":"https:\/\/niemikoti.fi\/en\/wp-json\/wp\/v2\/pages"}],"about":[{"href":"https:\/\/niemikoti.fi\/en\/wp-json\/wp\/v2\/types\/page"}],"author":[{"embeddable":true,"href":"https:\/\/niemikoti.fi\/en\/wp-json\/wp\/v2\/users\/2"}],"replies":[{"embeddable":true,"href":"https:\/\/niemikoti.fi\/en\/wp-json\/wp\/v2\/comments?post=42382"}],"version-history":[{"count":2,"href":"https:\/\/niemikoti.fi\/en\/wp-json\/wp\/v2\/pages\/42382\/revisions"}],"predecessor-version":[{"id":42385,"href":"https:\/\/niemikoti.fi\/en\/wp-json\/wp\/v2\/pages\/42382\/revisions\/42385"}],"wp:attachment":[{"href":"https:\/\/niemikoti.fi\/en\/wp-json\/wp\/v2\/media?parent=42382"}],"wp:term":[{"taxonomy":"sisaltoluokka","embeddable":true,"href":"https:\/\/niemikoti.fi\/en\/wp-json\/wp\/v2\/sisaltoluokka?post=42382"}],"curies":[{"name":"wp","href":"https:\/\/api.w.org\/{rel}","templated":true}]}}