{"id":42265,"date":"2019-01-23T14:26:15","date_gmt":"2019-01-23T12:26:15","guid":{"rendered":"https:\/\/niemikoti.fi\/?page_id=42265"},"modified":"2025-08-29T10:20:45","modified_gmt":"2025-08-29T07:20:45","slug":"environmental-work","status":"publish","type":"page","link":"https:\/\/niemikoti.fi\/en\/about-niemikoti-foundation\/environmental-work\/","title":{"rendered":"Environmental Work"},"content":{"rendered":"<style>.kb-row-layout-id42265_8f2cec-3d > .kt-row-column-wrap{align-content:start;}:where(.kb-row-layout-id42265_8f2cec-3d > .kt-row-column-wrap) > .wp-block-kadence-column{justify-content:start;}.kb-row-layout-id42265_8f2cec-3d > .kt-row-column-wrap{column-gap:var(--global-kb-gap-md, 2rem);row-gap:var(--global-kb-gap-md, 2rem);padding-top:var(--global-kb-spacing-sm, 1.5rem);padding-bottom:var(--global-kb-spacing-sm, 1.5rem);grid-template-columns:minmax(0, 1fr);}.kb-row-layout-id42265_8f2cec-3d > .kt-row-layout-overlay{opacity:0.30;}@media all and (max-width: 1024px){.kb-row-layout-id42265_8f2cec-3d > .kt-row-column-wrap{grid-template-columns:minmax(0, 1fr);}}@media all and (max-width: 767px){.kb-row-layout-id42265_8f2cec-3d > .kt-row-column-wrap{grid-template-columns:minmax(0, 1fr);}}<\/style><div class=\"kb-row-layout-wrap kb-row-layout-id42265_8f2cec-3d alignnone wp-block-kadence-rowlayout\"><div class=\"kt-row-column-wrap kt-has-1-columns kt-row-layout-equal kt-tab-layout-inherit kt-mobile-layout-row kt-row-valign-top\">\n<style>.kadence-column42265_0497b2-cf > .kt-inside-inner-col{padding-right:50px;padding-left:50px;}.kadence-column42265_0497b2-cf > .kt-inside-inner-col,.kadence-column42265_0497b2-cf > .kt-inside-inner-col:before{border-top-left-radius:0px;border-top-right-radius:0px;border-bottom-right-radius:0px;border-bottom-left-radius:0px;}.kadence-column42265_0497b2-cf > .kt-inside-inner-col{column-gap:var(--global-kb-gap-sm, 1rem);}.kadence-column42265_0497b2-cf > .kt-inside-inner-col{flex-direction:column;}.kadence-column42265_0497b2-cf > .kt-inside-inner-col > .aligncenter{width:100%;}.kadence-column42265_0497b2-cf > .kt-inside-inner-col:before{opacity:0.3;}.kadence-column42265_0497b2-cf{position:relative;}@media all and (max-width: 1024px){.kadence-column42265_0497b2-cf > .kt-inside-inner-col{flex-direction:column;justify-content:center;}}@media all and (max-width: 767px){.kadence-column42265_0497b2-cf > .kt-inside-inner-col{flex-direction:column;justify-content:center;}}<\/style>\n<div class=\"wp-block-kadence-column kadence-column42265_0497b2-cf inner-column-1\"><div class=\"kt-inside-inner-col\"><style>.wp-block-kadence-advancedheading.kt-adv-heading42265_03f253-54, .wp-block-kadence-advancedheading.kt-adv-heading42265_03f253-54[data-kb-block=\"kb-adv-heading42265_03f253-54\"]{font-size:30px;font-weight:normal;font-style:normal;}.wp-block-kadence-advancedheading.kt-adv-heading42265_03f253-54 mark.kt-highlight, .wp-block-kadence-advancedheading.kt-adv-heading42265_03f253-54[data-kb-block=\"kb-adv-heading42265_03f253-54\"] mark.kt-highlight{font-weight:normal;font-style:normal;color:#f76a0c;-webkit-box-decoration-break:clone;box-decoration-break:clone;padding-top:0px;padding-right:0px;padding-bottom:0px;padding-left:0px;}.wp-block-kadence-advancedheading.kt-adv-heading42265_03f253-54 img.kb-inline-image, .wp-block-kadence-advancedheading.kt-adv-heading42265_03f253-54[data-kb-block=\"kb-adv-heading42265_03f253-54\"] img.kb-inline-image{width:150px;vertical-align:baseline;}<\/style>\n<h2 class=\"kt-adv-heading42265_03f253-54 wp-block-kadence-advancedheading\" data-kb-block=\"kb-adv-heading42265_03f253-54\">Environmental Work as Part of Daily Life at Niemikoti Foundation<\/h2>\n\n\n<style>.kb-row-layout-id42265_eeb095-2c > .kt-row-column-wrap{align-content:start;}:where(.kb-row-layout-id42265_eeb095-2c > .kt-row-column-wrap) > .wp-block-kadence-column{justify-content:start;}.kb-row-layout-id42265_eeb095-2c > .kt-row-column-wrap{column-gap:var(--global-kb-gap-md, 2rem);row-gap:var(--global-kb-gap-md, 2rem);padding-top:var(--global-kb-spacing-sm, 1.5rem);padding-bottom:var(--global-kb-spacing-sm, 1.5rem);grid-template-columns:minmax(0, calc(63.9% - ((var(--global-kb-gap-md, 2rem) * 1 )\/2)))minmax(0, calc(36.1% - ((var(--global-kb-gap-md, 2rem) * 1 )\/2)));}.kb-row-layout-id42265_eeb095-2c > .kt-row-layout-overlay{opacity:0.30;}@media all and (max-width: 1024px){.kb-row-layout-id42265_eeb095-2c > .kt-row-column-wrap{grid-template-columns:minmax(0, 2fr) minmax(0, 1fr);}}@media all and (max-width: 767px){.kb-row-layout-id42265_eeb095-2c > .kt-row-column-wrap{grid-template-columns:minmax(0, 1fr);}}<\/style><div class=\"kb-row-layout-wrap kb-row-layout-id42265_eeb095-2c alignnone wp-block-kadence-rowlayout\"><div class=\"kt-row-column-wrap kt-has-2-columns kt-row-layout-left-golden kt-tab-layout-inherit kt-mobile-layout-row kt-row-valign-top\">\n<style>.kadence-column42265_b4ab27-ad > .kt-inside-inner-col,.kadence-column42265_b4ab27-ad > .kt-inside-inner-col:before{border-top-left-radius:0px;border-top-right-radius:0px;border-bottom-right-radius:0px;border-bottom-left-radius:0px;}.kadence-column42265_b4ab27-ad > .kt-inside-inner-col{column-gap:var(--global-kb-gap-sm, 1rem);}.kadence-column42265_b4ab27-ad > .kt-inside-inner-col{flex-direction:column;}.kadence-column42265_b4ab27-ad > .kt-inside-inner-col > .aligncenter{width:100%;}.kadence-column42265_b4ab27-ad > .kt-inside-inner-col:before{opacity:0.3;}.kadence-column42265_b4ab27-ad{position:relative;}@media all and (max-width: 1024px){.kadence-column42265_b4ab27-ad > .kt-inside-inner-col{flex-direction:column;justify-content:center;}}@media all and (max-width: 767px){.kadence-column42265_b4ab27-ad > .kt-inside-inner-col{flex-direction:column;justify-content:center;}}<\/style>\n<div class=\"wp-block-kadence-column kadence-column42265_b4ab27-ad inner-column-1\"><div class=\"kt-inside-inner-col\">\n<p class=\"has-medium-font-size\">Our climate and environment are in poor condition, and according to forecasts, the consequences will be catastrophic unless action is taken. A single small act can lead to great achievements when we all take part in the effort. At Niemikoti Foundation, we want to do our part in giving the environment a chance to recover and thrive in its diversity.<\/p>\n\n\n\n<p><\/p>\n<\/div><\/div>\n\n\n<style>.kadence-column42265_060885-c2 > .kt-inside-inner-col,.kadence-column42265_060885-c2 > .kt-inside-inner-col:before{border-top-left-radius:0px;border-top-right-radius:0px;border-bottom-right-radius:0px;border-bottom-left-radius:0px;}.kadence-column42265_060885-c2 > .kt-inside-inner-col{column-gap:var(--global-kb-gap-sm, 1rem);}.kadence-column42265_060885-c2 > .kt-inside-inner-col{flex-direction:column;}.kadence-column42265_060885-c2 > .kt-inside-inner-col > .aligncenter{width:100%;}.kadence-column42265_060885-c2 > .kt-inside-inner-col:before{opacity:0.3;}.kadence-column42265_060885-c2{position:relative;}@media all and (max-width: 1024px){.kadence-column42265_060885-c2 > .kt-inside-inner-col{flex-direction:column;justify-content:center;}}@media all and (max-width: 767px){.kadence-column42265_060885-c2 > .kt-inside-inner-col{flex-direction:column;justify-content:center;}}<\/style>\n<div class=\"wp-block-kadence-column kadence-column42265_060885-c2 inner-column-2\"><div class=\"kt-inside-inner-col\">\n<figure class=\"wp-block-image size-large\"><img loading=\"lazy\" decoding=\"async\" width=\"1024\" height=\"1024\" src=\"https:\/\/niemikoti.fi\/wp-content\/uploads\/2023\/01\/ymparistovuosikellojuliste2022.niemikoti-1024x1024.jpg\" alt=\"\" class=\"wp-image-23378\" srcset=\"https:\/\/niemikoti.fi\/wp-content\/uploads\/2023\/01\/ymparistovuosikellojuliste2022.niemikoti-1024x1024.jpg 1024w, https:\/\/niemikoti.fi\/wp-content\/uploads\/2023\/01\/ymparistovuosikellojuliste2022.niemikoti-300x300.jpg 300w, https:\/\/niemikoti.fi\/wp-content\/uploads\/2023\/01\/ymparistovuosikellojuliste2022.niemikoti-200x200.jpg 200w, https:\/\/niemikoti.fi\/wp-content\/uploads\/2023\/01\/ymparistovuosikellojuliste2022.niemikoti-768x769.jpg 768w, https:\/\/niemikoti.fi\/wp-content\/uploads\/2023\/01\/ymparistovuosikellojuliste2022.niemikoti-1534x1536.jpg 1534w, https:\/\/niemikoti.fi\/wp-content\/uploads\/2023\/01\/ymparistovuosikellojuliste2022.niemikoti.jpg 2000w\" sizes=\"auto, (max-width: 1024px) 100vw, 1024px\" \/><\/figure>\n<\/div><\/div>\n\n<\/div><\/div>\n\n<style>.kb-row-layout-id42265_90b3cd-e7 > .kt-row-column-wrap{align-content:start;}:where(.kb-row-layout-id42265_90b3cd-e7 > .kt-row-column-wrap) > .wp-block-kadence-column{justify-content:start;}.kb-row-layout-id42265_90b3cd-e7 > .kt-row-column-wrap{column-gap:var(--global-kb-gap-md, 2rem);row-gap:var(--global-kb-gap-md, 2rem);padding-top:var(--global-kb-spacing-sm, 1.5rem);padding-bottom:var(--global-kb-spacing-sm, 1.5rem);grid-template-columns:minmax(0, 1fr);}.kb-row-layout-id42265_90b3cd-e7 > .kt-row-layout-overlay{opacity:0.30;}@media all and (max-width: 1024px){.kb-row-layout-id42265_90b3cd-e7 > .kt-row-column-wrap{grid-template-columns:minmax(0, 1fr);}}@media all and (max-width: 767px){.kb-row-layout-id42265_90b3cd-e7 > .kt-row-column-wrap{grid-template-columns:minmax(0, 1fr);}}<\/style><div class=\"kb-row-layout-wrap kb-row-layout-id42265_90b3cd-e7 alignnone wp-block-kadence-rowlayout\"><div class=\"kt-row-column-wrap kt-has-1-columns kt-row-layout-equal kt-tab-layout-inherit kt-mobile-layout-row kt-row-valign-top\">\n<style>.kadence-column42265_b0930f-7e > .kt-inside-inner-col,.kadence-column42265_b0930f-7e > .kt-inside-inner-col:before{border-top-left-radius:0px;border-top-right-radius:0px;border-bottom-right-radius:0px;border-bottom-left-radius:0px;}.kadence-column42265_b0930f-7e > .kt-inside-inner-col{column-gap:var(--global-kb-gap-sm, 1rem);}.kadence-column42265_b0930f-7e > .kt-inside-inner-col{flex-direction:column;}.kadence-column42265_b0930f-7e > .kt-inside-inner-col > .aligncenter{width:100%;}.kadence-column42265_b0930f-7e > .kt-inside-inner-col:before{opacity:0.3;}.kadence-column42265_b0930f-7e{position:relative;}@media all and (max-width: 1024px){.kadence-column42265_b0930f-7e > .kt-inside-inner-col{flex-direction:column;justify-content:center;}}@media all and (max-width: 767px){.kadence-column42265_b0930f-7e > .kt-inside-inner-col{flex-direction:column;justify-content:center;}}<\/style>\n<div class=\"wp-block-kadence-column kadence-column42265_b0930f-7e inner-column-1\"><div class=\"kt-inside-inner-col\">\n<div class=\"wp-block-group\"><div class=\"wp-block-group__inner-container is-layout-constrained wp-block-group-is-layout-constrained\">\n<h2 class=\"wp-block-heading\">Niemikoti Foundation\u2019s Ecology in a Nutshell<\/h2>\n\n\n\n<h3 class=\"wp-block-heading\">Environmentally friendly and renewable energy<\/h3>\n\n\n\n<p>The electricity we use is produced in an environmentally friendly way. We hold origin certificates for hydropower production.<\/p>\n\n\n\n<h3 class=\"wp-block-heading\">Food waste<\/h3>\n\n\n\n<p>We actively take part in different campaigns. For example, during Food Waste Week we focused on the amount of biowaste generated in our operations. Each of our units monitored the amount of food waste and came up with and implemented concrete solutions to reduce it.<\/p>\n\n\n\n<h3 class=\"wp-block-heading\">Mobility<\/h3>\n\n\n\n<p>In 2018, we conducted a commuting survey (HSL). The results encouraged participants to come up with ideas on how the employer could support commuting. We promote the use of public transport, and the use of Helsinki city bikes for commuting was also examined in the survey. We also participate in motivating events such as the Kilometer Competition.<\/p>\n\n\n\n<h3 class=\"wp-block-heading\">Eco-support activities<\/h3>\n\n\n\n<p>We train new eco-support persons in cooperation with EcoCompass. In 2018, we trained 23 people, and in 2016, 28 people. Both service users and staff members who have completed the training are enthusiastic about ecological work and inspire others by committing together to sustainable development and good environmental actions.<\/p>\n\n\n\n<h3 class=\"wp-block-heading\">Circular economy<\/h3>\n\n\n\n<p>We recycle, make versatile use of materials, and design and produce items from recycled materials. In our sewing workshop, a vegetable bag was designed, tested, and produced to positively challenge store-bought, imported bags, while also being practical. The vegetable\/fruit bag is sold in the Foundation\u2019s online shop.<\/p>\n\n\n\n<h3 class=\"wp-block-heading\">Social and healthcare sector (Sote)<\/h3>\n\n\n\n<p>We also want to be an actor in the social and healthcare sector that is consistently and determinedly committed to promoting and carrying out good environmental actions together with staff, service users, and networks.<\/p>\n\n\n\n<h3 class=\"wp-block-heading\">EcoCompass as guidelines for our activities<\/h3>\n\n\n\n<p>Niemikoti Foundation joined the EcoCompass environmental management system in 2014. With EcoCompass, the Foundation can comprehensively improve its environmental management and eco-efficiency. EcoCompass is a tool for managing environmental matters, offering a systematic way of carrying out environmental leadership.<\/p>\n<\/div><\/div>\n<\/div><\/div>\n\n<\/div><\/div><\/div><\/div>\n\n<\/div><\/div><div style=\"margin: 20px 0;\"><div class=\"qrcswholewtapper\" style=\"text-align:left;\"><div class=\"qrcprowrapper\"  id=\"qrcwraa2leds\"><div class=\"qrc_canvass\" id=\"qrc_cuttenpages_2\" style=\"display:none\" data-text=\"https:\/\/niemikoti.fi\/en\/about-niemikoti-foundation\/environmental-work\/\"><\/div><div><a download=\"Environmental Work.png\" class=\"qrcdownloads\" id=\"worign\">\r\n           <button type=\"button\" style=\"min-width:200px;background:#c8fd8c;color:#000;font-weight: 600;border: 1px solid #dddddd;border-radius:4px;font-size:12px;padding: 6px 0;\" class=\"uqr_code_btn\">Lataa QR-koodi<\/button>\r\n           <\/a><\/div><\/div><\/div><\/div>","protected":false},"excerpt":{"rendered":"<p>Environmental Work as Part of Daily Life at Niemikoti Foundation Our climate and environment are in poor condition, and according to forecasts, the consequences will be catastrophic unless action is taken. A single small act can lead to great achievements when we all take part in the effort. At Niemikoti Foundation, we want to do&#8230;<\/p>\n","protected":false},"author":2,"featured_media":0,"parent":42237,"menu_order":4,"comment_status":"closed","ping_status":"closed","template":"","meta":{"_kad_blocks_custom_css":"","_kad_blocks_head_custom_js":"","_kad_blocks_body_custom_js":"","_kad_blocks_footer_custom_js":"","_kad_post_transparent":"","_kad_post_title":"","_kad_post_layout":"","_kad_post_sidebar_id":"","_kad_post_content_style":"","_kad_post_vertical_padding":"","_kad_post_feature":"","_kad_post_feature_position":"","_kad_post_header":false,"_kad_post_footer":false,"_kad_post_classname":"","cybocfi_hide_featured_image":"","footnotes":"","_links_to":"","_links_to_target":""},"sisaltoluokka":[],"class_list":["post-42265","page","type-page","status-publish","hentry"],"yoast_head":"<!-- This site is optimized with the Yoast SEO plugin v27.3 - https:\/\/yoast.com\/product\/yoast-seo-wordpress\/ -->\n<title>Environmental Work - Niemikotis\u00e4\u00e4ti\u00f6<\/title>\n<meta name=\"robots\" content=\"index, follow, max-snippet:-1, max-image-preview:large, max-video-preview:-1\" \/>\n<link rel=\"canonical\" href=\"https:\/\/niemikoti.fi\/en\/about-niemikoti-foundation\/environmental-work\/\" \/>\n<meta property=\"og:locale\" content=\"en_US\" \/>\n<meta property=\"og:type\" content=\"article\" \/>\n<meta property=\"og:title\" content=\"Environmental Work - Niemikotis\u00e4\u00e4ti\u00f6\" \/>\n<meta property=\"og:description\" content=\"Environmental Work as Part of Daily Life at Niemikoti Foundation Our climate and environment are in poor condition, and according to forecasts, the consequences will be catastrophic unless action is taken. A single small act can lead to great achievements when we all take part in the effort. At Niemikoti Foundation, we want to do...\" \/>\n<meta property=\"og:url\" content=\"https:\/\/niemikoti.fi\/en\/about-niemikoti-foundation\/environmental-work\/\" \/>\n<meta property=\"og:site_name\" content=\"Niemikotis\u00e4\u00e4ti\u00f6\" \/>\n<meta property=\"article:publisher\" content=\"https:\/\/www.facebook.com\/niemikoti\" \/>\n<meta property=\"article:modified_time\" content=\"2025-08-29T07:20:45+00:00\" \/>\n<meta property=\"og:image\" content=\"https:\/\/niemikoti.fi\/wp-content\/uploads\/2023\/01\/ymparistovuosikellojuliste2022.niemikoti.jpg\" \/>\n\t<meta property=\"og:image:width\" content=\"2000\" \/>\n\t<meta property=\"og:image:height\" content=\"2002\" \/>\n\t<meta property=\"og:image:type\" content=\"image\/jpeg\" \/>\n<meta name=\"twitter:card\" content=\"summary_large_image\" \/>\n<meta name=\"twitter:label1\" content=\"Est. reading time\" \/>\n\t<meta name=\"twitter:data1\" content=\"2 minutes\" \/>\n<script type=\"application\/ld+json\" class=\"yoast-schema-graph\">{\"@context\":\"https:\\\/\\\/schema.org\",\"@graph\":[{\"@type\":\"WebPage\",\"@id\":\"https:\\\/\\\/niemikoti.fi\\\/en\\\/about-niemikoti-foundation\\\/environmental-work\\\/\",\"url\":\"https:\\\/\\\/niemikoti.fi\\\/en\\\/about-niemikoti-foundation\\\/environmental-work\\\/\",\"name\":\"Environmental Work - Niemikotis\u00e4\u00e4ti\u00f6\",\"isPartOf\":{\"@id\":\"https:\\\/\\\/niemikoti.fi\\\/#website\"},\"primaryImageOfPage\":{\"@id\":\"https:\\\/\\\/niemikoti.fi\\\/en\\\/about-niemikoti-foundation\\\/environmental-work\\\/#primaryimage\"},\"image\":{\"@id\":\"https:\\\/\\\/niemikoti.fi\\\/en\\\/about-niemikoti-foundation\\\/environmental-work\\\/#primaryimage\"},\"thumbnailUrl\":\"https:\\\/\\\/niemikoti.fi\\\/wp-content\\\/uploads\\\/2023\\\/01\\\/ymparistovuosikellojuliste2022.niemikoti-1024x1024.jpg\",\"datePublished\":\"2019-01-23T12:26:15+00:00\",\"dateModified\":\"2025-08-29T07:20:45+00:00\",\"breadcrumb\":{\"@id\":\"https:\\\/\\\/niemikoti.fi\\\/en\\\/about-niemikoti-foundation\\\/environmental-work\\\/#breadcrumb\"},\"inLanguage\":\"en-US\",\"potentialAction\":[{\"@type\":\"ReadAction\",\"target\":[\"https:\\\/\\\/niemikoti.fi\\\/en\\\/about-niemikoti-foundation\\\/environmental-work\\\/\"]}]},{\"@type\":\"ImageObject\",\"inLanguage\":\"en-US\",\"@id\":\"https:\\\/\\\/niemikoti.fi\\\/en\\\/about-niemikoti-foundation\\\/environmental-work\\\/#primaryimage\",\"url\":\"https:\\\/\\\/niemikoti.fi\\\/wp-content\\\/uploads\\\/2023\\\/01\\\/ymparistovuosikellojuliste2022.niemikoti-1024x1024.jpg\",\"contentUrl\":\"https:\\\/\\\/niemikoti.fi\\\/wp-content\\\/uploads\\\/2023\\\/01\\\/ymparistovuosikellojuliste2022.niemikoti-1024x1024.jpg\"},{\"@type\":\"BreadcrumbList\",\"@id\":\"https:\\\/\\\/niemikoti.fi\\\/en\\\/about-niemikoti-foundation\\\/environmental-work\\\/#breadcrumb\",\"itemListElement\":[{\"@type\":\"ListItem\",\"position\":1,\"name\":\"Home\",\"item\":\"https:\\\/\\\/niemikoti.fi\\\/en\\\/\"},{\"@type\":\"ListItem\",\"position\":2,\"name\":\"About Niemikoti Foundation\",\"item\":\"https:\\\/\\\/niemikoti.fi\\\/en\\\/about-niemikoti-foundation\\\/\"},{\"@type\":\"ListItem\",\"position\":3,\"name\":\"Environmental Work\"}]},{\"@type\":\"WebSite\",\"@id\":\"https:\\\/\\\/niemikoti.fi\\\/#website\",\"url\":\"https:\\\/\\\/niemikoti.fi\\\/\",\"name\":\"Niemikotis\u00e4\u00e4ti\u00f6\",\"description\":\"Yhdess\u00e4 jo 40 vuotta\",\"publisher\":{\"@id\":\"https:\\\/\\\/niemikoti.fi\\\/#organization\"},\"potentialAction\":[{\"@type\":\"SearchAction\",\"target\":{\"@type\":\"EntryPoint\",\"urlTemplate\":\"https:\\\/\\\/niemikoti.fi\\\/?s={search_term_string}\"},\"query-input\":{\"@type\":\"PropertyValueSpecification\",\"valueRequired\":true,\"valueName\":\"search_term_string\"}}],\"inLanguage\":\"en-US\"},{\"@type\":\"Organization\",\"@id\":\"https:\\\/\\\/niemikoti.fi\\\/#organization\",\"name\":\"Niemikotis\u00e4\u00e4ti\u00f6\",\"url\":\"https:\\\/\\\/niemikoti.fi\\\/\",\"logo\":{\"@type\":\"ImageObject\",\"inLanguage\":\"en-US\",\"@id\":\"https:\\\/\\\/niemikoti.fi\\\/#\\\/schema\\\/logo\\\/image\\\/\",\"url\":\"https:\\\/\\\/niemikoti.fi\\\/wp-content\\\/uploads\\\/2023\\\/02\\\/niemikotilogo40v_vaaka.png\",\"contentUrl\":\"https:\\\/\\\/niemikoti.fi\\\/wp-content\\\/uploads\\\/2023\\\/02\\\/niemikotilogo40v_vaaka.png\",\"width\":1147,\"height\":418,\"caption\":\"Niemikotis\u00e4\u00e4ti\u00f6\"},\"image\":{\"@id\":\"https:\\\/\\\/niemikoti.fi\\\/#\\\/schema\\\/logo\\\/image\\\/\"},\"sameAs\":[\"https:\\\/\\\/www.facebook.com\\\/niemikoti\",\"https:\\\/\\\/www.instagram.com\\\/niemikoti\\\/\",\"https:\\\/\\\/www.youtube.com\\\/channel\\\/UCfo6l7q45CD_derGzEH8XGA\"]}]}<\/script>\n<!-- \/ Yoast SEO plugin. -->","yoast_head_json":{"title":"Environmental Work - Niemikotis\u00e4\u00e4ti\u00f6","robots":{"index":"index","follow":"follow","max-snippet":"max-snippet:-1","max-image-preview":"max-image-preview:large","max-video-preview":"max-video-preview:-1"},"canonical":"https:\/\/niemikoti.fi\/en\/about-niemikoti-foundation\/environmental-work\/","og_locale":"en_US","og_type":"article","og_title":"Environmental Work - Niemikotis\u00e4\u00e4ti\u00f6","og_description":"Environmental Work as Part of Daily Life at Niemikoti Foundation Our climate and environment are in poor condition, and according to forecasts, the consequences will be catastrophic unless action is taken. A single small act can lead to great achievements when we all take part in the effort. At Niemikoti Foundation, we want to do...","og_url":"https:\/\/niemikoti.fi\/en\/about-niemikoti-foundation\/environmental-work\/","og_site_name":"Niemikotis\u00e4\u00e4ti\u00f6","article_publisher":"https:\/\/www.facebook.com\/niemikoti","article_modified_time":"2025-08-29T07:20:45+00:00","og_image":[{"width":2000,"height":2002,"url":"https:\/\/niemikoti.fi\/wp-content\/uploads\/2023\/01\/ymparistovuosikellojuliste2022.niemikoti.jpg","type":"image\/jpeg"}],"twitter_card":"summary_large_image","twitter_misc":{"Est. reading time":"2 minutes"},"schema":{"@context":"https:\/\/schema.org","@graph":[{"@type":"WebPage","@id":"https:\/\/niemikoti.fi\/en\/about-niemikoti-foundation\/environmental-work\/","url":"https:\/\/niemikoti.fi\/en\/about-niemikoti-foundation\/environmental-work\/","name":"Environmental Work - Niemikotis\u00e4\u00e4ti\u00f6","isPartOf":{"@id":"https:\/\/niemikoti.fi\/#website"},"primaryImageOfPage":{"@id":"https:\/\/niemikoti.fi\/en\/about-niemikoti-foundation\/environmental-work\/#primaryimage"},"image":{"@id":"https:\/\/niemikoti.fi\/en\/about-niemikoti-foundation\/environmental-work\/#primaryimage"},"thumbnailUrl":"https:\/\/niemikoti.fi\/wp-content\/uploads\/2023\/01\/ymparistovuosikellojuliste2022.niemikoti-1024x1024.jpg","datePublished":"2019-01-23T12:26:15+00:00","dateModified":"2025-08-29T07:20:45+00:00","breadcrumb":{"@id":"https:\/\/niemikoti.fi\/en\/about-niemikoti-foundation\/environmental-work\/#breadcrumb"},"inLanguage":"en-US","potentialAction":[{"@type":"ReadAction","target":["https:\/\/niemikoti.fi\/en\/about-niemikoti-foundation\/environmental-work\/"]}]},{"@type":"ImageObject","inLanguage":"en-US","@id":"https:\/\/niemikoti.fi\/en\/about-niemikoti-foundation\/environmental-work\/#primaryimage","url":"https:\/\/niemikoti.fi\/wp-content\/uploads\/2023\/01\/ymparistovuosikellojuliste2022.niemikoti-1024x1024.jpg","contentUrl":"https:\/\/niemikoti.fi\/wp-content\/uploads\/2023\/01\/ymparistovuosikellojuliste2022.niemikoti-1024x1024.jpg"},{"@type":"BreadcrumbList","@id":"https:\/\/niemikoti.fi\/en\/about-niemikoti-foundation\/environmental-work\/#breadcrumb","itemListElement":[{"@type":"ListItem","position":1,"name":"Home","item":"https:\/\/niemikoti.fi\/en\/"},{"@type":"ListItem","position":2,"name":"About Niemikoti Foundation","item":"https:\/\/niemikoti.fi\/en\/about-niemikoti-foundation\/"},{"@type":"ListItem","position":3,"name":"Environmental Work"}]},{"@type":"WebSite","@id":"https:\/\/niemikoti.fi\/#website","url":"https:\/\/niemikoti.fi\/","name":"Niemikotis\u00e4\u00e4ti\u00f6","description":"Yhdess\u00e4 jo 40 vuotta","publisher":{"@id":"https:\/\/niemikoti.fi\/#organization"},"potentialAction":[{"@type":"SearchAction","target":{"@type":"EntryPoint","urlTemplate":"https:\/\/niemikoti.fi\/?s={search_term_string}"},"query-input":{"@type":"PropertyValueSpecification","valueRequired":true,"valueName":"search_term_string"}}],"inLanguage":"en-US"},{"@type":"Organization","@id":"https:\/\/niemikoti.fi\/#organization","name":"Niemikotis\u00e4\u00e4ti\u00f6","url":"https:\/\/niemikoti.fi\/","logo":{"@type":"ImageObject","inLanguage":"en-US","@id":"https:\/\/niemikoti.fi\/#\/schema\/logo\/image\/","url":"https:\/\/niemikoti.fi\/wp-content\/uploads\/2023\/02\/niemikotilogo40v_vaaka.png","contentUrl":"https:\/\/niemikoti.fi\/wp-content\/uploads\/2023\/02\/niemikotilogo40v_vaaka.png","width":1147,"height":418,"caption":"Niemikotis\u00e4\u00e4ti\u00f6"},"image":{"@id":"https:\/\/niemikoti.fi\/#\/schema\/logo\/image\/"},"sameAs":["https:\/\/www.facebook.com\/niemikoti","https:\/\/www.instagram.com\/niemikoti\/","https:\/\/www.youtube.com\/channel\/UCfo6l7q45CD_derGzEH8XGA"]}]}},"taxonomy_info":[],"featured_image_src_large":false,"author_info":{"display_name":"Niemikotis\u00e4\u00e4ti\u00f6n viestint\u00e4","author_link":"https:\/\/niemikoti.fi\/en\/author\/katjalampela\/"},"comment_info":0,"_links":{"self":[{"href":"https:\/\/niemikoti.fi\/en\/wp-json\/wp\/v2\/pages\/42265","targetHints":{"allow":["GET"]}}],"collection":[{"href":"https:\/\/niemikoti.fi\/en\/wp-json\/wp\/v2\/pages"}],"about":[{"href":"https:\/\/niemikoti.fi\/en\/wp-json\/wp\/v2\/types\/page"}],"author":[{"embeddable":true,"href":"https:\/\/niemikoti.fi\/en\/wp-json\/wp\/v2\/users\/2"}],"replies":[{"embeddable":true,"href":"https:\/\/niemikoti.fi\/en\/wp-json\/wp\/v2\/comments?post=42265"}],"version-history":[{"count":2,"href":"https:\/\/niemikoti.fi\/en\/wp-json\/wp\/v2\/pages\/42265\/revisions"}],"predecessor-version":[{"id":42269,"href":"https:\/\/niemikoti.fi\/en\/wp-json\/wp\/v2\/pages\/42265\/revisions\/42269"}],"up":[{"embeddable":true,"href":"https:\/\/niemikoti.fi\/en\/wp-json\/wp\/v2\/pages\/42237"}],"wp:attachment":[{"href":"https:\/\/niemikoti.fi\/en\/wp-json\/wp\/v2\/media?parent=42265"}],"wp:term":[{"taxonomy":"sisaltoluokka","embeddable":true,"href":"https:\/\/niemikoti.fi\/en\/wp-json\/wp\/v2\/sisaltoluokka?post=42265"}],"curies":[{"name":"wp","href":"https:\/\/api.w.org\/{rel}","templated":true}]}}