{"id":42258,"date":"2023-03-27T12:28:37","date_gmt":"2023-03-27T09:28:37","guid":{"rendered":"https:\/\/niemikoti.fi\/?page_id=42258"},"modified":"2025-08-29T10:11:51","modified_gmt":"2025-08-29T07:11:51","slug":"social-enterprice","status":"publish","type":"page","link":"https:\/\/niemikoti.fi\/en\/about-niemikoti-foundation\/social-enterprice\/","title":{"rendered":"Social Enterprice"},"content":{"rendered":"<style>.kb-row-layout-id42258_94e269-e4 > .kt-row-column-wrap{align-content:start;}:where(.kb-row-layout-id42258_94e269-e4 > .kt-row-column-wrap) > .wp-block-kadence-column{justify-content:start;}.kb-row-layout-id42258_94e269-e4 > .kt-row-column-wrap{column-gap:var(--global-kb-gap-md, 2rem);row-gap:var(--global-kb-gap-md, 2rem);padding-top:var(--global-kb-spacing-sm, 1.5rem);padding-bottom:var(--global-kb-spacing-sm, 1.5rem);grid-template-columns:repeat(2, minmax(0, 1fr));}.kb-row-layout-id42258_94e269-e4 > .kt-row-layout-overlay{opacity:0.30;}@media all and (max-width: 1024px){.kb-row-layout-id42258_94e269-e4 > .kt-row-column-wrap{grid-template-columns:repeat(2, minmax(0, 1fr));}}@media all and (max-width: 767px){.kb-row-layout-id42258_94e269-e4 > .kt-row-column-wrap{grid-template-columns:minmax(0, 1fr);}}<\/style><div class=\"kb-row-layout-wrap kb-row-layout-id42258_94e269-e4 alignnone wp-block-kadence-rowlayout\"><div class=\"kt-row-column-wrap kt-has-2-columns kt-row-layout-equal kt-tab-layout-inherit kt-mobile-layout-row kt-row-valign-top\">\n<style>.kadence-column42258_c3de9a-1a > .kt-inside-inner-col,.kadence-column42258_c3de9a-1a > .kt-inside-inner-col:before{border-top-left-radius:0px;border-top-right-radius:0px;border-bottom-right-radius:0px;border-bottom-left-radius:0px;}.kadence-column42258_c3de9a-1a > .kt-inside-inner-col{column-gap:var(--global-kb-gap-sm, 1rem);}.kadence-column42258_c3de9a-1a > .kt-inside-inner-col{flex-direction:column;}.kadence-column42258_c3de9a-1a > .kt-inside-inner-col > .aligncenter{width:100%;}.kadence-column42258_c3de9a-1a > .kt-inside-inner-col:before{opacity:0.3;}.kadence-column42258_c3de9a-1a{position:relative;}@media all and (max-width: 1024px){.kadence-column42258_c3de9a-1a > .kt-inside-inner-col{flex-direction:column;justify-content:center;}}@media all and (max-width: 767px){.kadence-column42258_c3de9a-1a > .kt-inside-inner-col{flex-direction:column;justify-content:center;}}<\/style>\n<div class=\"wp-block-kadence-column kadence-column42258_c3de9a-1a\"><div class=\"kt-inside-inner-col\">\n<p class=\"has-medium-font-size\">Niemikoti Foundation has been awarded the Social Enterprise Mark by the Association for Finnish Work. According to the Association\u2019s definition, this means in a nutshell:<\/p>\n\n\n\n<p>Social enterprises operate responsibly and carry social responsibility. They engage in sustainable, long-term business activities and use at least half of their profits to develop their operations or donate them to a chosen good cause. The mark can be granted to an enterprise that has been established to address social or environmental challenges.<\/p>\n\n\n\n<p>Transparency and openness are also important. The enterprise must define its social objectives as well as the use of its profits in its articles of association or statutes. See the full criteria in the rules for the Social Enterprise Mark.<\/p>\n<\/div><\/div>\n\n\n<style>.kadence-column42258_6dc8f1-6f > .kt-inside-inner-col,.kadence-column42258_6dc8f1-6f > .kt-inside-inner-col:before{border-top-left-radius:0px;border-top-right-radius:0px;border-bottom-right-radius:0px;border-bottom-left-radius:0px;}.kadence-column42258_6dc8f1-6f > .kt-inside-inner-col{column-gap:var(--global-kb-gap-sm, 1rem);}.kadence-column42258_6dc8f1-6f > .kt-inside-inner-col{flex-direction:column;}.kadence-column42258_6dc8f1-6f > .kt-inside-inner-col > .aligncenter{width:100%;}.kadence-column42258_6dc8f1-6f > .kt-inside-inner-col:before{opacity:0.3;}.kadence-column42258_6dc8f1-6f{position:relative;}@media all and (max-width: 1024px){.kadence-column42258_6dc8f1-6f > .kt-inside-inner-col{flex-direction:column;justify-content:center;}}@media all and (max-width: 767px){.kadence-column42258_6dc8f1-6f > .kt-inside-inner-col{flex-direction:column;justify-content:center;}}<\/style>\n<div class=\"wp-block-kadence-column kadence-column42258_6dc8f1-6f\"><div class=\"kt-inside-inner-col\"><style>.kadence-column42258_e31024-9d > .kt-inside-inner-col{padding-top:60px;padding-right:60px;padding-bottom:60px;padding-left:60px;}.kadence-column42258_e31024-9d > .kt-inside-inner-col,.kadence-column42258_e31024-9d > .kt-inside-inner-col:before{border-top-left-radius:0px;border-top-right-radius:60px;border-bottom-right-radius:0px;border-bottom-left-radius:60px;}.kadence-column42258_e31024-9d > .kt-inside-inner-col{column-gap:var(--global-kb-gap-sm, 1rem);}.kadence-column42258_e31024-9d > .kt-inside-inner-col{flex-direction:column;}.kadence-column42258_e31024-9d > .kt-inside-inner-col > .aligncenter{width:100%;}.kadence-column42258_e31024-9d > .kt-inside-inner-col{background-color:rgba(113, 128, 150, 0.2);}.kadence-column42258_e31024-9d > .kt-inside-inner-col:before{opacity:0.3;}.kadence-column42258_e31024-9d{position:relative;}@media all and (max-width: 1024px){.kadence-column42258_e31024-9d > .kt-inside-inner-col{flex-direction:column;justify-content:center;}}@media all and (max-width: 767px){.kadence-column42258_e31024-9d > .kt-inside-inner-col{flex-direction:column;justify-content:center;}}<\/style>\n<div class=\"wp-block-kadence-column kadence-column42258_e31024-9d inner-column-1\"><div class=\"kt-inside-inner-col\"><style>.kb-image42258_48bfec-41.kb-image-is-ratio-size, .kb-image42258_48bfec-41 .kb-image-is-ratio-size{max-width:162px;width:100%;}.wp-block-kadence-column > .kt-inside-inner-col > .kb-image42258_48bfec-41.kb-image-is-ratio-size, .wp-block-kadence-column > .kt-inside-inner-col > .kb-image42258_48bfec-41 .kb-image-is-ratio-size{align-self:unset;}.kb-image42258_48bfec-41 figure{max-width:162px;}.kb-image42258_48bfec-41 .image-is-svg, .kb-image42258_48bfec-41 .image-is-svg img{width:100%;}.kb-image42258_48bfec-41 .kb-image-has-overlay:after{opacity:0.3;}<\/style>\n<div class=\"wp-block-kadence-image kb-image42258_48bfec-41\"><figure class=\"alignright size-medium\"><img loading=\"lazy\" decoding=\"async\" width=\"300\" height=\"191\" src=\"https:\/\/niemikoti.fi\/wp-content\/uploads\/2025\/08\/YMERKKI_LOGO_englanti_sininen_RGB-300x191.jpg\" alt=\"Blue and white logo with the words Social Enterprise in bold blue letters. The logo has a rectangular shape with a registered trademark symbol in the top right corner.\" class=\"kb-img wp-image-42259\" srcset=\"https:\/\/niemikoti.fi\/wp-content\/uploads\/2025\/08\/YMERKKI_LOGO_englanti_sininen_RGB-300x191.jpg 300w, https:\/\/niemikoti.fi\/wp-content\/uploads\/2025\/08\/YMERKKI_LOGO_englanti_sininen_RGB-1024x652.jpg 1024w, https:\/\/niemikoti.fi\/wp-content\/uploads\/2025\/08\/YMERKKI_LOGO_englanti_sininen_RGB-768x489.jpg 768w, https:\/\/niemikoti.fi\/wp-content\/uploads\/2025\/08\/YMERKKI_LOGO_englanti_sininen_RGB-1536x978.jpg 1536w, https:\/\/niemikoti.fi\/wp-content\/uploads\/2025\/08\/YMERKKI_LOGO_englanti_sininen_RGB-2048x1304.jpg 2048w, https:\/\/niemikoti.fi\/wp-content\/uploads\/2025\/08\/YMERKKI_LOGO_englanti_sininen_RGB-1320x841.jpg 1320w\" sizes=\"auto, (max-width: 300px) 100vw, 300px\" \/><\/figure><\/div>\n\n\n\n<div class=\"wp-block-group has-theme-palette-6-color has-text-color\"><div class=\"wp-block-group__inner-container is-layout-constrained wp-block-group-is-layout-constrained\">\n<p><em>Niemikoti Foundation creates social value by carrying out responsible, non-profit, long-term mental health work.<\/em><\/p>\n\n\n\n<p><em>By employing or providing work tasks for a person with partial work ability, you support their social rehabilitation and opportunity for inclusion.<\/em><\/p>\n\n\n\n<p><\/p>\n<\/div><\/div>\n<\/div><\/div>\n<\/div><\/div>\n\n<\/div><\/div><div style=\"margin: 20px 0;\"><div class=\"qrcswholewtapper\" style=\"text-align:left;\"><div class=\"qrcprowrapper\"  id=\"qrcwraa2leds\"><div class=\"qrc_canvass\" id=\"qrc_cuttenpages_2\" style=\"display:none\" data-text=\"https:\/\/niemikoti.fi\/en\/about-niemikoti-foundation\/social-enterprice\/\"><\/div><div><a download=\"Social Enterprice.png\" class=\"qrcdownloads\" id=\"worign\">\r\n           <button type=\"button\" style=\"min-width:200px;background:#c8fd8c;color:#000;font-weight: 600;border: 1px solid #dddddd;border-radius:4px;font-size:12px;padding: 6px 0;\" class=\"uqr_code_btn\">Lataa QR-koodi<\/button>\r\n           <\/a><\/div><\/div><\/div><\/div>","protected":false},"excerpt":{"rendered":"<p>Niemikoti Foundation has been awarded the Social Enterprise Mark by the Association for Finnish Work. According to the Association\u2019s definition, this means in a nutshell: Social enterprises operate responsibly and carry social responsibility. They engage in sustainable, long-term business activities and use at least half of their profits to develop their operations or donate them&#8230;<\/p>\n","protected":false},"author":2,"featured_media":0,"parent":42237,"menu_order":9,"comment_status":"closed","ping_status":"closed","template":"","meta":{"_kad_blocks_custom_css":"","_kad_blocks_head_custom_js":"","_kad_blocks_body_custom_js":"","_kad_blocks_footer_custom_js":"","_kad_post_transparent":"","_kad_post_title":"","_kad_post_layout":"","_kad_post_sidebar_id":"","_kad_post_content_style":"","_kad_post_vertical_padding":"","_kad_post_feature":"","_kad_post_feature_position":"","_kad_post_header":false,"_kad_post_footer":false,"_kad_post_classname":"","cybocfi_hide_featured_image":"","footnotes":"","_links_to":"","_links_to_target":""},"sisaltoluokka":[],"class_list":["post-42258","page","type-page","status-publish","hentry"],"yoast_head":"<!-- This site is optimized with the Yoast SEO plugin v27.3 - https:\/\/yoast.com\/product\/yoast-seo-wordpress\/ -->\n<title>Social Enterprice - Niemikotis\u00e4\u00e4ti\u00f6<\/title>\n<meta name=\"robots\" content=\"index, follow, max-snippet:-1, max-image-preview:large, max-video-preview:-1\" \/>\n<link rel=\"canonical\" href=\"https:\/\/niemikoti.fi\/en\/about-niemikoti-foundation\/social-enterprice\/\" \/>\n<meta property=\"og:locale\" content=\"en_US\" \/>\n<meta property=\"og:type\" content=\"article\" \/>\n<meta property=\"og:title\" content=\"Social Enterprice - Niemikotis\u00e4\u00e4ti\u00f6\" \/>\n<meta property=\"og:description\" content=\"Niemikoti Foundation has been awarded the Social Enterprise Mark by the Association for Finnish Work. According to the Association\u2019s definition, this means in a nutshell: Social enterprises operate responsibly and carry social responsibility. They engage in sustainable, long-term business activities and use at least half of their profits to develop their operations or donate them...\" \/>\n<meta property=\"og:url\" content=\"https:\/\/niemikoti.fi\/en\/about-niemikoti-foundation\/social-enterprice\/\" \/>\n<meta property=\"og:site_name\" content=\"Niemikotis\u00e4\u00e4ti\u00f6\" \/>\n<meta property=\"article:publisher\" content=\"https:\/\/www.facebook.com\/niemikoti\" \/>\n<meta property=\"article:modified_time\" content=\"2025-08-29T07:11:51+00:00\" \/>\n<meta name=\"twitter:card\" content=\"summary_large_image\" \/>\n<meta name=\"twitter:label1\" content=\"Est. reading time\" \/>\n\t<meta name=\"twitter:data1\" content=\"2 minutes\" \/>\n<script type=\"application\/ld+json\" class=\"yoast-schema-graph\">{\"@context\":\"https:\\\/\\\/schema.org\",\"@graph\":[{\"@type\":\"WebPage\",\"@id\":\"https:\\\/\\\/niemikoti.fi\\\/en\\\/about-niemikoti-foundation\\\/social-enterprice\\\/\",\"url\":\"https:\\\/\\\/niemikoti.fi\\\/en\\\/about-niemikoti-foundation\\\/social-enterprice\\\/\",\"name\":\"Social Enterprice - Niemikotis\u00e4\u00e4ti\u00f6\",\"isPartOf\":{\"@id\":\"https:\\\/\\\/niemikoti.fi\\\/#website\"},\"datePublished\":\"2023-03-27T09:28:37+00:00\",\"dateModified\":\"2025-08-29T07:11:51+00:00\",\"breadcrumb\":{\"@id\":\"https:\\\/\\\/niemikoti.fi\\\/en\\\/about-niemikoti-foundation\\\/social-enterprice\\\/#breadcrumb\"},\"inLanguage\":\"en-US\",\"potentialAction\":[{\"@type\":\"ReadAction\",\"target\":[\"https:\\\/\\\/niemikoti.fi\\\/en\\\/about-niemikoti-foundation\\\/social-enterprice\\\/\"]}]},{\"@type\":\"BreadcrumbList\",\"@id\":\"https:\\\/\\\/niemikoti.fi\\\/en\\\/about-niemikoti-foundation\\\/social-enterprice\\\/#breadcrumb\",\"itemListElement\":[{\"@type\":\"ListItem\",\"position\":1,\"name\":\"Home\",\"item\":\"https:\\\/\\\/niemikoti.fi\\\/en\\\/\"},{\"@type\":\"ListItem\",\"position\":2,\"name\":\"About Niemikoti Foundation\",\"item\":\"https:\\\/\\\/niemikoti.fi\\\/en\\\/about-niemikoti-foundation\\\/\"},{\"@type\":\"ListItem\",\"position\":3,\"name\":\"Social Enterprice\"}]},{\"@type\":\"WebSite\",\"@id\":\"https:\\\/\\\/niemikoti.fi\\\/#website\",\"url\":\"https:\\\/\\\/niemikoti.fi\\\/\",\"name\":\"Niemikotis\u00e4\u00e4ti\u00f6\",\"description\":\"Yhdess\u00e4 jo 40 vuotta\",\"publisher\":{\"@id\":\"https:\\\/\\\/niemikoti.fi\\\/#organization\"},\"potentialAction\":[{\"@type\":\"SearchAction\",\"target\":{\"@type\":\"EntryPoint\",\"urlTemplate\":\"https:\\\/\\\/niemikoti.fi\\\/?s={search_term_string}\"},\"query-input\":{\"@type\":\"PropertyValueSpecification\",\"valueRequired\":true,\"valueName\":\"search_term_string\"}}],\"inLanguage\":\"en-US\"},{\"@type\":\"Organization\",\"@id\":\"https:\\\/\\\/niemikoti.fi\\\/#organization\",\"name\":\"Niemikotis\u00e4\u00e4ti\u00f6\",\"url\":\"https:\\\/\\\/niemikoti.fi\\\/\",\"logo\":{\"@type\":\"ImageObject\",\"inLanguage\":\"en-US\",\"@id\":\"https:\\\/\\\/niemikoti.fi\\\/#\\\/schema\\\/logo\\\/image\\\/\",\"url\":\"https:\\\/\\\/niemikoti.fi\\\/wp-content\\\/uploads\\\/2023\\\/02\\\/niemikotilogo40v_vaaka.png\",\"contentUrl\":\"https:\\\/\\\/niemikoti.fi\\\/wp-content\\\/uploads\\\/2023\\\/02\\\/niemikotilogo40v_vaaka.png\",\"width\":1147,\"height\":418,\"caption\":\"Niemikotis\u00e4\u00e4ti\u00f6\"},\"image\":{\"@id\":\"https:\\\/\\\/niemikoti.fi\\\/#\\\/schema\\\/logo\\\/image\\\/\"},\"sameAs\":[\"https:\\\/\\\/www.facebook.com\\\/niemikoti\",\"https:\\\/\\\/www.instagram.com\\\/niemikoti\\\/\",\"https:\\\/\\\/www.youtube.com\\\/channel\\\/UCfo6l7q45CD_derGzEH8XGA\"]}]}<\/script>\n<!-- \/ Yoast SEO plugin. -->","yoast_head_json":{"title":"Social Enterprice - Niemikotis\u00e4\u00e4ti\u00f6","robots":{"index":"index","follow":"follow","max-snippet":"max-snippet:-1","max-image-preview":"max-image-preview:large","max-video-preview":"max-video-preview:-1"},"canonical":"https:\/\/niemikoti.fi\/en\/about-niemikoti-foundation\/social-enterprice\/","og_locale":"en_US","og_type":"article","og_title":"Social Enterprice - Niemikotis\u00e4\u00e4ti\u00f6","og_description":"Niemikoti Foundation has been awarded the Social Enterprise Mark by the Association for Finnish Work. According to the Association\u2019s definition, this means in a nutshell: Social enterprises operate responsibly and carry social responsibility. They engage in sustainable, long-term business activities and use at least half of their profits to develop their operations or donate them...","og_url":"https:\/\/niemikoti.fi\/en\/about-niemikoti-foundation\/social-enterprice\/","og_site_name":"Niemikotis\u00e4\u00e4ti\u00f6","article_publisher":"https:\/\/www.facebook.com\/niemikoti","article_modified_time":"2025-08-29T07:11:51+00:00","twitter_card":"summary_large_image","twitter_misc":{"Est. reading time":"2 minutes"},"schema":{"@context":"https:\/\/schema.org","@graph":[{"@type":"WebPage","@id":"https:\/\/niemikoti.fi\/en\/about-niemikoti-foundation\/social-enterprice\/","url":"https:\/\/niemikoti.fi\/en\/about-niemikoti-foundation\/social-enterprice\/","name":"Social Enterprice - Niemikotis\u00e4\u00e4ti\u00f6","isPartOf":{"@id":"https:\/\/niemikoti.fi\/#website"},"datePublished":"2023-03-27T09:28:37+00:00","dateModified":"2025-08-29T07:11:51+00:00","breadcrumb":{"@id":"https:\/\/niemikoti.fi\/en\/about-niemikoti-foundation\/social-enterprice\/#breadcrumb"},"inLanguage":"en-US","potentialAction":[{"@type":"ReadAction","target":["https:\/\/niemikoti.fi\/en\/about-niemikoti-foundation\/social-enterprice\/"]}]},{"@type":"BreadcrumbList","@id":"https:\/\/niemikoti.fi\/en\/about-niemikoti-foundation\/social-enterprice\/#breadcrumb","itemListElement":[{"@type":"ListItem","position":1,"name":"Home","item":"https:\/\/niemikoti.fi\/en\/"},{"@type":"ListItem","position":2,"name":"About Niemikoti Foundation","item":"https:\/\/niemikoti.fi\/en\/about-niemikoti-foundation\/"},{"@type":"ListItem","position":3,"name":"Social Enterprice"}]},{"@type":"WebSite","@id":"https:\/\/niemikoti.fi\/#website","url":"https:\/\/niemikoti.fi\/","name":"Niemikotis\u00e4\u00e4ti\u00f6","description":"Yhdess\u00e4 jo 40 vuotta","publisher":{"@id":"https:\/\/niemikoti.fi\/#organization"},"potentialAction":[{"@type":"SearchAction","target":{"@type":"EntryPoint","urlTemplate":"https:\/\/niemikoti.fi\/?s={search_term_string}"},"query-input":{"@type":"PropertyValueSpecification","valueRequired":true,"valueName":"search_term_string"}}],"inLanguage":"en-US"},{"@type":"Organization","@id":"https:\/\/niemikoti.fi\/#organization","name":"Niemikotis\u00e4\u00e4ti\u00f6","url":"https:\/\/niemikoti.fi\/","logo":{"@type":"ImageObject","inLanguage":"en-US","@id":"https:\/\/niemikoti.fi\/#\/schema\/logo\/image\/","url":"https:\/\/niemikoti.fi\/wp-content\/uploads\/2023\/02\/niemikotilogo40v_vaaka.png","contentUrl":"https:\/\/niemikoti.fi\/wp-content\/uploads\/2023\/02\/niemikotilogo40v_vaaka.png","width":1147,"height":418,"caption":"Niemikotis\u00e4\u00e4ti\u00f6"},"image":{"@id":"https:\/\/niemikoti.fi\/#\/schema\/logo\/image\/"},"sameAs":["https:\/\/www.facebook.com\/niemikoti","https:\/\/www.instagram.com\/niemikoti\/","https:\/\/www.youtube.com\/channel\/UCfo6l7q45CD_derGzEH8XGA"]}]}},"taxonomy_info":[],"featured_image_src_large":false,"author_info":{"display_name":"Niemikotis\u00e4\u00e4ti\u00f6n viestint\u00e4","author_link":"https:\/\/niemikoti.fi\/en\/author\/katjalampela\/"},"comment_info":0,"_links":{"self":[{"href":"https:\/\/niemikoti.fi\/en\/wp-json\/wp\/v2\/pages\/42258","targetHints":{"allow":["GET"]}}],"collection":[{"href":"https:\/\/niemikoti.fi\/en\/wp-json\/wp\/v2\/pages"}],"about":[{"href":"https:\/\/niemikoti.fi\/en\/wp-json\/wp\/v2\/types\/page"}],"author":[{"embeddable":true,"href":"https:\/\/niemikoti.fi\/en\/wp-json\/wp\/v2\/users\/2"}],"replies":[{"embeddable":true,"href":"https:\/\/niemikoti.fi\/en\/wp-json\/wp\/v2\/comments?post=42258"}],"version-history":[{"count":2,"href":"https:\/\/niemikoti.fi\/en\/wp-json\/wp\/v2\/pages\/42258\/revisions"}],"predecessor-version":[{"id":42262,"href":"https:\/\/niemikoti.fi\/en\/wp-json\/wp\/v2\/pages\/42258\/revisions\/42262"}],"up":[{"embeddable":true,"href":"https:\/\/niemikoti.fi\/en\/wp-json\/wp\/v2\/pages\/42237"}],"wp:attachment":[{"href":"https:\/\/niemikoti.fi\/en\/wp-json\/wp\/v2\/media?parent=42258"}],"wp:term":[{"taxonomy":"sisaltoluokka","embeddable":true,"href":"https:\/\/niemikoti.fi\/en\/wp-json\/wp\/v2\/sisaltoluokka?post=42258"}],"curies":[{"name":"wp","href":"https:\/\/api.w.org\/{rel}","templated":true}]}}