{"id":42254,"date":"2021-03-11T12:38:26","date_gmt":"2021-03-11T10:38:26","guid":{"rendered":"https:\/\/niemikoti.fi\/?page_id=42254"},"modified":"2025-08-29T10:05:38","modified_gmt":"2025-08-29T07:05:38","slug":"recovery-oriented-approach-as-our-framework","status":"publish","type":"page","link":"https:\/\/niemikoti.fi\/en\/about-niemikoti-foundation\/recovery-oriented-approach-as-our-framework\/","title":{"rendered":"Recovery-Oriented Approach as Our Framework"},"content":{"rendered":"\n<p class=\"has-medium-font-size\">Recovery orientation refers to creating a new and meaningful life after experiencing a mental health condition or another long-term illness. Even if the illness does not fully heal or returning to life before the illness is not possible, it is still possible to recover and to see hope for the future.<\/p>\n\n\n<style>.kb-row-layout-id42254_88ee99-da > .kt-row-column-wrap{align-content:start;}:where(.kb-row-layout-id42254_88ee99-da > .kt-row-column-wrap) > .wp-block-kadence-column{justify-content:start;}.kb-row-layout-id42254_88ee99-da > .kt-row-column-wrap{column-gap:var(--global-kb-gap-md, 2rem);row-gap:var(--global-kb-gap-md, 2rem);padding-top:var(--global-kb-spacing-sm, 1.5rem);padding-bottom:var(--global-kb-spacing-sm, 1.5rem);grid-template-columns:minmax(0, 1fr);}.kb-row-layout-id42254_88ee99-da > .kt-row-layout-overlay{opacity:0.30;}@media all and (max-width: 1024px){.kb-row-layout-id42254_88ee99-da > .kt-row-column-wrap{grid-template-columns:minmax(0, 1fr);}}@media all and (max-width: 767px){.kb-row-layout-id42254_88ee99-da > .kt-row-column-wrap{grid-template-columns:minmax(0, 1fr);}}<\/style><div class=\"kb-row-layout-wrap kb-row-layout-id42254_88ee99-da alignnone wp-block-kadence-rowlayout\"><div class=\"kt-row-column-wrap kt-has-1-columns kt-row-layout-equal kt-tab-layout-inherit kt-mobile-layout-row kt-row-valign-top\">\n<style>.kadence-column42254_d822d1-80 > .kt-inside-inner-col,.kadence-column42254_d822d1-80 > .kt-inside-inner-col:before{border-top-left-radius:0px;border-top-right-radius:0px;border-bottom-right-radius:0px;border-bottom-left-radius:0px;}.kadence-column42254_d822d1-80 > .kt-inside-inner-col{column-gap:var(--global-kb-gap-sm, 1rem);}.kadence-column42254_d822d1-80 > .kt-inside-inner-col{flex-direction:column;}.kadence-column42254_d822d1-80 > .kt-inside-inner-col > .aligncenter{width:100%;}.kadence-column42254_d822d1-80 > .kt-inside-inner-col:before{opacity:0.3;}.kadence-column42254_d822d1-80{position:relative;}@media all and (max-width: 1024px){.kadence-column42254_d822d1-80 > .kt-inside-inner-col{flex-direction:column;justify-content:center;}}@media all and (max-width: 767px){.kadence-column42254_d822d1-80 > .kt-inside-inner-col{flex-direction:column;justify-content:center;}}<\/style>\n<div class=\"wp-block-kadence-column kadence-column42254_d822d1-80 inner-column-1\"><div class=\"kt-inside-inner-col\">\n<div class=\"wp-block-group\"><div class=\"wp-block-group__inner-container is-layout-constrained wp-block-group-is-layout-constrained\">\n<p>Recovery means living a life and identity that are meaningful to oneself, as well as having faith, hope, and trust in the future. The core of the recovery-oriented approach lies in the service user\u2019s own participation, relationships, and empowerment.<\/p>\n\n\n\n<p>In recent years, recovery orientation has gained increasing ground in mental health work as the basis for providing services.<\/p>\n<\/div><\/div>\n<\/div><\/div>\n\n<\/div><\/div>\n\n\n<p><\/p>\n<div style=\"margin: 20px 0;\"><div class=\"qrcswholewtapper\" style=\"text-align:left;\"><div class=\"qrcprowrapper\"  id=\"qrcwraa2leds\"><div class=\"qrc_canvass\" id=\"qrc_cuttenpages_2\" style=\"display:none\" data-text=\"https:\/\/niemikoti.fi\/en\/about-niemikoti-foundation\/recovery-oriented-approach-as-our-framework\/\"><\/div><div><a download=\"Recovery-Oriented Approach as Our Framework.png\" class=\"qrcdownloads\" id=\"worign\">\r\n           <button type=\"button\" style=\"min-width:200px;background:#c8fd8c;color:#000;font-weight: 600;border: 1px solid #dddddd;border-radius:4px;font-size:12px;padding: 6px 0;\" class=\"uqr_code_btn\">Lataa QR-koodi<\/button>\r\n           <\/a><\/div><\/div><\/div><\/div>","protected":false},"excerpt":{"rendered":"<p>Recovery orientation refers to creating a new and meaningful life after experiencing a mental health condition or another long-term illness. Even if the illness does not fully heal or returning to life before the illness is not possible, it is still possible to recover and to see hope for the future. Recovery means living a&#8230;<\/p>\n","protected":false},"author":2,"featured_media":0,"parent":42237,"menu_order":2,"comment_status":"closed","ping_status":"closed","template":"","meta":{"_kad_blocks_custom_css":"","_kad_blocks_head_custom_js":"","_kad_blocks_body_custom_js":"","_kad_blocks_footer_custom_js":"","_kad_post_transparent":"","_kad_post_title":"","_kad_post_layout":"","_kad_post_sidebar_id":"","_kad_post_content_style":"","_kad_post_vertical_padding":"","_kad_post_feature":"","_kad_post_feature_position":"","_kad_post_header":false,"_kad_post_footer":false,"_kad_post_classname":"","cybocfi_hide_featured_image":"","footnotes":"","_links_to":"","_links_to_target":""},"sisaltoluokka":[],"class_list":["post-42254","page","type-page","status-publish","hentry"],"yoast_head":"<!-- This site is optimized with the Yoast SEO plugin v27.3 - https:\/\/yoast.com\/product\/yoast-seo-wordpress\/ -->\n<title>Recovery-Oriented Approach as Our Framework - Niemikotis\u00e4\u00e4ti\u00f6<\/title>\n<meta name=\"robots\" content=\"index, follow, max-snippet:-1, max-image-preview:large, max-video-preview:-1\" \/>\n<link rel=\"canonical\" href=\"https:\/\/niemikoti.fi\/en\/about-niemikoti-foundation\/recovery-oriented-approach-as-our-framework\/\" \/>\n<meta property=\"og:locale\" content=\"en_US\" \/>\n<meta property=\"og:type\" content=\"article\" \/>\n<meta property=\"og:title\" content=\"Recovery-Oriented Approach as Our Framework - Niemikotis\u00e4\u00e4ti\u00f6\" \/>\n<meta property=\"og:description\" content=\"Recovery orientation refers to creating a new and meaningful life after experiencing a mental health condition or another long-term illness. Even if the illness does not fully heal or returning to life before the illness is not possible, it is still possible to recover and to see hope for the future. Recovery means living a...\" \/>\n<meta property=\"og:url\" content=\"https:\/\/niemikoti.fi\/en\/about-niemikoti-foundation\/recovery-oriented-approach-as-our-framework\/\" \/>\n<meta property=\"og:site_name\" content=\"Niemikotis\u00e4\u00e4ti\u00f6\" \/>\n<meta property=\"article:publisher\" content=\"https:\/\/www.facebook.com\/niemikoti\" \/>\n<meta property=\"article:modified_time\" content=\"2025-08-29T07:05:38+00:00\" \/>\n<meta name=\"twitter:card\" content=\"summary_large_image\" \/>\n<meta name=\"twitter:label1\" content=\"Est. reading time\" \/>\n\t<meta name=\"twitter:data1\" content=\"1 minute\" \/>\n<script type=\"application\/ld+json\" class=\"yoast-schema-graph\">{\"@context\":\"https:\\\/\\\/schema.org\",\"@graph\":[{\"@type\":\"WebPage\",\"@id\":\"https:\\\/\\\/niemikoti.fi\\\/en\\\/about-niemikoti-foundation\\\/recovery-oriented-approach-as-our-framework\\\/\",\"url\":\"https:\\\/\\\/niemikoti.fi\\\/en\\\/about-niemikoti-foundation\\\/recovery-oriented-approach-as-our-framework\\\/\",\"name\":\"Recovery-Oriented Approach as Our Framework - Niemikotis\u00e4\u00e4ti\u00f6\",\"isPartOf\":{\"@id\":\"https:\\\/\\\/niemikoti.fi\\\/#website\"},\"datePublished\":\"2021-03-11T10:38:26+00:00\",\"dateModified\":\"2025-08-29T07:05:38+00:00\",\"breadcrumb\":{\"@id\":\"https:\\\/\\\/niemikoti.fi\\\/en\\\/about-niemikoti-foundation\\\/recovery-oriented-approach-as-our-framework\\\/#breadcrumb\"},\"inLanguage\":\"en-US\",\"potentialAction\":[{\"@type\":\"ReadAction\",\"target\":[\"https:\\\/\\\/niemikoti.fi\\\/en\\\/about-niemikoti-foundation\\\/recovery-oriented-approach-as-our-framework\\\/\"]}]},{\"@type\":\"BreadcrumbList\",\"@id\":\"https:\\\/\\\/niemikoti.fi\\\/en\\\/about-niemikoti-foundation\\\/recovery-oriented-approach-as-our-framework\\\/#breadcrumb\",\"itemListElement\":[{\"@type\":\"ListItem\",\"position\":1,\"name\":\"Home\",\"item\":\"https:\\\/\\\/niemikoti.fi\\\/en\\\/\"},{\"@type\":\"ListItem\",\"position\":2,\"name\":\"About Niemikoti Foundation\",\"item\":\"https:\\\/\\\/niemikoti.fi\\\/en\\\/about-niemikoti-foundation\\\/\"},{\"@type\":\"ListItem\",\"position\":3,\"name\":\"Recovery-Oriented Approach as Our Framework\"}]},{\"@type\":\"WebSite\",\"@id\":\"https:\\\/\\\/niemikoti.fi\\\/#website\",\"url\":\"https:\\\/\\\/niemikoti.fi\\\/\",\"name\":\"Niemikotis\u00e4\u00e4ti\u00f6\",\"description\":\"Yhdess\u00e4 jo 40 vuotta\",\"publisher\":{\"@id\":\"https:\\\/\\\/niemikoti.fi\\\/#organization\"},\"potentialAction\":[{\"@type\":\"SearchAction\",\"target\":{\"@type\":\"EntryPoint\",\"urlTemplate\":\"https:\\\/\\\/niemikoti.fi\\\/?s={search_term_string}\"},\"query-input\":{\"@type\":\"PropertyValueSpecification\",\"valueRequired\":true,\"valueName\":\"search_term_string\"}}],\"inLanguage\":\"en-US\"},{\"@type\":\"Organization\",\"@id\":\"https:\\\/\\\/niemikoti.fi\\\/#organization\",\"name\":\"Niemikotis\u00e4\u00e4ti\u00f6\",\"url\":\"https:\\\/\\\/niemikoti.fi\\\/\",\"logo\":{\"@type\":\"ImageObject\",\"inLanguage\":\"en-US\",\"@id\":\"https:\\\/\\\/niemikoti.fi\\\/#\\\/schema\\\/logo\\\/image\\\/\",\"url\":\"https:\\\/\\\/niemikoti.fi\\\/wp-content\\\/uploads\\\/2023\\\/02\\\/niemikotilogo40v_vaaka.png\",\"contentUrl\":\"https:\\\/\\\/niemikoti.fi\\\/wp-content\\\/uploads\\\/2023\\\/02\\\/niemikotilogo40v_vaaka.png\",\"width\":1147,\"height\":418,\"caption\":\"Niemikotis\u00e4\u00e4ti\u00f6\"},\"image\":{\"@id\":\"https:\\\/\\\/niemikoti.fi\\\/#\\\/schema\\\/logo\\\/image\\\/\"},\"sameAs\":[\"https:\\\/\\\/www.facebook.com\\\/niemikoti\",\"https:\\\/\\\/www.instagram.com\\\/niemikoti\\\/\",\"https:\\\/\\\/www.youtube.com\\\/channel\\\/UCfo6l7q45CD_derGzEH8XGA\"]}]}<\/script>\n<!-- \/ Yoast SEO plugin. -->","yoast_head_json":{"title":"Recovery-Oriented Approach as Our Framework - Niemikotis\u00e4\u00e4ti\u00f6","robots":{"index":"index","follow":"follow","max-snippet":"max-snippet:-1","max-image-preview":"max-image-preview:large","max-video-preview":"max-video-preview:-1"},"canonical":"https:\/\/niemikoti.fi\/en\/about-niemikoti-foundation\/recovery-oriented-approach-as-our-framework\/","og_locale":"en_US","og_type":"article","og_title":"Recovery-Oriented Approach as Our Framework - Niemikotis\u00e4\u00e4ti\u00f6","og_description":"Recovery orientation refers to creating a new and meaningful life after experiencing a mental health condition or another long-term illness. Even if the illness does not fully heal or returning to life before the illness is not possible, it is still possible to recover and to see hope for the future. Recovery means living a...","og_url":"https:\/\/niemikoti.fi\/en\/about-niemikoti-foundation\/recovery-oriented-approach-as-our-framework\/","og_site_name":"Niemikotis\u00e4\u00e4ti\u00f6","article_publisher":"https:\/\/www.facebook.com\/niemikoti","article_modified_time":"2025-08-29T07:05:38+00:00","twitter_card":"summary_large_image","twitter_misc":{"Est. reading time":"1 minute"},"schema":{"@context":"https:\/\/schema.org","@graph":[{"@type":"WebPage","@id":"https:\/\/niemikoti.fi\/en\/about-niemikoti-foundation\/recovery-oriented-approach-as-our-framework\/","url":"https:\/\/niemikoti.fi\/en\/about-niemikoti-foundation\/recovery-oriented-approach-as-our-framework\/","name":"Recovery-Oriented Approach as Our Framework - Niemikotis\u00e4\u00e4ti\u00f6","isPartOf":{"@id":"https:\/\/niemikoti.fi\/#website"},"datePublished":"2021-03-11T10:38:26+00:00","dateModified":"2025-08-29T07:05:38+00:00","breadcrumb":{"@id":"https:\/\/niemikoti.fi\/en\/about-niemikoti-foundation\/recovery-oriented-approach-as-our-framework\/#breadcrumb"},"inLanguage":"en-US","potentialAction":[{"@type":"ReadAction","target":["https:\/\/niemikoti.fi\/en\/about-niemikoti-foundation\/recovery-oriented-approach-as-our-framework\/"]}]},{"@type":"BreadcrumbList","@id":"https:\/\/niemikoti.fi\/en\/about-niemikoti-foundation\/recovery-oriented-approach-as-our-framework\/#breadcrumb","itemListElement":[{"@type":"ListItem","position":1,"name":"Home","item":"https:\/\/niemikoti.fi\/en\/"},{"@type":"ListItem","position":2,"name":"About Niemikoti Foundation","item":"https:\/\/niemikoti.fi\/en\/about-niemikoti-foundation\/"},{"@type":"ListItem","position":3,"name":"Recovery-Oriented Approach as Our Framework"}]},{"@type":"WebSite","@id":"https:\/\/niemikoti.fi\/#website","url":"https:\/\/niemikoti.fi\/","name":"Niemikotis\u00e4\u00e4ti\u00f6","description":"Yhdess\u00e4 jo 40 vuotta","publisher":{"@id":"https:\/\/niemikoti.fi\/#organization"},"potentialAction":[{"@type":"SearchAction","target":{"@type":"EntryPoint","urlTemplate":"https:\/\/niemikoti.fi\/?s={search_term_string}"},"query-input":{"@type":"PropertyValueSpecification","valueRequired":true,"valueName":"search_term_string"}}],"inLanguage":"en-US"},{"@type":"Organization","@id":"https:\/\/niemikoti.fi\/#organization","name":"Niemikotis\u00e4\u00e4ti\u00f6","url":"https:\/\/niemikoti.fi\/","logo":{"@type":"ImageObject","inLanguage":"en-US","@id":"https:\/\/niemikoti.fi\/#\/schema\/logo\/image\/","url":"https:\/\/niemikoti.fi\/wp-content\/uploads\/2023\/02\/niemikotilogo40v_vaaka.png","contentUrl":"https:\/\/niemikoti.fi\/wp-content\/uploads\/2023\/02\/niemikotilogo40v_vaaka.png","width":1147,"height":418,"caption":"Niemikotis\u00e4\u00e4ti\u00f6"},"image":{"@id":"https:\/\/niemikoti.fi\/#\/schema\/logo\/image\/"},"sameAs":["https:\/\/www.facebook.com\/niemikoti","https:\/\/www.instagram.com\/niemikoti\/","https:\/\/www.youtube.com\/channel\/UCfo6l7q45CD_derGzEH8XGA"]}]}},"taxonomy_info":[],"featured_image_src_large":false,"author_info":{"display_name":"Niemikotis\u00e4\u00e4ti\u00f6n viestint\u00e4","author_link":"https:\/\/niemikoti.fi\/en\/author\/katjalampela\/"},"comment_info":0,"_links":{"self":[{"href":"https:\/\/niemikoti.fi\/en\/wp-json\/wp\/v2\/pages\/42254","targetHints":{"allow":["GET"]}}],"collection":[{"href":"https:\/\/niemikoti.fi\/en\/wp-json\/wp\/v2\/pages"}],"about":[{"href":"https:\/\/niemikoti.fi\/en\/wp-json\/wp\/v2\/types\/page"}],"author":[{"embeddable":true,"href":"https:\/\/niemikoti.fi\/en\/wp-json\/wp\/v2\/users\/2"}],"replies":[{"embeddable":true,"href":"https:\/\/niemikoti.fi\/en\/wp-json\/wp\/v2\/comments?post=42254"}],"version-history":[{"count":2,"href":"https:\/\/niemikoti.fi\/en\/wp-json\/wp\/v2\/pages\/42254\/revisions"}],"predecessor-version":[{"id":42256,"href":"https:\/\/niemikoti.fi\/en\/wp-json\/wp\/v2\/pages\/42254\/revisions\/42256"}],"up":[{"embeddable":true,"href":"https:\/\/niemikoti.fi\/en\/wp-json\/wp\/v2\/pages\/42237"}],"wp:attachment":[{"href":"https:\/\/niemikoti.fi\/en\/wp-json\/wp\/v2\/media?parent=42254"}],"wp:term":[{"taxonomy":"sisaltoluokka","embeddable":true,"href":"https:\/\/niemikoti.fi\/en\/wp-json\/wp\/v2\/sisaltoluokka?post=42254"}],"curies":[{"name":"wp","href":"https:\/\/api.w.org\/{rel}","templated":true}]}}