{"id":42239,"date":"2023-03-17T19:00:28","date_gmt":"2023-03-17T17:00:28","guid":{"rendered":"https:\/\/niemikoti.fi\/?page_id=42239"},"modified":"2025-08-29T09:46:09","modified_gmt":"2025-08-29T06:46:09","slug":"part-of-helsinkis-mental-health-services","status":"publish","type":"page","link":"https:\/\/niemikoti.fi\/en\/about-niemikoti-foundation\/part-of-helsinkis-mental-health-services\/","title":{"rendered":"Part of Helsinki\u2019s Mental Health Services"},"content":{"rendered":"<style>.kb-row-layout-id42239_e2d824-10 > .kt-row-column-wrap{align-content:start;}:where(.kb-row-layout-id42239_e2d824-10 > .kt-row-column-wrap) > .wp-block-kadence-column{justify-content:start;}.kb-row-layout-id42239_e2d824-10 > .kt-row-column-wrap{column-gap:var(--global-kb-gap-md, 2rem);row-gap:var(--global-kb-gap-md, 2rem);padding-top:var(--global-kb-spacing-sm, 1.5rem);padding-bottom:var(--global-kb-spacing-sm, 1.5rem);grid-template-columns:minmax(0, 1fr);}.kb-row-layout-id42239_e2d824-10 > .kt-row-layout-overlay{opacity:0.30;}@media all and (max-width: 1024px){.kb-row-layout-id42239_e2d824-10 > .kt-row-column-wrap{grid-template-columns:minmax(0, 1fr);}}@media all and (max-width: 767px){.kb-row-layout-id42239_e2d824-10 > .kt-row-column-wrap{grid-template-columns:minmax(0, 1fr);}}<\/style><div class=\"kb-row-layout-wrap kb-row-layout-id42239_e2d824-10 alignnone wp-block-kadence-rowlayout\"><div class=\"kt-row-column-wrap kt-has-1-columns kt-row-layout-equal kt-tab-layout-inherit kt-mobile-layout-row kt-row-valign-top\">\n<style>.kadence-column42239_a6659f-6c > .kt-inside-inner-col,.kadence-column42239_a6659f-6c > .kt-inside-inner-col:before{border-top-left-radius:0px;border-top-right-radius:0px;border-bottom-right-radius:0px;border-bottom-left-radius:0px;}.kadence-column42239_a6659f-6c > .kt-inside-inner-col{column-gap:var(--global-kb-gap-sm, 1rem);}.kadence-column42239_a6659f-6c > .kt-inside-inner-col{flex-direction:column;}.kadence-column42239_a6659f-6c > .kt-inside-inner-col > .aligncenter{width:100%;}.kadence-column42239_a6659f-6c > .kt-inside-inner-col:before{opacity:0.3;}.kadence-column42239_a6659f-6c{position:relative;}@media all and (max-width: 1024px){.kadence-column42239_a6659f-6c > .kt-inside-inner-col{flex-direction:column;justify-content:center;}}@media all and (max-width: 767px){.kadence-column42239_a6659f-6c > .kt-inside-inner-col{flex-direction:column;justify-content:center;}}<\/style>\n<div class=\"wp-block-kadence-column kadence-column42239_a6659f-6c inner-column-1\"><div class=\"kt-inside-inner-col\">\n<h2 class=\"wp-block-heading\">Non-Profit Work for Mental Health Recovery<\/h2>\n\n\n\n<p>Founded in 1983, Niemikoti Foundation carries out, in accordance with its statutes, social psychiatric rehabilitation and preventive mental health work for people in mental health recovery living in outpatient care in Helsinki. Since 2011, the Foundation has been a subsidiary of the City of Helsinki and part of the city group.<\/p>\n\n\n\n<p>Niemikoti Foundation operates according to non-profit principles and does not aim to generate profit. In 2016, the Finnish Association for Work awarded the Foundation the Social Enterprise Mark.<\/p>\n<\/div><\/div>\n\n<\/div><\/div>\n\n<style>.kb-row-layout-id42239_0060b8-0a > .kt-row-column-wrap{align-content:start;}:where(.kb-row-layout-id42239_0060b8-0a > .kt-row-column-wrap) > .wp-block-kadence-column{justify-content:start;}.kb-row-layout-id42239_0060b8-0a > .kt-row-column-wrap{column-gap:var(--global-kb-gap-md, 2rem);row-gap:var(--global-kb-gap-md, 2rem);padding-top:var(--global-kb-spacing-sm, 1.5rem);padding-bottom:var(--global-kb-spacing-sm, 1.5rem);grid-template-columns:minmax(0, 1fr);}.kb-row-layout-id42239_0060b8-0a > .kt-row-layout-overlay{opacity:0.30;}@media all and (max-width: 1024px){.kb-row-layout-id42239_0060b8-0a > .kt-row-column-wrap{grid-template-columns:minmax(0, 1fr);}}@media all and (max-width: 767px){.kb-row-layout-id42239_0060b8-0a > .kt-row-column-wrap{grid-template-columns:minmax(0, 1fr);}}<\/style><div class=\"kb-row-layout-wrap kb-row-layout-id42239_0060b8-0a alignnone wp-block-kadence-rowlayout\"><div class=\"kt-row-column-wrap kt-has-1-columns kt-row-layout-equal kt-tab-layout-inherit kt-mobile-layout-row kt-row-valign-top\">\n<style>.kadence-column42239_e0e1ab-09 > .kt-inside-inner-col,.kadence-column42239_e0e1ab-09 > .kt-inside-inner-col:before{border-top-left-radius:0px;border-top-right-radius:0px;border-bottom-right-radius:0px;border-bottom-left-radius:0px;}.kadence-column42239_e0e1ab-09 > .kt-inside-inner-col{column-gap:var(--global-kb-gap-sm, 1rem);}.kadence-column42239_e0e1ab-09 > .kt-inside-inner-col{flex-direction:column;}.kadence-column42239_e0e1ab-09 > .kt-inside-inner-col > .aligncenter{width:100%;}.kadence-column42239_e0e1ab-09 > .kt-inside-inner-col:before{opacity:0.3;}.kadence-column42239_e0e1ab-09{position:relative;}@media all and (max-width: 1024px){.kadence-column42239_e0e1ab-09 > .kt-inside-inner-col{flex-direction:column;justify-content:center;}}@media all and (max-width: 767px){.kadence-column42239_e0e1ab-09 > .kt-inside-inner-col{flex-direction:column;justify-content:center;}}<\/style>\n<div class=\"wp-block-kadence-column kadence-column42239_e0e1ab-09 inner-column-1\"><div class=\"kt-inside-inner-col\">\n<h2 class=\"wp-block-heading\">Niemikoti Foundation\u2019s vision \u2013 the best place to recover<\/h2>\n\n\n\n<p>The vision of Niemikoti Foundation is to provide the best recovery environment in its field for its service users. Our goal is to continually do everything better, so that recovery becomes possible and life easier and more enjoyable. Through our work, we help prevent exclusion and inequality.<\/p>\n\n\n\n<h2 class=\"wp-block-heading\">Diverse activities based on recovery orientation<\/h2>\n\n\n\n<p>We are involved in many aspects of the lives of people in mental health recovery in Helsinki. We provide housing, work, education, training, studies, and day and leisure activities. Our services form a clear whole that supports service users in different stages of their lives. Our work is based on recovery orientation. According to this philosophy, independent decision-making, personal experiences, goals, and hopes of service users are central to recovery. Niemikoti Foundation has also played a significant role in bringing recovery orientation thinking into Finnish mental health work. We actively participate in both national and international cooperation in our field.<\/p>\n\n\n\n<h2 class=\"wp-block-heading\">A strong value base<\/h2>\n\n\n\n<p>Expertise, reliability, responsibility, and equality form the foundation of our work. In all our activities, we also strive to take into account economic and environmental perspectives. Niemikoti Foundation has received the City of Helsinki\u2019s EcoCompass certificate in recognition of our commitment to managing and developing environmental matters.<\/p>\n\n\n\n<h2 class=\"wp-block-heading\">Quality and impact of services as priorities<\/h2>\n\n\n\n<p>The continuous evaluation and development of the quality and impact of our services is especially important to us. High-quality and impactful services are not only in the best interest of service users but also the most economically sustainable way of providing services in the long term. We believe in co-development, meaning that we develop and evaluate our services together with service users.<\/p>\n\n\n\n<hr class=\"wp-block-separator has-alpha-channel-opacity\"\/>\n\n\n\n<p><\/p>\n<\/div><\/div>\n\n<\/div><\/div>\n\n\n<div style=\"height:52px\" aria-hidden=\"true\" class=\"wp-block-spacer\"><\/div>\n<div style=\"margin: 20px 0;\"><div class=\"qrcswholewtapper\" style=\"text-align:left;\"><div class=\"qrcprowrapper\"  id=\"qrcwraa2leds\"><div class=\"qrc_canvass\" id=\"qrc_cuttenpages_2\" style=\"display:none\" data-text=\"https:\/\/niemikoti.fi\/en\/about-niemikoti-foundation\/part-of-helsinkis-mental-health-services\/\"><\/div><div><a download=\"Part of Helsinki\u2019s Mental Health Services.png\" class=\"qrcdownloads\" id=\"worign\">\r\n           <button type=\"button\" style=\"min-width:200px;background:#c8fd8c;color:#000;font-weight: 600;border: 1px solid #dddddd;border-radius:4px;font-size:12px;padding: 6px 0;\" class=\"uqr_code_btn\">Lataa QR-koodi<\/button>\r\n           <\/a><\/div><\/div><\/div><\/div>","protected":false},"excerpt":{"rendered":"<p>Non-Profit Work for Mental Health Recovery Founded in 1983, Niemikoti Foundation carries out, in accordance with its statutes, social psychiatric rehabilitation and preventive mental health work for people in mental health recovery living in outpatient care in Helsinki. Since 2011, the Foundation has been a subsidiary of the City of Helsinki and part of the&#8230;<\/p>\n","protected":false},"author":2,"featured_media":0,"parent":42237,"menu_order":0,"comment_status":"closed","ping_status":"closed","template":"","meta":{"_kad_blocks_custom_css":"","_kad_blocks_head_custom_js":"","_kad_blocks_body_custom_js":"","_kad_blocks_footer_custom_js":"","_kad_post_transparent":"","_kad_post_title":"","_kad_post_layout":"","_kad_post_sidebar_id":"","_kad_post_content_style":"","_kad_post_vertical_padding":"","_kad_post_feature":"","_kad_post_feature_position":"","_kad_post_header":false,"_kad_post_footer":false,"_kad_post_classname":"","cybocfi_hide_featured_image":"","footnotes":"","_links_to":"","_links_to_target":""},"sisaltoluokka":[],"class_list":["post-42239","page","type-page","status-publish","hentry"],"yoast_head":"<!-- This site is optimized with the Yoast SEO plugin v27.3 - https:\/\/yoast.com\/product\/yoast-seo-wordpress\/ -->\n<title>Part of Helsinki\u2019s Mental Health Services - Niemikotis\u00e4\u00e4ti\u00f6<\/title>\n<meta name=\"robots\" content=\"index, follow, max-snippet:-1, max-image-preview:large, max-video-preview:-1\" \/>\n<link rel=\"canonical\" href=\"https:\/\/niemikoti.fi\/en\/about-niemikoti-foundation\/part-of-helsinkis-mental-health-services\/\" \/>\n<meta property=\"og:locale\" content=\"en_US\" \/>\n<meta property=\"og:type\" content=\"article\" \/>\n<meta property=\"og:title\" content=\"Part of Helsinki\u2019s Mental Health Services - Niemikotis\u00e4\u00e4ti\u00f6\" \/>\n<meta property=\"og:description\" content=\"Non-Profit Work for Mental Health Recovery Founded in 1983, Niemikoti Foundation carries out, in accordance with its statutes, social psychiatric rehabilitation and preventive mental health work for people in mental health recovery living in outpatient care in Helsinki. Since 2011, the Foundation has been a subsidiary of the City of Helsinki and part of the...\" \/>\n<meta property=\"og:url\" content=\"https:\/\/niemikoti.fi\/en\/about-niemikoti-foundation\/part-of-helsinkis-mental-health-services\/\" \/>\n<meta property=\"og:site_name\" content=\"Niemikotis\u00e4\u00e4ti\u00f6\" \/>\n<meta property=\"article:publisher\" content=\"https:\/\/www.facebook.com\/niemikoti\" \/>\n<meta property=\"article:modified_time\" content=\"2025-08-29T06:46:09+00:00\" \/>\n<meta name=\"twitter:card\" content=\"summary_large_image\" \/>\n<meta name=\"twitter:label1\" content=\"Est. reading time\" \/>\n\t<meta name=\"twitter:data1\" content=\"2 minutes\" \/>\n<script type=\"application\/ld+json\" class=\"yoast-schema-graph\">{\"@context\":\"https:\\\/\\\/schema.org\",\"@graph\":[{\"@type\":\"WebPage\",\"@id\":\"https:\\\/\\\/niemikoti.fi\\\/en\\\/about-niemikoti-foundation\\\/part-of-helsinkis-mental-health-services\\\/\",\"url\":\"https:\\\/\\\/niemikoti.fi\\\/en\\\/about-niemikoti-foundation\\\/part-of-helsinkis-mental-health-services\\\/\",\"name\":\"Part of Helsinki\u2019s Mental Health Services - Niemikotis\u00e4\u00e4ti\u00f6\",\"isPartOf\":{\"@id\":\"https:\\\/\\\/niemikoti.fi\\\/#website\"},\"datePublished\":\"2023-03-17T17:00:28+00:00\",\"dateModified\":\"2025-08-29T06:46:09+00:00\",\"breadcrumb\":{\"@id\":\"https:\\\/\\\/niemikoti.fi\\\/en\\\/about-niemikoti-foundation\\\/part-of-helsinkis-mental-health-services\\\/#breadcrumb\"},\"inLanguage\":\"en-US\",\"potentialAction\":[{\"@type\":\"ReadAction\",\"target\":[\"https:\\\/\\\/niemikoti.fi\\\/en\\\/about-niemikoti-foundation\\\/part-of-helsinkis-mental-health-services\\\/\"]}]},{\"@type\":\"BreadcrumbList\",\"@id\":\"https:\\\/\\\/niemikoti.fi\\\/en\\\/about-niemikoti-foundation\\\/part-of-helsinkis-mental-health-services\\\/#breadcrumb\",\"itemListElement\":[{\"@type\":\"ListItem\",\"position\":1,\"name\":\"Home\",\"item\":\"https:\\\/\\\/niemikoti.fi\\\/en\\\/\"},{\"@type\":\"ListItem\",\"position\":2,\"name\":\"About Niemikoti Foundation\",\"item\":\"https:\\\/\\\/niemikoti.fi\\\/en\\\/about-niemikoti-foundation\\\/\"},{\"@type\":\"ListItem\",\"position\":3,\"name\":\"Part of Helsinki\u2019s Mental Health Services\"}]},{\"@type\":\"WebSite\",\"@id\":\"https:\\\/\\\/niemikoti.fi\\\/#website\",\"url\":\"https:\\\/\\\/niemikoti.fi\\\/\",\"name\":\"Niemikotis\u00e4\u00e4ti\u00f6\",\"description\":\"Yhdess\u00e4 jo 40 vuotta\",\"publisher\":{\"@id\":\"https:\\\/\\\/niemikoti.fi\\\/#organization\"},\"potentialAction\":[{\"@type\":\"SearchAction\",\"target\":{\"@type\":\"EntryPoint\",\"urlTemplate\":\"https:\\\/\\\/niemikoti.fi\\\/?s={search_term_string}\"},\"query-input\":{\"@type\":\"PropertyValueSpecification\",\"valueRequired\":true,\"valueName\":\"search_term_string\"}}],\"inLanguage\":\"en-US\"},{\"@type\":\"Organization\",\"@id\":\"https:\\\/\\\/niemikoti.fi\\\/#organization\",\"name\":\"Niemikotis\u00e4\u00e4ti\u00f6\",\"url\":\"https:\\\/\\\/niemikoti.fi\\\/\",\"logo\":{\"@type\":\"ImageObject\",\"inLanguage\":\"en-US\",\"@id\":\"https:\\\/\\\/niemikoti.fi\\\/#\\\/schema\\\/logo\\\/image\\\/\",\"url\":\"https:\\\/\\\/niemikoti.fi\\\/wp-content\\\/uploads\\\/2023\\\/02\\\/niemikotilogo40v_vaaka.png\",\"contentUrl\":\"https:\\\/\\\/niemikoti.fi\\\/wp-content\\\/uploads\\\/2023\\\/02\\\/niemikotilogo40v_vaaka.png\",\"width\":1147,\"height\":418,\"caption\":\"Niemikotis\u00e4\u00e4ti\u00f6\"},\"image\":{\"@id\":\"https:\\\/\\\/niemikoti.fi\\\/#\\\/schema\\\/logo\\\/image\\\/\"},\"sameAs\":[\"https:\\\/\\\/www.facebook.com\\\/niemikoti\",\"https:\\\/\\\/www.instagram.com\\\/niemikoti\\\/\",\"https:\\\/\\\/www.youtube.com\\\/channel\\\/UCfo6l7q45CD_derGzEH8XGA\"]}]}<\/script>\n<!-- \/ Yoast SEO plugin. -->","yoast_head_json":{"title":"Part of Helsinki\u2019s Mental Health Services - Niemikotis\u00e4\u00e4ti\u00f6","robots":{"index":"index","follow":"follow","max-snippet":"max-snippet:-1","max-image-preview":"max-image-preview:large","max-video-preview":"max-video-preview:-1"},"canonical":"https:\/\/niemikoti.fi\/en\/about-niemikoti-foundation\/part-of-helsinkis-mental-health-services\/","og_locale":"en_US","og_type":"article","og_title":"Part of Helsinki\u2019s Mental Health Services - Niemikotis\u00e4\u00e4ti\u00f6","og_description":"Non-Profit Work for Mental Health Recovery Founded in 1983, Niemikoti Foundation carries out, in accordance with its statutes, social psychiatric rehabilitation and preventive mental health work for people in mental health recovery living in outpatient care in Helsinki. Since 2011, the Foundation has been a subsidiary of the City of Helsinki and part of the...","og_url":"https:\/\/niemikoti.fi\/en\/about-niemikoti-foundation\/part-of-helsinkis-mental-health-services\/","og_site_name":"Niemikotis\u00e4\u00e4ti\u00f6","article_publisher":"https:\/\/www.facebook.com\/niemikoti","article_modified_time":"2025-08-29T06:46:09+00:00","twitter_card":"summary_large_image","twitter_misc":{"Est. reading time":"2 minutes"},"schema":{"@context":"https:\/\/schema.org","@graph":[{"@type":"WebPage","@id":"https:\/\/niemikoti.fi\/en\/about-niemikoti-foundation\/part-of-helsinkis-mental-health-services\/","url":"https:\/\/niemikoti.fi\/en\/about-niemikoti-foundation\/part-of-helsinkis-mental-health-services\/","name":"Part of Helsinki\u2019s Mental Health Services - Niemikotis\u00e4\u00e4ti\u00f6","isPartOf":{"@id":"https:\/\/niemikoti.fi\/#website"},"datePublished":"2023-03-17T17:00:28+00:00","dateModified":"2025-08-29T06:46:09+00:00","breadcrumb":{"@id":"https:\/\/niemikoti.fi\/en\/about-niemikoti-foundation\/part-of-helsinkis-mental-health-services\/#breadcrumb"},"inLanguage":"en-US","potentialAction":[{"@type":"ReadAction","target":["https:\/\/niemikoti.fi\/en\/about-niemikoti-foundation\/part-of-helsinkis-mental-health-services\/"]}]},{"@type":"BreadcrumbList","@id":"https:\/\/niemikoti.fi\/en\/about-niemikoti-foundation\/part-of-helsinkis-mental-health-services\/#breadcrumb","itemListElement":[{"@type":"ListItem","position":1,"name":"Home","item":"https:\/\/niemikoti.fi\/en\/"},{"@type":"ListItem","position":2,"name":"About Niemikoti Foundation","item":"https:\/\/niemikoti.fi\/en\/about-niemikoti-foundation\/"},{"@type":"ListItem","position":3,"name":"Part of Helsinki\u2019s Mental Health Services"}]},{"@type":"WebSite","@id":"https:\/\/niemikoti.fi\/#website","url":"https:\/\/niemikoti.fi\/","name":"Niemikotis\u00e4\u00e4ti\u00f6","description":"Yhdess\u00e4 jo 40 vuotta","publisher":{"@id":"https:\/\/niemikoti.fi\/#organization"},"potentialAction":[{"@type":"SearchAction","target":{"@type":"EntryPoint","urlTemplate":"https:\/\/niemikoti.fi\/?s={search_term_string}"},"query-input":{"@type":"PropertyValueSpecification","valueRequired":true,"valueName":"search_term_string"}}],"inLanguage":"en-US"},{"@type":"Organization","@id":"https:\/\/niemikoti.fi\/#organization","name":"Niemikotis\u00e4\u00e4ti\u00f6","url":"https:\/\/niemikoti.fi\/","logo":{"@type":"ImageObject","inLanguage":"en-US","@id":"https:\/\/niemikoti.fi\/#\/schema\/logo\/image\/","url":"https:\/\/niemikoti.fi\/wp-content\/uploads\/2023\/02\/niemikotilogo40v_vaaka.png","contentUrl":"https:\/\/niemikoti.fi\/wp-content\/uploads\/2023\/02\/niemikotilogo40v_vaaka.png","width":1147,"height":418,"caption":"Niemikotis\u00e4\u00e4ti\u00f6"},"image":{"@id":"https:\/\/niemikoti.fi\/#\/schema\/logo\/image\/"},"sameAs":["https:\/\/www.facebook.com\/niemikoti","https:\/\/www.instagram.com\/niemikoti\/","https:\/\/www.youtube.com\/channel\/UCfo6l7q45CD_derGzEH8XGA"]}]}},"taxonomy_info":[],"featured_image_src_large":false,"author_info":{"display_name":"Niemikotis\u00e4\u00e4ti\u00f6n viestint\u00e4","author_link":"https:\/\/niemikoti.fi\/en\/author\/katjalampela\/"},"comment_info":0,"_links":{"self":[{"href":"https:\/\/niemikoti.fi\/en\/wp-json\/wp\/v2\/pages\/42239","targetHints":{"allow":["GET"]}}],"collection":[{"href":"https:\/\/niemikoti.fi\/en\/wp-json\/wp\/v2\/pages"}],"about":[{"href":"https:\/\/niemikoti.fi\/en\/wp-json\/wp\/v2\/types\/page"}],"author":[{"embeddable":true,"href":"https:\/\/niemikoti.fi\/en\/wp-json\/wp\/v2\/users\/2"}],"replies":[{"embeddable":true,"href":"https:\/\/niemikoti.fi\/en\/wp-json\/wp\/v2\/comments?post=42239"}],"version-history":[{"count":2,"href":"https:\/\/niemikoti.fi\/en\/wp-json\/wp\/v2\/pages\/42239\/revisions"}],"predecessor-version":[{"id":42242,"href":"https:\/\/niemikoti.fi\/en\/wp-json\/wp\/v2\/pages\/42239\/revisions\/42242"}],"up":[{"embeddable":true,"href":"https:\/\/niemikoti.fi\/en\/wp-json\/wp\/v2\/pages\/42237"}],"wp:attachment":[{"href":"https:\/\/niemikoti.fi\/en\/wp-json\/wp\/v2\/media?parent=42239"}],"wp:term":[{"taxonomy":"sisaltoluokka","embeddable":true,"href":"https:\/\/niemikoti.fi\/en\/wp-json\/wp\/v2\/sisaltoluokka?post=42239"}],"curies":[{"name":"wp","href":"https:\/\/api.w.org\/{rel}","templated":true}]}}