{"id":42225,"date":"2022-11-22T10:47:25","date_gmt":"2022-11-22T08:47:25","guid":{"rendered":"https:\/\/niemikoti.fi\/?page_id=42225"},"modified":"2025-08-29T09:23:55","modified_gmt":"2025-08-29T06:23:55","slug":"rehabilitation-through-activities","status":"publish","type":"page","link":"https:\/\/niemikoti.fi\/en\/rehabilitation-through-activities\/","title":{"rendered":"Rehabilitation through Activities"},"content":{"rendered":"<style>.kb-row-layout-id42225_0432b0-51 > .kt-row-column-wrap{align-content:start;}:where(.kb-row-layout-id42225_0432b0-51 > .kt-row-column-wrap) > .wp-block-kadence-column{justify-content:start;}.kb-row-layout-id42225_0432b0-51 > .kt-row-column-wrap{column-gap:var(--global-kb-gap-md, 2rem);row-gap:var(--global-kb-gap-md, 2rem);padding-top:25px;padding-right:38px;padding-bottom:25px;padding-left:50px;grid-template-columns:minmax(0, 1fr);}.kb-row-layout-id42225_0432b0-51 > .kt-row-layout-overlay{opacity:0.30;}.kb-row-layout-id42225_0432b0-51 .kt-row-layout-bottom-sep{height:100px;}.kb-row-layout-id42225_0432b0-51 .kt-row-layout-bottom-sep svg{width:100%;}.kb-row-layout-id42225_0432b0-51 .kt-row-layout-bottom-sep svg{fill:#ffffff!important;}@media all and (max-width: 1024px){.kb-row-layout-id42225_0432b0-51 > .kt-row-column-wrap{grid-template-columns:minmax(0, 1fr);}}@media all and (max-width: 1024px){.kb-row-layout-id42225_0432b0-51 .kt-row-layout-bottom-sep{height:px;}}@media all and (max-width: 1024px){.kb-row-layout-id42225_0432b0-51 .kt-row-layout-bottom-sep svg{width:%;}}@media all and (max-width: 767px){.kb-row-layout-id42225_0432b0-51 > .kt-row-column-wrap{grid-template-columns:minmax(0, 1fr);}.kb-row-layout-id42225_0432b0-51 .kt-row-layout-bottom-sep{height:px;}.kb-row-layout-id42225_0432b0-51 .kt-row-layout-bottom-sep svg{width:%;}}<\/style><div class=\"kb-row-layout-wrap kb-row-layout-id42225_0432b0-51 alignnone katkoviivavaaka wp-block-kadence-rowlayout\"><div class=\"kt-row-column-wrap kt-has-1-columns kt-row-layout-equal kt-tab-layout-inherit kt-mobile-layout-row kt-row-valign-top\">\n<style>.kadence-column42225_15ac1f-82 > .kt-inside-inner-col,.kadence-column42225_15ac1f-82 > .kt-inside-inner-col:before{border-top-left-radius:0px;border-top-right-radius:0px;border-bottom-right-radius:0px;border-bottom-left-radius:0px;}.kadence-column42225_15ac1f-82 > .kt-inside-inner-col{column-gap:var(--global-kb-gap-sm, 1rem);}.kadence-column42225_15ac1f-82 > .kt-inside-inner-col{flex-direction:column;}.kadence-column42225_15ac1f-82 > .kt-inside-inner-col > .aligncenter{width:100%;}.kadence-column42225_15ac1f-82 > .kt-inside-inner-col:before{opacity:0.3;}.kadence-column42225_15ac1f-82{position:relative;}@media all and (max-width: 1024px){.kadence-column42225_15ac1f-82 > .kt-inside-inner-col{flex-direction:column;justify-content:center;}}@media all and (max-width: 767px){.kadence-column42225_15ac1f-82 > .kt-inside-inner-col{flex-direction:column;justify-content:center;}}<\/style>\n<div class=\"wp-block-kadence-column kadence-column42225_15ac1f-82 inner-column-1\"><div class=\"kt-inside-inner-col\">\n<h2 class=\"wp-block-heading\"><strong>Niemikoti Foundation Provides Work and Activities for Its Service Users<\/strong><\/h2>\n\n\n\n<p>In Niemikoti Foundation\u2019s <strong>activity-based rehabilitation<\/strong>, clients develop skills for everyday life management, prepare for working life and studies, and practice social interaction also through hobbies.<\/p>\n\n\n\n<p>Activity-based rehabilitation consists of <strong>day activities, training and work activities<\/strong>, as well as the <strong>Mieli T\u00f6ihin<\/strong> training unit. For young people in particular, an excellent meeting place is <strong>Cultural Workshop ELVIS<\/strong>, which was the first to launch the nationwide cultural workshop model. At <strong>Kes\u00e4harju<\/strong>, a wide range of leisure activities are available.<\/p>\n<\/div><\/div>\n\n<\/div><\/div>\n\n<style>.kb-row-layout-id42225_14ef2f-0b > .kt-row-column-wrap{align-content:start;}:where(.kb-row-layout-id42225_14ef2f-0b > .kt-row-column-wrap) > .wp-block-kadence-column{justify-content:start;}.kb-row-layout-id42225_14ef2f-0b > .kt-row-column-wrap{column-gap:var(--global-kb-gap-md, 2rem);row-gap:var(--global-kb-gap-md, 2rem);padding-top:25px;padding-right:38px;padding-bottom:25px;padding-left:50px;grid-template-columns:repeat(2, minmax(0, 1fr));}.kb-row-layout-id42225_14ef2f-0b > .kt-row-layout-overlay{opacity:0.30;}.kb-row-layout-id42225_14ef2f-0b .kt-row-layout-bottom-sep{height:100px;}.kb-row-layout-id42225_14ef2f-0b .kt-row-layout-bottom-sep svg{width:100%;}.kb-row-layout-id42225_14ef2f-0b .kt-row-layout-bottom-sep svg{fill:#ffffff!important;}@media all and (max-width: 1024px){.kb-row-layout-id42225_14ef2f-0b > .kt-row-column-wrap{grid-template-columns:repeat(2, minmax(0, 1fr));}}@media all and (max-width: 1024px){.kb-row-layout-id42225_14ef2f-0b .kt-row-layout-bottom-sep{height:px;}}@media all and (max-width: 1024px){.kb-row-layout-id42225_14ef2f-0b .kt-row-layout-bottom-sep svg{width:%;}}@media all and (max-width: 767px){.kb-row-layout-id42225_14ef2f-0b > .kt-row-column-wrap{grid-template-columns:minmax(0, 1fr);}.kb-row-layout-id42225_14ef2f-0b .kt-row-layout-bottom-sep{height:px;}.kb-row-layout-id42225_14ef2f-0b .kt-row-layout-bottom-sep svg{width:%;}}<\/style><div class=\"kb-row-layout-wrap kb-row-layout-id42225_14ef2f-0b alignnone katkoviivavaaka wp-block-kadence-rowlayout\"><div class=\"kt-row-column-wrap kt-has-2-columns kt-row-layout-equal kt-tab-layout-inherit kt-mobile-layout-row kt-row-valign-top\">\n<style>.kadence-column42225_3540da-64 > .kt-inside-inner-col,.kadence-column42225_3540da-64 > .kt-inside-inner-col:before{border-top-left-radius:0px;border-top-right-radius:0px;border-bottom-right-radius:0px;border-bottom-left-radius:0px;}.kadence-column42225_3540da-64 > .kt-inside-inner-col{column-gap:var(--global-kb-gap-sm, 1rem);}.kadence-column42225_3540da-64 > .kt-inside-inner-col{flex-direction:column;}.kadence-column42225_3540da-64 > .kt-inside-inner-col > .aligncenter{width:100%;}.kadence-column42225_3540da-64 > .kt-inside-inner-col:before{opacity:0.3;}.kadence-column42225_3540da-64{position:relative;}@media all and (max-width: 1024px){.kadence-column42225_3540da-64 > .kt-inside-inner-col{flex-direction:column;justify-content:center;}}@media all and (max-width: 767px){.kadence-column42225_3540da-64 > .kt-inside-inner-col{flex-direction:column;justify-content:center;}}<\/style>\n<div class=\"wp-block-kadence-column kadence-column42225_3540da-64 inner-column-1\"><div class=\"kt-inside-inner-col\"><\/div><\/div>\n\n\n<style>.kadence-column42225_f3e84b-14 > .kt-inside-inner-col,.kadence-column42225_f3e84b-14 > .kt-inside-inner-col:before{border-top-left-radius:0px;border-top-right-radius:0px;border-bottom-right-radius:0px;border-bottom-left-radius:0px;}.kadence-column42225_f3e84b-14 > .kt-inside-inner-col{column-gap:var(--global-kb-gap-sm, 1rem);}.kadence-column42225_f3e84b-14 > .kt-inside-inner-col{flex-direction:column;}.kadence-column42225_f3e84b-14 > .kt-inside-inner-col > .aligncenter{width:100%;}.kadence-column42225_f3e84b-14 > .kt-inside-inner-col:before{opacity:0.3;}.kadence-column42225_f3e84b-14{position:relative;}@media all and (max-width: 1024px){.kadence-column42225_f3e84b-14 > .kt-inside-inner-col{flex-direction:column;justify-content:center;}}@media all and (max-width: 767px){.kadence-column42225_f3e84b-14 > .kt-inside-inner-col{flex-direction:column;justify-content:center;}}<\/style>\n<div class=\"wp-block-kadence-column kadence-column42225_f3e84b-14 inner-column-2\"><div class=\"kt-inside-inner-col\"><\/div><\/div>\n\n<\/div><\/div><div style=\"margin: 20px 0;\"><div class=\"qrcswholewtapper\" style=\"text-align:left;\"><div class=\"qrcprowrapper\"  id=\"qrcwraa2leds\"><div class=\"qrc_canvass\" id=\"qrc_cuttenpages_2\" style=\"display:none\" data-text=\"https:\/\/niemikoti.fi\/en\/rehabilitation-through-activities\/\"><\/div><div><a download=\"Rehabilitation through Activities.png\" class=\"qrcdownloads\" id=\"worign\">\r\n           <button type=\"button\" style=\"min-width:200px;background:#c8fd8c;color:#000;font-weight: 600;border: 1px solid #dddddd;border-radius:4px;font-size:12px;padding: 6px 0;\" class=\"uqr_code_btn\">Lataa QR-koodi<\/button>\r\n           <\/a><\/div><\/div><\/div><\/div>","protected":false},"excerpt":{"rendered":"<p>Niemikoti Foundation Provides Work and Activities for Its Service Users In Niemikoti Foundation\u2019s activity-based rehabilitation, clients develop skills for everyday life management, prepare for working life and studies, and practice social interaction also through hobbies. Activity-based rehabilitation consists of day activities, training and work activities, as well as the Mieli T\u00f6ihin training unit. For young&#8230;<\/p>\n","protected":false},"author":2,"featured_media":0,"parent":0,"menu_order":17,"comment_status":"closed","ping_status":"closed","template":"","meta":{"_kad_blocks_custom_css":"","_kad_blocks_head_custom_js":"","_kad_blocks_body_custom_js":"","_kad_blocks_footer_custom_js":"","_kad_post_transparent":"","_kad_post_title":"","_kad_post_layout":"","_kad_post_sidebar_id":"","_kad_post_content_style":"","_kad_post_vertical_padding":"","_kad_post_feature":"","_kad_post_feature_position":"","_kad_post_header":false,"_kad_post_footer":false,"_kad_post_classname":"","cybocfi_hide_featured_image":"","footnotes":"","_links_to":"","_links_to_target":""},"sisaltoluokka":[],"class_list":["post-42225","page","type-page","status-publish","hentry"],"yoast_head":"<!-- This site is optimized with the Yoast SEO plugin v27.3 - https:\/\/yoast.com\/product\/yoast-seo-wordpress\/ -->\n<title>Rehabilitation through Activities - Niemikotis\u00e4\u00e4ti\u00f6<\/title>\n<meta name=\"robots\" content=\"index, follow, max-snippet:-1, max-image-preview:large, max-video-preview:-1\" \/>\n<link rel=\"canonical\" href=\"https:\/\/niemikoti.fi\/en\/rehabilitation-through-activities\/\" \/>\n<meta property=\"og:locale\" content=\"en_US\" \/>\n<meta property=\"og:type\" content=\"article\" \/>\n<meta property=\"og:title\" content=\"Rehabilitation through Activities - Niemikotis\u00e4\u00e4ti\u00f6\" \/>\n<meta property=\"og:description\" content=\"Niemikoti Foundation Provides Work and Activities for Its Service Users In Niemikoti Foundation\u2019s activity-based rehabilitation, clients develop skills for everyday life management, prepare for working life and studies, and practice social interaction also through hobbies. Activity-based rehabilitation consists of day activities, training and work activities, as well as the Mieli T\u00f6ihin training unit. For young...\" \/>\n<meta property=\"og:url\" content=\"https:\/\/niemikoti.fi\/en\/rehabilitation-through-activities\/\" \/>\n<meta property=\"og:site_name\" content=\"Niemikotis\u00e4\u00e4ti\u00f6\" \/>\n<meta property=\"article:publisher\" content=\"https:\/\/www.facebook.com\/niemikoti\" \/>\n<meta property=\"article:modified_time\" content=\"2025-08-29T06:23:55+00:00\" \/>\n<meta name=\"twitter:card\" content=\"summary_large_image\" \/>\n<meta name=\"twitter:label1\" content=\"Est. reading time\" \/>\n\t<meta name=\"twitter:data1\" content=\"1 minute\" \/>\n<script type=\"application\/ld+json\" class=\"yoast-schema-graph\">{\"@context\":\"https:\\\/\\\/schema.org\",\"@graph\":[{\"@type\":\"WebPage\",\"@id\":\"https:\\\/\\\/niemikoti.fi\\\/en\\\/rehabilitation-through-activities\\\/\",\"url\":\"https:\\\/\\\/niemikoti.fi\\\/en\\\/rehabilitation-through-activities\\\/\",\"name\":\"Rehabilitation through Activities - Niemikotis\u00e4\u00e4ti\u00f6\",\"isPartOf\":{\"@id\":\"https:\\\/\\\/niemikoti.fi\\\/#website\"},\"datePublished\":\"2022-11-22T08:47:25+00:00\",\"dateModified\":\"2025-08-29T06:23:55+00:00\",\"breadcrumb\":{\"@id\":\"https:\\\/\\\/niemikoti.fi\\\/en\\\/rehabilitation-through-activities\\\/#breadcrumb\"},\"inLanguage\":\"en-US\",\"potentialAction\":[{\"@type\":\"ReadAction\",\"target\":[\"https:\\\/\\\/niemikoti.fi\\\/en\\\/rehabilitation-through-activities\\\/\"]}]},{\"@type\":\"BreadcrumbList\",\"@id\":\"https:\\\/\\\/niemikoti.fi\\\/en\\\/rehabilitation-through-activities\\\/#breadcrumb\",\"itemListElement\":[{\"@type\":\"ListItem\",\"position\":1,\"name\":\"Home\",\"item\":\"https:\\\/\\\/niemikoti.fi\\\/en\\\/\"},{\"@type\":\"ListItem\",\"position\":2,\"name\":\"Rehabilitation through Activities\"}]},{\"@type\":\"WebSite\",\"@id\":\"https:\\\/\\\/niemikoti.fi\\\/#website\",\"url\":\"https:\\\/\\\/niemikoti.fi\\\/\",\"name\":\"Niemikotis\u00e4\u00e4ti\u00f6\",\"description\":\"Yhdess\u00e4 jo 40 vuotta\",\"publisher\":{\"@id\":\"https:\\\/\\\/niemikoti.fi\\\/#organization\"},\"potentialAction\":[{\"@type\":\"SearchAction\",\"target\":{\"@type\":\"EntryPoint\",\"urlTemplate\":\"https:\\\/\\\/niemikoti.fi\\\/?s={search_term_string}\"},\"query-input\":{\"@type\":\"PropertyValueSpecification\",\"valueRequired\":true,\"valueName\":\"search_term_string\"}}],\"inLanguage\":\"en-US\"},{\"@type\":\"Organization\",\"@id\":\"https:\\\/\\\/niemikoti.fi\\\/#organization\",\"name\":\"Niemikotis\u00e4\u00e4ti\u00f6\",\"url\":\"https:\\\/\\\/niemikoti.fi\\\/\",\"logo\":{\"@type\":\"ImageObject\",\"inLanguage\":\"en-US\",\"@id\":\"https:\\\/\\\/niemikoti.fi\\\/#\\\/schema\\\/logo\\\/image\\\/\",\"url\":\"https:\\\/\\\/niemikoti.fi\\\/wp-content\\\/uploads\\\/2023\\\/02\\\/niemikotilogo40v_vaaka.png\",\"contentUrl\":\"https:\\\/\\\/niemikoti.fi\\\/wp-content\\\/uploads\\\/2023\\\/02\\\/niemikotilogo40v_vaaka.png\",\"width\":1147,\"height\":418,\"caption\":\"Niemikotis\u00e4\u00e4ti\u00f6\"},\"image\":{\"@id\":\"https:\\\/\\\/niemikoti.fi\\\/#\\\/schema\\\/logo\\\/image\\\/\"},\"sameAs\":[\"https:\\\/\\\/www.facebook.com\\\/niemikoti\",\"https:\\\/\\\/www.instagram.com\\\/niemikoti\\\/\",\"https:\\\/\\\/www.youtube.com\\\/channel\\\/UCfo6l7q45CD_derGzEH8XGA\"]}]}<\/script>\n<!-- \/ Yoast SEO plugin. -->","yoast_head_json":{"title":"Rehabilitation through Activities - Niemikotis\u00e4\u00e4ti\u00f6","robots":{"index":"index","follow":"follow","max-snippet":"max-snippet:-1","max-image-preview":"max-image-preview:large","max-video-preview":"max-video-preview:-1"},"canonical":"https:\/\/niemikoti.fi\/en\/rehabilitation-through-activities\/","og_locale":"en_US","og_type":"article","og_title":"Rehabilitation through Activities - Niemikotis\u00e4\u00e4ti\u00f6","og_description":"Niemikoti Foundation Provides Work and Activities for Its Service Users In Niemikoti Foundation\u2019s activity-based rehabilitation, clients develop skills for everyday life management, prepare for working life and studies, and practice social interaction also through hobbies. Activity-based rehabilitation consists of day activities, training and work activities, as well as the Mieli T\u00f6ihin training unit. For young...","og_url":"https:\/\/niemikoti.fi\/en\/rehabilitation-through-activities\/","og_site_name":"Niemikotis\u00e4\u00e4ti\u00f6","article_publisher":"https:\/\/www.facebook.com\/niemikoti","article_modified_time":"2025-08-29T06:23:55+00:00","twitter_card":"summary_large_image","twitter_misc":{"Est. reading time":"1 minute"},"schema":{"@context":"https:\/\/schema.org","@graph":[{"@type":"WebPage","@id":"https:\/\/niemikoti.fi\/en\/rehabilitation-through-activities\/","url":"https:\/\/niemikoti.fi\/en\/rehabilitation-through-activities\/","name":"Rehabilitation through Activities - Niemikotis\u00e4\u00e4ti\u00f6","isPartOf":{"@id":"https:\/\/niemikoti.fi\/#website"},"datePublished":"2022-11-22T08:47:25+00:00","dateModified":"2025-08-29T06:23:55+00:00","breadcrumb":{"@id":"https:\/\/niemikoti.fi\/en\/rehabilitation-through-activities\/#breadcrumb"},"inLanguage":"en-US","potentialAction":[{"@type":"ReadAction","target":["https:\/\/niemikoti.fi\/en\/rehabilitation-through-activities\/"]}]},{"@type":"BreadcrumbList","@id":"https:\/\/niemikoti.fi\/en\/rehabilitation-through-activities\/#breadcrumb","itemListElement":[{"@type":"ListItem","position":1,"name":"Home","item":"https:\/\/niemikoti.fi\/en\/"},{"@type":"ListItem","position":2,"name":"Rehabilitation through Activities"}]},{"@type":"WebSite","@id":"https:\/\/niemikoti.fi\/#website","url":"https:\/\/niemikoti.fi\/","name":"Niemikotis\u00e4\u00e4ti\u00f6","description":"Yhdess\u00e4 jo 40 vuotta","publisher":{"@id":"https:\/\/niemikoti.fi\/#organization"},"potentialAction":[{"@type":"SearchAction","target":{"@type":"EntryPoint","urlTemplate":"https:\/\/niemikoti.fi\/?s={search_term_string}"},"query-input":{"@type":"PropertyValueSpecification","valueRequired":true,"valueName":"search_term_string"}}],"inLanguage":"en-US"},{"@type":"Organization","@id":"https:\/\/niemikoti.fi\/#organization","name":"Niemikotis\u00e4\u00e4ti\u00f6","url":"https:\/\/niemikoti.fi\/","logo":{"@type":"ImageObject","inLanguage":"en-US","@id":"https:\/\/niemikoti.fi\/#\/schema\/logo\/image\/","url":"https:\/\/niemikoti.fi\/wp-content\/uploads\/2023\/02\/niemikotilogo40v_vaaka.png","contentUrl":"https:\/\/niemikoti.fi\/wp-content\/uploads\/2023\/02\/niemikotilogo40v_vaaka.png","width":1147,"height":418,"caption":"Niemikotis\u00e4\u00e4ti\u00f6"},"image":{"@id":"https:\/\/niemikoti.fi\/#\/schema\/logo\/image\/"},"sameAs":["https:\/\/www.facebook.com\/niemikoti","https:\/\/www.instagram.com\/niemikoti\/","https:\/\/www.youtube.com\/channel\/UCfo6l7q45CD_derGzEH8XGA"]}]}},"taxonomy_info":[],"featured_image_src_large":false,"author_info":{"display_name":"Niemikotis\u00e4\u00e4ti\u00f6n viestint\u00e4","author_link":"https:\/\/niemikoti.fi\/en\/author\/katjalampela\/"},"comment_info":0,"_links":{"self":[{"href":"https:\/\/niemikoti.fi\/en\/wp-json\/wp\/v2\/pages\/42225","targetHints":{"allow":["GET"]}}],"collection":[{"href":"https:\/\/niemikoti.fi\/en\/wp-json\/wp\/v2\/pages"}],"about":[{"href":"https:\/\/niemikoti.fi\/en\/wp-json\/wp\/v2\/types\/page"}],"author":[{"embeddable":true,"href":"https:\/\/niemikoti.fi\/en\/wp-json\/wp\/v2\/users\/2"}],"replies":[{"embeddable":true,"href":"https:\/\/niemikoti.fi\/en\/wp-json\/wp\/v2\/comments?post=42225"}],"version-history":[{"count":1,"href":"https:\/\/niemikoti.fi\/en\/wp-json\/wp\/v2\/pages\/42225\/revisions"}],"predecessor-version":[{"id":42226,"href":"https:\/\/niemikoti.fi\/en\/wp-json\/wp\/v2\/pages\/42225\/revisions\/42226"}],"wp:attachment":[{"href":"https:\/\/niemikoti.fi\/en\/wp-json\/wp\/v2\/media?parent=42225"}],"wp:term":[{"taxonomy":"sisaltoluokka","embeddable":true,"href":"https:\/\/niemikoti.fi\/en\/wp-json\/wp\/v2\/sisaltoluokka?post=42225"}],"curies":[{"name":"wp","href":"https:\/\/api.w.org\/{rel}","templated":true}]}}